{"id":18830,"date":"2024-07-04T14:07:01","date_gmt":"2024-07-04T13:07:01","guid":{"rendered":"https:\/\/regenesishealth.co.uk\/rehabilitasyon-estetik\/"},"modified":"2024-07-04T14:07:01","modified_gmt":"2024-07-04T13:07:01","slug":"rehabilitasyon-estetik","status":"publish","type":"page","link":"https:\/\/regenesishealth.co.uk\/tr\/rehabilitasyon-estetik\/","title":{"rendered":"Rehabilitasyon &amp; Estetik"},"content":{"rendered":"<p>[vc_row full_width=&#8221;stretch_row_content_no_spaces&#8221; content_placement=&#8221;top&#8221; content_text_aligment=&#8221;center&#8221;][vc_column][vc_single_image image=&#8221;17047&#8243; img_size=&#8221;Full&#8221; alignment=&#8221;center&#8221;][\/vc_column][\/vc_row][vc_row css=&#8221;.vc_custom_1656337554913{padding-top: 93px !important;padding-bottom: 33px !important;}&#8221;][vc_column][vc_column_text]<\/p>\n<h1 style=\"text-align: center;\">Rehabilitasyon ve Estetik Tedaviler<\/h1>\n<h2 style=\"text-align: center;\">Fizik tedavi, medikal estetik ve rejeneratif tedaviler alanlar\u0131nda geni\u015f bir hizmet yelpazesi.<\/h2>\n<p>[\/vc_column_text][vc_empty_space][vc_column_text]Regenesis Health Travel, fizik tedavi, medikal estetik ve rejeneratif tedaviler alanlar\u0131nda geni\u015f bir hizmet yelpazesi sunarak hastalar\u0131m\u0131z\u0131n sa\u011fl\u0131\u011f\u0131n\u0131 ve ya\u015fam kalitesini iyile\u015ftirmeyi ama\u00e7lamaktad\u0131r. Uzman ekibimiz, her hastan\u0131n kendine \u00f6zg\u00fc ihtiya\u00e7lar\u0131 i\u00e7in ki\u015fiselle\u015ftirilmi\u015f tedavi planlar\u0131 olu\u015fturmakta ve en son teknolojileri kullanarak en y\u00fcksek kalitede bak\u0131m sa\u011flamaktad\u0131r. [\/vc_column_text][\/vc_column][\/vc_row][vc_row][vc_column][vc_separator border_width=&#8221;3&#8243; css=&#8221;.vc_custom_1656337637411{padding-top: 25px !important;padding-bottom: 25px !important;}&#8221;][\/vc_column][\/vc_row][vc_row][vc_column][vc_column_text]<\/p>\n<h2 style=\"text-align: center;\">Rehabilitasyon ve estetik tedavilerdeki hizmetlerimiz<\/h2>\n<p>[\/vc_column_text][\/vc_column][\/vc_row][vc_row content_placement=&#8221;middle&#8221; css=&#8221;.vc_custom_1656340450390{padding-top: 33px !important;}&#8221;][vc_column width=&#8221;1\/2&#8243;][vc_column_text]<\/p>\n<div><b>Fizik Tedavi ve Rehabilitasyon<\/b><\/div>\n<p style=\"font-weight: 400;\">Fizik tedavi ve rehabilitasyon departman\u0131m\u0131z hareket kabiliyetinizi art\u0131rmak, a\u011fr\u0131lar\u0131n\u0131z\u0131 azaltmak ve ya\u015fam kalitenizi y\u00fckseltmek i\u00e7in \u00e7ok \u00e7e\u015fitli tedavi hizmetleri sunmaktad\u0131r.<\/p>\n<ul style=\"font-weight: 400;\">\n<li><strong>A\u011fr\u0131 Tedavisi<\/strong>: Bel ve boyun f\u0131t\u0131klar\u0131 ve osteoartrit dahil olmak \u00fczere kronik a\u011fr\u0131lar i\u00e7in etkili \u00e7\u00f6z\u00fcmler sunuyoruz.<\/li>\n<li><strong>Ortopedik Rehabilitasyon<\/strong>: Menisk\u00fcs y\u0131rt\u0131klar\u0131, ba\u011f yaralanmalar\u0131, omuz y\u0131rt\u0131klar\u0131 ve tenis\u00e7i dirse\u011finin iyile\u015fmesine yard\u0131mc\u0131 oluyoruz.<\/li>\n<li><strong>Spor Yaralanmalar\u0131<\/strong>: Uzman ekibimiz, sporla ilgili yaralanmalarda iyile\u015fme s\u00fcrecinde size destek olmak i\u00e7in burada.<\/li>\n<li><strong>Romatizmal Hastal\u0131klar<\/strong>: Romatoid artrit ve ankilozan spondilit gibi romatizmal hastal\u0131klar i\u00e7in y\u00f6netim deste\u011fi sa\u011fl\u0131yoruz.<\/li>\n<li><strong>Osteoartrit<\/strong>: Osteoartrit hastalar\u0131 i\u00e7in a\u011fr\u0131y\u0131 azaltmaya ve hareketlili\u011fi art\u0131rmaya y\u00f6nelik tedaviler sunuyoruz.<\/li>\n<li><strong>N\u00f6rolojik Rehabilitasyon<\/strong>: \u0130nme, MS ve Parkinson hastal\u0131\u011f\u0131 gibi n\u00f6rolojik rahats\u0131zl\u0131klar\u0131n rehabilitasyonu i\u00e7in uzman deste\u011fi sa\u011fl\u0131yoruz.<\/li>\n<li><strong>Skolyoz<\/strong>: Skolyoz hastalar\u0131nda omurga e\u011frili\u011fini d\u00fczeltmek i\u00e7in \u00f6zel tedavi programlar\u0131 sunuyoruz.<\/li>\n<\/ul>\n<p>[\/vc_column_text][\/vc_column][vc_column width=&#8221;1\/2&#8243;][vc_single_image image=&#8221;17054&#8243; img_size=&#8221;&#8221; alignment=&#8221;center&#8221; css_animation=&#8221;fadeInRight&#8221;][\/vc_column][\/vc_row][vc_row][vc_column][vc_separator css=&#8221;.vc_custom_1656337847227{padding-top: 25px !important;padding-bottom: 25px !important;}&#8221;][\/vc_column][\/vc_row][vc_row content_placement=&#8221;middle&#8221;][vc_column width=&#8221;1\/2&#8243;][vc_single_image image=&#8221;17060&#8243; img_size=&#8221;&#8221; alignment=&#8221;center&#8221; css_animation=&#8221;fadeInLeft&#8221;][\/vc_column][vc_column width=&#8221;1\/2&#8243;][vc_column_text]<\/p>\n<div><b>Medikal Estetik<\/b><\/div>\n<p style=\"font-weight: 400;\">Medikal estetik departman\u0131m\u0131z, g\u00f6r\u00fcn\u00fcm\u00fcn\u00fcz\u00fc gen\u00e7le\u015ftirmek ve yenilemek i\u00e7in \u00e7e\u015fitli ameliyats\u0131z estetik tedaviler sunmaktad\u0131r.<\/p>\n<ul style=\"font-weight: 400;\">\n<li><strong>Botoks<\/strong>: K\u0131r\u0131\u015f\u0131kl\u0131klar\u0131 azaltarak cildinize daha gen\u00e7 bir g\u00f6r\u00fcn\u00fcm kazand\u0131r\u0131r.<\/li>\n<li><strong>Dolgu maddeleri<\/strong>: Y\u00fcz hatlar\u0131n\u0131 geli\u015ftirir ve ciltteki kay\u0131p hacmi geri kazand\u0131r\u0131r.<\/li>\n<li><strong>Mezoterapi<\/strong>: Vitamin ve mineral enjeksiyonlar\u0131 ile cildi gen\u00e7le\u015ftirir.<\/li>\n<li><strong>Gen\u00e7lik A\u015f\u0131lar\u0131<\/strong>: Gen\u00e7 bir g\u00f6r\u00fcn\u00fcm i\u00e7in cilt elastikiyetini art\u0131r\u0131r.<\/li>\n<li><strong>Plexr Plazma<\/strong>: Ciltteki sarkma ve k\u0131r\u0131\u015f\u0131kl\u0131klar\u0131 gidermek i\u00e7in cerrahi olmayan tedavi.<\/li>\n<li><strong>Cilt Gen\u00e7le\u015ftirme<\/strong>: Cilt tonunu e\u015fitler, lekeleri ve yara izlerini azalt\u0131r ve cildi gen\u00e7le\u015ftirir.<\/li>\n<li><strong>Ben Ald\u0131rma<\/strong>: Ciltteki benlerin ameliyats\u0131z olarak al\u0131nmas\u0131.<\/li>\n<\/ul>\n<p>[\/vc_column_text][\/vc_column][\/vc_row][vc_row][vc_column][vc_separator css=&#8221;.vc_custom_1656337847227{padding-top: 25px !important;padding-bottom: 25px !important;}&#8221;][\/vc_column][\/vc_row][vc_row content_placement=&#8221;middle&#8221;][vc_column width=&#8221;1\/2&#8243;][vc_column_text]<\/p>\n<div><b>Rejeneratif ve Tamamlay\u0131c\u0131 Tedaviler<\/b><\/div>\n<p style=\"font-weight: 400;\">Rejeneratif ve tamamlay\u0131c\u0131 tedaviler departman\u0131m\u0131z, h\u00fccreleri detoksifiye eden ve yenileyen, a\u011fr\u0131 kesici ve ya\u015flanma kar\u015f\u0131t\u0131 faydalar sa\u011flayan terapiler sunmaktad\u0131r.<\/p>\n<ul style=\"font-weight: 400;\">\n<li><strong>K\u00f6k H\u00fccre Eksozomlar\u0131<\/strong>: H\u00fccre yenilenmesini te\u015fvik ederek cildin daha gen\u00e7 g\u00f6r\u00fcnmesini sa\u011flar.<\/li>\n<li><strong>Y\u00fcz ve Sa\u00e7 Bak\u0131mlar\u0131<\/strong>: Cilt ve sa\u00e7 sa\u011fl\u0131\u011f\u0131n\u0131 iyile\u015ftirir ve gen\u00e7le\u015ftirir.<\/li>\n<li><strong>Kar\u0131n Ya\u011f\u0131ndan El<\/strong>de Edilen <strong>K\u00f6k H\u00fccreler<\/strong>: Rejeneratif tedaviler i\u00e7in v\u00fccut ya\u011f\u0131ndan elde edilen k\u00f6k h\u00fccreleri kullan\u0131r.<\/li>\n<li><strong>Kulak Arkas\u0131 Derisinden K\u00f6k H\u00fccreler<\/strong>: K\u00f6k h\u00fccreler kullanarak cilt yenileme tedavileri ger\u00e7ekle\u015ftirir.<\/li>\n<li><strong>Akupunktur<\/strong>: Geleneksel \u00c7in t\u0131bb\u0131 teknikleriyle v\u00fccut enerjisini dengeler ve a\u011fr\u0131y\u0131 azalt\u0131r.<\/li>\n<li><strong>Ozon Terapisi<\/strong>: Ozon gaz\u0131 kullanarak h\u00fccre yenilenmesini ve detoksifikasyonu destekler.<\/li>\n<li><strong>Proloterapi<\/strong>: Enjeksiyon tedavisi yoluyla zay\u0131f ve hasarl\u0131 dokular\u0131n iyile\u015fmesini h\u0131zland\u0131r\u0131r.<\/li>\n<li><strong>Kupa Terapisi<\/strong>: Geleneksel y\u00f6ntemlerle v\u00fccuttaki toksinleri atarak sa\u011fl\u0131k ve rahatlama sa\u011flar.<\/li>\n<li><strong>\u0130ntraven\u00f6z Vitamin ve Destek Tedavileri<\/strong>: Vitamin ve mineralleri do\u011frudan kan dola\u015f\u0131m\u0131na vererek genel sa\u011fl\u0131\u011f\u0131 iyile\u015ftirir.<\/li>\n<li><strong>NAD, Myers Kokteyli, Glutatyon, IV C Vitamini<\/strong>: H\u00fccresel sa\u011fl\u0131\u011f\u0131 ve enerji seviyelerini art\u0131rmak i\u00e7in intraven\u00f6z tedaviler sunar.<\/li>\n<\/ul>\n<p>[\/vc_column_text][\/vc_column][vc_column width=&#8221;1\/2&#8243;][vc_single_image image=&#8221;17066&#8243; img_size=&#8221;&#8221; alignment=&#8221;center&#8221; css_animation=&#8221;fadeInRight&#8221;][\/vc_column][\/vc_row][vc_row][vc_column][vc_separator border_width=&#8221;3&#8243; css=&#8221;.vc_custom_1656337637411{padding-top: 25px !important;padding-bottom: 25px !important;}&#8221;][\/vc_column][\/vc_row][vc_row][vc_column][vc_column_text]<\/p>\n<h2 style=\"text-align: center;\">Ekibimiz<\/h2>\n<p>[\/vc_column_text][\/vc_column][\/vc_row][vc_row css=&#8221;.vc_custom_1656338660405{padding-top: 66px !important;padding-bottom: 66px !important;}&#8221;][vc_column width=&#8221;1\/3&#8243;][\/vc_column][vc_column width=&#8221;1\/3&#8243;]<div class=\"mkdf-team info-bellow\">\n\t<div class=\"mkdf-team-inner\">\n\t\t\t\t\t<div class=\"mkdf-team-image\">\n                <a itemprop=\"url\" href=\"https:\/\/regenesishealth.co.uk\/team-member\/elif-eren\/\">\n                    <img loading=\"lazy\" decoding=\"async\" width=\"1400\" height=\"1400\" src=\"https:\/\/regenesishealth.co.uk\/wp-content\/uploads\/2024\/01\/Elif-Eren.png\" class=\"attachment-full size-full wp-post-image\" alt=\"\" srcset=\"https:\/\/regenesishealth.co.uk\/wp-content\/uploads\/2024\/01\/Elif-Eren.png 1400w, https:\/\/regenesishealth.co.uk\/wp-content\/uploads\/2024\/01\/Elif-Eren-300x300.png 300w, https:\/\/regenesishealth.co.uk\/wp-content\/uploads\/2024\/01\/Elif-Eren-100x100.png 100w, https:\/\/regenesishealth.co.uk\/wp-content\/uploads\/2024\/01\/Elif-Eren-600x600.png 600w, https:\/\/regenesishealth.co.uk\/wp-content\/uploads\/2024\/01\/Elif-Eren-1024x1024.png 1024w, https:\/\/regenesishealth.co.uk\/wp-content\/uploads\/2024\/01\/Elif-Eren-150x150.png 150w, https:\/\/regenesishealth.co.uk\/wp-content\/uploads\/2024\/01\/Elif-Eren-768x768.png 768w, https:\/\/regenesishealth.co.uk\/wp-content\/uploads\/2024\/01\/Elif-Eren-550x550.png 550w, https:\/\/regenesishealth.co.uk\/wp-content\/uploads\/2024\/01\/Elif-Eren-1100x1100.png 1100w\" sizes=\"(max-width: 1400px) 100vw, 1400px\" title=\"\">\t\t\t\t\t<div class=\"mkdf-circle-animate\"><\/div>\n\t\t\t\t\t<div class=\"mkdf-circle-icon\">\n\t\t\t\t\t\t<img decoding=\"async\" src=\"https:\/\/regenesishealth.co.uk\/wp-content\/uploads\/2022\/08\/clinic-assistant-icon.png\" class=\"icon\" alt=\"Doctor Icon\" title=\"\">\n\t\t\t\t\t<\/div>\n\t\t\t\t\t<div class=\"mkdf-circle-icon-hidden\">\n\t\t\t\t\t\t<img decoding=\"async\" src=\"https:\/\/regenesishealth.co.uk\/wp-content\/uploads\/2022\/08\/clinic-assistant-icon.png\" class=\"icon\" alt=\"Doctor Icon\" title=\"\">\n\t\t\t\t\t<\/div>\n\t\t\t\t<\/a>\n\t\t\t<\/div>\n\t\t\t\t<div class=\"mkdf-team-info\">\n            <div class=\"mkdf-team-title-holder\">\n                <h5 itemprop=\"name\" class=\"mkdf-team-name entry-title\">\n                    <a itemprop=\"url\" href=\"https:\/\/regenesishealth.co.uk\/team-member\/elif-eren\/\">Dr. Elif Eren<\/a>\n                <\/h5>\n\n                                    <h6 class=\"mkdf-team-position\">Physiatrics and Rehabilitation, Medical Aesthetics, and Regenerative Medicine Specialist<\/h6>\n                            <\/div>\n\t\t\t\t\t\t<div class=\"mkdf-team-social-holder-between\">\n\t\t\t\t<div class=\"mkdf-team-social\">\n\t\t\t\t\t<div class=\"mkdf-team-social-inner\">\n\t\t\t\t\t\t<div class=\"mkdf-team-social-wrapp\">\n\t\t\t\t\t\t\t\t\t\t\t\t\t<\/div>\n\t\t\t\t\t<\/div>\n\t\t\t\t<\/div>\n\t\t\t<\/div>\n\t\t<\/div>\n\t<\/div>\n<\/div>[\/vc_column][vc_column width=&#8221;1\/3&#8243;][\/vc_column][\/vc_row][vc_row][vc_column][vc_separator border_width=&#8221;3&#8243; css=&#8221;.vc_custom_1656337637411{padding-top: 25px !important;padding-bottom: 25px !important;}&#8221;][\/vc_column][\/vc_row][vc_row content_placement=&#8221;middle&#8221; row_content_width=&#8221;grid&#8221; content_text_aligment=&#8221;center&#8221; css=&#8221;.vc_custom_1656423295595{padding-bottom: 66px !important;}&#8221;][vc_column width=&#8221;1\/4&#8243;][\/vc_column][vc_column css_animation=&#8221;bounceIn&#8221; width=&#8221;1\/2&#8243;][vc_column_text]<\/p>\n<h4 style=\"text-align: center;\">Hemen bizimle ileti\u015fime ge\u00e7in ve ihtiya\u00e7lar\u0131n\u0131za g\u00f6re en g\u00fcncel tedavi uygulamalar\u0131m\u0131z hakk\u0131nda bilgi al\u0131n.<\/h4>\n<p>[\/vc_column_text][vc_empty_space]<a itemprop=\"url\" href=\"https:\/\/regenesishealth.co.uk\/contact-us\/\" target=\"_self\"  class=\"mkdf-btn mkdf-btn-medium mkdf-btn-solid mkdf-btn-solid-dark\"  >\n    <span class=\"mkdf-btn-text\">Bize ula\u015f\u0131n<\/span>\n    <span class=\"mkdf-btn-icon-holder\">\n        <span class=\"mkdf-btn-icon-normal\" ><\/span>\n        <span class=\"mkdf-btn-icon-flip\" ><\/span>\n    <\/span>\n<\/a>[\/vc_column][vc_column width=&#8221;1\/4&#8243;][\/vc_column][\/vc_row]<\/p>\n","protected":false},"excerpt":{"rendered":"<p>[vc_row full_width=&#8221;stretch_row_content_no_spaces&#8221; content_placement=&#8221;top&#8221; content_text_aligment=&#8221;center&#8221;][vc_column][vc_single_image image=&#8221;17047&#8243; img_size=&#8221;Full&#8221; alignment=&#8221;center&#8221;][\/vc_column][\/vc_row][vc_row css=&#8221;.vc_custom_1656337554913{padding-top: 93px !important;padding-bottom: 33px !important;}&#8221;][vc_column][vc_column_text] Rehabilitasyon ve Estetik Tedaviler Fizik tedavi, medikal estetik ve rejeneratif tedaviler alanlar\u0131nda geni\u015f bir hizmet yelpazesi. [\/vc_column_text][vc_empty_space][vc_column_text]Regenesis Health Travel, fizik tedavi, medikal estetik ve rejeneratif tedaviler alanlar\u0131nda geni\u015f [&hellip;]<\/p>\n","protected":false},"author":1,"featured_media":17052,"parent":0,"menu_order":0,"comment_status":"closed","ping_status":"closed","template":"","meta":{"footnotes":""},"class_list":["post-18830","page","type-page","status-publish","has-post-thumbnail","hentry"],"_links":{"self":[{"href":"https:\/\/regenesishealth.co.uk\/tr\/wp-json\/wp\/v2\/pages\/18830"}],"collection":[{"href":"https:\/\/regenesishealth.co.uk\/tr\/wp-json\/wp\/v2\/pages"}],"about":[{"href":"https:\/\/regenesishealth.co.uk\/tr\/wp-json\/wp\/v2\/types\/page"}],"author":[{"embeddable":true,"href":"https:\/\/regenesishealth.co.uk\/tr\/wp-json\/wp\/v2\/users\/1"}],"replies":[{"embeddable":true,"href":"https:\/\/regenesishealth.co.uk\/tr\/wp-json\/wp\/v2\/comments?post=18830"}],"version-history":[{"count":0,"href":"https:\/\/regenesishealth.co.uk\/tr\/wp-json\/wp\/v2\/pages\/18830\/revisions"}],"wp:featuredmedia":[{"embeddable":true,"href":"https:\/\/regenesishealth.co.uk\/tr\/wp-json\/wp\/v2\/media\/17052"}],"wp:attachment":[{"href":"https:\/\/regenesishealth.co.uk\/tr\/wp-json\/wp\/v2\/media?parent=18830"}],"curies":[{"name":"wp","href":"https:\/\/api.w.org\/{rel}","templated":true}]}}