{"id":18755,"date":"2020-10-15T16:54:04","date_gmt":"2020-10-15T15:54:04","guid":{"rendered":"https:\/\/regenesishealth.co.uk\/gizlilik-politikasi\/"},"modified":"2020-10-15T16:54:04","modified_gmt":"2020-10-15T15:54:04","slug":"gizlilik-politikasi","status":"publish","type":"page","link":"https:\/\/regenesishealth.co.uk\/tr\/gizlilik-politikasi\/","title":{"rendered":"Gizlilik Politikas\u0131"},"content":{"rendered":"<p>[vc_row][vc_column][vc_column_text]<\/p>\n<h3 style=\"text-align: center;\"><b>GI\u0307ZLI\u0307LI\u0307K POLI\u0307TI\u0307KASI &amp; \u00c7EREZ POLI\u0307TI\u0307KASI<\/b><\/h3>\n<p><b>SON G\u00dcNCELLEME: 24 TEMMUZ 2023<\/b><\/p>\n<p>Ki\u015fisel verilerinizi nas\u0131l kullanaca\u011f\u0131m\u0131z hakk\u0131nda temel bilgiler i\u00e7erdi\u011finden, bu Gizlilik Politikas\u0131 ve \u00c7erez Politikas\u0131n\u0131 (<b>&#8216;Politika<\/b>&#8216;) dikkatlice okuman\u0131z\u0131 rica ediyoruz.<\/p>\n<p>De\u011fi\u015ftirilmi\u015f haliyle 2016\/679 say\u0131l\u0131 Genel Veri Koruma Y\u00f6netmeli\u011fi ve 2018 tarihli Veri Koruma Yasas\u0131 uyar\u0131nca, 8 Bridge Street, Old Red Lion Court, Stratford-Upon-Avon, \u0130ngiltere, CV37 6AB (&#8216;<b>b<\/b><b>iz<\/b>&#8216; veya<b>&#8216;bize<\/b>&#8216;) <b>veri denetleyicisidir<\/b> (yani ki\u015fisel verilerinizin i\u015flenmesinden sorumlu olan ve bunlar\u0131 kontrol eden \u015firkettir).<\/p>\n<p><b>Sizin hakk\u0131n\u0131zda toplayabilece\u011fimiz ki\u015fisel veriler<\/b><\/p>\n<p>\u00c7evrimi\u00e7i bir formu doldurdu\u011funuzda hakk\u0131n\u0131zda ki\u015fisel veriler (ad\u0131n\u0131z, e-posta adresiniz, posta adresiniz ve telefon numaran\u0131z gibi) elde edece\u011fiz.<\/p>\n<p>\u00d6rne\u011fin, bu web sitesini kullanmak i\u00e7in kaydoldu\u011funuzda, bize geri bildirim g\u00f6nderdi\u011finizde, materyal g\u00f6nderdi\u011finizde, herhangi bir nedenle bizimle ileti\u015fime ge\u00e7ti\u011finizde, bir hizmete kaydoldu\u011funuzda ve hizmetlerimizi sat\u0131n ald\u0131\u011f\u0131n\u0131zda ki\u015fisel verilerinizi elde edece\u011fiz. Hassas ki\u015fisel verilerinizi istemeyece\u011fiz. Bunlar, \u0131rk\u0131n\u0131z veya etnik k\u00f6keniniz, siyasi g\u00f6r\u00fc\u015fleriniz, dini inan\u00e7lar\u0131n\u0131z veya benzer nitelikteki di\u011fer inan\u00e7lar\u0131n\u0131z, bir sendikaya \u00fcye olup olmad\u0131\u011f\u0131n\u0131z, fiziksel veya zihinsel sa\u011fl\u0131k durumunuz, cinsel ya\u015fam\u0131n\u0131z, herhangi bir su\u00e7u i\u015flemeniz veya i\u015fledi\u011finiz iddias\u0131 ve taraf\u0131n\u0131zdan i\u015flenen veya i\u015flendi\u011fi iddia edilen herhangi bir su\u00e7la ilgili herhangi bir dava, bu t\u00fcr davalar\u0131n bertaraf edilmesi veya bu t\u00fcr davalarda herhangi bir mahkemenin h\u00fckm\u00fcd\u00fcr.  <\/p>\n<p>Bu web sitesini kullan\u0131m\u0131n\u0131z\u0131 \u00e7erezler ve benzer izleme cihazlar\u0131 kullanarak izleyebiliriz. \u00d6rne\u011fin, web sitesini ka\u00e7 kez ziyaret etti\u011finizi, hangi sayfalara gitti\u011finizi, trafik verilerini, konum verilerini ve bir kullan\u0131c\u0131n\u0131n internet servis sa\u011flay\u0131c\u0131s\u0131n\u0131n kaynak alan ad\u0131n\u0131 izleyebiliriz. Bu bilgiler, kullan\u0131c\u0131lar\u0131m\u0131z\u0131n bir profilini olu\u015fturmam\u0131za yard\u0131mc\u0131 olur. Bu verilerin baz\u0131lar\u0131 toplu veya istatistiksel olacakt\u0131r, bu da sizi bireysel olarak tan\u0131mlayamayaca\u011f\u0131m\u0131z anlam\u0131na gelir. L\u00fctfen a\u015fa\u011f\u0131daki <b>\u00c7erezlerin Kullan\u0131m\u0131<\/b> b\u00f6l\u00fcm\u00fcne bak\u0131n\u0131z.    <\/p>\n<p>Zaman zaman, size sundu\u011fumuz hizmeti iyile\u015ftirmemize ve ki\u015fiselle\u015ftirmemize yard\u0131mc\u0131 olmak i\u00e7in hakk\u0131n\u0131zda halihaz\u0131rda tuttu\u011fumuz bilgilere ekleyece\u011fimiz ba\u015fka kaynaklardan (k\u00fcresel temsilcilerimiz gibi) hakk\u0131n\u0131zda bilgi alabiliriz.<\/p>\n<p><b>Ki\u015fisel verilerinizi nas\u0131l kullan\u0131yoruz<\/b><\/p>\n<p>Ki\u015fisel verilerinizi, verileriniz elde edildi\u011finde size verilen veri koruma bildiriminde a\u00e7\u0131klanan ama\u00e7lar i\u00e7in kullanaca\u011f\u0131z. Bu ama\u00e7lar \u015funlar\u0131 i\u00e7erir: <\/p>\n<ul>\n<li>Sizi ve bizde sahip oldu\u011funuz hesaplar\u0131 tan\u0131mlamam\u0131za yard\u0131mc\u0131 olmak i\u00e7in;<\/li>\n<li>y\u00f6netim;<\/li>\n<li>ara\u015ft\u0131rma, istatistiksel analiz ve davran\u0131\u015f analizi;<\/li>\n<li>m\u00fc\u015fteri profili olu\u015fturma ve sat\u0131n alma tercihlerinizi analiz etme;<\/li>\n<li>pazarlama-a\u015fa\u011f\u0131daki <b>Pazarlama ve vazge\u00e7me<\/b> b\u00f6l\u00fcm\u00fcne bak\u0131n;<\/li>\n<li>doland\u0131r\u0131c\u0131l\u0131\u011f\u0131n \u00f6nlenmesi ve tespiti;<\/li>\n<li>faturaland\u0131rma ve sipari\u015f kar\u015f\u0131lama;<\/li>\n<li>Bu web sitesini ve i\u00e7eri\u011fini belirli tercihlerinize g\u00f6re \u00f6zelle\u015ftirmek;<\/li>\n<li>Bu web sitesinde veya hizmetlerimizde sizi etkileyebilecek herhangi bir de\u011fi\u015fikli\u011fi size bildirmek i\u00e7in;<\/li>\n<li>g\u00fcvenlik incelemesi; ve<\/li>\n<li>Hizmetlerimizi geli\u015ftiriyoruz.<\/li>\n<\/ul>\n<p>\u00c7al\u0131\u015fanlar\u0131m\u0131z, k\u00fcresel temsilcilerimiz, acentelerimiz ve i\u015f ortaklar\u0131m\u0131z ki\u015fisel verilerinize eri\u015febilecektir. Yaz\u0131l\u0131 talebiniz \u00fczerine k\u00fcresel temsilcilerimiz, acentelerimiz ve i\u015f ortaklar\u0131m\u0131z\u0131n bilgilerini size sa\u011flayabiliriz. \u0130leti\u015fim bilgilerimizi bu belgenin sonunda bulabilirsiniz.  <\/p>\n<p><b>Pazarlama ve vazge\u00e7me<\/b><\/p>\n<p>Ki\u015fisel verilerinizi i\u015f ortaklar\u0131m\u0131z olan kurulu\u015flarla payla\u015fabiliriz ve onlar veya biz sizinle (siz onlardan veya bizden bunu yapmamam\u0131z\u0131 istemedi\u011finiz s\u00fcrece) posta, telefon ve e-posta yoluyla hizmetlerimiz, promosyonlar\u0131m\u0131z ve ilginizi \u00e7ekebilecek \u00f6zel teklifler hakk\u0131nda ileti\u015fime ge\u00e7ebiliriz. \u0130\u015f ortaklar\u0131m\u0131zdan veya bizden daha fazla do\u011frudan pazarlama ileti\u015fimi almamay\u0131 tercih ederseniz, istedi\u011finiz zaman vazge\u00e7ebilirsiniz. A\u015fa\u011f\u0131daki <b>haklar\u0131n\u0131z<\/b> b\u00f6l\u00fcm\u00fcne bak\u0131n\u0131z.  <\/p>\n<p><b>Ki\u015fisel verilerinizin if\u015fa edilmesi<\/b><\/p>\n<p>Ki\u015fisel verilerinizi \u015fu ki\u015filere if\u015fa edebiliriz:<\/p>\n<ul>\n<li>Grubumuz b\u00fcnyesindeki di\u011fer \u015firketler;<\/li>\n<li>acentelerimiz ve hizmet sa\u011flay\u0131c\u0131lar\u0131m\u0131z (\u00f6rne\u011fin k\u00fcresel temsilciler, web bar\u0131nd\u0131rma veya bak\u0131m hizmetleri sa\u011flay\u0131c\u0131lar\u0131);<\/li>\n<li>yasa d\u0131\u015f\u0131 faaliyetlerin \u00f6nlenmesine yard\u0131mc\u0131 olmak i\u00e7in herhangi bir soru\u015fturma ile ba\u011flant\u0131l\u0131 olarak kolluk kuvvetleri; ve<\/li>\n<li>yukar\u0131daki <b>Pazarlama ve devre d\u0131\u015f\u0131 b\u0131rakma<\/b> b\u00f6l\u00fcm\u00fcn\u00fc takip eden i\u015f ortaklar\u0131m\u0131z<\/li>\n<\/ul>\n<p><b>Verilerinizi g\u00fcvende tutma<\/b><\/p>\n<p>Ki\u015fisel verilerinizi korumak i\u00e7in teknik ve organizasyonel \u00f6nlemler alaca\u011f\u0131z; \u00f6rne\u011fin, ki\u015fisel verilerinizi g\u00fcvenli sunucularda sakl\u0131yoruz.<\/p>\n<p>Ki\u015fisel verilerinizi korumak i\u00e7in t\u00fcm makul \u00e7abay\u0131 g\u00f6sterecek olsak da, internet kullan\u0131m\u0131n\u0131n tamamen g\u00fcvenli olmad\u0131\u011f\u0131n\u0131 kabul edersiniz. Bu nedenle, sizden veya size internet \u00fczerinden aktar\u0131lan ki\u015fisel verilerin g\u00fcvenli\u011fini veya b\u00fct\u00fcnl\u00fc\u011f\u00fcn\u00fc garanti edemeyiz. <\/p>\n<p><b>\u0130zleme<\/b><\/p>\n<p>Kalite g\u00fcvencesi, e\u011fitim, doland\u0131r\u0131c\u0131l\u0131\u011f\u0131 \u00f6nleme ve uyumluluk amac\u0131yla sizinle olan ileti\u015fimleri (telefon g\u00f6r\u00fc\u015fmeleri ve e-postalar gibi) izleyebilir ve kaydedebiliriz.<\/p>\n<p><b>Di\u011fer bireyler hakk\u0131nda bilgiler<\/b><\/p>\n<p>Bize ba\u015fkas\u0131 ad\u0131na bilgi verirseniz, di\u011fer ki\u015finin sizi kendi ad\u0131na hareket etmeniz i\u00e7in atad\u0131\u011f\u0131n\u0131 ve bunu yapabilece\u011finizi kabul etti\u011fini onaylam\u0131\u015f olursunuz:<\/p>\n<ul>\n<li>ki\u015fisel verilerinin i\u015flenmesine kendi ad\u0131na onay vermesi;<\/li>\n<li>kendi ad\u0131na herhangi bir veri koruma bildirimi alacakt\u0131r;<\/li>\n<li>ki\u015fisel verilerinin yurt d\u0131\u015f\u0131na aktar\u0131lmas\u0131na onay vermek; ve<\/li>\n<li>\u00f6zel nitelikli ki\u015fisel verilerinin i\u015flenmesine onay vermek.<\/li>\n<\/ul>\n<p><b>\u00c7erezlerin kullan\u0131m\u0131<\/b><\/p>\n<p>\u00c7erez, web sitemize eri\u015fti\u011finizde bilgisayar\u0131n\u0131za (veya di\u011fer elektronik cihazlara) yerle\u015ftirilen k\u00fc\u00e7\u00fck bir metin dosyas\u0131d\u0131r. Bu web sitesinde \u00e7erezleri \u015fu ama\u00e7larla kullan\u0131r\u0131z: <\/p>\n<ul>\n<li>Bu web sitesini her ziyaret etti\u011finizde sizi tan\u0131r (bu, siteye eri\u015fiminizi h\u0131zland\u0131r\u0131r);<\/li>\n<li>tercihleriniz, \u00e7evrimi\u00e7i hareketleriniz ve internet kullan\u0131m\u0131n\u0131z hakk\u0131nda bilgi edinmek;<\/li>\n<li>i\u00e7eri\u011fimizi, hizmetlerimizi geli\u015ftirmemize ve m\u00fc\u015fterilerimizin gereksinimlerini ve ilgi alanlar\u0131n\u0131 daha iyi anlamam\u0131za yard\u0131mc\u0131 olmak i\u00e7in ara\u015ft\u0131rma ve istatistiksel analiz yapmak; ve<\/li>\n<li>ilgi alanlar\u0131n\u0131za g\u00f6re ki\u015fiselle\u015ftirilmi\u015f ilgi alan\u0131na dayal\u0131 reklamlar sa\u011flayarak pazarlama ve reklam kampanyalar\u0131m\u0131z\u0131 ve ortaklar\u0131m\u0131z\u0131n kampanyalar\u0131n\u0131 daha etkili bir \u015fekilde hedeflemek; ve<\/li>\n<li>\u00e7evrimi\u00e7i deneyiminizi daha verimli ve keyifli hale getirin.<\/li>\n<\/ul>\n<p>\u00c7erez kullan\u0131m\u0131m\u0131zdan elde etti\u011fimiz bilgiler genellikle ki\u015fisel verilerinizi i\u00e7ermez, ancak bilgisayar\u0131n\u0131z veya IP adresiniz, taray\u0131c\u0131n\u0131z ve\/veya di\u011fer internet g\u00fcnl\u00fck bilgileri gibi di\u011fer elektronik cihazlar\u0131n\u0131z hakk\u0131nda bilgi edinebiliriz. Bu bilgiler genellikle sizi ki\u015fisel olarak tan\u0131mlamayacakt\u0131r. Belirli durumlarda, hakk\u0131n\u0131zda ki\u015fisel bilgiler toplayabiliriz &#8211; ancak bunu yaln\u0131zca g\u00f6n\u00fcll\u00fc olarak sa\u011flad\u0131\u011f\u0131n\u0131zda (\u00f6rne\u011fin \u00e7evrimi\u00e7i bir formu doldurarak) veya bizden hizmet sat\u0131n ald\u0131\u011f\u0131n\u0131zda yapabiliriz<b>.<\/b>  <\/p>\n<p>\u00c7o\u011fu durumda, bu web sitesinde \u00e7erezleri kullanmak i\u00e7in izninize ihtiyac\u0131m\u0131z olacakt\u0131r. Bunun istisnas\u0131, talep etti\u011finiz bir hizmeti size sunabilmemiz i\u00e7in \u00e7erezin gerekli oldu\u011fu durumlard\u0131r. <\/p>\n<p><b>Onay (ana sayfada bildirim)<\/b><\/p>\n<p>Ana sayfam\u0131zda \u00e7erezleri nas\u0131l kulland\u0131\u011f\u0131m\u0131z\u0131 a\u00e7\u0131klayan ve Gizlilik Politikam\u0131za ve \u00c7erez Politikam\u0131za bir ba\u011flant\u0131 sa\u011flayan bir bildirim bulunmaktad\u0131r. Bu bildirim size g\u00f6sterildikten sonra bu web sitesini kullan\u0131rsan\u0131z, bu Gizlilik Politikas\u0131 ve \u00c7erez Politikas\u0131nda a\u00e7\u0131klanan ama\u00e7lar i\u00e7in \u00e7erezleri kullanmam\u0131za izin verdi\u011finizi varsayaca\u011f\u0131z. <\/p>\n<p><b>\u00dc\u00e7\u00fcnc\u00fc taraf \u00e7erezleri<\/b><\/p>\n<p>Facebook, Twitter, Instagram, YouTube ve video i\u00e7eri\u011fi g\u00f6r\u00fcnt\u00fclemek i\u00e7in kulland\u0131\u011f\u0131m\u0131z Adobe Flashplayer gibi web sitemizde de \u00e7erezler ayarlayabilecek \u00fc\u00e7\u00fcnc\u00fc taraf tedarik\u00e7ilerle \u00e7al\u0131\u015f\u0131yoruz. Bu \u00fc\u00e7\u00fcnc\u00fc taraf tedarik\u00e7iler, sitemizde ayarlad\u0131klar\u0131 \u00e7erezlerden sorumludur. Daha fazla bilgi almak isterseniz, l\u00fctfen ilgili \u00fc\u00e7\u00fcnc\u00fc taraf\u0131n web sitesine gidin.  <\/p>\n<p><b>\u00c7erezler nas\u0131l kapat\u0131l\u0131r<\/b><\/p>\n<p>\u00c7erezleri kabul etmek istemiyorsan\u0131z, taray\u0131c\u0131 ayarlar\u0131n\u0131z\u0131 \u00e7erezlerin kabul edilmeyece\u011fi \u015fekilde de\u011fi\u015ftirebilirsiniz. Bunu yaparsan\u0131z, bu web sitesinin baz\u0131 i\u015flevlerini kaybedebilece\u011finizi l\u00fctfen unutmay\u0131n. \u00c7erezler ve bunlar\u0131n nas\u0131l devre d\u0131\u015f\u0131 b\u0131rak\u0131laca\u011f\u0131 hakk\u0131nda daha fazla bilgi i\u00e7in l\u00fctfen www.aboutcookies.org veya www.allaboutcookies.org adresine gidin.  <\/p>\n<p><b>Ki\u015fisel verilerin AEA d\u0131\u015f\u0131na aktar\u0131lmas\u0131<\/b><\/p>\n<p>Haber b\u00fcltenimize kaydoldu\u011funuzda, bu web sitesine \u00fcye oldu\u011funuzda, bir form g\u00f6nderdi\u011finizde veya bizimle ileti\u015fim halindeyken ki\u015fisel verilerinizi payla\u015ft\u0131\u011f\u0131n\u0131zda, ki\u015fisel verilerinizi Avrupa Ekonomik Alan\u0131 d\u0131\u015f\u0131ndaki \u00fclkelere aktarabilece\u011fimizi kabul etmi\u015f olursunuz. Ki\u015fisel verilerinizi korumak i\u00e7in her t\u00fcrl\u00fc aktar\u0131m\u0131n her zaman uygun g\u00fcvenlik \u00f6nlemlerine tabi olmas\u0131n\u0131 sa\u011flayaca\u011f\u0131m\u0131zdan emin olabilirsiniz. <\/p>\n<p><b>Sizin haklar\u0131n\u0131z<\/b><\/p>\n<p>K\u00fc\u00e7\u00fck bir \u00fccret (\u015fu anda \u00a310) \u00f6demek ko\u015fuluyla, hakk\u0131n\u0131zda i\u015fleyebilece\u011fimiz ki\u015fisel verilere eri\u015fim talep etme hakk\u0131na sahipsiniz. Bu hakk\u0131n\u0131z\u0131 kullanmak istiyorsan\u0131z, \u015funlar\u0131 yapmal\u0131s\u0131n\u0131z: <\/p>\n<ul>\n<li>talebinizi yaz\u0131l\u0131 olarak iletin;<\/li>\n<li>kimli\u011finizi ve adresinizi kan\u0131tlayan belgeleri (\u00f6rne\u011fin, ehliyetinizin veya pasaportunuzun bir kopyas\u0131 ve yak\u0131n tarihli bir elektrik veya kredi kart\u0131 faturas\u0131) ekleyin;<\/li>\n<li>Size yaz\u0131l\u0131 olarak bildirece\u011fimiz banka hesab\u0131m\u0131za 10 \u00a3 tutar\u0131nda havale yap\u0131n; ve<\/li>\n<li>varsa hesap veya referans numaralar\u0131 da dahil olmak \u00fczere eri\u015fmek istedi\u011finiz ki\u015fisel verileri belirtin.<\/li>\n<\/ul>\n<p>Verilerinizdeki yanl\u0131\u015fl\u0131klar\u0131 \u00fccretsiz olarak d\u00fczeltmemizi talep etme hakk\u0131na sahipsiniz. Bu hakk\u0131 kullanmak istiyorsan\u0131z, \u015funlar\u0131 yapmal\u0131s\u0131n\u0131z: <\/p>\n<ul>\n<li>talebinizi yaz\u0131l\u0131 olarak iletin;<\/li>\n<li>sizi tan\u0131mlamam\u0131z i\u00e7in bize yeterli bilgi sa\u011flamak (\u00f6r. hesap numaras\u0131, kullan\u0131c\u0131 ad\u0131, kay\u0131t ayr\u0131nt\u0131lar\u0131); ve<\/li>\n<li>Yanl\u0131\u015f olan bilgiyi ve ne ile de\u011fi\u015ftirilmesi gerekti\u011fini belirtin.<\/li>\n<\/ul>\n<p>Ayr\u0131ca bizden ki\u015fisel verilerinizi do\u011frudan pazarlama amac\u0131yla i\u015flemeyi durdurmam\u0131z\u0131 isteme hakk\u0131na da sahipsiniz. Bu hakk\u0131n\u0131z\u0131 kullanmak istiyorsan\u0131z, \u015funlar\u0131 yapmal\u0131s\u0131n\u0131z: <\/p>\n<ul>\n<li>talebinizi yaz\u0131l\u0131 olarak iletin ( <a href=\"mailto:info@regenesishealth.co.uk\">info@regenesishealth.co.uk<\/a> adresine g\u00f6nderilen ve ba\u015fl\u0131\u011f\u0131nda &#8216;Abonelikten \u00c7\u0131k&#8217; yazan bir e-posta kabul edilebilir);<\/li>\n<li>sizi tan\u0131mlamam\u0131z i\u00e7in bize yeterli bilgi sa\u011flamak (\u00f6r. hesap numaras\u0131, kullan\u0131c\u0131 ad\u0131, kay\u0131t ayr\u0131nt\u0131lar\u0131); ve<\/li>\n<li>i\u0307ti\u0307raziniz genel olarak do\u011frudan pazarlamaya de\u011fi\u0307l de beli\u0307rli\u0307 bi\u0307r kanaldan (\u00f6rn. e-posta veya telefon) do\u011frudan pazarlamaya i\u0307se l\u00fctfen i\u0307ti\u0307raz etti\u0307\u011fi\u0307ni\u0307z kanali beli\u0307rti\u0307ni\u0307z.<\/li>\n<\/ul>\n<p>Ki\u015fisel verilerinizi kal\u0131c\u0131 olarak silmemizi isteme hakk\u0131na sahipsiniz. Bu hakk\u0131 kullanmak istiyorsan\u0131z, \u015funlar\u0131 yapmal\u0131s\u0131n\u0131z: <\/p>\n<ul>\n<li>talebinizi yaz\u0131l\u0131 olarak iletin ( <a href=\"mailto:info@vialight.co.uk\">info@regenesishealth.co.uk<\/a> adresine g\u00f6nderilen ve ba\u015fl\u0131\u011f\u0131nda &#8216;Ki\u015fisel Verilerimi Sil&#8217; yazan bir e-posta kabul edilebilir).<\/li>\n<\/ul>\n<p><b>\u0130leti\u015fim bilgilerimiz<\/b><\/p>\n<p>G\u00f6r\u00fc\u015flerinizi ve sorular\u0131n\u0131z\u0131 bekliyoruz. Bizimle ileti\u015fime ge\u00e7mek isterseniz, l\u00fctfen; <\/p>\n<p><a href=\"mailto:info@vialight.co.uk\">info@regenesishealth.co.uk<\/a> adresine bir e-posta g\u00f6nderin veya<span class=\"Apple-converted-space\"> <\/span><\/p>\n<p>bize 8 Bridge Street, Old Red Lion Court, Stratford-Upon-Avon, \u0130ngiltere, CV37 6AB<span class=\"Apple-converted-space\">  <\/span>adresinden yazabilir veya<span class=\"Apple-converted-space\"> <\/span><\/p>\n<p>bizi +44 1789296561 adresinden aray\u0131n.<\/p>\n<p>Bu politikay\u0131 zaman zaman de\u011fi\u015ftirebiliriz. Bu web sitesine her eri\u015fti\u011finizde ge\u00e7erli olacak en son s\u00fcr\u00fcmden haberdar oldu\u011funuzdan emin olmak i\u00e7in bu politikay\u0131 ara s\u0131ra kontrol etmelisiniz. <\/p>\n<p>[\/vc_column_text][vc_empty_space height=&#8221;64px&#8221;][\/vc_column][\/vc_row]<\/p>","protected":false},"excerpt":{"rendered":"<p>[vc_row][vc_column][vc_column_text] GI\u0307ZLI\u0307LI\u0307K POLI\u0307TI\u0307KASI &amp; \u00c7EREZ POLI\u0307TI\u0307KASI SON G\u00dcNCELLEME: 24 TEMMUZ 2023 Ki\u015fisel verilerinizi nas\u0131l kullanaca\u011f\u0131m\u0131z hakk\u0131nda temel bilgiler i\u00e7erdi\u011finden, bu Gizlilik Politikas\u0131 ve \u00c7erez Politikas\u0131n\u0131 (&#8216;Politika&#8216;) dikkatlice okuman\u0131z\u0131 rica ediyoruz. De\u011fi\u015ftirilmi\u015f haliyle 2016\/679 say\u0131l\u0131 Genel Veri Koruma Y\u00f6netmeli\u011fi ve 2018 [&hellip;]<\/p>\n","protected":false},"author":1,"featured_media":0,"parent":0,"menu_order":0,"comment_status":"closed","ping_status":"open","template":"","meta":{"footnotes":""},"class_list":["post-18755","page","type-page","status-publish","hentry"],"_links":{"self":[{"href":"https:\/\/regenesishealth.co.uk\/tr\/wp-json\/wp\/v2\/pages\/18755"}],"collection":[{"href":"https:\/\/regenesishealth.co.uk\/tr\/wp-json\/wp\/v2\/pages"}],"about":[{"href":"https:\/\/regenesishealth.co.uk\/tr\/wp-json\/wp\/v2\/types\/page"}],"author":[{"embeddable":true,"href":"https:\/\/regenesishealth.co.uk\/tr\/wp-json\/wp\/v2\/users\/1"}],"replies":[{"embeddable":true,"href":"https:\/\/regenesishealth.co.uk\/tr\/wp-json\/wp\/v2\/comments?post=18755"}],"version-history":[{"count":0,"href":"https:\/\/regenesishealth.co.uk\/tr\/wp-json\/wp\/v2\/pages\/18755\/revisions"}],"wp:attachment":[{"href":"https:\/\/regenesishealth.co.uk\/tr\/wp-json\/wp\/v2\/media?parent=18755"}],"curies":[{"name":"wp","href":"https:\/\/api.w.org\/{rel}","templated":true}]}}