{"id":13436,"date":"2017-04-18T14:17:49","date_gmt":"2017-04-18T13:17:49","guid":{"rendered":"https:\/\/regenesishealth.co.uk\/biz-kimiz\/"},"modified":"2025-03-18T17:59:44","modified_gmt":"2025-03-18T17:59:44","slug":"biz-kimiz","status":"publish","type":"page","link":"https:\/\/regenesishealth.co.uk\/tr\/biz-kimiz\/","title":{"rendered":"Biz Kimiz"},"content":{"rendered":"<p>[vc_row row_content_width=&#8221;grid&#8221; content_width=&#8221;grid&#8221; css=&#8221;.vc_custom_1659376880665{padding-top: 93px !important;padding-bottom: 40px !important;}&#8221; simple_background_color=&#8221;#fafafa&#8221;][vc_column][vc_column_text]<\/p>\n<h1 style=\"text-align: center;\">Hakk\u0131m\u0131zda<\/h1>\n<h2 style=\"text-align: center;\">Sa\u011fl\u0131k ve g\u00fczellik cerrahisinde uzman\u0131z<\/h2>\n<p>[\/vc_column_text][vc_empty_space][vc_column_text]<\/p>\n<p style=\"text-align: left;\">Antalya\/T\u00fcrkiye&#8217;deki donan\u0131ml\u0131 hastanelerimizde di\u015f tedavileri, obezite cerrahisi, estetik cerrahi, ak\u0131ll\u0131 lens ve lazer g\u00f6z tedavisi, sa\u00e7 ekimi ve jinekolojik cerrahi hizmetleri vermekteyiz.<\/p>\n<p style=\"text-align: left;\">Hastalar\u0131m\u0131za en \u00fcst d\u00fczeyde konfor ve bak\u0131m sunmak i\u00e7in t\u00fcm u\u00e7u\u015flar\u0131, 7\/24 ula\u015f\u0131m hizmetini, terc\u00fcmanl\u0131k hizmetini ve konaklamay\u0131 sa\u011fl\u0131yoruz.<\/p>\n<p>[\/vc_column_text][\/vc_column][\/vc_row][vc_row row_content_width=&#8221;grid&#8221; simple_background_color=&#8221;#fafafa&#8221;][vc_column][vc_separator css=&#8221;.vc_custom_1727263379049{margin-top: 33px !important;margin-bottom: 33px !important;}&#8221;][\/vc_column][\/vc_row][vc_row row_content_width=&#8221;grid&#8221; content_width=&#8221;grid&#8221; css=&#8221;.vc_custom_1655320346088{padding-top: 20px !important;padding-bottom: 20px !important;}&#8221; simple_background_color=&#8221;#fafafa&#8221;][vc_column width=&#8221;1\/2&#8243;][vc_column_text]<\/p>\n<h2>Vizyonumuz:<\/h2>\n<p>Hasta merkezli sa\u011fl\u0131k hizmeti sunarak ve entegre t\u0131bbi uygulama, e\u011fitim ve ara\u015ft\u0131rma yoluyla m\u00fckemmel kalitede klinik hizmeti sunarak umut uyand\u0131rmak ve refaha katk\u0131da bulunmak.<\/p>\n<p>&nbsp;<\/p>\n<h2>G\u00f6revimiz:<\/h2>\n<p>Daha geni\u015f bir insan kitlesine uygun maliyetlerle kaliteli sa\u011fl\u0131k hizmeti sunmak ve medikal turizm yoluyla kaliteli hizmeti ulusal s\u0131n\u0131rlar\u0131n \u00f6tesine ta\u015f\u0131mak.<\/p>\n<p>[\/vc_column_text][\/vc_column][vc_column width=&#8221;1\/2&#8243;][vc_single_image image=&#8221;6243&#8243; img_size=&#8221;full&#8221;][\/vc_column][\/vc_row][vc_row row_content_width=&#8221;grid&#8221; simple_background_color=&#8221;#fafafa&#8221;][vc_column][vc_separator css=&#8221;.vc_custom_1727263389643{margin-top: 33px !important;margin-bottom: 33px !important;}&#8221;][\/vc_column][\/vc_row][vc_row row_content_width=&#8221;grid&#8221; content_width=&#8221;grid&#8221; css=&#8221;.vc_custom_1659543089391{padding-top: 20px !important;padding-bottom: 20px !important;}&#8221; simple_background_color=&#8221;#fafafa&#8221;][vc_column width=&#8221;1\/2&#8243; css=&#8221;.vc_custom_1655319273721{padding-top: 20px !important;}&#8221;][vc_single_image image=&#8221;9996&#8243; img_size=&#8221;full&#8221;][\/vc_column][vc_column width=&#8221;1\/2&#8243;][vc_column_text]<\/p>\n<h2>B\u00f6l\u00fcmlerimiz:<\/h2>\n<p>\u2022 A\u011eIZ VE D\u0130\u015e SA\u011eLI\u011eI<br \/>\n\u2022 OBEZ\u0130TE CERRAH\u0130S\u0130<br \/>\n\u2022 ESTET\u0130K VE PLAST\u0130K CERRAH\u0130<br \/>\n\u2022 J\u0130NEKOLOJ\u0130K CERRAH\u0130<br \/>\n\u2022 SA\u00c7 EK\u0130M\u0130<\/p>\n<p>Regenesis Health Travel, hayat\u0131n\u0131z, g\u00fczelli\u011finiz ve memnuniyetiniz i\u00e7in size en iyi f\u0131rsatlar\u0131 sunar.<\/p>\n<p>Regenesis, y\u00fcksek kaliteli t\u0131bbi tedavi ve m\u00fckemmel konukseverlik sunarak hastalar\u0131n tedavi s\u00fcre\u00e7lerine yard\u0131mc\u0131 olmak i\u00e7in resmi olarak kurulmu\u015ftur. Misafirlerimizin \u00f6nemli \u00f6l\u00e7\u00fcde daha d\u00fc\u015f\u00fck t\u0131bbi seyahat maliyetleri ile daha g\u00fcvenli bir ortam ve bilin\u00e7li kararlar almalar\u0131n\u0131 hedefliyoruz. Bu yurt d\u0131\u015f\u0131 hizmetlerini sa\u011fl\u0131k ve turizm alan\u0131ndaki \u00fcst\u00fcn tecr\u00fcbemizle veriyoruz. Temel ilkelerimiz d\u00fcr\u00fcstl\u00fck, \u015feffafl\u0131k ve gizliliktir.   [\/vc_column_text][\/vc_column][\/vc_row][vc_row row_content_width=&#8221;grid&#8221; simple_background_color=&#8221;#fafafa&#8221;][vc_column][vc_separator css=&#8221;.vc_custom_1727263398604{margin-top: 33px !important;margin-bottom: 33px !important;}&#8221;][\/vc_column][\/vc_row][vc_row row_content_width=&#8221;grid&#8221; content_text_aligment=&#8221;center&#8221; css=&#8221;.vc_custom_1659543232341{padding-top: 20px !important;padding-bottom: 20px !important;}&#8221; simple_background_color=&#8221;#fafafa&#8221;][vc_column][vc_column_text]<\/p>\n<h2 style=\"text-align: center;\">Ekibimiz<\/h2>\n<p>Bug\u00fcn bulundu\u011fumuz yere gelene kadar harika bir yolculuk ge\u00e7irdik ve \u015fimdi size tam zaman\u0131nda profesyonel ve etkili \u00e7\u00f6z\u00fcmler sunabilece\u011fimizden eminiz. Size m\u00fcmk\u00fcn olan en iyi deneyimi sunmak i\u00e7in \u00e7ok \u00e7al\u0131\u015fan harika ekibimizle tan\u0131\u015f\u0131n. [\/vc_column_text][vc_empty_space height=&#8221;40px&#8221;]<div class=\"mkdf-team-slider-holder\"><div class=\"mkdf-team-list-holder mkdf-tl-normal-space mkdf-tl-slider\">\n\t<div class=\"mkdf-tl-inner mkdf-owl-slider\" data-number-of-items=\"5\" data-enable-navigation=\"yes\" data-enable-pagination=\"no\">\n\t\tSorry, no posts matched your criteria.\t<\/div>\n<\/div><\/div><a itemprop=\"url\" href=\"https:\/\/regenesishealth.co.uk\/our-team\/\" target=\"_self\"  class=\"mkdf-btn mkdf-btn-medium mkdf-btn-solid mkdf-btn-solid-dark\"  >\n    <span class=\"mkdf-btn-text\">Daha fazla g\u00f6ster<\/span>\n    <span class=\"mkdf-btn-icon-holder\">\n        <span class=\"mkdf-btn-icon-normal\" ><\/span>\n        <span class=\"mkdf-btn-icon-flip\" ><\/span>\n    <\/span>\n<\/a>[vc_empty_space height=&#8221;40px&#8221;][\/vc_column][\/vc_row][vc_row row_content_width=&#8221;grid&#8221; content_width=&#8221;grid&#8221; simple_background_color=&#8221;#ffffff&#8221; css=&#8221;.vc_custom_1727263557829{margin-top: 33px !important;}&#8221;][vc_column][vc_column_text]<\/p>\n<h2 style=\"text-align: center;\">Resmi Evrak ve Sertifikalar<\/h2>\n<p>Regenesis Health Travel&#8217;\u0131n dok\u00fcmantasyona y\u00f6nelik titiz yakla\u015f\u0131m\u0131, k\u00fcresel prosed\u00fcrlere ba\u011fl\u0131l\u0131\u011f\u0131 ve kat\u0131 uyum uygulamalar\u0131, sa\u011fl\u0131k yolculu\u011funuzun en \u00fcst d\u00fczeyde profesyonellik ve d\u00fcr\u00fcstl\u00fckle y\u00fcr\u00fct\u00fclmesini sa\u011flar. Benzersiz ihtiya\u00e7 ve tercihlerinize g\u00f6re uyarlanm\u0131\u015f, sorunsuz ve g\u00fcvenilir bir sa\u011fl\u0131k turizmi deneyimi sunmam\u0131z i\u00e7in bize g\u00fcvenin. [\/vc_column_text][\/vc_column][\/vc_row][vc_row row_content_width=&#8221;grid&#8221; content_width=&#8221;grid&#8221; css=&#8221;.vc_custom_1686834463101{padding-top: 20px !important;padding-bottom: 20px !important;}&#8221; simple_background_color=&#8221;#ffffff&#8221;][vc_column width=&#8221;1\/2&#8243;][vc_single_image image=&#8221;13780&#8243; img_size=&#8221;full&#8221;][vc_column_text]<\/p>\n<h4 style=\"text-align: center;\">Uluslararas\u0131 Sa\u011fl\u0131k Turizmi Yetki Belgesi<\/h4>\n<p>[\/vc_column_text][vc_empty_space height=&#8221;40px&#8221;][\/vc_column][vc_column width=&#8221;1\/2&#8243;][vc_single_image image=&#8221;13784&#8243; img_size=&#8221;full&#8221;][vc_column_text]<\/p>\n<h4 style=\"text-align: center;\">T\u00fcrkiye Seyahat Acenteleri Birli\u011fi Sertifikas\u0131<\/h4>\n<p>[\/vc_column_text][vc_empty_space height=&#8221;40px&#8221;][\/vc_column][\/vc_row][vc_row content_placement=&#8221;middle&#8221; row_content_width=&#8221;grid&#8221; content_width=&#8221;grid&#8221; simple_background_color=&#8221;#fafafa&#8221; css=&#8221;.vc_custom_1732198214544{padding-top: 33px !important;padding-bottom: 33px !important;}&#8221;][vc_column width=&#8221;1\/2&#8243;][vc_column_text]<\/p>\n<h2 style=\"text-align: center;\">Seyahat Sigortas\u0131 Basitle\u015ftirildi<\/h2>\n<p>Yolculu\u011funuzun da tedaviniz kadar g\u00fcvenli olmas\u0131n\u0131 sa\u011flamak i\u00e7in Medical Travel Shield ile gururla ortakl\u0131k yap\u0131yoruz. T\u0131bbi bak\u0131m i\u00e7in yurt d\u0131\u015f\u0131na seyahat ediyorsan\u0131z, standart seyahat sigortan\u0131z t\u00fcm ihtiya\u00e7lar\u0131n\u0131z\u0131 kar\u015f\u0131lamayabilir. <a href=\"https:\/\/www.medicaltravelshield.com\/\" target=\"_blank\" rel=\"noopener\">Medical Travel Shield<\/a> ile, t\u0131bbi seyahatler i\u00e7in \u00f6zel olarak haz\u0131rlanm\u0131\u015f uzman kapsam\u0131na eri\u015febilirsiniz. Sa\u011fl\u0131\u011f\u0131n\u0131z\u0131, seyahatinizi ve i\u00e7 huzurunuzu koruyun.   <\/p>\n<p>Yolculu\u011funuza g\u00fcvenle ba\u015flay\u0131n &#8211; <a href=\"https:\/\/www.medicaltravelshield.com\/\" target=\"_blank\" rel=\"noopener\">Medical Travel Shield<\/a> &#8216;i bug\u00fcn ke\u015ffedin![\/vc_column_text][\/vc_column][vc_column width=&#8221;1\/2&#8243;][vc_empty_space height=&#8221;40px&#8221;][vc_single_image image=&#8221;18366&#8243; img_size=&#8221;large&#8221; onclick=&#8221;custom_link&#8221; img_link_target=&#8221;_blank&#8221; link=&#8221;https:\/\/www.medicaltravelshield.com\/&#8221;][vc_empty_space height=&#8221;40px&#8221;][\/vc_column][\/vc_row][vc_row css=&#8221;.vc_custom_1654523594507{padding-top: 146px !important;padding-bottom: 100px !important;}&#8221; parallax_background_image=&#8221;9918&#8243;][vc_column][vc_row_inner row_content_width=&#8221;grid&#8221;][vc_column_inner width=&#8221;1\/4&#8243;]<div class=\"mkdf-counter-holder\">\n\t<div class=\"mkdf-counter-inner\">\n\t\t\t\t\t\t\t\t\t<span class=\"mkdf-counter mkdf-zero-counter\" style=\"color: #ffffff\">12<\/span>\n\t\t\t\t\t\t\t<h6 class=\"mkdf-counter-title\" style=\"color: #ffffff\">\n\t\t\t\tSa\u011fl\u0131k B\u00f6l\u00fcmleri\t\t\t<\/h6>\n\t\t\t\t\t<\/div>\n<\/div>[vc_empty_space height=&#8221;40px&#8221;][\/vc_column_inner][vc_column_inner width=&#8221;1\/4&#8243;]<div class=\"mkdf-counter-holder\">\n\t<div class=\"mkdf-counter-inner\">\n\t\t\t\t\t\t\t\t\t<span class=\"mkdf-counter mkdf-zero-counter\" style=\"color: #ffffff\">152<\/span>\n\t\t\t\t\t\t\t<h6 class=\"mkdf-counter-title\" style=\"color: #ffffff\">\n\t\t\t\tFarkl\u0131 Hizmetler\t\t\t<\/h6>\n\t\t\t\t\t<\/div>\n<\/div>[vc_empty_space height=&#8221;40px&#8221;][\/vc_column_inner][vc_column_inner width=&#8221;1\/4&#8243;]<div class=\"mkdf-counter-holder\">\n\t<div class=\"mkdf-counter-inner\">\n\t\t\t\t\t\t\t\t\t<span class=\"mkdf-counter mkdf-zero-counter\" style=\"color: #ffffff\">19762<\/span>\n\t\t\t\t\t\t\t<h6 class=\"mkdf-counter-title\" style=\"color: #ffffff\">\n\t\t\t\tMevcut Hastalar\t\t\t<\/h6>\n\t\t\t\t\t<\/div>\n<\/div>[vc_empty_space height=&#8221;40px&#8221;][\/vc_column_inner][vc_column_inner width=&#8221;1\/4&#8243;]<div class=\"mkdf-counter-holder\">\n\t<div class=\"mkdf-counter-inner\">\n\t\t\t\t\t\t\t\t\t<span class=\"mkdf-counter mkdf-zero-counter\" style=\"color: #ffffff\">22648<\/span>\n\t\t\t\t\t\t\t<h6 class=\"mkdf-counter-title\" style=\"color: #ffffff\">\n\t\t\t\tMemnun Hastalar\t\t\t<\/h6>\n\t\t\t\t\t<\/div>\n<\/div>[vc_empty_space height=&#8221;40px&#8221;][\/vc_column_inner][\/vc_row_inner][\/vc_column][\/vc_row][vc_row row_content_width=&#8221;grid&#8221; content_width=&#8221;grid&#8221; simple_background_color=&#8221;#ffffff&#8221; css=&#8221;.vc_custom_1727263427828{margin-top: 33px !important;}&#8221;][vc_column][vc_column_text]<\/p>\n<h2 style=\"text-align: center;\">Ortaklar\u0131m\u0131z<\/h2>\n<p>[\/vc_column_text][\/vc_column][\/vc_row][vc_row row_content_width=&#8221;grid&#8221; css=&#8221;.vc_custom_1494244663718{padding-top: 100px !important;padding-bottom: 40px !important;}&#8221;][vc_column][vc_single_image image=&#8221;13801&#8243; img_size=&#8221;full&#8221; alignment=&#8221;center&#8221;][vc_empty_space height=&#8221;15px&#8221;][vc_column_text]<\/p>\n<h4><strong>\u0130svi\u00e7re hassasiyeti ve kalitesi<\/strong><\/h4>\n<p>\u0130mplant M\u00fckemmelli\u011finde Yeni Bir \u00c7a\u011f\u0131n Kilidini A\u00e7\u0131n &#8211; Di\u015f hekimli\u011finin t\u00fcm alanlar\u0131nda onlarca y\u0131ll\u0131k deneyime sahip deneyimli profesyonellerden olu\u015fan bir ekip taraf\u0131ndan sunulan Regenesis Health Travel&#8217;da Straumann&#8217;\u0131 ke\u015ffedin. Regenesis Health Travel ile di\u015f implantlar\u0131n\u0131n d\u00f6n\u00fc\u015ft\u00fcr\u00fcc\u00fc g\u00fcc\u00fcn\u00fcn kilidini a\u00e7\u0131n ve Straumann&#8217;\u0131n rakipsiz hassasiyetini deneyimleyin. \u0130mplant di\u015f hekimli\u011finde bir \u00f6nc\u00fc olarak, size en son teknoloji ve \u00fcnl\u00fc uzmanl\u0131kla desteklenen d\u00fcnyan\u0131n en iyi \u00e7\u00f6z\u00fcm\u00fcn\u00fc gururla sunuyoruz. G\u00fcl\u00fc\u015f\u00fcn\u00fcz\u00fc yeniden tan\u0131mlamak i\u00e7in Straumann&#8217;\u0131n ola\u011fan\u00fcst\u00fc kalitesine ve ola\u011fan\u00fcst\u00fc \u00f6zenimize g\u00fcvenin.   [\/vc_column_text][vc_empty_space height=&#8221;25px&#8221;][\/vc_column][\/vc_row][vc_row row_content_width=&#8221;grid&#8221; content_width=&#8221;grid&#8221; css=&#8221;.vc_custom_1662481621177{padding-top: 33px !important;}&#8221; simple_background_color=&#8221;#ffffff&#8221;][vc_column width=&#8221;1\/3&#8243;][vc_single_image image=&#8221;9841&#8243; img_size=&#8221;medium&#8221; alignment=&#8221;center&#8221; onclick=&#8221;custom_link&#8221; link=&#8221;https:\/\/sanitastravel.com&#8221;][vc_empty_space height=&#8221;16&#8243;][vc_column_text]2013 y\u0131l\u0131ndan itibaren sa\u011fl\u0131k turizmi alan\u0131nda hizmet veren Sanitas Travel, TC Sa\u011fl\u0131k Bakanl\u0131\u011f\u0131ndan Yetkili Sa\u011fl\u0131k Turizmi Acentesi akreditasyonuna sahiptir. Hastalar\u0131m\u0131z T\u00fcrkiye Seyahat Acentalar\u0131 Birli\u011fi onayl\u0131 Sanitas Travel taraf\u0131ndan yapt\u0131r\u0131lan tedavileri ile TC Sa\u011fl\u0131k Bakanl\u0131\u011f\u0131&#8217;n\u0131n tam korumas\u0131 alt\u0131ndad\u0131r. [\/vc_column_text][vc_empty_space height=&#8221;66px&#8221;][\/vc_column][vc_column width=&#8221;1\/3&#8243;][vc_single_image image=&#8221;10667&#8243; img_size=&#8221;medium&#8221; alignment=&#8221;center&#8221; onclick=&#8221;custom_link&#8221; link=&#8221;https:\/\/www.silvinelaw.com&#8221;][vc_empty_space height=&#8221;16&#8243;][vc_column_text]Londra&#8217;n\u0131n kalbinde yer alan Silvine Law, \u00f6d\u00fcll\u00fc ve ileri g\u00f6r\u00fc\u015fl\u00fc bir tam hizmet hukuk firmas\u0131d\u0131r. \u0130ngiltere ve T\u00fcrkiye&#8217;deki t\u00fcm hukuki konularda Regenesis Health Travel&#8217;\u0131 temsil ederek kusursuz bir deneyim sunmaktad\u0131r. Regenesis Health Travel UK&#8217;in partner kurulu\u015fu olan Silvine Law, T\u00fcrkiye seyahatinizle ilgili her konuda size yard\u0131mc\u0131 olmaktan memnuniyet duyacakt\u0131r.  [\/vc_column_text][vc_empty_space height=&#8221;66px&#8221;][\/vc_column][vc_column width=&#8221;1\/3&#8243;][vc_single_image image=&#8221;10666&#8243; img_size=&#8221;medium&#8221; alignment=&#8221;center&#8221; onclick=&#8221;custom_link&#8221; link=&#8221;https:\/\/eodesign.co&#8221;][vc_empty_space height=&#8221;16&#8243;][vc_column_text]EO Design &amp; Digital, Regenesis Health Travel ad\u0131na reklam, tan\u0131t\u0131m ve yaz\u0131l\u0131m deste\u011fi sa\u011flayan, Londra merkezli bir reklam ajans\u0131d\u0131r. \u015eirket, i\u015f ve pazarlama sorunlar\u0131n\u0131 \u00e7\u00f6zerek hizmetlerimizi daha ba\u015far\u0131l\u0131 hale getirmek ve en iyi sonu\u00e7lara ula\u015fmak i\u00e7in verileri do\u011fru okumak i\u00e7in en uygun tasar\u0131m ve pazarlama stratejilerini uygulamam\u0131za yard\u0131mc\u0131 olur. [\/vc_column_text][vc_empty_space height=&#8221;66px&#8221;][\/vc_column][\/vc_row][vc_row row_content_width=&#8221;grid&#8221; content_width=&#8221;grid&#8221; css=&#8221;.vc_custom_1662481621177{padding-top: 33px !important;}&#8221; simple_background_color=&#8221;#ffffff&#8221;][vc_column width=&#8221;1\/3&#8243;][vc_single_image image=&#8221;12559&#8243; img_size=&#8221;medium&#8221; alignment=&#8221;center&#8221; onclick=&#8221;custom_link&#8221; link=&#8221;https:\/\/sanitastravel.com&#8221;][vc_empty_space height=&#8221;16&#8243;][vc_column_text]\u0130mplant sistemlerini tedarik etti\u011fimiz I-system firmas\u0131, en son teknolojilerle \u0130svi\u00e7re hassasiyetinde \u00fcretilmi\u015f di\u015f implantlar\u0131 sunmaktad\u0131r.[\/vc_column_text][vc_empty_space height=&#8221;66px&#8221;][\/vc_column][vc_column width=&#8221;1\/3&#8243;][vc_single_image image=&#8221;12562&#8243; img_size=&#8221;medium&#8221; alignment=&#8221;center&#8221; onclick=&#8221;custom_link&#8221; link=&#8221;https:\/\/www.silvinelaw.com&#8221;][vc_empty_space height=&#8221;16&#8243;][vc_column_text]\u0130mplant sistemlerini tedarik etti\u011fimiz ImplantSwiss, en son teknolojilerle \u0130svi\u00e7re hassasiyetinde \u00fcretilmi\u015f di\u015f implantlar\u0131 sunmaktad\u0131r.[\/vc_column_text][vc_empty_space height=&#8221;66px&#8221;][\/vc_column][vc_column width=&#8221;1\/3&#8243;][vc_single_image image=&#8221;12568&#8243; img_size=&#8221;medium&#8221; alignment=&#8221;center&#8221; onclick=&#8221;custom_link&#8221; link=&#8221;https:\/\/eodesign.co&#8221;][vc_empty_space height=&#8221;16&#8243;][vc_column_text]Regenesis i\u00e7in tek par\u00e7a implantlar, ana \u00fcretim tesisi \u0130svi\u00e7re Yverdon-les-Bains&#8217;de bulunan Monoimplant taraf\u0131ndan tasarlanm\u0131\u015ft\u0131r.[\/vc_column_text][vc_empty_space height=&#8221;66px&#8221;][\/vc_column][\/vc_row][vc_row row_content_width=&#8221;grid&#8221; content_width=&#8221;grid&#8221; css=&#8221;.vc_custom_1662481621177{padding-top: 33px !important;}&#8221; simple_background_color=&#8221;#ffffff&#8221;][vc_column width=&#8221;1\/3&#8243;][vc_single_image image=&#8221;12565&#8243; img_size=&#8221;medium&#8221; alignment=&#8221;center&#8221; onclick=&#8221;custom_link&#8221; link=&#8221;https:\/\/sanitastravel.com&#8221;][vc_empty_space height=&#8221;16&#8243;][vc_column_text]Goldental Laboratuvarlar\u0131, Regenesis Health Travel i\u00e7in en iyi di\u015f \u00fcr\u00fcnlerini profesyonel teknisyenler taraf\u0131ndan \u00fcretmektedir.[\/vc_column_text][vc_empty_space height=&#8221;66px&#8221;][\/vc_column][vc_column width=&#8221;1\/3&#8243;][vc_single_image image=&#8221;12571&#8243; img_size=&#8221;medium&#8221; alignment=&#8221;center&#8221; onclick=&#8221;custom_link&#8221; link=&#8221;https:\/\/www.silvinelaw.com&#8221;][vc_empty_space height=&#8221;16&#8243;][vc_column_text]Regenesis Health Travel&#8217;\u0131n t\u00fcm implant \u00fcr\u00fcnlerinin distrib\u00fct\u00f6r\u00fc olan Bora Dental, hastalara en uygun malzemeleri sa\u011flamak i\u00e7in \u00e7al\u0131\u015fmaktad\u0131r.[\/vc_column_text][vc_empty_space height=&#8221;66px&#8221;][\/vc_column][vc_column width=&#8221;1\/3&#8243;][vc_single_image image=&#8221;12574&#8243; img_size=&#8221;medium&#8221; alignment=&#8221;center&#8221; onclick=&#8221;custom_link&#8221; link=&#8221;https:\/\/eodesign.co&#8221;][vc_empty_space height=&#8221;16&#8243;][vc_column_text]Harici ekipman sa\u011flayan di\u011fer bir partnerimiz olan W&amp;H ise uluslararas\u0131 ve profesyonel \u00e7al\u0131\u015fma prensipleri ile her t\u00fcrl\u00fc ihtiyaca y\u00f6nelik servis deste\u011fi ile y\u00fcksek teknolojili \u00fcr\u00fcnler sunma konusunda lider konumdad\u0131r.[\/vc_column_text][vc_empty_space height=&#8221;66px&#8221;][\/vc_column][\/vc_row][vc_row row_content_width=&#8221;grid&#8221; content_width=&#8221;grid&#8221; css=&#8221;.vc_custom_1662481621177{padding-top: 33px !important;}&#8221; simple_background_color=&#8221;#ffffff&#8221;][vc_column width=&#8221;1\/3&#8243;][vc_single_image image=&#8221;12577&#8243; img_size=&#8221;medium&#8221; alignment=&#8221;center&#8221; onclick=&#8221;custom_link&#8221; link=&#8221;https:\/\/sanitastravel.com&#8221;][vc_empty_space height=&#8221;16&#8243;][vc_column_text]\u0130mplant \u00fcr\u00fcnlerinde Alman garantisi vaat eden Bego, Regenesis Health Travel hastalar\u0131nda g\u00fcven olu\u015fturuyor.[\/vc_column_text][vc_empty_space height=&#8221;66px&#8221;][\/vc_column][vc_column width=&#8221;1\/3&#8243;][vc_single_image image=&#8221;12583&#8243; img_size=&#8221;medium&#8221; alignment=&#8221;center&#8221; onclick=&#8221;custom_link&#8221; link=&#8221;https:\/\/www.silvinelaw.com&#8221;][vc_empty_space height=&#8221;16&#8243;][vc_column_text]\u0130mplant sistemlerini tedarik etti\u011fimiz NovoDent, ImplantSwiss ortak giri\u015fimi gibi en son teknolojilerle \u0130svi\u00e7re hassasiyetinde \u00fcretilmi\u015f di\u015f implantlar\u0131 da sunmaktad\u0131r.[\/vc_column_text][vc_empty_space height=&#8221;66px&#8221;][\/vc_column][vc_column width=&#8221;1\/3&#8243;][vc_single_image image=&#8221;12580&#8243; img_size=&#8221;medium&#8221; alignment=&#8221;center&#8221; onclick=&#8221;custom_link&#8221; link=&#8221;https:\/\/eodesign.co&#8221;][vc_empty_space height=&#8221;16&#8243;][vc_column_text]Blue Design Laboratuvarlar\u0131, profesyonel teknisyenler taraf\u0131ndan Regenesis Health Travel i\u00e7in en iyi di\u015f \u00fcr\u00fcnlerini \u00fcretir.[\/vc_column_text][vc_empty_space height=&#8221;66px&#8221;][\/vc_column][\/vc_row][vc_row][vc_column][vc_empty_space height=&#8221;66&#8243;][\/vc_column][\/vc_row]<\/p>\n","protected":false},"excerpt":{"rendered":"<p>[vc_row row_content_width=&#8221;grid&#8221; content_width=&#8221;grid&#8221; css=&#8221;.vc_custom_1659376880665{padding-top: 93px !important;padding-bottom: 40px !important;}&#8221; simple_background_color=&#8221;#fafafa&#8221;][vc_column][vc_column_text] Hakk\u0131m\u0131zda Sa\u011fl\u0131k ve g\u00fczellik cerrahisinde uzman\u0131z [\/vc_column_text][vc_empty_space][vc_column_text] Antalya\/T\u00fcrkiye&#8217;deki donan\u0131ml\u0131 hastanelerimizde di\u015f tedavileri, obezite cerrahisi, estetik cerrahi, ak\u0131ll\u0131 lens ve lazer g\u00f6z tedavisi, sa\u00e7 ekimi ve jinekolojik cerrahi hizmetleri vermekteyiz. Hastalar\u0131m\u0131za en [&hellip;]<\/p>\n","protected":false},"author":1,"featured_media":0,"parent":0,"menu_order":0,"comment_status":"closed","ping_status":"closed","template":"full-width.php","meta":{"footnotes":""},"class_list":["post-13436","page","type-page","status-publish","hentry"],"_links":{"self":[{"href":"https:\/\/regenesishealth.co.uk\/tr\/wp-json\/wp\/v2\/pages\/13436"}],"collection":[{"href":"https:\/\/regenesishealth.co.uk\/tr\/wp-json\/wp\/v2\/pages"}],"about":[{"href":"https:\/\/regenesishealth.co.uk\/tr\/wp-json\/wp\/v2\/types\/page"}],"author":[{"embeddable":true,"href":"https:\/\/regenesishealth.co.uk\/tr\/wp-json\/wp\/v2\/users\/1"}],"replies":[{"embeddable":true,"href":"https:\/\/regenesishealth.co.uk\/tr\/wp-json\/wp\/v2\/comments?post=13436"}],"version-history":[{"count":6,"href":"https:\/\/regenesishealth.co.uk\/tr\/wp-json\/wp\/v2\/pages\/13436\/revisions"}],"predecessor-version":[{"id":18781,"href":"https:\/\/regenesishealth.co.uk\/tr\/wp-json\/wp\/v2\/pages\/13436\/revisions\/18781"}],"wp:attachment":[{"href":"https:\/\/regenesishealth.co.uk\/tr\/wp-json\/wp\/v2\/media?parent=13436"}],"curies":[{"name":"wp","href":"https:\/\/api.w.org\/{rel}","templated":true}]}}