{"id":13424,"date":"2022-06-05T12:37:29","date_gmt":"2022-06-05T11:37:29","guid":{"rendered":"https:\/\/regenesishealth.co.uk\/finans\/"},"modified":"2025-03-18T18:11:39","modified_gmt":"2025-03-18T18:11:39","slug":"finans","status":"publish","type":"page","link":"https:\/\/regenesishealth.co.uk\/tr\/finans\/","title":{"rendered":"Kredi"},"content":{"rendered":"<p>[vc_row content_placement=&#8221;top&#8221; row_content_width=&#8221;grid&#8221; content_text_aligment=&#8221;center&#8221;][vc_column][vc_single_image image=&#8221;11675&#8243; img_size=&#8221;full&#8221; alignment=&#8221;center&#8221;][vc_empty_space height=&#8221;66px&#8221;][vc_column_text]<\/p>\n<h1 style=\"text-align: center;\">Finans se\u00e7enekleri mevcuttur!<\/h1>\n<p>[\/vc_column_text][vc_empty_space height=&#8221;32&#8243;][vc_column_text]Regenesis Health Travel, tedavinizin maliyetini payla\u015fman\u0131za olanak tan\u0131yan uygun fiyatl\u0131 \u00f6deme planlar\u0131 sunar. Bu, istedi\u011finiz tedavi i\u00e7in size uygun bir s\u00fcre boyunca \u00f6deme yapabilece\u011finiz anlam\u0131na gelir. Kula\u011fa ilgin\u00e7 geliyor de\u011fil mi? Daha fazla bilgi i\u00e7in t\u0131klay\u0131n.   [\/vc_column_text][vc_empty_space height=&#8221;66px&#8221;]<a itemprop=\"url\" href=\"https:\/\/financemybeauty.com\/regenesis\/\" target=\"_blank\" class=\"mkdf-btn mkdf-btn-medium mkdf-btn-solid mkdf-btn-solid-dark\" rel=\"noopener\">\n    <span class=\"mkdf-btn-text\">Beni ayd\u0131nlat<\/span>\n    <span class=\"mkdf-btn-icon-holder\">\n        <span class=\"mkdf-btn-icon-normal\" ><\/span>\n        <span class=\"mkdf-btn-icon-flip\" ><\/span>\n    <\/span>\n<\/a>[vc_empty_space height=&#8221;99px&#8221;][\/vc_column][\/vc_row]<\/p>\n","protected":false},"excerpt":{"rendered":"<p>[vc_row content_placement=&#8221;top&#8221; row_content_width=&#8221;grid&#8221; content_text_aligment=&#8221;center&#8221;][vc_column][vc_single_image image=&#8221;11675&#8243; img_size=&#8221;full&#8221; alignment=&#8221;center&#8221;][vc_empty_space height=&#8221;66px&#8221;][vc_column_text] Finans se\u00e7enekleri mevcuttur! [\/vc_column_text][vc_empty_space height=&#8221;32&#8243;][vc_column_text]Regenesis Health Travel, tedavinizin maliyetini payla\u015fman\u0131za olanak tan\u0131yan uygun fiyatl\u0131 \u00f6deme planlar\u0131 sunar. Bu, istedi\u011finiz tedavi i\u00e7in size uygun bir s\u00fcre boyunca \u00f6deme yapabilece\u011finiz anlam\u0131na gelir. Kula\u011fa ilgin\u00e7 [&hellip;]<\/p>\n","protected":false},"author":1,"featured_media":0,"parent":0,"menu_order":0,"comment_status":"closed","ping_status":"closed","template":"","meta":{"footnotes":""},"class_list":["post-13424","page","type-page","status-publish","hentry"],"_links":{"self":[{"href":"https:\/\/regenesishealth.co.uk\/tr\/wp-json\/wp\/v2\/pages\/13424"}],"collection":[{"href":"https:\/\/regenesishealth.co.uk\/tr\/wp-json\/wp\/v2\/pages"}],"about":[{"href":"https:\/\/regenesishealth.co.uk\/tr\/wp-json\/wp\/v2\/types\/page"}],"author":[{"embeddable":true,"href":"https:\/\/regenesishealth.co.uk\/tr\/wp-json\/wp\/v2\/users\/1"}],"replies":[{"embeddable":true,"href":"https:\/\/regenesishealth.co.uk\/tr\/wp-json\/wp\/v2\/comments?post=13424"}],"version-history":[{"count":3,"href":"https:\/\/regenesishealth.co.uk\/tr\/wp-json\/wp\/v2\/pages\/13424\/revisions"}],"predecessor-version":[{"id":18803,"href":"https:\/\/regenesishealth.co.uk\/tr\/wp-json\/wp\/v2\/pages\/13424\/revisions\/18803"}],"wp:attachment":[{"href":"https:\/\/regenesishealth.co.uk\/tr\/wp-json\/wp\/v2\/media?parent=13424"}],"curies":[{"name":"wp","href":"https:\/\/api.w.org\/{rel}","templated":true}]}}