{"id":13423,"date":"2022-01-25T14:36:43","date_gmt":"2022-01-25T14:36:43","guid":{"rendered":"https:\/\/regenesishealth.co.uk\/videolar\/"},"modified":"2023-08-04T15:07:50","modified_gmt":"2023-08-04T14:07:50","slug":"videolar","status":"publish","type":"page","link":"https:\/\/regenesishealth.co.uk\/tr\/videolar\/","title":{"rendered":"Videolar"},"content":{"rendered":"<p>[vc_row css=&#8221;.vc_custom_1659794385245{padding-top: 64px !important;}&#8221;][vc_column][vc_column_text]<\/p>\n<h4 style=\"text-align: center;\">Sevgili hastalar\u0131m\u0131z\u0131n d\u00f6n\u00fc\u015f\u00fcm\u00fc<\/h4>\n<p class=\"swift-in-viewport\" style=\"text-align: center;\">Hizmetlerimiz hakk\u0131nda daha fazla bilgi almak i\u00e7in l\u00fctfen hastalar\u0131m\u0131z\u0131n tedavi videolar\u0131n\u0131 inceleyiniz.<\/p>\n<p>[\/vc_column_text][vc_separator css=&#8221;.vc_custom_1659794401412{padding-top: 32px !important;padding-bottom: 32px !important;}&#8221;][\/vc_column][\/vc_row][vc_row css=&#8221;.vc_custom_1659794423248{padding-bottom: 64px !important;}&#8221;][vc_column][vc_column_text]<\/p>\n<h3 style=\"text-align: center;\">Bu b\u00f6l\u00fcm\u00fc sizler i\u00e7in yeniliyoruz. L\u00fctfen daha sonra tekrar deneyiniz.<\/h3>\n<p>[\/vc_column_text][\/vc_column][\/vc_row]<\/p>\n","protected":false},"excerpt":{"rendered":"<p>[vc_row css=&#8221;.vc_custom_1659794385245{padding-top: 64px !important;}&#8221;][vc_column][vc_column_text] Sevgili hastalar\u0131m\u0131z\u0131n d\u00f6n\u00fc\u015f\u00fcm\u00fc Hizmetlerimiz hakk\u0131nda daha fazla bilgi almak i\u00e7in l\u00fctfen hastalar\u0131m\u0131z\u0131n tedavi videolar\u0131n\u0131 inceleyiniz. [\/vc_column_text][vc_separator css=&#8221;.vc_custom_1659794401412{padding-top: 32px !important;padding-bottom: 32px !important;}&#8221;][\/vc_column][\/vc_row][vc_row css=&#8221;.vc_custom_1659794423248{padding-bottom: 64px !important;}&#8221;][vc_column][vc_column_text] Bu b\u00f6l\u00fcm\u00fc sizler i\u00e7in yeniliyoruz. L\u00fctfen daha sonra tekrar deneyiniz. [\/vc_column_text][\/vc_column][\/vc_row]<\/p>\n","protected":false},"author":1,"featured_media":0,"parent":0,"menu_order":0,"comment_status":"closed","ping_status":"closed","template":"","meta":{"footnotes":""},"class_list":["post-13423","page","type-page","status-publish","hentry"],"_links":{"self":[{"href":"https:\/\/regenesishealth.co.uk\/tr\/wp-json\/wp\/v2\/pages\/13423"}],"collection":[{"href":"https:\/\/regenesishealth.co.uk\/tr\/wp-json\/wp\/v2\/pages"}],"about":[{"href":"https:\/\/regenesishealth.co.uk\/tr\/wp-json\/wp\/v2\/types\/page"}],"author":[{"embeddable":true,"href":"https:\/\/regenesishealth.co.uk\/tr\/wp-json\/wp\/v2\/users\/1"}],"replies":[{"embeddable":true,"href":"https:\/\/regenesishealth.co.uk\/tr\/wp-json\/wp\/v2\/comments?post=13423"}],"version-history":[{"count":1,"href":"https:\/\/regenesishealth.co.uk\/tr\/wp-json\/wp\/v2\/pages\/13423\/revisions"}],"predecessor-version":[{"id":14817,"href":"https:\/\/regenesishealth.co.uk\/tr\/wp-json\/wp\/v2\/pages\/13423\/revisions\/14817"}],"wp:attachment":[{"href":"https:\/\/regenesishealth.co.uk\/tr\/wp-json\/wp\/v2\/media?parent=13423"}],"curies":[{"name":"wp","href":"https:\/\/api.w.org\/{rel}","templated":true}]}}