{"id":13415,"date":"2020-10-27T10:29:06","date_gmt":"2020-10-27T10:29:06","guid":{"rendered":"https:\/\/regenesishealth.co.uk\/sac-ekimi\/"},"modified":"2025-09-11T19:37:30","modified_gmt":"2025-09-11T18:37:30","slug":"sac-ekimi","status":"publish","type":"page","link":"https:\/\/regenesishealth.co.uk\/tr\/sac-ekimi\/","title":{"rendered":"Sa\u00e7 Ekimi"},"content":{"rendered":"<p>[vc_row full_width=&#8221;stretch_row_content_no_spaces&#8221; content_placement=&#8221;top&#8221; content_text_aligment=&#8221;center&#8221;][vc_column][vc_single_image image=&#8221;15403&#8243; img_size=&#8221;Full&#8221; alignment=&#8221;center&#8221; css_animation=&#8221;none&#8221;][\/vc_column][\/vc_row][vc_row css=&#8221;.vc_custom_1705527212946{margin-top: 66px !important;}&#8221;][vc_column][vc_column_text]<\/p>\n<h1 style=\"text-align: center;\">Sa\u00e7 Ekimi<\/h1>\n<h2 style=\"text-align: center;\">Modern sa\u00e7 ekim tekniklerimizle do\u011fal bir g\u00f6r\u00fcn\u00fcme kavu\u015fun<\/h2>\n<p>[\/vc_column_text][vc_empty_space][vc_column_text]Sa\u00e7 d\u00f6k\u00fclmesi g\u00fcn\u00fcm\u00fczde erken ya\u015flarda ba\u015flayan \u00f6nemli bir sorundur. Genellikle yirmili ya\u015flardan itibaren erkeklerde g\u00f6r\u00fclen sa\u00e7 d\u00f6k\u00fclmesi sorunu, baz\u0131 durumlarda kad\u0131nlarda da g\u00f6r\u00fclebilmektedir. Sa\u00e7larda incelme ve \u00f6n sa\u00e7 \u00e7izgisinde gerileme \u015feklinde ba\u015flayan sa\u00e7 d\u00f6k\u00fclmesi, erkeklerde genetik nedenlere, kad\u0131nlarda ise hormonal nedenlere ve baz\u0131 hastal\u0131klara ba\u011fl\u0131 olarak geli\u015febilir. Sa\u00e7 d\u00f6k\u00fclmesinden \u015fik\u00e2yet eden ki\u015filerin \u00f6ncelikle sa\u00e7 d\u00f6k\u00fclmesine neden olan herhangi bir sa\u011fl\u0131k sorunu olup olmad\u0131\u011f\u0131n\u0131 \u00f6\u011frenmek i\u00e7in sa\u011fl\u0131k taramas\u0131ndan ge\u00e7mesi gerekir. Vitamin ve mineral eksiklikleri, hormonal sorunlar gibi sa\u00e7 d\u00f6k\u00fclmesine yol a\u00e7abilecek sa\u011fl\u0131k sorunlar\u0131 tespit edilirse \u00f6nce tedavi uygulanmal\u0131, ard\u0131ndan gerekirse sa\u00e7 ekimi yap\u0131labilir. Gerekli tedaviler uyguland\u0131ktan sonra d\u00f6k\u00fclme devam ediyorsa ya da sa\u00e7larda iyile\u015ftirilemeyecek a\u00e7\u0131kl\u0131klar varsa sa\u00e7 ekimi yap\u0131labilir. Siz de sa\u00e7 ekimi hakk\u0131nda daha fazla bilgiyi <a href=\"https:\/\/en.wikipedia.org\/wiki\/Hair_transplantation\" target=\"_blank\" rel=\"noopener\">https:\/\/en.wikipedia.org\/wiki\/Hair_transplantation<\/a> adresinden \u00f6\u011frenebilirsiniz.     <\/p>\n<p>Ayr\u0131ca estetik cerrahi hakk\u0131nda merak ediyorsan\u0131z ve daha fazlas\u0131n\u0131 \u00f6\u011frenmek istiyorsan\u0131z; <a href=\"https:\/\/regenesishealth.co.uk\/plastic-surgery\/\" target=\"_blank\" rel=\"noopener\">https:\/\/regenesishealth.co.uk\/plastic-surgery\/<\/a><\/p>\n<p>G\u00fcn\u00fcm\u00fczde ihtiya\u00e7 olmas\u0131 halinde 22 ya\u015f \u00fcst\u00fc sa\u00e7 ekimi uygun g\u00f6r\u00fclmektedir. Bu nedenle 22 ya\u015f\u0131n\u0131 doldurmu\u015f ve sa\u00e7 d\u00f6k\u00fclmesi sorunu ya\u015fayan t\u00fcm bireyler i\u00e7in sa\u00e7 ekimi rahatl\u0131kla yap\u0131labilmektedir. Sa\u00e7 ekimi hakk\u0131nda bilmek istedi\u011finiz her \u015feyi <a href=\"https:\/\/regenesishealth.co.uk\/contact-us\/\" target=\"_blank\" rel=\"noopener\">https:\/\/regenesishealth.co.uk\/contact-us\/<\/a> adresinden bize sorabilirsiniz.  [\/vc_column_text][vc_empty_space height=&#8221;33&#8243;][\/vc_column][\/vc_row][vc_row][vc_column][vc_separator border_width=&#8221;2&#8243;][\/vc_column][\/vc_row][vc_row content_placement=&#8221;middle&#8221; css=&#8221;.vc_custom_1705511476978{margin-top: 33px !important;}&#8221;][vc_column width=&#8221;1\/2&#8243;][vc_column_text]<\/p>\n<h2 style=\"font-weight: 400;\">SA\u00c7 ANAL\u0130Z\u0130<\/h2>\n<p style=\"font-weight: 400;\">Uzmanlar\u0131m\u0131z sa\u00e7 d\u00f6k\u00fclmenizin nedenini te\u015fhis etmek i\u00e7in sizinle birlikte \u00e7al\u0131\u015facakt\u0131r. Yeniden dolgun sa\u00e7lara sahip olman\u0131za yard\u0131mc\u0131 olacak en iyi sa\u00e7 d\u00f6k\u00fclmesi \u00e7\u00f6z\u00fcmlerini bulma konusunda bize g\u00fcvenebilirsiniz! Bu basit analiz sa\u00e7 d\u00f6k\u00fclmesinin \u015fiddetini \u00f6l\u00e7er. \u00c7ekme testi s\u0131ras\u0131nda bir uzman, kafa derisinin farkl\u0131 b\u00f6lgelerinden yakla\u015f\u0131k 40 tel olmak \u00fczere k\u00fc\u00e7\u00fck sa\u00e7 b\u00f6l\u00fcmlerini kavrar ve hafif\u00e7e \u00e7eker. Alt\u0131 veya daha fazla sa\u00e7 teli d\u00f6k\u00fcl\u00fcrse, aktif sa\u00e7 d\u00f6k\u00fclmesi olarak bilinen durum s\u00f6z konusudur.    <\/p>\n<p>[\/vc_column_text][vc_empty_space height=&#8221;16px&#8221;][\/vc_column][vc_column width=&#8221;1\/2&#8243;][vc_single_image image=&#8221;15303&#8243; img_size=&#8221;&#8221; alignment=&#8221;center&#8221; css_animation=&#8221;fadeInRight&#8221;][\/vc_column][\/vc_row][vc_row][vc_column][vc_separator css=&#8221;.vc_custom_1665060669567{padding-top: 16px !important;padding-bottom: 16px !important;}&#8221;][\/vc_column][\/vc_row][vc_row content_placement=&#8221;middle&#8221; content_text_aligment=&#8221;left&#8221; css=&#8221;.vc_custom_1705528213555{margin-top: 33px !important;}&#8221;][vc_column width=&#8221;1\/2&#8243;][vc_single_image image=&#8221;15310&#8243; img_size=&#8221;&#8221; alignment=&#8221;center&#8221; css_animation=&#8221;fadeInLeft&#8221;][vc_empty_space height=&#8221;16px&#8221;][\/vc_column][vc_column width=&#8221;1\/2&#8243;][vc_column_text]<\/p>\n<p style=\"font-weight: 400;\"><strong>SAF\u0130R FUE SA\u00c7 EK\u0130M\u0130<\/strong><\/p>\n<p style=\"font-weight: 400;\">Bu teknik tek seansta yap\u0131labilen ve kal\u0131c\u0131 sonu\u00e7lar sa\u011flayan bir i\u015flemdir. Y\u00f6ntemin daha s\u0131k ekime izin vermesi dar alanlarda m\u00fckemmel sonu\u00e7lar elde edilmesini sa\u011flar. <\/p>\n<p>[\/vc_column_text][\/vc_column][\/vc_row][vc_row][vc_column][vc_separator css=&#8221;.vc_custom_1665060687833{padding-top: 16px !important;padding-bottom: 16px !important;}&#8221;][\/vc_column][\/vc_row][vc_row content_placement=&#8221;middle&#8221; css=&#8221;.vc_custom_1705511486595{margin-top: 33px !important;}&#8221;][vc_column width=&#8221;1\/2&#8243;][vc_column_text]<\/p>\n<p style=\"font-weight: 400;\"><strong>DHI SA\u00c7 EK\u0130M\u0130<\/strong><\/p>\n<p style=\"font-weight: 400;\">\u0130mplanter kalem ile uygulanan DHI tekni\u011fi direkt sa\u00e7 ekimi uygulamas\u0131d\u0131r. Temelde FUE tekni\u011fine dayanmakla birlikte DHI sa\u00e7 ekimi k\u0131smen yeni bir sa\u00e7 ekimi tekni\u011fi olarak kabul edilmektedir. FUE&#8217;den en b\u00fcy\u00fck fark\u0131 DHI sa\u00e7 ekiminde sa\u00e7 k\u00f6kleri ekilmeden \u00f6nce kanal\u0131n a\u00e7\u0131lmas\u0131na gerek olmamas\u0131d\u0131r.  <\/p>\n<p>[\/vc_column_text][vc_empty_space height=&#8221;16px&#8221;][\/vc_column][vc_column width=&#8221;1\/2&#8243;][vc_single_image image=&#8221;15317&#8243; img_size=&#8221;&#8221; alignment=&#8221;center&#8221; css_animation=&#8221;fadeInRight&#8221;][\/vc_column][\/vc_row][vc_row][vc_column][vc_separator css=&#8221;.vc_custom_1665060694583{padding-top: 16px !important;padding-bottom: 16px !important;}&#8221;][\/vc_column][\/vc_row][vc_row content_placement=&#8221;middle&#8221; css=&#8221;.vc_custom_1705528262437{margin-top: 33px !important;}&#8221;][vc_column width=&#8221;1\/2&#8243;][vc_single_image image=&#8221;15323&#8243; img_size=&#8221;&#8221; alignment=&#8221;center&#8221; css_animation=&#8221;fadeInLeft&#8221;][vc_empty_space height=&#8221;16px&#8221;][\/vc_column][vc_column width=&#8221;1\/2&#8243;][vc_column_text]<\/p>\n<p style=\"font-weight: 400;\"><strong>SAKAL SA\u00c7 EK\u0130M\u0130<\/strong><\/p>\n<p style=\"font-weight: 400;\">Y\u0131llard\u0131r kan\u0131tlanm\u0131\u015f sonu\u00e7lar\u0131yla sakal ekimi, y\u00fczde yeni sa\u00e7 b\u00fcy\u00fcmesi yaratman\u0131n en etkili yoludur. Ger\u00e7ek\u00e7i sonu\u00e7lar yaratmak i\u00e7in kendi sa\u00e7\u0131n\u0131z\u0131 kullan\u0131rlar. Ayr\u0131ca, ameliyat ve iyile\u015fme s\u00fcreci hem nispeten h\u0131zl\u0131 hem de \u00e7o\u011funlukla a\u011fr\u0131s\u0131zd\u0131r.  <\/p>\n<p>[\/vc_column_text][\/vc_column][\/vc_row][vc_row][vc_column][vc_separator css=&#8221;.vc_custom_1665060700932{padding-top: 16px !important;padding-bottom: 16px !important;}&#8221;][\/vc_column][\/vc_row][vc_row content_placement=&#8221;middle&#8221; css=&#8221;.vc_custom_1705528268836{margin-top: 33px !important;}&#8221;][vc_column width=&#8221;1\/2&#8243;][vc_column_text]<\/p>\n<p style=\"font-weight: 400;\"><strong>PRP TEDAV\u0130S\u0130<\/strong><\/p>\n<p style=\"font-weight: 400;\">Trombositler, k\u0131rm\u0131z\u0131 ve beyaz kan h\u00fccreleri ile birlikte kan\u0131n bir bile\u015fenidir. Bir ki\u015fi bir kesik veya yara ald\u0131\u011f\u0131nda, trombositler kanamay\u0131 durdurmak ve iyile\u015fmeyi desteklemek i\u00e7in gelen v\u00fccudun &#8220;ilk m\u00fcdahale ekiplerinden&#8221; baz\u0131lar\u0131d\u0131r. PRP \u00fcretmek i\u00e7in bir t\u0131p uzman\u0131 kan \u00f6rne\u011fi al\u0131r ve santrif\u00fcj ad\u0131 verilen bir makineye koyar. Bu makine h\u0131zl\u0131 bir \u015fekilde d\u00f6nerek kan\u0131n bile\u015fenlerini ay\u0131r\u0131r. T\u0131p uzman\u0131 daha sonra enjeksiyon i\u00e7in trombositleri \u00e7\u0131kar\u0131r. Doktorlar bu tedaviyi genellikle sa\u00e7 folik\u00fcllerinin k\u00fc\u00e7\u00fclmesine neden olan yayg\u0131n bir durum olan alopesi nedeniyle sa\u00e7lar d\u00f6k\u00fcld\u00fc\u011f\u00fcnde kullan\u0131rlar. PRP nispeten yeni bir yakla\u015f\u0131m olmas\u0131na ra\u011fmen, sa\u00e7 b\u00fcy\u00fcmesini te\u015fvik edebilece\u011fini g\u00f6steren baz\u0131 bilimsel kan\u0131tlar vard\u0131r.      <\/p>\n<p>[\/vc_column_text][vc_empty_space height=&#8221;16px&#8221;][\/vc_column][vc_column width=&#8221;1\/2&#8243;][vc_single_image image=&#8221;15329&#8243; img_size=&#8221;&#8221; alignment=&#8221;center&#8221; css_animation=&#8221;fadeInRight&#8221;][\/vc_column][\/vc_row][vc_row][vc_column][vc_separator css=&#8221;.vc_custom_1665060700932{padding-top: 16px !important;padding-bottom: 16px !important;}&#8221;][\/vc_column][\/vc_row][vc_row content_placement=&#8221;middle&#8221; css=&#8221;.vc_custom_1705528274082{margin-top: 33px !important;}&#8221;][vc_column width=&#8221;1\/2&#8243;][vc_single_image image=&#8221;15334&#8243; img_size=&#8221;&#8221; alignment=&#8221;center&#8221; css_animation=&#8221;fadeInLeft&#8221;][vc_empty_space height=&#8221;16px&#8221;][\/vc_column][vc_column width=&#8221;1\/2&#8243;][vc_column_text]<\/p>\n<p style=\"font-weight: 400;\"><strong>SA\u00c7 MEZOTERAP\u0130S\u0130<\/strong><\/p>\n<p style=\"font-weight: 400;\">Sa\u00e7 Mezoterapisi, sa\u00e7 i\u00e7in gerekli olan vitamin, mineral ve aminoasit kar\u0131\u015f\u0131mlar\u0131n\u0131n sa\u00e7l\u0131 deriye enjekte edilmesiyle uygulanan bir tedavi y\u00f6ntemidir. Bu y\u00f6ntem sa\u00e7 k\u00f6klerini besleyen bile\u015fenlerin sa\u00e7a yerle\u015fmesini sa\u011flar. \u0130ncelmi\u015f sa\u00e7lar\u0131 kal\u0131nla\u015ft\u0131ran, sa\u00e7 d\u00f6k\u00fclmesini durduran, sa\u00e7lar\u0131 daha g\u00fc\u00e7l\u00fc ve parlak hale getiren bu y\u00f6ntemle sa\u00e7 d\u00f6k\u00fclmesi tedavi edilebilmektedir.  <\/p>\n<p>[\/vc_column_text][\/vc_column][\/vc_row][vc_row][vc_column][vc_separator css=&#8221;.vc_custom_1665060700932{padding-top: 16px !important;padding-bottom: 16px !important;}&#8221;][\/vc_column][\/vc_row][vc_row content_placement=&#8221;middle&#8221; css=&#8221;.vc_custom_1705528278952{margin-top: 33px !important;}&#8221;][vc_column width=&#8221;1\/2&#8243;][vc_column_text]<\/p>\n<p style=\"font-weight: 400;\"><strong>SA\u00c7 S\u0130M\u00dcLASYONU<\/strong><\/p>\n<p style=\"font-weight: 400;\">Sa\u00e7 sim\u00fclasyonu, k\u0131smi sa\u00e7 d\u00f6k\u00fclmesi durumlar\u0131nda gerekli g\u00f6r\u00fcld\u00fc\u011f\u00fcnde ba\u015f derisine uygulanan bir tekniktir. Alopesi gibi cilt hastal\u0131klar\u0131, travmatik kaza ve yaralanmalar ya da genetik fakt\u00f6rler nedeniyle olu\u015fan b\u00f6lgesel sa\u00e7 d\u00f6k\u00fclmelerine estetik bir g\u00f6r\u00fcn\u00fcm kazand\u0131rmak amac\u0131yla uygulan\u0131r. Ayr\u0131ca sa\u00e7 ekimi i\u015flemi sonras\u0131nda kafa derisinde olu\u015fan bo\u015f noktalar\u0131 doldurmak i\u00e7in de en ideal tekniktir.  <\/p>\n<p>[\/vc_column_text][vc_empty_space height=&#8221;16px&#8221;][\/vc_column][vc_column width=&#8221;1\/2&#8243;][vc_single_image image=&#8221;15340&#8243; img_size=&#8221;&#8221; alignment=&#8221;center&#8221; css_animation=&#8221;fadeInRight&#8221;][\/vc_column][\/vc_row][vc_row][vc_column][vc_separator border_width=&#8221;2&#8243;][\/vc_column][\/vc_row][vc_row][vc_column][vc_empty_space height=&#8221;60px&#8221;][\/vc_column][\/vc_row][vc_row content_placement=&#8221;middle&#8221; css_animation=&#8221;bounceIn&#8221; content_text_aligment=&#8221;center&#8221; css=&#8221;.vc_custom_1705529174717{margin-bottom: 66px !important;}&#8221;][vc_column width=&#8221;1\/4&#8243;][\/vc_column][vc_column width=&#8221;1\/2&#8243;][vc_column_text]<\/p>\n<h4 style=\"text-align: center;\">Hemen bizimle ileti\u015fime ge\u00e7in ve ihtiya\u00e7lar\u0131n\u0131za g\u00f6re en g\u00fcncel tedavi uygulamalar\u0131m\u0131z hakk\u0131nda bilgi al\u0131n.<\/h4>\n<p>[\/vc_column_text][vc_empty_space]<a itemprop=\"url\" href=\"https:\/\/regenesishealth.co.uk\/contact-us\/\" target=\"_self\" class=\"mkdf-btn mkdf-btn-medium mkdf-btn-solid mkdf-btn-solid-dark\">\n    <span class=\"mkdf-btn-text\">Bize ula\u015f\u0131n<\/span>\n    <span class=\"mkdf-btn-icon-holder\">\n        <span class=\"mkdf-btn-icon-normal\" ><\/span>\n        <span class=\"mkdf-btn-icon-flip\" ><\/span>\n    <\/span>\n<\/a>[\/vc_column][vc_column width=&#8221;1\/4&#8243;][\/vc_column][\/vc_row]<\/p>\n","protected":false},"excerpt":{"rendered":"<p>[vc_row full_width=&#8221;stretch_row_content_no_spaces&#8221; content_placement=&#8221;top&#8221; content_text_aligment=&#8221;center&#8221;][vc_column][vc_single_image image=&#8221;15403&#8243; img_size=&#8221;Full&#8221; alignment=&#8221;center&#8221; css_animation=&#8221;none&#8221;][\/vc_column][\/vc_row][vc_row css=&#8221;.vc_custom_1705527212946{margin-top: 66px !important;}&#8221;][vc_column][vc_column_text] Sa\u00e7 Ekimi Modern sa\u00e7 ekim tekniklerimizle do\u011fal bir g\u00f6r\u00fcn\u00fcme kavu\u015fun [\/vc_column_text][vc_empty_space][vc_column_text]Sa\u00e7 d\u00f6k\u00fclmesi g\u00fcn\u00fcm\u00fczde erken ya\u015flarda ba\u015flayan \u00f6nemli bir sorundur. Genellikle yirmili ya\u015flardan itibaren erkeklerde g\u00f6r\u00fclen sa\u00e7 d\u00f6k\u00fclmesi sorunu, baz\u0131 [&hellip;]<\/p>\n","protected":false},"author":1,"featured_media":0,"parent":0,"menu_order":0,"comment_status":"closed","ping_status":"closed","template":"","meta":{"footnotes":""},"class_list":["post-13415","page","type-page","status-publish","hentry"],"_links":{"self":[{"href":"https:\/\/regenesishealth.co.uk\/tr\/wp-json\/wp\/v2\/pages\/13415"}],"collection":[{"href":"https:\/\/regenesishealth.co.uk\/tr\/wp-json\/wp\/v2\/pages"}],"about":[{"href":"https:\/\/regenesishealth.co.uk\/tr\/wp-json\/wp\/v2\/types\/page"}],"author":[{"embeddable":true,"href":"https:\/\/regenesishealth.co.uk\/tr\/wp-json\/wp\/v2\/users\/1"}],"replies":[{"embeddable":true,"href":"https:\/\/regenesishealth.co.uk\/tr\/wp-json\/wp\/v2\/comments?post=13415"}],"version-history":[{"count":3,"href":"https:\/\/regenesishealth.co.uk\/tr\/wp-json\/wp\/v2\/pages\/13415\/revisions"}],"predecessor-version":[{"id":18795,"href":"https:\/\/regenesishealth.co.uk\/tr\/wp-json\/wp\/v2\/pages\/13415\/revisions\/18795"}],"wp:attachment":[{"href":"https:\/\/regenesishealth.co.uk\/tr\/wp-json\/wp\/v2\/media?parent=13415"}],"curies":[{"name":"wp","href":"https:\/\/api.w.org\/{rel}","templated":true}]}}