{"id":13413,"date":"2020-10-27T10:12:28","date_gmt":"2020-10-27T10:12:28","guid":{"rendered":"https:\/\/regenesishealth.co.uk\/estetik-cerrahi\/"},"modified":"2025-03-18T17:27:40","modified_gmt":"2025-03-18T17:27:40","slug":"estetik-cerrahi","status":"publish","type":"page","link":"https:\/\/regenesishealth.co.uk\/tr\/estetik-cerrahi\/","title":{"rendered":"Estetik Cerrahi"},"content":{"rendered":"<p>[vc_row full_width=&#8221;stretch_row_content_no_spaces&#8221; content_placement=&#8221;top&#8221; content_text_aligment=&#8221;center&#8221;][vc_column][vc_single_image image=&#8221;15412&#8243; img_size=&#8221;Full&#8221; alignment=&#8221;center&#8221;][\/vc_column][\/vc_row][vc_row css=&#8221;.vc_custom_1656337554913{padding-top: 93px !important;padding-bottom: 33px !important;}&#8221;][vc_column][vc_column_text]<\/p>\n<h1 style=\"text-align: center;\">Kozmetik Cerrahi<\/h1>\n<h2 style=\"text-align: center;\">\u00d6zg\u00fcveninizi, beden ve zihin sa\u011fl\u0131\u011f\u0131n\u0131z\u0131 iyile\u015ftirmenin etkili bir yolu<\/h2>\n<p>[\/vc_column_text][vc_empty_space][vc_column_text]Plastik cerrahi, y\u00fcz\u00fcn ve v\u00fccudun g\u00f6r\u00fcn\u00fcm\u00fcn\u00fc iyile\u015ftiren prosed\u00fcrleri ifade eder. Kar\u0131n germe (abdominoplasti), meme b\u00fcy\u00fctme, meme k\u00fc\u00e7\u00fcltme, g\u00f6z kapa\u011f\u0131 ameliyat\u0131, burun yeniden \u015fekillendirme (rinoplasti), y\u00fcz germe ve ya\u011f alma (liposuction) gibi prosed\u00fcrleri i\u00e7erir. Estetik cerrahiye yakla\u015f\u0131m\u0131m\u0131z benzersizdir! Bunun sadece nas\u0131l g\u00f6r\u00fcnd\u00fc\u011f\u00fcn\u00fczle de\u011fil, nas\u0131l hissetti\u011finizle de ilgili oldu\u011funa ger\u00e7ekten inan\u0131yoruz! Estetik a\u00e7\u0131dan ho\u015f, kozmetik bir ameliyat olmak isteyen hastalar, do\u011fru yerde ve do\u011fru cerrah taraf\u0131ndan tedavi edilmeyi hak ediyor.  Cerrahlar\u0131m\u0131z, uzman cerrahlardan olu\u015fan uzman ekibimiz taraf\u0131ndan, hem kad\u0131n hem de erkeklere uygun \u00e7e\u015fitli plastik, rekonstr\u00fcktif ve estetik tedaviler sunmaktad\u0131r. T\u00fcm sorular\u0131n\u0131z i\u00e7in <a href=\"https:\/\/regenesishealth.co.uk\/tr\/bizimle-iletisime-gecin\/\" target=\"_blank\" rel=\"noopener\">https:\/\/regenesishealth.co.uk\/contact-us\/<\/a> adresinden bizimle ileti\u015fime ge\u00e7ebilirsiniz.[\/vc_column_text][\/vc_column][\/vc_row][vc_row][vc_column][vc_separator border_width=&#8221;3&#8243; css=&#8221;.vc_custom_1656337637411{padding-top: 25px !important;padding-bottom: 25px !important;}&#8221;][\/vc_column][\/vc_row][vc_row][vc_column][vc_video link=&#8221;https:\/\/youtu.be\/LElyWgs3FMM&#8221; align=&#8221;center&#8221; css_animation=&#8221;fadeInUp&#8221;][\/vc_column][\/vc_row][vc_row][vc_column][vc_separator border_width=&#8221;3&#8243; css=&#8221;.vc_custom_1656337637411{padding-top: 25px !important;padding-bottom: 25px !important;}&#8221;][\/vc_column][\/vc_row][vc_row][vc_column][vc_column_text]<\/p>\n<h2 style=\"text-align: center;\">Plastik cerrahi b\u00f6l\u00fcm\u00fcndeki hizmetlerimiz<\/h2>\n<p>[\/vc_column_text][\/vc_column][\/vc_row][vc_row content_placement=&#8221;middle&#8221; css=&#8221;.vc_custom_1656340450390{padding-top: 33px !important;}&#8221;][vc_column width=&#8221;1\/2&#8243;][vc_column_text]<\/p>\n<h3><strong>Rinoplasti<\/strong><\/h3>\n<p>Hastalar taraf\u0131ndan bazen &#8216;burun esteti\u011fi&#8217; olarak adland\u0131r\u0131lan rinoplasti, y\u00fcz uyumunu ve burnunuzun oranlar\u0131n\u0131 geli\u015ftirir. Cerrahi teknikler geli\u015fmi\u015f olsa da, burnun ne kadar de\u011fi\u015ftirilebilece\u011fi konusunda s\u0131n\u0131rlamalar vard\u0131r. Buruna yap\u0131lan bir estetik ameliyat\u0131n sonu\u00e7lar\u0131 burnun b\u00fcy\u00fckl\u00fc\u011f\u00fcne, cildin durumuna ve hastan\u0131n ya\u015f\u0131na ba\u011fl\u0131d\u0131r. En \u00f6nemli \u015fey, bir hasta ile cerrah aras\u0131nda ne istendi\u011fi ve estetik ameliyatla nelerin ba\u015far\u0131labilece\u011fi konusunda a\u00e7\u0131k bir ileti\u015fim olmas\u0131d\u0131r.   [\/vc_column_text][\/vc_column][vc_column width=&#8221;1\/2&#8243;][vc_single_image image=&#8221;10165&#8243; img_size=&#8221;&#8221; alignment=&#8221;center&#8221; css_animation=&#8221;fadeInRight&#8221;][\/vc_column][\/vc_row][vc_row][vc_column][vc_separator css=&#8221;.vc_custom_1656337847227{padding-top: 25px !important;padding-bottom: 25px !important;}&#8221;][\/vc_column][\/vc_row][vc_row content_placement=&#8221;middle&#8221;][vc_column width=&#8221;1\/2&#8243;][vc_single_image image=&#8221;10167&#8243; img_size=&#8221;&#8221; alignment=&#8221;center&#8221; css_animation=&#8221;fadeInLeft&#8221;][\/vc_column][vc_column width=&#8221;1\/2&#8243;][vc_column_text]<\/p>\n<h3><strong>Y\u00fcz germe <\/strong><\/h3>\n<p>Y\u00fcz germe veya Ritidektomi, k\u0131r\u0131\u015f\u0131kl\u0131klar\u0131n ve ya\u015flanan, sarkan y\u00fcz derisinin g\u00f6r\u00fcn\u00fcm\u00fcn\u00fc azaltan kozmetik bir prosed\u00fcrd\u00fcr. Daha fazla bilgi edinmek i\u00e7in <a href=\"https:\/\/en.wikipedia.org\/wiki\/Rhytidectomy\" target=\"_blank\" rel=\"noopener\">https:\/\/en.wikipedia.org\/wiki\/Rhytidectomy<\/a> adresine bakmay\u0131 unutmay\u0131n. [\/vc_column_text][\/vc_column][\/vc_row][vc_row][vc_column][vc_separator css=&#8221;.vc_custom_1656337847227{padding-top: 25px !important;padding-bottom: 25px !important;}&#8221;][\/vc_column][\/vc_row][vc_row content_placement=&#8221;middle&#8221;][vc_column width=&#8221;1\/2&#8243;][vc_column_text]<\/p>\n<h3><strong>Meme Ameliyat\u0131<\/strong><\/h3>\n<p>Meme cerrahisi, bir kad\u0131n\u0131n veya erke\u011fin memelerini de\u011fi\u015ftiren bir prosed\u00fcrd\u00fcr. Bu t\u00fcr ameliyatlar \u00e7e\u015fitli nedenlerle yap\u0131l\u0131r. Baz\u0131lar\u0131, memeyi daha gen\u00e7 g\u00f6r\u00fcnecek \u015fekilde yeniden yap\u0131land\u0131rmak veya boyutunu art\u0131rmak gibi kozmetik nedenlerle yap\u0131l\u0131r. Meme b\u00fcy\u00fctme, meme k\u00fc\u00e7\u00fcltme, meme dikle\u015ftirme, meme reagumentasyonu, implant \u00e7\u0131karma ve t\u00fcb\u00fcler meme prosed\u00fcrlerini ger\u00e7ekle\u015ftiriyoruz.  [\/vc_column_text][\/vc_column][vc_column width=&#8221;1\/2&#8243;][vc_single_image image=&#8221;10168&#8243; img_size=&#8221;&#8221; alignment=&#8221;center&#8221; css_animation=&#8221;fadeInRight&#8221;][\/vc_column][\/vc_row][vc_row][vc_column][vc_separator css=&#8221;.vc_custom_1656337847227{padding-top: 25px !important;padding-bottom: 25px !important;}&#8221;][\/vc_column][\/vc_row][vc_row content_placement=&#8221;middle&#8221;][vc_column width=&#8221;1\/2&#8243;][vc_single_image image=&#8221;10169&#8243; img_size=&#8221;&#8221; alignment=&#8221;center&#8221; css_animation=&#8221;fadeInLeft&#8221;][\/vc_column][vc_column width=&#8221;1\/2&#8243;][vc_column_text]<\/p>\n<h3><strong>V\u00fccut Cerrahisi<\/strong><\/h3>\n<p>Plastik ve kozmetik cerrahi, ba\u015f ve boyun da dahil olmak \u00fczere v\u00fccudun t\u00fcm b\u00f6lgelerine uygulanabilir. Estetik cerrahi yapt\u0131rmak hasta taraf\u0131ndan g\u00f6n\u00fcll\u00fc olarak yap\u0131lan bir se\u00e7imdir. Plastik ve kozmetik cerrahi, g\u00f6r\u00fcn\u00fcm\u00fc ve g\u00fcveni iyile\u015ftirmek i\u00e7in v\u00fccut yap\u0131s\u0131n\u0131 geli\u015ftiren ve yeniden \u015fekillendiren cerrahi ve cerrahi olmayan prosed\u00fcrleri i\u00e7erir. V\u00fccut \u015fekillendirme ameliyatlar\u0131 ya\u011f veya fazla deriyi alabilir, cildi s\u0131k\u0131la\u015ft\u0131rabilir ve v\u00fccudu yeniden \u015fekillendirmeye yard\u0131mc\u0131 olabilir. Karn\u0131n\u0131z\u0131 veya belinizi (kar\u0131n germe, anne makyaj\u0131), kal\u00e7alar\u0131n\u0131z\u0131 (Brezilya kal\u00e7as\u0131 kald\u0131rma-BBL), kal\u00e7alar\u0131n\u0131z\u0131, uyluklar\u0131n\u0131z\u0131, kollar\u0131n\u0131z\u0131 veya genel v\u00fccudunuzu, 360 Liposuction, \u00fcst g\u00f6z kapaklar\u0131n\u0131z\u0131, alt g\u00f6z torbalar\u0131n\u0131z\u0131, ka\u015flar\u0131n\u0131z\u0131 yeniden \u015fekillendirmek istiyorsan\u0131z, uzman ekibimizden bir kozmetik cerrah, sizi oraya g\u00f6t\u00fcrmek i\u00e7in ne gerekti\u011fini anlaman\u0131za yard\u0131mc\u0131 olabilir. Obezite cerrahisi ile ilgili yaz\u0131m\u0131z\u0131 <a href=\"https:\/\/regenesishealth.co.uk\/tr\/obezite-cerrahisi\/\" target=\"_blank\" rel=\"noopener\">https:\/\/regenesishealth.co.uk\/obesity-surgery\/<\/a> adresinden de inceleyebilirsiniz.     [\/vc_column_text][\/vc_column][\/vc_row][vc_row][vc_column][vc_separator css=&#8221;.vc_custom_1656337847227{padding-top: 25px !important;padding-bottom: 25px !important;}&#8221;][\/vc_column][\/vc_row][vc_row content_placement=&#8221;middle&#8221;][vc_column width=&#8221;1\/2&#8243;][vc_column_text]<\/p>\n<h3><strong>Erkekler i\u00e7in Plastik Cerrahi<\/strong><\/h3>\n<p>Son y\u0131llarda, erkekler g\u00f6r\u00fcn\u00fcmlerini iyile\u015ftirme konusunda kendilerine daha fazla g\u00fcvenmeye ba\u015flad\u0131k\u00e7a erkek estetik cerrahi prosed\u00fcrleri de artm\u0131\u015ft\u0131r. Regenesis&#8217;te, erkek hastalar\u0131m\u0131z\u0131n erkek meme k\u00fc\u00e7\u00fcltme, erkek kar\u0131n germe, erkek blefaroplasti, y\u00fcz germe, erkek ka\u015f kald\u0131rma veya burun esteti\u011fi gibi plastik cerrahi se\u00e7eneklerini de\u011ferlendirmelerine yard\u0131mc\u0131 olmaktan memnuniyet duyuyoruz. [\/vc_column_text][\/vc_column][vc_column width=&#8221;1\/2&#8243;][vc_single_image image=&#8221;10166&#8243; img_size=&#8221;&#8221; alignment=&#8221;center&#8221; css_animation=&#8221;fadeInRight&#8221;][\/vc_column][\/vc_row][vc_row][vc_column][vc_separator border_width=&#8221;3&#8243; css=&#8221;.vc_custom_1656337637411{padding-top: 25px !important;padding-bottom: 25px !important;}&#8221;][\/vc_column][\/vc_row][vc_row][vc_column][vc_column_text]<\/p>\n<h2 style=\"text-align: center;\">Ekibimiz<\/h2>\n<p>[\/vc_column_text][\/vc_column][\/vc_row][vc_row css=&#8221;.vc_custom_1656338660405{padding-top: 66px !important;padding-bottom: 66px !important;}&#8221;][vc_column width=&#8221;1\/4&#8243;][\/vc_column][vc_column width=&#8221;1\/4&#8243;]<div class=\"mkdf-team info-bellow\">\n\t<div class=\"mkdf-team-inner\">\n\t\t\t\t\t<div class=\"mkdf-team-image\">\n                <a itemprop=\"url\" href=\"https:\/\/regenesishealth.co.uk\/team-member\/dr-mert-meral\/\">\n                    <img loading=\"lazy\" decoding=\"async\" width=\"1400\" height=\"1400\" src=\"https:\/\/regenesishealth.co.uk\/wp-content\/uploads\/2024\/06\/Mert-Meral.png\" class=\"attachment-full size-full wp-post-image\" alt=\"\" srcset=\"https:\/\/regenesishealth.co.uk\/wp-content\/uploads\/2024\/06\/Mert-Meral.png 1400w, https:\/\/regenesishealth.co.uk\/wp-content\/uploads\/2024\/06\/Mert-Meral-300x300.png 300w, https:\/\/regenesishealth.co.uk\/wp-content\/uploads\/2024\/06\/Mert-Meral-100x100.png 100w, https:\/\/regenesishealth.co.uk\/wp-content\/uploads\/2024\/06\/Mert-Meral-600x600.png 600w, https:\/\/regenesishealth.co.uk\/wp-content\/uploads\/2024\/06\/Mert-Meral-1024x1024.png 1024w, https:\/\/regenesishealth.co.uk\/wp-content\/uploads\/2024\/06\/Mert-Meral-150x150.png 150w, https:\/\/regenesishealth.co.uk\/wp-content\/uploads\/2024\/06\/Mert-Meral-768x768.png 768w, https:\/\/regenesishealth.co.uk\/wp-content\/uploads\/2024\/06\/Mert-Meral-550x550.png 550w, https:\/\/regenesishealth.co.uk\/wp-content\/uploads\/2024\/06\/Mert-Meral-1100x1100.png 1100w\" sizes=\"(max-width: 1400px) 100vw, 1400px\" title=\"\">\t\t\t\t\t<div class=\"mkdf-circle-animate\"><\/div>\n\t\t\t\t\t<div class=\"mkdf-circle-icon\">\n\t\t\t\t\t\t<img decoding=\"async\" src=\"https:\/\/regenesishealth.co.uk\/wp-content\/uploads\/2017\/04\/icons_Artboard-2-copy-2.png\" class=\"icon\" alt=\"Doctor Icon\" title=\"\">\n\t\t\t\t\t<\/div>\n\t\t\t\t\t<div class=\"mkdf-circle-icon-hidden\">\n\t\t\t\t\t\t<img decoding=\"async\" src=\"https:\/\/regenesishealth.co.uk\/wp-content\/uploads\/2017\/04\/icons_Artboard-2-copy-2.png\" class=\"icon\" alt=\"Doctor Icon\" title=\"\">\n\t\t\t\t\t<\/div>\n\t\t\t\t<\/a>\n\t\t\t<\/div>\n\t\t\t\t<div class=\"mkdf-team-info\">\n            <div class=\"mkdf-team-title-holder\">\n                <h5 itemprop=\"name\" class=\"mkdf-team-name entry-title\">\n                    <a itemprop=\"url\" href=\"https:\/\/regenesishealth.co.uk\/team-member\/dr-mert-meral\/\">Dr. Mert Meral<\/a>\n                <\/h5>\n\n                                    <h6 class=\"mkdf-team-position\">Plastic Surgeon<\/h6>\n                            <\/div>\n\t\t\t\t\t\t<div class=\"mkdf-team-social-holder-between\">\n\t\t\t\t<div class=\"mkdf-team-social\">\n\t\t\t\t\t<div class=\"mkdf-team-social-inner\">\n\t\t\t\t\t\t<div class=\"mkdf-team-social-wrapp\">\n\t\t\t\t\t\t\t\t\t\t\t\t\t<\/div>\n\t\t\t\t\t<\/div>\n\t\t\t\t<\/div>\n\t\t\t<\/div>\n\t\t<\/div>\n\t<\/div>\n<\/div>[\/vc_column][vc_column width=&#8221;1\/4&#8243;]<div class=\"mkdf-team info-bellow\">\n\t<div class=\"mkdf-team-inner\">\n\t\t\t\t<div class=\"mkdf-team-info\">\n            <div class=\"mkdf-team-title-holder\">\n                <h5 itemprop=\"name\" class=\"mkdf-team-name entry-title\">\n                    <a itemprop=\"url\" href=\"\"><\/a>\n                <\/h5>\n\n                            <\/div>\n\t\t\t\t\t\t<div class=\"mkdf-team-social-holder-between\">\n\t\t\t\t<div class=\"mkdf-team-social\">\n\t\t\t\t\t<div class=\"mkdf-team-social-inner\">\n\t\t\t\t\t\t<div class=\"mkdf-team-social-wrapp\">\n\t\t\t\t\t\t\t\t\t\t\t\t\t<\/div>\n\t\t\t\t\t<\/div>\n\t\t\t\t<\/div>\n\t\t\t<\/div>\n\t\t<\/div>\n\t<\/div>\n<\/div>[\/vc_column][vc_column width=&#8221;1\/4&#8243;][\/vc_column][\/vc_row][vc_row][vc_column][vc_separator border_width=&#8221;3&#8243; css=&#8221;.vc_custom_1656337637411{padding-top: 25px !important;padding-bottom: 25px !important;}&#8221;][\/vc_column][\/vc_row][vc_row content_placement=&#8221;middle&#8221; row_content_width=&#8221;grid&#8221; content_text_aligment=&#8221;center&#8221; css=&#8221;.vc_custom_1656423295595{padding-bottom: 66px !important;}&#8221;][vc_column width=&#8221;1\/4&#8243;][\/vc_column][vc_column css_animation=&#8221;bounceIn&#8221; width=&#8221;1\/2&#8243;][vc_column_text]<\/p>\n<h4 style=\"text-align: center;\">Hemen bizimle ileti\u015fime ge\u00e7in ve ihtiya\u00e7lar\u0131n\u0131za g\u00f6re en g\u00fcncel tedavi uygulamalar\u0131m\u0131z hakk\u0131nda bilgi al\u0131n.<\/h4>\n<p>[\/vc_column_text][vc_empty_space]<a itemprop=\"url\" href=\"https:\/\/regenesishealth.co.uk\/contact-us\/\" target=\"_self\" class=\"mkdf-btn mkdf-btn-medium mkdf-btn-solid mkdf-btn-solid-dark\">\n    <span class=\"mkdf-btn-text\">Bize ula\u015f\u0131n<\/span>\n    <span class=\"mkdf-btn-icon-holder\">\n        <span class=\"mkdf-btn-icon-normal\" ><\/span>\n        <span class=\"mkdf-btn-icon-flip\" ><\/span>\n    <\/span>\n<\/a>[\/vc_column][vc_column width=&#8221;1\/4&#8243;][\/vc_column][\/vc_row]<\/p>\n","protected":false},"excerpt":{"rendered":"<p>[vc_row full_width=&#8221;stretch_row_content_no_spaces&#8221; content_placement=&#8221;top&#8221; content_text_aligment=&#8221;center&#8221;][vc_column][vc_single_image image=&#8221;15412&#8243; img_size=&#8221;Full&#8221; alignment=&#8221;center&#8221;][\/vc_column][\/vc_row][vc_row css=&#8221;.vc_custom_1656337554913{padding-top: 93px !important;padding-bottom: 33px !important;}&#8221;][vc_column][vc_column_text] Kozmetik Cerrahi \u00d6zg\u00fcveninizi, beden ve zihin sa\u011fl\u0131\u011f\u0131n\u0131z\u0131 iyile\u015ftirmenin etkili bir yolu [\/vc_column_text][vc_empty_space][vc_column_text]Plastik cerrahi, y\u00fcz\u00fcn ve v\u00fccudun g\u00f6r\u00fcn\u00fcm\u00fcn\u00fc iyile\u015ftiren prosed\u00fcrleri ifade eder. Kar\u0131n germe (abdominoplasti), meme b\u00fcy\u00fctme, meme k\u00fc\u00e7\u00fcltme, [&hellip;]<\/p>\n","protected":false},"author":1,"featured_media":12840,"parent":0,"menu_order":0,"comment_status":"closed","ping_status":"closed","template":"","meta":{"footnotes":""},"class_list":["post-13413","page","type-page","status-publish","has-post-thumbnail","hentry"],"_links":{"self":[{"href":"https:\/\/regenesishealth.co.uk\/tr\/wp-json\/wp\/v2\/pages\/13413"}],"collection":[{"href":"https:\/\/regenesishealth.co.uk\/tr\/wp-json\/wp\/v2\/pages"}],"about":[{"href":"https:\/\/regenesishealth.co.uk\/tr\/wp-json\/wp\/v2\/types\/page"}],"author":[{"embeddable":true,"href":"https:\/\/regenesishealth.co.uk\/tr\/wp-json\/wp\/v2\/users\/1"}],"replies":[{"embeddable":true,"href":"https:\/\/regenesishealth.co.uk\/tr\/wp-json\/wp\/v2\/comments?post=13413"}],"version-history":[{"count":3,"href":"https:\/\/regenesishealth.co.uk\/tr\/wp-json\/wp\/v2\/pages\/13413\/revisions"}],"predecessor-version":[{"id":18763,"href":"https:\/\/regenesishealth.co.uk\/tr\/wp-json\/wp\/v2\/pages\/13413\/revisions\/18763"}],"wp:featuredmedia":[{"embeddable":true,"href":"https:\/\/regenesishealth.co.uk\/tr\/wp-json\/wp\/v2\/media\/12840"}],"wp:attachment":[{"href":"https:\/\/regenesishealth.co.uk\/tr\/wp-json\/wp\/v2\/media?parent=13413"}],"curies":[{"name":"wp","href":"https:\/\/api.w.org\/{rel}","templated":true}]}}