{"id":13412,"date":"2020-10-27T09:56:27","date_gmt":"2020-10-27T09:56:27","guid":{"rendered":"https:\/\/regenesishealth.co.uk\/jinekolojik-cerrahi\/"},"modified":"2025-09-11T19:32:11","modified_gmt":"2025-09-11T18:32:11","slug":"jinekolojik-cerrahi","status":"publish","type":"page","link":"https:\/\/regenesishealth.co.uk\/tr\/jinekolojik-cerrahi\/","title":{"rendered":"Jinekolojik Cerrahi"},"content":{"rendered":"<p>[vc_row full_width=&#8221;stretch_row_content_no_spaces&#8221; content_placement=&#8221;top&#8221; content_text_aligment=&#8221;center&#8221;][vc_column][vc_single_image image=&#8221;15434&#8243; img_size=&#8221;full&#8221; alignment=&#8221;center&#8221;][\/vc_column][\/vc_row][vc_row css=&#8221;.vc_custom_1656503235579{padding-top: 93px !important;padding-bottom: 33px !important;}&#8221;][vc_column][vc_column_text]<\/p>\n<h1 style=\"text-align: center;\">Jinekolojik Cerrahi<\/h1>\n<h2 style=\"text-align: center;\">Kad\u0131n bedeninin kendine ait bir hayat hikayesi vard\u0131r ve bu yolculuk boyunca bak\u0131ma ihtiya\u00e7 duyar.<\/h2>\n<p>[\/vc_column_text][vc_empty_space][vc_column_text]Jinekolojik cerrahi, kad\u0131n pelvik b\u00f6lgesinin yap\u0131s\u0131n\u0131 i\u00e7eren herhangi bir cerrahi prosed\u00fcr\u00fc i\u00e7erir: rahim, yumurtal\u0131klar, serviks, fallop t\u00fcpleri, vajina ve vulva. Bir kad\u0131n\u0131n jinekolojik cerrahi ge\u00e7irmesi gerekmesinin bir\u00e7ok nedeni vard\u0131r. Endometriozis, fibroidler (iyi huylu t\u00fcm\u00f6rler), yumurtal\u0131k kistleri, kanser, kronik pelvik a\u011fr\u0131, pelvik inflamatuar hastal\u0131k, uterus prolapsusu veya anormal kanama gibi bir durumun tedavisi jinekolojik cerrahinin nedenlerinden baz\u0131lar\u0131 olabilir. Jinekolog, bir kad\u0131n\u0131n hayat\u0131nda doktordan vasiye ve en iyi dan\u0131\u015fmana kadar bir\u00e7ok rol oynar. Bu nedenle, sa\u011fl\u0131\u011f\u0131n\u0131z\u0131 ve genel refah\u0131n\u0131z\u0131 korumak istiyorsan\u0131z bir jinekolo\u011fu ziyaret etmeyi asla g\u00f6z ard\u0131 etmemelisiniz. Uzman ekibimizdeki en iyi jinekologlarla tan\u0131\u015fmal\u0131 ve jinekolojik cerrahi ve tedaviler hakk\u0131nda bilmek istedi\u011finiz her \u015feyi <a href=\"https:\/\/regenesishealth.co.uk\/contact-us\/\" target=\"_blank\" rel=\"noopener\">https:\/\/regenesishealth.co.uk\/contact-us\/<\/a> adresinden bize sorabilirsiniz.     [\/vc_column_text][\/vc_column][\/vc_row][vc_row css=&#8221;.vc_custom_1656506967763{padding-top: 25px !important;padding-bottom: 25px !important;}&#8221;][vc_column][vc_separator border_width=&#8221;3&#8243; css=&#8221;.vc_custom_1656504089491{padding-top: 25px !important;padding-bottom: 25px !important;}&#8221;][\/vc_column][\/vc_row][vc_row][vc_column][vc_column_text]<\/p>\n<h2 style=\"text-align: center;\">Jinekolojik cerrahi b\u00f6l\u00fcm\u00fcndeki hizmetlerimiz<\/h2>\n<p>[\/vc_column_text][\/vc_column][\/vc_row][vc_row content_placement=&#8221;middle&#8221; css=&#8221;.vc_custom_1656506735531{padding-top: 33px !important;}&#8221;][vc_column width=&#8221;1\/2&#8243;][vc_column_text]<\/p>\n<h3><strong>Jinekolojik Cerrahi<\/strong><\/h3>\n<p>Jinekoloji, kad\u0131n genital sistemi ve \u00fcreme sistemi bozukluklar\u0131n\u0131n te\u015fhis ve tedavisini i\u00e7erir. Deneyimli ve sayg\u0131n jinekologlar\u0131m\u0131z t\u00fcm hastalar i\u00e7in \u015fefkatli ve uygun bir bak\u0131m sunmaktad\u0131r. M\u00fcmk\u00fcn olan yerlerde minimal invaziv teknikler kullan\u0131rlar ve m\u00fckemmel te\u015fhis olanaklar\u0131yla desteklenirler.  [\/vc_column_text][\/vc_column][vc_column width=&#8221;1\/2&#8243;][vc_single_image image=&#8221;10279&#8243; img_size=&#8221;&#8221; alignment=&#8221;center&#8221; css_animation=&#8221;fadeInRight&#8221;][\/vc_column][\/vc_row][vc_row css=&#8221;.vc_custom_1656506955715{padding-top: 25px !important;padding-bottom: 25px !important;}&#8221;][vc_column][vc_separator css=&#8221;.vc_custom_1656503573907{padding-top: 25px !important;padding-bottom: 25px !important;}&#8221;][\/vc_column][\/vc_row][vc_row][vc_column width=&#8221;1\/2&#8243;][vc_single_image image=&#8221;10282&#8243; img_size=&#8221;&#8221; alignment=&#8221;center&#8221; css_animation=&#8221;fadeInLeft&#8221;][\/vc_column][vc_column width=&#8221;1\/2&#8243;][vc_column_text]<\/p>\n<h3><strong>Yapay \u00dcreme Teknolojisi (ART)<\/strong><\/h3>\n<p>Yapay \u00dcreme Teknolojisi veya Yard\u0131mc\u0131 \u00dcreme Teknikleri (Y\u00dcT), \u00e7ocuk sahibi olmada ya\u015fanan zorluklara veya yetersizli\u011fe yard\u0131mc\u0131 olabilecek do\u011furganl\u0131k tedavileri ve prosed\u00fcrlerine at\u0131fta bulunan jinekolojik cerrahi y\u00f6ntemlerinden biridir. ART, hem yumurtalar\u0131 hem de spermleri ele alan do\u011furganl\u0131k tedavilerini i\u00e7erir. Bu karma\u015f\u0131k tedaviler, d\u00f6llenme \u015fans\u0131n\u0131 art\u0131rmak i\u00e7in gametlerin veya yumurta ve spermlerin etkilenmesini i\u00e7erir. ART tipik olarak di\u011fer k\u0131s\u0131rl\u0131k tedavilerinin i\u015fe yaramad\u0131\u011f\u0131 veya tedaviyi daha \u00f6nce denemi\u015f ancak hamile kalamam\u0131\u015f ki\u015filer i\u00e7in bir se\u00e7enektir. ART&#8217;yi d\u00fc\u015f\u00fcnen ki\u015filer genellikle se\u00e7enekleri bir sa\u011fl\u0131k uzman\u0131yla tart\u0131\u015f\u0131r ve bir do\u011furganl\u0131k uzman\u0131ndan kons\u00fcltasyon isteyebilir. \u0130n vitro fertilizasyon (IVF) en yayg\u0131n ve etkili ART t\u00fcr\u00fcd\u00fcr. ART&#8217;nin en yayg\u0131n komplikasyonu \u00e7o\u011ful gebeliktir. Ebeveynin v\u00fccuduna yerle\u015ftirilen embriyo say\u0131s\u0131 s\u0131n\u0131rland\u0131r\u0131larak bu durum \u00f6nlenebilir veya en aza indirilebilir       [\/vc_column_text][\/vc_column][\/vc_row][vc_row css=&#8221;.vc_custom_1656506983333{padding-top: 25px !important;padding-bottom: 25px !important;}&#8221;][vc_column][vc_separator css=&#8221;.vc_custom_1656503582941{padding-top: 25px !important;padding-bottom: 25px !important;}&#8221;][\/vc_column][\/vc_row][vc_row][vc_column width=&#8221;1\/2&#8243;][vc_column_text]<\/p>\n<h3><strong>Laparoskopik Cerrahi<\/strong><\/h3>\n<p>Jinekolojik laparoskopi, rahim (uterus), fallop t\u00fcpleri ve yumurtal\u0131klar\u0131 incelemek i\u00e7in bir kad\u0131n\u0131n karn\u0131n\u0131n i\u00e7ine bakma prosed\u00fcr\u00fcd\u00fcr. Jinekolojik laparoskopi bir durumu te\u015fhis etmek ve\/veya tedavi etmek i\u00e7in kullan\u0131labilir. Jinekolog ad\u0131 verilen uzman bir doktor laparoskopi s\u0131ras\u0131nda k\u00fc\u00e7\u00fck bir doku \u00f6rne\u011fi (biyopsi) alabilir. Biyopsi endometriozis te\u015fhisine de yard\u0131mc\u0131 olabilir. Devam eden kar\u0131n a\u011fr\u0131n\u0131z\u0131n nedenini bulmak i\u00e7in de jinekolojik laparoskopi yapt\u0131rabilirsiniz. Bebek sahibi olmay\u0131 deniyor ancak zorluk ya\u015f\u0131yorsan\u0131z, laparoskopi bunun nedenlerini ara\u015ft\u0131rmak i\u00e7in kullan\u0131labilir. Laparoskopi hakk\u0131nda daha fazla bilgi edinmek i\u00e7in <a href=\"https:\/\/en.wikipedia.org\/wiki\/Laparoscopy\" target=\"_blank\" rel=\"noopener\">https:\/\/en.wikipedia.org\/wiki\/Laparoscopy<\/a> adresini okuyabilirsiniz.      [\/vc_column_text][\/vc_column][vc_column width=&#8221;1\/2&#8243;][vc_single_image image=&#8221;10280&#8243; img_size=&#8221;&#8221; alignment=&#8221;center&#8221; css_animation=&#8221;fadeInRight&#8221;][\/vc_column][\/vc_row][vc_row css=&#8221;.vc_custom_1656506990458{padding-top: 25px !important;padding-bottom: 25px !important;}&#8221;][vc_column][vc_separator css=&#8221;.vc_custom_1656503590980{padding-top: 25px !important;padding-bottom: 25px !important;}&#8221;][\/vc_column][\/vc_row][vc_row][vc_column width=&#8221;1\/2&#8243;][vc_single_image image=&#8221;10281&#8243; img_size=&#8221;&#8221; alignment=&#8221;center&#8221; css_animation=&#8221;fadeInLeft&#8221;][\/vc_column][vc_column width=&#8221;1\/2&#8243;][vc_column_text]<\/p>\n<h3><strong>Genital Estetik Operasyonlar\u0131 (Labioplasti, Sistorektosel)<\/strong><\/h3>\n<p>Estetik genital cerrahi, estetik ameliyatlar gibi g\u00fcn\u00fcm\u00fczde moda bir konu haline gelmi\u015f gibi g\u00f6r\u00fcn\u00fcyor ve hakk\u0131nda daha fazla bilgiyi yaz\u0131m\u0131zda bulabilirsiniz; <a href=\"https:\/\/regenesishealth.co.uk\/plastic-surgery\/\">https:\/\/regenesishealth.co.uk\/plastic-surgery\/<\/a> Kad\u0131n cinsel organlar\u0131n\u0131n estetik cerrahisi, g\u00f6r\u00fcn\u00fcmlerini iyile\u015ftirmek i\u00e7in tasarlanm\u0131\u015f \u00e7e\u015fitli cerrahi prosed\u00fcrleri i\u00e7erir. En \u00e7ok talep edilen prosed\u00fcrler labial k\u00fc\u00e7\u00fcltme (labioplasti) ve vajinal s\u0131k\u0131la\u015ft\u0131rma (vajinoplasti) operasyonlar\u0131d\u0131r. Vajinal gen\u00e7le\u015ftirme olarak da bilinen labioplasti, labia minora (i\u00e7 dudaklar) ve\/veya labia majora&#8217;n\u0131n (d\u0131\u015f dudaklar) de\u011fi\u015ftirilmesini i\u00e7eren bir plastik cerrahi prosed\u00fcr\u00fcd\u00fcr. \u00d6te yandan vajinoplasti, vajinay\u0131 in\u015fa etmek veya onarmak i\u00e7in yap\u0131lan bir prosed\u00fcrd\u00fcr. Do\u011fumdan kaynaklanan vajinal yaralanma ve pelvik taban hastal\u0131\u011f\u0131 komplikasyonlar\u0131 dahil olmak \u00fczere \u00e7e\u015fitli t\u0131bbi sorunlar\u0131 tedavi eder. Genital estetik operasyonlar\u0131 ile ilgili sorular\u0131n\u0131z i\u00e7in l\u00fctfen uzman ekibimize dan\u0131\u015f\u0131n\u0131z.     [\/vc_column_text][\/vc_column][\/vc_row][vc_row css=&#8221;.vc_custom_1656506998497{padding-top: 25px !important;padding-bottom: 25px !important;}&#8221;][vc_column][vc_separator border_width=&#8221;3&#8243; css=&#8221;.vc_custom_1656504089491{padding-top: 25px !important;padding-bottom: 25px !important;}&#8221;][\/vc_column][\/vc_row][vc_row][vc_column][vc_column_text]<\/p>\n<h2 style=\"text-align: center;\">Ekibimiz<\/h2>\n<p>[\/vc_column_text][\/vc_column][\/vc_row][vc_row css=&#8221;.vc_custom_1656507063515{padding-top: 33px !important;}&#8221;][vc_column width=&#8221;1\/5&#8243;][\/vc_column][vc_column width=&#8221;1\/5&#8243;][\/vc_column][vc_column width=&#8221;1\/5&#8243;]<div class=\"mkdf-team info-bellow\">\n\t<div class=\"mkdf-team-inner\">\n\t\t\t\t\t<div class=\"mkdf-team-image\">\n                <a itemprop=\"url\" href=\"https:\/\/regenesishealth.co.uk\/team-member\/kerim-emrah-yavuz\/\">\n                    <img loading=\"lazy\" decoding=\"async\" width=\"1400\" height=\"1400\" src=\"https:\/\/regenesishealth.co.uk\/wp-content\/uploads\/2020\/10\/Artboard-2.png\" class=\"attachment-full size-full wp-post-image\" alt=\"\" srcset=\"https:\/\/regenesishealth.co.uk\/wp-content\/uploads\/2020\/10\/Artboard-2.png 1400w, https:\/\/regenesishealth.co.uk\/wp-content\/uploads\/2020\/10\/Artboard-2-300x300.png 300w, https:\/\/regenesishealth.co.uk\/wp-content\/uploads\/2020\/10\/Artboard-2-100x100.png 100w, https:\/\/regenesishealth.co.uk\/wp-content\/uploads\/2020\/10\/Artboard-2-600x600.png 600w, https:\/\/regenesishealth.co.uk\/wp-content\/uploads\/2020\/10\/Artboard-2-1024x1024.png 1024w, https:\/\/regenesishealth.co.uk\/wp-content\/uploads\/2020\/10\/Artboard-2-150x150.png 150w, https:\/\/regenesishealth.co.uk\/wp-content\/uploads\/2020\/10\/Artboard-2-768x768.png 768w, https:\/\/regenesishealth.co.uk\/wp-content\/uploads\/2020\/10\/Artboard-2-550x550.png 550w, https:\/\/regenesishealth.co.uk\/wp-content\/uploads\/2020\/10\/Artboard-2-1100x1100.png 1100w\" sizes=\"(max-width: 1400px) 100vw, 1400px\" title=\"\">\t\t\t\t\t<div class=\"mkdf-circle-animate\"><\/div>\n\t\t\t\t\t<div class=\"mkdf-circle-icon\">\n\t\t\t\t\t\t<img decoding=\"async\" src=\"https:\/\/regenesishealth.co.uk\/wp-content\/uploads\/2017\/04\/icons_Artboard-2-copy-4.png\" class=\"icon\" alt=\"Doctor Icon\" title=\"\">\n\t\t\t\t\t<\/div>\n\t\t\t\t\t<div class=\"mkdf-circle-icon-hidden\">\n\t\t\t\t\t\t<img decoding=\"async\" src=\"https:\/\/regenesishealth.co.uk\/wp-content\/uploads\/2017\/04\/icons_Artboard-2-copy-4.png\" class=\"icon\" alt=\"Doctor Icon\" title=\"\">\n\t\t\t\t\t<\/div>\n\t\t\t\t<\/a>\n\t\t\t<\/div>\n\t\t\t\t<div class=\"mkdf-team-info\">\n            <div class=\"mkdf-team-title-holder\">\n                <h5 itemprop=\"name\" class=\"mkdf-team-name entry-title\">\n                    <a itemprop=\"url\" href=\"https:\/\/regenesishealth.co.uk\/team-member\/kerim-emrah-yavuz\/\">Dr. Kerim Emrah Yavuz<\/a>\n                <\/h5>\n\n                                    <h6 class=\"mkdf-team-position\">Gynaecology and Obstetrics<\/h6>\n                            <\/div>\n\t\t\t\t\t\t<div class=\"mkdf-team-social-holder-between\">\n\t\t\t\t<div class=\"mkdf-team-social\">\n\t\t\t\t\t<div class=\"mkdf-team-social-inner\">\n\t\t\t\t\t\t<div class=\"mkdf-team-social-wrapp\">\n\t\t\t\t\t\t\t\t\t\t\t\t\t<\/div>\n\t\t\t\t\t<\/div>\n\t\t\t\t<\/div>\n\t\t\t<\/div>\n\t\t<\/div>\n\t<\/div>\n<\/div>[\/vc_column][vc_column width=&#8221;1\/5&#8243;][\/vc_column][vc_column width=&#8221;1\/5&#8243;][\/vc_column][\/vc_row][vc_row css=&#8221;.vc_custom_1656507005834{padding-top: 25px !important;padding-bottom: 25px !important;}&#8221;][vc_column][vc_separator border_width=&#8221;3&#8243; css=&#8221;.vc_custom_1656504089491{padding-top: 25px !important;padding-bottom: 25px !important;}&#8221;][\/vc_column][\/vc_row][vc_row content_placement=&#8221;middle&#8221; css_animation=&#8221;bounceIn&#8221; row_content_width=&#8221;grid&#8221; content_text_aligment=&#8221;center&#8221;][vc_column width=&#8221;1\/4&#8243;][\/vc_column][vc_column width=&#8221;1\/2&#8243;][vc_column_text]<\/p>\n<h4 style=\"text-align: center;\">Hemen bizimle ileti\u015fime ge\u00e7in ve ihtiya\u00e7lar\u0131n\u0131za g\u00f6re en g\u00fcncel tedavi uygulamalar\u0131m\u0131z hakk\u0131nda bilgi al\u0131n.<\/h4>\n<p>[\/vc_column_text][vc_empty_space]<a itemprop=\"url\" href=\"https:\/\/regenesishealth.co.uk\/contact-us\/\" target=\"_self\" class=\"mkdf-btn mkdf-btn-medium mkdf-btn-solid mkdf-btn-solid-dark\">\n    <span class=\"mkdf-btn-text\">Bize ula\u015f\u0131n<\/span>\n    <span class=\"mkdf-btn-icon-holder\">\n        <span class=\"mkdf-btn-icon-normal\" ><\/span>\n        <span class=\"mkdf-btn-icon-flip\" ><\/span>\n    <\/span>\n<\/a>[vc_empty_space][\/vc_column][vc_column width=&#8221;1\/4&#8243;][\/vc_column][\/vc_row]<\/p>\n","protected":false},"excerpt":{"rendered":"<p>[vc_row full_width=&#8221;stretch_row_content_no_spaces&#8221; content_placement=&#8221;top&#8221; content_text_aligment=&#8221;center&#8221;][vc_column][vc_single_image image=&#8221;15434&#8243; img_size=&#8221;full&#8221; alignment=&#8221;center&#8221;][\/vc_column][\/vc_row][vc_row css=&#8221;.vc_custom_1656503235579{padding-top: 93px !important;padding-bottom: 33px !important;}&#8221;][vc_column][vc_column_text] Jinekolojik Cerrahi Kad\u0131n bedeninin kendine ait bir hayat hikayesi vard\u0131r ve bu yolculuk boyunca bak\u0131ma ihtiya\u00e7 duyar. [\/vc_column_text][vc_empty_space][vc_column_text]Jinekolojik cerrahi, kad\u0131n pelvik b\u00f6lgesinin yap\u0131s\u0131n\u0131 i\u00e7eren herhangi bir cerrahi prosed\u00fcr\u00fc [&hellip;]<\/p>\n","protected":false},"author":1,"featured_media":12963,"parent":0,"menu_order":0,"comment_status":"closed","ping_status":"closed","template":"","meta":{"footnotes":""},"class_list":["post-13412","page","type-page","status-publish","has-post-thumbnail","hentry"],"_links":{"self":[{"href":"https:\/\/regenesishealth.co.uk\/tr\/wp-json\/wp\/v2\/pages\/13412"}],"collection":[{"href":"https:\/\/regenesishealth.co.uk\/tr\/wp-json\/wp\/v2\/pages"}],"about":[{"href":"https:\/\/regenesishealth.co.uk\/tr\/wp-json\/wp\/v2\/types\/page"}],"author":[{"embeddable":true,"href":"https:\/\/regenesishealth.co.uk\/tr\/wp-json\/wp\/v2\/users\/1"}],"replies":[{"embeddable":true,"href":"https:\/\/regenesishealth.co.uk\/tr\/wp-json\/wp\/v2\/comments?post=13412"}],"version-history":[{"count":3,"href":"https:\/\/regenesishealth.co.uk\/tr\/wp-json\/wp\/v2\/pages\/13412\/revisions"}],"predecessor-version":[{"id":18799,"href":"https:\/\/regenesishealth.co.uk\/tr\/wp-json\/wp\/v2\/pages\/13412\/revisions\/18799"}],"wp:featuredmedia":[{"embeddable":true,"href":"https:\/\/regenesishealth.co.uk\/tr\/wp-json\/wp\/v2\/media\/12963"}],"wp:attachment":[{"href":"https:\/\/regenesishealth.co.uk\/tr\/wp-json\/wp\/v2\/media?parent=13412"}],"curies":[{"name":"wp","href":"https:\/\/api.w.org\/{rel}","templated":true}]}}