{"id":20355,"date":"2017-04-20T14:56:27","date_gmt":"2017-04-20T13:56:27","guid":{"rendered":"https:\/\/regenesishealth.co.uk\/%d1%81%d0%b2%d1%8f%d0%b6%d0%b8%d1%82%d0%b5%d1%81%d1%8c-%d1%81-%d0%bd%d0%b0%d0%bc%d0%b8\/"},"modified":"2017-04-20T14:56:27","modified_gmt":"2017-04-20T13:56:27","slug":"%d1%81%d0%b2%d1%8f%d0%b6%d0%b8%d1%82%d0%b5%d1%81%d1%8c-%d1%81-%d0%bd%d0%b0%d0%bc%d0%b8","status":"publish","type":"page","link":"https:\/\/regenesishealth.co.uk\/ru\/%D1%81%D0%B2%D1%8F%D0%B6%D0%B8%D1%82%D0%B5%D1%81%D1%8C-%D1%81-%D0%BD%D0%B0%D0%BC%D0%B8\/","title":{"rendered":"\u0421\u0432\u044f\u0436\u0438\u0442\u0435\u0441\u044c \u0441 \u043d\u0430\u043c\u0438"},"content":{"rendered":"<p>[vc_row row_content_width=&#8221;grid&#8221; css=&#8221;.vc_custom_1705592248290{margin-top: 66px !important;}&#8221;][vc_column][vc_column_text]<\/p>\n<h1 style=\"text-align: center;\"><strong>\u0421\u0432\u044f\u0436\u0438\u0442\u0435\u0441\u044c \u0441 \u043d\u0430\u043c\u0438<\/strong><\/h1>\n<p>[\/vc_column_text][\/vc_column][\/vc_row][vc_row row_content_width=&#8221;grid&#8221; css=&#8221;.vc_custom_1657835647004{padding-top: 66px !important;}&#8221;][vc_column width=&#8221;1\/4&#8243;][vc_column_text]<\/p>\n<h4>\u0413\u041b\u0410\u0412\u041d\u042b\u0419 \u041e\u0424\u0418\u0421<\/h4>\n<p>[\/vc_column_text][vc_column_text]8 Old Red Lion Court,<br \/>\nStratford Upon Avon,<br \/>\nWarwickshire &#8211; CV37 6AB<\/p>\n<p><strong>Email: <\/strong> info@regenesishealth.co.uk<br \/>\n<strong>\u0422\u0435\u043b\u0435\u0444\u043e\u043d:<\/strong> +44 1789 870372[\/vc_column_text][vc_empty_space][\/vc_column][vc_column width=&#8221;1\/4&#8243;][vc_column_text]<\/p>\n<h4>\u041b\u041e\u041d\u0414\u041e\u041d\u0421\u041a\u0418\u0419 \u041e\u0424\u0418\u0421<\/h4>\n<p>[\/vc_column_text][vc_column_text]29 Hampton Road,<br \/>\nTwickenham<br \/>\nTW2 5QE<\/p>\n<p><strong>Email: <\/strong> info@regenesishealth.co.uk<br \/>\n<strong>\u0422\u0435\u043b\u0435\u0444\u043e\u043d:<\/strong> +44 02081430138[\/vc_column_text][vc_empty_space][\/vc_column][vc_column width=&#8221;1\/4&#8243;][vc_column_text]<\/p>\n<h4>\u041f\u0420\u0415\u0414\u0421\u0422\u0410\u0412\u0418\u0422\u0415\u041b\u042c\u0421\u0422\u0412\u041e \u0412 \u0413\u0415\u0420\u041c\u0410\u041d\u0418\u0418<\/h4>\n<p>[\/vc_column_text][vc_column_text]<b>\u042d\u0434\u0430 \u0421\u0430\u0445\u0438\u043d<br \/>\n<\/b>\u0413\u0415\u0420\u041c\u0410\u041d\u0421\u041a\u0418\u0419 &#8211; \u0422\u0423\u0420\u0426\u0418\u042f<br \/>\n<strong>T:<\/strong> +49 1525 7254881<br \/>\n<strong>T: <\/strong>+90 534 8923498<br \/>\n<strong>E:<\/strong> eda@regenesishealth.de<\/p>\n<p><b>\u0423\u043c\u0440\u0430\u043d \u0410\u043a\u0442\u0430\u0441<br \/>\n<\/b>\u0413\u0415\u0420\u041c\u0410\u041d\u0421\u041a\u0418\u0419 &#8211; \u0410\u041d\u0413\u041b\u0418\u0419\u0421\u041a\u0418\u0419 &#8211; \u0422\u0423\u0420\u041a\u0421\u041a\u0418\u0419<br \/>\n<strong>T:<\/strong> +49 163 8919503<br \/>\n<strong>E:<\/strong> umran@regenesishealth.co.uk[\/vc_column_text][vc_empty_space][\/vc_column][vc_column width=&#8221;1\/4&#8243;][vc_column_text]<\/p>\n<h4>\u041e\u0424\u0418\u0421 \u0412 \u041b\u0418\u0422\u0412\u0415<\/h4>\n<p>[\/vc_column_text][vc_column_text]Ramun\u0117s sod\u0173 3oji g. 18<br \/>\n\u0160iauliai &#8211; 79220 &#8211; Lithuania <\/p>\n<p><strong>\u042d\u043b\u0435\u043a\u0442\u0440\u043e\u043d\u043d\u0430\u044f \u043f\u043e\u0447\u0442\u0430: <\/strong> <a href=\"mailto:info@regenesishealth.co.uk\">info@regenesishealth.co.uk<\/a><br \/>\n<strong>\u0422\u0435\u043b\u0435\u0444\u043e\u043d: <\/strong>+44 7448 338165[\/vc_column_text][vc_empty_space][\/vc_column][\/vc_row][vc_row row_content_width=&#8221;grid&#8221; css=&#8221;.vc_custom_1657835647004{padding-top: 66px !important;}&#8221;][vc_column width=&#8221;1\/4&#8243;][vc_column_text]<\/p>\n<h4>\u0421\u0422\u0410\u041c\u0411\u0423\u041b\u042c\u0421\u041a\u0418\u0419 \u0421\u0422\u041e\u041c\u0410\u0422\u041e\u041b\u041e\u0413\u0418\u0427\u0415\u0421\u041a\u0418\u0419 \u0426\u0415\u041d\u0422\u0420<\/h4>\n<p>[\/vc_column_text][vc_column_text]Beyaz Karanfil Sk. No:2<br \/>\nBesiktas, Levent &#8211; T\u00fcrkiye <\/p>\n<p><strong>\u042d\u043b\u0435\u043a\u0442\u0440\u043e\u043d\u043d\u0430\u044f \u043f\u043e\u0447\u0442\u0430: <\/strong> <a href=\"mailto:info@regenesishealth.co.uk\">info@regenesishealth.co.uk<\/a><br \/>\n<strong>\u0422\u0435\u043b\u0435\u0444\u043e\u043d: <\/strong>+90 212 741 07 34<strong><br \/>\n<\/strong>  +44 7881 148193[\/vc_column_text][vc_empty_space][\/vc_column][vc_column width=&#8221;1\/4&#8243;][vc_column_text]<\/p>\n<h4>\u0421\u0422\u041e\u041c\u0410\u0422\u041e\u041b\u041e\u0413\u0418\u0427\u0415\u0421\u041a\u0418\u0419 \u0426\u0415\u041d\u0422\u0420 \u0412 \u0410\u041d\u0422\u0410\u041b\u0418\u0418<\/h4>\n<p>[\/vc_column_text][vc_column_text]Kemera\u011fz\u0131 Mah. Ya\u015far Sobutay Blv.<br \/>\nNo: 3A Aksu\/Antalya, T\u00fcrkiye <\/p>\n<p><strong>\u042d\u043b\u0435\u043a\u0442\u0440\u043e\u043d\u043d\u0430\u044f \u043f\u043e\u0447\u0442\u0430: <\/strong> <a href=\"mailto:info@regenesishealth.co.uk\">info@regenesishealth.co.uk<\/a><br \/>\n<strong>\u0422\u0435\u043b\u0435\u0444\u043e\u043d: <\/strong>+90 507 344 6367[\/vc_column_text][vc_empty_space][\/vc_column][vc_column width=&#8221;1\/4&#8243;][vc_column_text]<\/p>\n<h4>\u041e\u0424\u0418\u0421 \u041a\u041e\u041b\u041b-\u0426\u0415\u041d\u0422\u0420\u0410<\/h4>\n<p>[\/vc_column_text][vc_column_text]Kemera\u011fz\u0131 Mah. Ya\u015far Sobutay Blv.<br \/>\nNo: 3A Aksu\/Antalya, T\u00fcrkiye <\/p>\n<p><strong>\u042d\u043b\u0435\u043a\u0442\u0440\u043e\u043d\u043d\u0430\u044f \u043f\u043e\u0447\u0442\u0430: <\/strong> <a href=\"mailto:info@regenesishealth.co.uk\">info@regenesishealth.co.uk<\/a><br \/>\n<strong>\u0422\u0435\u043b\u0435\u0444\u043e\u043d: <\/strong>+44 7516 591305[\/vc_column_text][vc_empty_space][\/vc_column][vc_column width=&#8221;1\/4&#8243;][vc_column_text]<\/p>\n<h4>\u041e\u0422\u0415\u041b\u042c REGENESIS<\/h4>\n<p>[\/vc_column_text][vc_column_text]Kemera\u011fz\u0131 Mah. Ya\u015far Sobutay Blv.<br \/>\nNo: 3A Aksu\/Antalya, T\u00fcrkiye <\/p>\n<p><strong>\u042d\u043b\u0435\u043a\u0442\u0440\u043e\u043d\u043d\u0430\u044f \u043f\u043e\u0447\u0442\u0430: <\/strong> <a href=\"mailto:info@regenesishotel.com\">info@regenesishotel.com<\/a><br \/>\n<strong>\u0422\u0435\u043b\u0435\u0444\u043e\u043d:<\/strong> 0242 505 8070[\/vc_column_text][vc_empty_space][\/vc_column][\/vc_row][vc_row row_content_width=&#8221;grid&#8221; css=&#8221;.vc_custom_1657834872305{padding-top: 26px !important;padding-bottom: 26px !important;}&#8221;][vc_column][vc_separator border_width=&#8221;3&#8243;][\/vc_column][\/vc_row][vc_row row_content_width=&#8221;grid&#8221;][vc_column][vc_column_text]<\/p>\n<h2>\u041d\u0430\u0448\u0438 \u043a\u043e\u043d\u0441\u0443\u043b\u044c\u0442\u0430\u043d\u0442\u044b<\/h2>\n<p>[\/vc_column_text][\/vc_column][\/vc_row][vc_row row_content_width=&#8221;grid&#8221; css=&#8221;.vc_custom_1707679410897{margin-top: 66px !important;}&#8221;][vc_column width=&#8221;1\/4&#8243;][vc_single_image image=&#8221;13563&#8243; alignment=&#8221;center&#8221; style=&#8221;vc_box_circle_2&#8243;][vc_column_text]<\/p>\n<p style=\"text-align: center;\"><strong>\u042d\u043b\u0438\u0441\u043e\u043d \u042d\u0440\u0433\u0443\u043d<\/strong><br \/>\n\u0410\u041d\u0413\u041b\u0418\u0419\u0421\u041a\u0418\u0419<br \/>\n T<strong>:<\/strong> +44 7542 419295<br \/>\n E<strong>:<\/strong> alison@regenesishealth.co.uk<\/p>\n<p>[\/vc_column_text][vc_empty_space][\/vc_column][vc_column width=&#8221;1\/4&#8243;][vc_single_image image=&#8221;13757&#8243; alignment=&#8221;center&#8221; style=&#8221;vc_box_circle_2&#8243;][vc_column_text]<\/p>\n<p style=\"text-align: center;\"><strong>\u0410\u043b\u044c\u043f\u0435\u0440 \u042d\u0440\u0433\u044e\u043d<\/strong><br \/>\n\u0422\u0423\u0420\u0426\u0418\u042f &#8211; \u0410\u041d\u0413\u041b\u0418\u0419\u0421\u041a\u0418\u0419<br \/>\n T<strong>:<\/strong> +44 7516 591 305<br \/>\n E<strong>: <\/strong>alper@regenesishealth.co.uk<\/p>\n<p>[\/vc_column_text][vc_empty_space][\/vc_column][vc_column width=&#8221;1\/4&#8243;][vc_single_image image=&#8221;16636&#8243; alignment=&#8221;center&#8221; style=&#8221;vc_box_circle_2&#8243;][vc_column_text]<\/p>\n<p style=\"text-align: center;\"><strong>\u0414\u0435\u043d\u0438\u0437 \u041e\u0437\u043a\u0430\u043d<br \/>\n<\/strong>\u0410\u041d\u0413\u041b\u0418\u0419\u0421\u041a\u0418\u0419 &#8211; \u0422\u0423\u0420\u0415\u0426\u041a\u0418\u0419<strong><br \/>\nT <\/strong><strong>: <\/strong>+44 7767 663648<strong><br \/>\nE <\/strong><strong>: <\/strong>deniz@regenesishealth.co.uk<\/p>\n<p>[\/vc_column_text][vc_empty_space][\/vc_column][vc_column width=&#8221;1\/4&#8243;][vc_single_image image=&#8221;10549&#8243; alignment=&#8221;center&#8221; style=&#8221;vc_box_circle_2&#8243;][vc_column_text]<\/p>\n<p style=\"text-align: center;\"><strong>Eda Sahin<\/strong><br \/>\nGERMAN &#8211; ENGLISH &#8211; TURKISH<br \/>\n T<strong>:<\/strong> +49 1525 7254881<br \/>\n T<strong>: <\/strong>+90 534 8923498<br \/>\n E<strong>:<\/strong> eda@regenesishealth.de<\/p>\n<p>[\/vc_column_text][vc_empty_space][\/vc_column][\/vc_row][vc_row row_content_width=&#8221;grid&#8221; css=&#8221;.vc_custom_1707678764306{margin-top: 33px !important;}&#8221;][vc_column width=&#8221;1\/4&#8243;][vc_single_image image=&#8221;19307&#8243; alignment=&#8221;center&#8221; style=&#8221;vc_box_circle_2&#8243;][vc_column_text]<\/p>\n<p style=\"text-align: center;\"><strong>Esra Ars<\/strong><br \/>\n\u0420\u0423\u0421\u0421\u041a\u0418\u0419 &#8211; \u0410\u041d\u0413\u041b\u0418\u0419\u0421\u041a\u0418\u0419 &#8211; \u0422\u0423\u0420\u0415\u0426\u041a\u0418\u0419<br \/>\n T<strong>:<\/strong>+44 7352 571135<br \/>\n E<strong>:<\/strong> esra@regenesishealth.co.uk<\/p>\n<p>[\/vc_column_text][vc_empty_space][\/vc_column][vc_column width=&#8221;1\/4&#8243;][vc_single_image image=&#8221;15210&#8243; alignment=&#8221;center&#8221; style=&#8221;vc_box_circle_2&#8243;][vc_column_text]<\/p>\n<p style=\"text-align: center;\"><strong>Iga Struszynska<br \/>\n<\/strong>POLISH &#8211; ENGLISH<strong><br \/>\nT<\/strong><strong>:<\/strong> +44 7516 591305<br \/>\n E<strong>: <\/strong>iga@regenesishealth.co.u<\/p>\n<p>[\/vc_column_text][vc_empty_space][\/vc_column][vc_column width=&#8221;1\/4&#8243;][vc_single_image image=&#8221;10565&#8243; alignment=&#8221;center&#8221; style=&#8221;vc_box_circle_2&#8243;][vc_column_text]<\/p>\n<p style=\"text-align: center;\"><strong>\u041a\u0435\u043b\u043b\u0438 \u041a\u0443\u043f\u0435\u0440<\/strong><br \/>\n\u0410\u041d\u0413\u041b\u0418\u0419\u0421\u041a\u0418\u0419<br \/>\n T<strong>:<\/strong> +44 7392 970718<br \/>\n E<strong>:<\/strong> kellie@regenesishealth.co.uk<\/p>\n<p>[\/vc_column_text][vc_empty_space][\/vc_column][vc_column width=&#8221;1\/4&#8243;][vc_single_image image=&#8221;10558&#8243; alignment=&#8221;center&#8221; style=&#8221;vc_box_circle_2&#8243;][vc_column_text]<\/p>\n<p style=\"text-align: center;\"><strong>\u041f\u0430\u0442\u0440\u0438\u0446\u0438\u044f \u041c\u0438\u0440\u0430\u0448\u0435\u0432\u0441\u043a\u0430<\/strong><br \/>\n\u041f\u041e\u041b\u042c\u0421\u041a\u0418\u0419 &#8211; \u0410\u041d\u0413\u041b\u0418\u0419\u0421\u041a\u0418\u0419<br \/>\n T<strong>:<\/strong> +44 7767 706368<br \/>\n E<strong>:<\/strong> patrycja@regenesishealth.co.uk[\/vc_column_text][vc_empty_space][\/vc_column][\/vc_row][vc_row row_content_width=&#8221;grid&#8221; css=&#8221;.vc_custom_1707678764306{margin-top: 33px !important;}&#8221;][vc_column width=&#8221;1\/4&#8243;][\/vc_column][vc_column width=&#8221;1\/4&#8243;][vc_single_image image=&#8221;10569&#8243; alignment=&#8221;center&#8221; style=&#8221;vc_box_circle_2&#8243;][vc_column_text]<\/p>\n<p style=\"text-align: center;\"><strong>\u0423\u043c\u0440\u0430\u043d \u0410\u043a\u0442\u0430\u0441<\/strong><br \/>\n\u0413\u0415\u0420\u041c\u0410\u041d\u0421\u041a\u0418\u0419 &#8211; \u0410\u041d\u0413\u041b\u0418\u0419\u0421\u041a\u0418\u0419 &#8211; \u0422\u0423\u0420\u0415\u0426\u041a\u0418\u0419<br \/>\n T<strong>:<\/strong> +44 7770 547318<br \/>\n E<strong>:<\/strong> umran@regenesishealth.co.uk[\/vc_column_text][vc_empty_space][\/vc_column][vc_column width=&#8221;1\/4&#8243;][vc_single_image image=&#8221;18061&#8243; alignment=&#8221;center&#8221; style=&#8221;vc_box_circle_2&#8243;][vc_column_text]<\/p>\n<p style=\"text-align: center;\"><strong>Ya\u015far Alt\u0131ner<\/strong><br \/>\nTURKISH &#8211; ENGLISH<br \/>\n T<strong>:<\/strong> 44 7881 148193<br \/>\n E<strong>:<\/strong> yasar@regenesishealth.co.uk<\/p>\n<p>[\/vc_column_text][vc_empty_space][\/vc_column][vc_column width=&#8221;1\/4&#8243;][\/vc_column][\/vc_row][vc_row row_content_width=&#8221;grid&#8221; css=&#8221;.vc_custom_1657834872305{padding-top: 26px !important;padding-bottom: 26px !important;}&#8221;][vc_column][vc_separator border_width=&#8221;3&#8243;][\/vc_column][\/vc_row][vc_row row_content_width=&#8221;grid&#8221;][vc_column][vc_column_text]<\/p>\n<h2>\u0421\u0432\u044f\u0436\u0438\u0442\u0435\u0441\u044c \u0441 \u043d\u0430\u043c\u0438<\/h2>\n<p>[\/vc_column_text][\/vc_column][\/vc_row][vc_row row_content_width=&#8221;grid&#8221; css=&#8221;.vc_custom_1657836096043{padding-bottom: 33px !important;}&#8221;][vc_column][vc_column_text]\u0412\u044b \u043c\u043e\u0436\u0435\u0442\u0435 \u043e\u0431\u0440\u0430\u0442\u0438\u0442\u044c\u0441\u044f \u0432 \u043d\u0430\u0448\u0438 \u043e\u0442\u0434\u0435\u043b\u0435\u043d\u0438\u044f \u0438 \u0441\u0440\u0430\u0437\u0443 \u0436\u0435 \u043d\u0430\u0447\u0430\u0442\u044c \u043f\u043b\u0430\u043d\u0438\u0440\u043e\u0432\u0430\u0442\u044c \u0441\u0432\u043e\u0435 \u043b\u0435\u0447\u0435\u043d\u0438\u0435 \u0441 \u043d\u0430\u0448\u0438\u043c\u0438 \u043a\u043e\u043e\u0440\u0434\u0438\u043d\u0430\u0442\u043e\u0440\u0430\u043c\u0438 \u043f\u0430\u0446\u0438\u0435\u043d\u0442\u043e\u0432.[\/vc_column_text][\/vc_column][\/vc_row][vc_row row_content_width=&#8221;grid&#8221;][vc_column]<div role=\"form\" class=\"wpcf7\" id=\"wpcf7-f7999-o1\" lang=\"en-US\" dir=\"ltr\">\n<div class=\"screen-reader-response\"><p role=\"status\" aria-live=\"polite\" aria-atomic=\"true\"><\/p> <ul><\/ul><\/div>\n<form action=\"\/ru\/wp-json\/wp\/v2\/pages\/20355#wpcf7-f7999-o1\" method=\"post\" class=\"wpcf7-form init\" novalidate=\"novalidate\" data-status=\"init\">\n<div style=\"display: none;\">\n<input type=\"hidden\" name=\"_wpcf7\" value=\"7999\" \/>\n<input type=\"hidden\" name=\"_wpcf7_version\" value=\"5.6\" \/>\n<input type=\"hidden\" name=\"_wpcf7_locale\" value=\"en_US\" \/>\n<input type=\"hidden\" name=\"_wpcf7_unit_tag\" value=\"wpcf7-f7999-o1\" \/>\n<input type=\"hidden\" name=\"_wpcf7_container_post\" value=\"0\" \/>\n<input type=\"hidden\" name=\"_wpcf7_posted_data_hash\" value=\"\" \/>\n<input type=\"hidden\" name=\"_wpcf7_recaptcha_response\" value=\"\" \/>\n<\/div>\n<p><span class=\"wpcf7-form-control-wrap\" data-name=\"your-name\"><input type=\"text\" name=\"your-name\" value=\"\" size=\"40\" class=\"wpcf7-form-control wpcf7-text wpcf7-validates-as-required\" aria-required=\"true\" aria-invalid=\"false\" placeholder=\"Name*\" \/><\/span><br \/>\n<span class=\"wpcf7-form-control-wrap\" data-name=\"your-email\"><input type=\"email\" name=\"your-email\" value=\"\" size=\"40\" class=\"wpcf7-form-control wpcf7-text wpcf7-email wpcf7-validates-as-required wpcf7-validates-as-email\" aria-required=\"true\" aria-invalid=\"false\" placeholder=\"E-mail*\" \/><\/span><br \/>\n<span class=\"wpcf7-form-control-wrap\" data-name=\"your-message\"><textarea name=\"your-message\" cols=\"40\" rows=\"10\" class=\"wpcf7-form-control wpcf7-textarea\" aria-invalid=\"false\" placeholder=\"Message\"><\/textarea><\/span><\/p>\n<div class=\"mkdf-cf7-btn\">\n<div class=\"mkdf-cf7-text\"><input type=\"submit\" value=\"Contact Us\" class=\"wpcf7-form-control has-spinner wpcf7-submit\" \/><\/div>\n<\/div>\n<p style=\"display: none !important;\"><label>&#916;<textarea name=\"_wpcf7_ak_hp_textarea\" cols=\"45\" rows=\"8\" maxlength=\"100\"><\/textarea><\/label><input type=\"hidden\" id=\"ak_js_1\" name=\"_wpcf7_ak_js\" value=\"219\"\/><script>document.getElementById( \"ak_js_1\" ).setAttribute( \"value\", ( new Date() ).getTime() );<\/script><\/p><div class=\"wpcf7-response-output\" aria-hidden=\"true\"><\/div><\/form><\/div>[vc_empty_space][\/vc_column][\/vc_row]<\/p>\n","protected":false},"excerpt":{"rendered":"<p>[vc_row row_content_width=&#8221;grid&#8221; css=&#8221;.vc_custom_1705592248290{margin-top: 66px !important;}&#8221;][vc_column][vc_column_text] \u0421\u0432\u044f\u0436\u0438\u0442\u0435\u0441\u044c \u0441 \u043d\u0430\u043c\u0438 [\/vc_column_text][\/vc_column][\/vc_row][vc_row row_content_width=&#8221;grid&#8221; css=&#8221;.vc_custom_1657835647004{padding-top: 66px !important;}&#8221;][vc_column width=&#8221;1\/4&#8243;][vc_column_text] \u0413\u041b\u0410\u0412\u041d\u042b\u0419 \u041e\u0424\u0418\u0421 [\/vc_column_text][vc_column_text]8 Old Red Lion Court, Stratford Upon Avon, Warwickshire &#8211; CV37 6AB Email: info@regenesishealth.co.uk \u0422\u0435\u043b\u0435\u0444\u043e\u043d: +44 1789 870372[\/vc_column_text][vc_empty_space][\/vc_column][vc_column width=&#8221;1\/4&#8243;][vc_column_text] \u041b\u041e\u041d\u0414\u041e\u041d\u0421\u041a\u0418\u0419 \u041e\u0424\u0418\u0421 [\/vc_column_text][vc_column_text]29 Hampton Road, [&hellip;]<\/p>\n","protected":false},"author":1,"featured_media":0,"parent":0,"menu_order":0,"comment_status":"closed","ping_status":"closed","template":"full-width.php","meta":{"footnotes":""},"class_list":["post-20355","page","type-page","status-publish","hentry"],"_links":{"self":[{"href":"https:\/\/regenesishealth.co.uk\/ru\/wp-json\/wp\/v2\/pages\/20355"}],"collection":[{"href":"https:\/\/regenesishealth.co.uk\/ru\/wp-json\/wp\/v2\/pages"}],"about":[{"href":"https:\/\/regenesishealth.co.uk\/ru\/wp-json\/wp\/v2\/types\/page"}],"author":[{"embeddable":true,"href":"https:\/\/regenesishealth.co.uk\/ru\/wp-json\/wp\/v2\/users\/1"}],"replies":[{"embeddable":true,"href":"https:\/\/regenesishealth.co.uk\/ru\/wp-json\/wp\/v2\/comments?post=20355"}],"version-history":[{"count":0,"href":"https:\/\/regenesishealth.co.uk\/ru\/wp-json\/wp\/v2\/pages\/20355\/revisions"}],"wp:attachment":[{"href":"https:\/\/regenesishealth.co.uk\/ru\/wp-json\/wp\/v2\/media?parent=20355"}],"curies":[{"name":"wp","href":"https:\/\/api.w.org\/{rel}","templated":true}]}}