{"id":18829,"date":"2024-07-04T14:07:01","date_gmt":"2024-07-04T13:07:01","guid":{"rendered":"https:\/\/regenesishealth.co.uk\/rehabilitacja-i-estetyka\/"},"modified":"2024-07-04T14:07:01","modified_gmt":"2024-07-04T13:07:01","slug":"rehabilitacja-i-estetyka","status":"publish","type":"page","link":"https:\/\/regenesishealth.co.uk\/pl\/rehabilitacja-i-estetyka\/","title":{"rendered":"Rehabilitacja i estetyka"},"content":{"rendered":"<p>[vc_row full_width=&#8221;stretch_row_content_no_spaces&#8221; content_placement=&#8221;top&#8221; content_text_aligment=&#8221;center&#8221;][vc_column][vc_single_image image=&#8221;17047&#8243; img_size=&#8221;Full&#8221; alignment=&#8221;center&#8221;][\/vc_column][\/vc_row][vc_row css=&#8221;.vc_custom_1656337554913{padding-top: 93px !important;padding-bottom: 33px !important;}&#8221;][vc_column][vc_column_text]<\/p>\n<h1 style=\"text-align: center;\">Rehabilitacja i zabiegi estetyczne<\/h1>\n<h2 style=\"text-align: center;\">Szeroki zakres us\u0142ug w zakresie fizykoterapii, estetyki medycznej i zabieg\u00f3w regeneracyjnych.<\/h2>\n<p>[\/vc_column_text][vc_empty_space][vc_column_text]Regenesis Health Travel d\u0105\u017cy do poprawy zdrowia i jako\u015bci \u017cycia naszych pacjent\u00f3w, oferuj\u0105c szeroki zakres us\u0142ug w zakresie fizykoterapii, estetyki medycznej i zabieg\u00f3w regeneracyjnych. Nasz zesp\u00f3\u0142 ekspert\u00f3w tworzy spersonalizowane plany leczenia dla unikalnych potrzeb ka\u017cdego pacjenta i zapewnia najwy\u017cszej jako\u015bci opiek\u0119 przy u\u017cyciu najnowszych technologii. [\/vc_column_text][\/vc_column][\/vc_row][vc_row][vc_column][vc_separator border_width=&#8221;3&#8243; css=&#8221;.vc_custom_1656337637411{padding-top: 25px !important;padding-bottom: 25px !important;}&#8221;][\/vc_column][\/vc_row][vc_row][vc_column][vc_column_text]<\/p>\n<h2 style=\"text-align: center;\">Nasze us\u0142ugi w zakresie rehabilitacji i zabieg\u00f3w estetycznych<\/h2>\n<p>[\/vc_column_text][\/vc_column][\/vc_row][vc_row content_placement=&#8221;middle&#8221; css=&#8221;.vc_custom_1656340450390{padding-top: 33px !important;}&#8221;][vc_column width=&#8221;1\/2&#8243;][vc_column_text]<\/p>\n<div><b>Fizykoterapia i rehabilitacja<\/b><\/div>\n<p style=\"font-weight: 400;\">Nasz dzia\u0142 fizjoterapii i rehabilitacji oferuje szeroki zakres us\u0142ug terapeutycznych w celu zwi\u0119kszenia mobilno\u015bci, zmniejszenia b\u00f3lu i poprawy jako\u015bci \u017cycia.<\/p>\n<ul style=\"font-weight: 400;\">\n<li><strong>Leczenie b\u00f3lu<\/strong>: Zapewniamy skuteczne rozwi\u0105zania w przypadku przewlek\u0142ego b\u00f3lu, w tym przepuklin dolnej cz\u0119\u015bci plec\u00f3w i szyi oraz choroby zwyrodnieniowej staw\u00f3w.<\/li>\n<li><strong>Rehabilitacja ortopedyczna<\/strong>: Pomagamy w powrocie do zdrowia po naderwaniu \u0142\u0105kotki, urazach wi\u0119zade\u0142, naderwaniu barku i \u0142okciu tenisisty.<\/li>\n<li><strong>Urazy sportowe<\/strong>: Nasz zesp\u00f3\u0142 ekspert\u00f3w jest tutaj, aby wspiera\u0107 Ci\u0119 w powrocie do zdrowia po urazach sportowych.<\/li>\n<li><strong>Choroby reumatyczne<\/strong>: Zapewniamy wsparcie w leczeniu chor\u00f3b reumatycznych, takich jak reumatoidalne zapalenie staw\u00f3w i zesztywniaj\u0105ce zapalenie staw\u00f3w kr\u0119gos\u0142upa.<\/li>\n<li><strong>Choroba zwyrodnieniowa staw\u00f3w<\/strong>: Oferujemy zabiegi maj\u0105ce na celu zmniejszenie b\u00f3lu i zwi\u0119kszenie mobilno\u015bci os\u00f3b cierpi\u0105cych na chorob\u0119 zwyrodnieniow\u0105 staw\u00f3w.<\/li>\n<li><strong>Rehabilitacja neurologiczna<\/strong>: Zapewniamy specjalistyczne wsparcie w zakresie rehabilitacji schorze\u0144 neurologicznych, takich jak udar, stwardnienie rozsiane i choroba Parkinsona.<\/li>\n<li><strong>Skolioza<\/strong>: Oferujemy specjalistyczne programy leczenia koryguj\u0105ce skrzywienie kr\u0119gos\u0142upa u pacjent\u00f3w ze skolioz\u0105.<\/li>\n<\/ul>\n<p>[\/vc_column_text][\/vc_column][vc_column width=&#8221;1\/2&#8243;][vc_single_image image=&#8221;17054&#8243; img_size=&#8221;&#8221; alignment=&#8221;center&#8221; css_animation=&#8221;fadeInRight&#8221;][\/vc_column][\/vc_row][vc_row][vc_column][vc_separator css=&#8221;.vc_custom_1656337847227{padding-top: 25px !important;padding-bottom: 25px !important;}&#8221;][\/vc_column][\/vc_row][vc_row content_placement=&#8221;middle&#8221;][vc_column width=&#8221;1\/2&#8243;][vc_single_image image=&#8221;17060&#8243; img_size=&#8221;&#8221; alignment=&#8221;center&#8221; css_animation=&#8221;fadeInLeft&#8221;][\/vc_column][vc_column width=&#8221;1\/2&#8243;][vc_column_text]<\/p>\n<div><b>Estetyka medyczna<\/b><\/div>\n<p style=\"font-weight: 400;\">Nasz dzia\u0142 estetyki medycznej oferuje r\u00f3\u017cne niechirurgiczne zabiegi estetyczne, kt\u00f3re odm\u0142adzaj\u0105 i od\u015bwie\u017caj\u0105 wygl\u0105d.<\/p>\n<ul style=\"font-weight: 400;\">\n<li><strong>Botox<\/strong>: Redukuje zmarszczki, nadaj\u0105c sk\u00f3rze bardziej m\u0142odzie\u0144czy wygl\u0105d.<\/li>\n<li><strong>Wype\u0142niacze<\/strong>: Poprawiaj\u0105 kontury twarzy i przywracaj\u0105 utracon\u0105 obj\u0119to\u015b\u0107 sk\u00f3ry.<\/li>\n<li><strong>Mezoterapia<\/strong>: Odm\u0142adza sk\u00f3r\u0119 za pomoc\u0105 zastrzyk\u00f3w witamin i minera\u0142\u00f3w.<\/li>\n<li><strong>Szczepionki m\u0142odo\u015bci<\/strong>: Zwi\u0119ksza elastyczno\u015b\u0107 sk\u00f3ry, zapewniaj\u0105c jej m\u0142odzie\u0144czy wygl\u0105d.<\/li>\n<li><strong>Plexr Plasma<\/strong>: Niechirurgiczny zabieg usuwaj\u0105cy zwiotczenia i zmarszczki sk\u00f3ry.<\/li>\n<li><strong>Odm\u0142adzanie sk\u00f3ry<\/strong>: Wyr\u00f3wnuje koloryt sk\u00f3ry, redukuje przebarwienia i blizny oraz odm\u0142adza sk\u00f3r\u0119.<\/li>\n<li><strong>Usuwanie pieprzyk\u00f3w<\/strong>: Niechirurgiczne usuwanie pieprzyk\u00f3w na sk\u00f3rze.<\/li>\n<\/ul>\n<p>[\/vc_column_text][\/vc_column][\/vc_row][vc_row][vc_column][vc_separator css=&#8221;.vc_custom_1656337847227{padding-top: 25px !important;padding-bottom: 25px !important;}&#8221;][\/vc_column][\/vc_row][vc_row content_placement=&#8221;middle&#8221;][vc_column width=&#8221;1\/2&#8243;][vc_column_text]<\/p>\n<div><b>Zabiegi regeneracyjne i uzupe\u0142niaj\u0105ce<\/b><\/div>\n<p style=\"font-weight: 400;\">Nasz dzia\u0142 zabieg\u00f3w regeneracyjnych i uzupe\u0142niaj\u0105cych oferuje terapie, kt\u00f3re odtruwaj\u0105 i odnawiaj\u0105 kom\u00f3rki, zapewniaj\u0105c ulg\u0119 w b\u00f3lu i korzy\u015bci przeciwstarzeniowe.<\/p>\n<ul style=\"font-weight: 400;\">\n<li><strong>Egzosomy kom\u00f3rek macierzystych<\/strong>: Wspomaga regeneracj\u0119 kom\u00f3rek, prowadz\u0105c do m\u0142odszego wygl\u0105du sk\u00f3ry.<\/li>\n<li><strong>Zabiegi na twarz i w\u0142osy<\/strong>: Poprawia i odm\u0142adza zdrowie sk\u00f3ry i w\u0142os\u00f3w.<\/li>\n<li><strong>Kom\u00f3rki macierzyste z t\u0142uszczu brzusznego<\/strong>: Wykorzystuje kom\u00f3rki macierzyste pochodz\u0105ce z tkanki t\u0142uszczowej do zabieg\u00f3w regeneracyjnych.<\/li>\n<li><strong>Kom\u00f3rki macierzyste ze sk\u00f3ry za uchem<\/strong>: Przeprowadza zabiegi regeneracji sk\u00f3ry z wykorzystaniem kom\u00f3rek macierzystych.<\/li>\n<li><strong>Akupunktura<\/strong>: R\u00f3wnowa\u017cy energi\u0119 cia\u0142a i zmniejsza b\u00f3l dzi\u0119ki tradycyjnym technikom medycyny chi\u0144skiej.<\/li>\n<li><strong>Terapia ozonowa<\/strong>: Wspomaga regeneracj\u0119 kom\u00f3rek i detoksykacj\u0119 za pomoc\u0105 ozonu.<\/li>\n<li><strong>Prolotherapy<\/strong>: Przyspiesza gojenie s\u0142abych i uszkodzonych tkanek poprzez terapi\u0119 iniekcyjn\u0105.<\/li>\n<li><strong>Terapia ba\u0144kami<\/strong>: Zapewnia zdrowie i relaks poprzez eliminacj\u0119 toksyn z organizmu za pomoc\u0105 tradycyjnych metod.<\/li>\n<li><strong>Do\u017cylne terapie witaminowe i wspomagaj\u0105ce<\/strong>: Poprawia og\u00f3lny stan zdrowia poprzez bezpo\u015brednie podawanie witamin i minera\u0142\u00f3w do krwiobiegu.<\/li>\n<li><strong>NAD, koktajl Myersa, glutation, do\u017cylna witamina C<\/strong>: Oferuje zabiegi do\u017cylne w celu poprawy zdrowia kom\u00f3rek i poziomu energii.<\/li>\n<\/ul>\n<p>[\/vc_column_text][\/vc_column][vc_column width=&#8221;1\/2&#8243;][vc_single_image image=&#8221;17066&#8243; img_size=&#8221;&#8221; alignment=&#8221;center&#8221; css_animation=&#8221;fadeInRight&#8221;][\/vc_column][\/vc_row][vc_row][vc_column][vc_separator border_width=&#8221;3&#8243; css=&#8221;.vc_custom_1656337637411{padding-top: 25px !important;padding-bottom: 25px !important;}&#8221;][\/vc_column][\/vc_row][vc_row][vc_column][vc_column_text]<\/p>\n<h2 style=\"text-align: center;\">Nasz zesp\u00f3\u0142<\/h2>\n<p>[\/vc_column_text][\/vc_column][\/vc_row][vc_row css=&#8221;.vc_custom_1656338660405{padding-top: 66px !important;padding-bottom: 66px !important;}&#8221;][vc_column width=&#8221;1\/3&#8243;][\/vc_column][vc_column width=&#8221;1\/3&#8243;]<div class=\"mkdf-team info-bellow\">\n\t<div class=\"mkdf-team-inner\">\n\t\t\t\t\t<div class=\"mkdf-team-image\">\n                <a itemprop=\"url\" href=\"https:\/\/regenesishealth.co.uk\/team-member\/elif-eren\/\">\n                    <img loading=\"lazy\" decoding=\"async\" width=\"1400\" height=\"1400\" src=\"https:\/\/regenesishealth.co.uk\/wp-content\/uploads\/2024\/01\/Elif-Eren.png\" class=\"attachment-full size-full wp-post-image\" alt=\"\" srcset=\"https:\/\/regenesishealth.co.uk\/wp-content\/uploads\/2024\/01\/Elif-Eren.png 1400w, https:\/\/regenesishealth.co.uk\/wp-content\/uploads\/2024\/01\/Elif-Eren-300x300.png 300w, https:\/\/regenesishealth.co.uk\/wp-content\/uploads\/2024\/01\/Elif-Eren-100x100.png 100w, https:\/\/regenesishealth.co.uk\/wp-content\/uploads\/2024\/01\/Elif-Eren-600x600.png 600w, https:\/\/regenesishealth.co.uk\/wp-content\/uploads\/2024\/01\/Elif-Eren-1024x1024.png 1024w, https:\/\/regenesishealth.co.uk\/wp-content\/uploads\/2024\/01\/Elif-Eren-150x150.png 150w, https:\/\/regenesishealth.co.uk\/wp-content\/uploads\/2024\/01\/Elif-Eren-768x768.png 768w, https:\/\/regenesishealth.co.uk\/wp-content\/uploads\/2024\/01\/Elif-Eren-550x550.png 550w, https:\/\/regenesishealth.co.uk\/wp-content\/uploads\/2024\/01\/Elif-Eren-1100x1100.png 1100w\" sizes=\"(max-width: 1400px) 100vw, 1400px\" title=\"\">\t\t\t\t\t<div class=\"mkdf-circle-animate\"><\/div>\n\t\t\t\t\t<div class=\"mkdf-circle-icon\">\n\t\t\t\t\t\t<img decoding=\"async\" src=\"https:\/\/regenesishealth.co.uk\/wp-content\/uploads\/2022\/08\/clinic-assistant-icon.png\" class=\"icon\" alt=\"Doctor Icon\" title=\"\">\n\t\t\t\t\t<\/div>\n\t\t\t\t\t<div class=\"mkdf-circle-icon-hidden\">\n\t\t\t\t\t\t<img decoding=\"async\" src=\"https:\/\/regenesishealth.co.uk\/wp-content\/uploads\/2022\/08\/clinic-assistant-icon.png\" class=\"icon\" alt=\"Doctor Icon\" title=\"\">\n\t\t\t\t\t<\/div>\n\t\t\t\t<\/a>\n\t\t\t<\/div>\n\t\t\t\t<div class=\"mkdf-team-info\">\n            <div class=\"mkdf-team-title-holder\">\n                <h5 itemprop=\"name\" class=\"mkdf-team-name entry-title\">\n                    <a itemprop=\"url\" href=\"https:\/\/regenesishealth.co.uk\/team-member\/elif-eren\/\">Dr. Elif Eren<\/a>\n                <\/h5>\n\n                                    <h6 class=\"mkdf-team-position\">Physiatrics and Rehabilitation, Medical Aesthetics, and Regenerative Medicine Specialist<\/h6>\n                            <\/div>\n\t\t\t\t\t\t<div class=\"mkdf-team-social-holder-between\">\n\t\t\t\t<div class=\"mkdf-team-social\">\n\t\t\t\t\t<div class=\"mkdf-team-social-inner\">\n\t\t\t\t\t\t<div class=\"mkdf-team-social-wrapp\">\n\t\t\t\t\t\t\t\t\t\t\t\t\t<\/div>\n\t\t\t\t\t<\/div>\n\t\t\t\t<\/div>\n\t\t\t<\/div>\n\t\t<\/div>\n\t<\/div>\n<\/div>[\/vc_column][vc_column width=&#8221;1\/3&#8243;][\/vc_column][\/vc_row][vc_row][vc_column][vc_separator border_width=&#8221;3&#8243; css=&#8221;.vc_custom_1656337637411{padding-top: 25px !important;padding-bottom: 25px !important;}&#8221;][\/vc_column][\/vc_row][vc_row content_placement=&#8221;middle&#8221; row_content_width=&#8221;grid&#8221; content_text_aligment=&#8221;center&#8221; css=&#8221;.vc_custom_1656423295595{padding-bottom: 66px !important;}&#8221;][vc_column width=&#8221;1\/4&#8243;][\/vc_column][vc_column css_animation=&#8221;bounceIn&#8221; width=&#8221;1\/2&#8243;][vc_column_text]<\/p>\n<h4 style=\"text-align: center;\">Skontaktuj si\u0119 z nami ju\u017c teraz i uzyskaj informacje na temat naszych najnowocze\u015bniejszych praktyk leczenia zgodnie z Twoimi potrzebami.<\/h4>\n<p>[\/vc_column_text][vc_empty_space]<a itemprop=\"url\" href=\"https:\/\/regenesishealth.co.uk\/contact-us\/\" target=\"_self\"  class=\"mkdf-btn mkdf-btn-medium mkdf-btn-solid mkdf-btn-solid-dark\"  >\n    <span class=\"mkdf-btn-text\">Skontaktuj si\u0119 z nami<\/span>\n    <span class=\"mkdf-btn-icon-holder\">\n        <span class=\"mkdf-btn-icon-normal\" ><\/span>\n        <span class=\"mkdf-btn-icon-flip\" ><\/span>\n    <\/span>\n<\/a>[\/vc_column][vc_column width=&#8221;1\/4&#8243;][\/vc_column][\/vc_row]<\/p>\n","protected":false},"excerpt":{"rendered":"<p>[vc_row full_width=&#8221;stretch_row_content_no_spaces&#8221; content_placement=&#8221;top&#8221; content_text_aligment=&#8221;center&#8221;][vc_column][vc_single_image image=&#8221;17047&#8243; img_size=&#8221;Full&#8221; alignment=&#8221;center&#8221;][\/vc_column][\/vc_row][vc_row css=&#8221;.vc_custom_1656337554913{padding-top: 93px !important;padding-bottom: 33px !important;}&#8221;][vc_column][vc_column_text] Rehabilitacja i zabiegi estetyczne Szeroki zakres us\u0142ug w zakresie fizykoterapii, estetyki medycznej i zabieg\u00f3w regeneracyjnych. [\/vc_column_text][vc_empty_space][vc_column_text]Regenesis Health Travel d\u0105\u017cy do poprawy zdrowia i jako\u015bci \u017cycia naszych pacjent\u00f3w, oferuj\u0105c [&hellip;]<\/p>\n","protected":false},"author":1,"featured_media":17051,"parent":0,"menu_order":0,"comment_status":"closed","ping_status":"closed","template":"","meta":{"footnotes":""},"class_list":["post-18829","page","type-page","status-publish","has-post-thumbnail","hentry"],"_links":{"self":[{"href":"https:\/\/regenesishealth.co.uk\/pl\/wp-json\/wp\/v2\/pages\/18829"}],"collection":[{"href":"https:\/\/regenesishealth.co.uk\/pl\/wp-json\/wp\/v2\/pages"}],"about":[{"href":"https:\/\/regenesishealth.co.uk\/pl\/wp-json\/wp\/v2\/types\/page"}],"author":[{"embeddable":true,"href":"https:\/\/regenesishealth.co.uk\/pl\/wp-json\/wp\/v2\/users\/1"}],"replies":[{"embeddable":true,"href":"https:\/\/regenesishealth.co.uk\/pl\/wp-json\/wp\/v2\/comments?post=18829"}],"version-history":[{"count":0,"href":"https:\/\/regenesishealth.co.uk\/pl\/wp-json\/wp\/v2\/pages\/18829\/revisions"}],"wp:featuredmedia":[{"embeddable":true,"href":"https:\/\/regenesishealth.co.uk\/pl\/wp-json\/wp\/v2\/media\/17051"}],"wp:attachment":[{"href":"https:\/\/regenesishealth.co.uk\/pl\/wp-json\/wp\/v2\/media?parent=18829"}],"curies":[{"name":"wp","href":"https:\/\/api.w.org\/{rel}","templated":true}]}}