{"id":18825,"date":"2020-10-15T16:54:04","date_gmt":"2020-10-15T15:54:04","guid":{"rendered":"https:\/\/regenesishealth.co.uk\/polityka-prywatnosci\/"},"modified":"2020-10-15T16:54:04","modified_gmt":"2020-10-15T15:54:04","slug":"polityka-prywatnosci","status":"publish","type":"page","link":"https:\/\/regenesishealth.co.uk\/pl\/polityka-prywatnosci\/","title":{"rendered":"Polityka prywatno\u015bci"},"content":{"rendered":"<p>[vc_row][vc_column][vc_column_text]<\/p>\n<h3 style=\"text-align: center;\"><b>POLITYKA PRYWATNO\u015aCI I POLITYKA COOKIES<\/b><\/h3>\n<p><b>OSTATNIA AKTUALIZACJA: 24 LIPCA 2023<\/b><\/p>\n<p>Prosimy o uwa\u017cne zapoznanie si\u0119 z niniejsz\u0105 Polityk\u0105 prywatno\u015bci i plik\u00f3w cookie (<b>&#8220;Polityka<\/b>&#8220;), poniewa\u017c zawiera ona istotne informacje o tym, w jaki spos\u00f3b b\u0119dziemy wykorzystywa\u0107 dane osobowe u\u017cytkownik\u00f3w.<\/p>\n<p>Do cel\u00f3w og\u00f3lnego rozporz\u0105dzenia o ochronie danych 2016\/679 i ustawy o ochronie danych z 2018 r., z p\u00f3\u017aniejszymi zmianami, 8 Bridge Street, Old Red Lion Court, Stratford-Upon-Avon, Anglia, CV37 6AB (<b>&#8220;my<\/b>&#8221; lub<b>&#8220;nas&#8221;<\/b>) jest <b>administratorem danych<\/b> (tj. firm\u0105, kt\u00f3ra jest odpowiedzialna za przetwarzanie danych osobowych u\u017cytkownika i kontroluje je).<\/p>\n<p><b>Dane osobowe, kt\u00f3re mo\u017cemy gromadzi\u0107 na temat u\u017cytkownika<\/b><\/p>\n<p>Uzyskamy dane osobowe u\u017cytkownika (takie jak imi\u0119 i nazwisko, adres e-mail, adres pocztowy i numer telefonu) za ka\u017cdym razem, gdy u\u017cytkownik wype\u0142ni formularz online.<\/p>\n<p>Na przyk\u0142ad, uzyskamy Twoje dane osobowe, gdy zarejestrujesz si\u0119, aby korzysta\u0107 z tej strony internetowej, wy\u015blesz nam opini\u0119, opublikujesz materia\u0142, skontaktujesz si\u0119 z nami z jakiegokolwiek powodu, zarejestrujesz si\u0119 w us\u0142udze i kupisz nasze us\u0142ugi. Nie b\u0119dziemy prosi\u0107 o podanie wra\u017cliwych danych osobowych. S\u0105 to: pochodzenie rasowe lub etniczne, pogl\u0105dy polityczne, przekonania religijne lub inne przekonania o podobnym charakterze, przynale\u017cno\u015b\u0107 do zwi\u0105zk\u00f3w zawodowych, stan zdrowia fizycznego lub psychicznego, \u017cycie seksualne, pope\u0142nienie lub domniemane pope\u0142nienie przez u\u017cytkownika jakiegokolwiek przest\u0119pstwa oraz wszelkie post\u0119powania w sprawie jakiegokolwiek przest\u0119pstwa pope\u0142nionego lub rzekomo pope\u0142nionego przez u\u017cytkownika, rozstrzygni\u0119cie takiego post\u0119powania lub wyrok s\u0105du w takim post\u0119powaniu.  <\/p>\n<p>Mo\u017cemy monitorowa\u0107 korzystanie z tej witryny przez u\u017cytkownika za pomoc\u0105 plik\u00f3w cookie i podobnych urz\u0105dze\u0144 \u015bledz\u0105cych. Mo\u017cemy na przyk\u0142ad monitorowa\u0107, ile razy u\u017cytkownik odwiedza witryn\u0119, kt\u00f3re strony odwiedza, dane o ruchu, dane o lokalizacji oraz nazw\u0119 domeny dostawcy us\u0142ug internetowych u\u017cytkownika. Informacje te pomagaj\u0105 nam stworzy\u0107 profil naszych u\u017cytkownik\u00f3w. Niekt\u00f3re z tych danych b\u0119d\u0105 zagregowane lub statystyczne, co oznacza, \u017ce nie b\u0119dziemy w stanie zidentyfikowa\u0107 u\u017cytkownika indywidualnie. Wi\u0119cej informacji na ten temat znajduje si\u0119 w sekcji <b>Korzystanie z plik\u00f3w cookie<\/b> poni\u017cej.    <\/p>\n<p>Czasami mo\u017cemy otrzymywa\u0107 informacje o u\u017cytkowniku z innych \u017ar\u00f3de\u0142 (takich jak nasi globalni przedstawiciele), kt\u00f3re dodamy do informacji, kt\u00f3re ju\u017c posiadamy o u\u017cytkowniku, aby pom\u00f3c nam ulepszy\u0107 i spersonalizowa\u0107 nasze us\u0142ugi dla u\u017cytkownika.<\/p>\n<p><b>Jak wykorzystujemy dane osobowe u\u017cytkownik\u00f3w<\/b><\/p>\n<p>B\u0119dziemy wykorzystywa\u0107 dane osobowe u\u017cytkownika do cel\u00f3w opisanych w informacji o ochronie danych przekazanej u\u017cytkownikowi w momencie uzyskania danych. Cele te obejmuj\u0105: <\/p>\n<ul>\n<li>aby pom\u00f3c nam zidentyfikowa\u0107 u\u017cytkownika i jego konta;<\/li>\n<li>administracja;<\/li>\n<li>badania, analiza statystyczna i analiza behawioralna;<\/li>\n<li>profilowanie klient\u00f3w i analizowanie preferencji zakupowych;<\/li>\n<li>marketing &#8211; patrz <b>Marketing i rezygnacja<\/b> poni\u017cej;<\/li>\n<li>zapobieganie oszustwom i ich wykrywanie;<\/li>\n<li>fakturowanie i realizacja zam\u00f3wie\u0144;<\/li>\n<li>dostosowanie tej witryny i jej zawarto\u015bci do konkretnych preferencji u\u017cytkownika;<\/li>\n<li>powiadamiania u\u017cytkownika o wszelkich zmianach na tej stronie internetowej lub w naszych us\u0142ugach, kt\u00f3re mog\u0105 mie\u0107 wp\u0142yw na u\u017cytkownika;<\/li>\n<li>weryfikacja bezpiecze\u0144stwa; oraz<\/li>\n<li>ulepszanie naszych us\u0142ug.<\/li>\n<\/ul>\n<p>Dost\u0119p do danych osobowych u\u017cytkownika maj\u0105 nasi pracownicy, przedstawiciele na ca\u0142ym \u015bwiecie, agenci i partnerzy biznesowi. Na pisemn\u0105 pro\u015bb\u0119 u\u017cytkownika jeste\u015bmy w stanie udost\u0119pni\u0107 mu dane naszych globalnych przedstawicieli, agent\u00f3w i partner\u00f3w biznesowych. Nasze dane kontaktowe znajduj\u0105 si\u0119 na ko\u0144cu niniejszego dokumentu.  <\/p>\n<p><b>Marketing i rezygnacja<\/b><\/p>\n<p>Mo\u017cemy udost\u0119pnia\u0107 dane osobowe u\u017cytkownika organizacjom b\u0119d\u0105cym naszymi partnerami biznesowymi, a oni lub my mo\u017cemy kontaktowa\u0107 si\u0119 z u\u017cytkownikiem (o ile u\u017cytkownik nie poprosi ich lub nas o to, aby tego nie robi\u0107) poczt\u0105, telefonicznie i poczt\u0105 elektroniczn\u0105 w sprawie naszych us\u0142ug, promocji i ofert specjalnych, kt\u00f3re mog\u0105 by\u0107 dla niego interesuj\u0105ce. U\u017cytkownik mo\u017ce w dowolnym momencie zrezygnowa\u0107 z otrzymywania dalszych wiadomo\u015bci w ramach marketingu bezpo\u015bredniego od naszych partner\u00f3w biznesowych lub od nas. Wi\u0119cej informacji na ten temat znajduje <b>si\u0119<\/b> poni\u017cej.  <\/p>\n<p><b>Ujawnianie danych osobowych u\u017cytkownika<\/b><\/p>\n<p>Mo\u017cemy ujawni\u0107 dane osobowe u\u017cytkownika do:<\/p>\n<ul>\n<li>inne firmy w naszej grupie;<\/li>\n<li>nasi agenci i dostawcy us\u0142ug (np. przedstawiciele globalni, dostawcy us\u0142ug hostingowych lub konserwacyjnych);<\/li>\n<li>organom \u015bcigania w zwi\u0105zku z dochodzeniem maj\u0105cym na celu zapobieganie bezprawnym dzia\u0142aniom; oraz<\/li>\n<li>nasi partnerzy biznesowi zgodnie z powy\u017csz\u0105 sekcj\u0105 dotycz\u0105c\u0105 <b>marketingu i rezygnacji<\/b> <\/li>\n<\/ul>\n<p><b>Zapewnienie bezpiecze\u0144stwa danych<\/b><\/p>\n<p>Stosujemy \u015brodki techniczne i organizacyjne w celu ochrony danych osobowych u\u017cytkownika; na przyk\u0142ad przechowujemy dane osobowe u\u017cytkownika na bezpiecznych serwerach.<\/p>\n<p>Chocia\u017c do\u0142o\u017cymy wszelkich stara\u0144, aby zabezpieczy\u0107 dane osobowe u\u017cytkownika, u\u017cytkownik przyjmuje do wiadomo\u015bci, \u017ce korzystanie z Internetu nie jest ca\u0142kowicie bezpieczne. Z tego powodu nie mo\u017cemy zagwarantowa\u0107 bezpiecze\u0144stwa ani integralno\u015bci jakichkolwiek danych osobowych przesy\u0142anych od u\u017cytkownika lub do u\u017cytkownika za po\u015brednictwem Internetu. <\/p>\n<p><b>Monitorowanie<\/b><\/p>\n<p>Mo\u017cemy monitorowa\u0107 i rejestrowa\u0107 komunikacj\u0119 z u\u017cytkownikiem (np. rozmowy telefoniczne i wiadomo\u015bci e-mail) w celu zapewnienia jako\u015bci, szkole\u0144, zapobiegania oszustwom i zgodno\u015bci z przepisami.<\/p>\n<p><b>Informacje o innych osobach<\/b><\/p>\n<p>Je\u015bli u\u017cytkownik przekazuje nam informacje w imieniu innej osoby, potwierdza, \u017ce ta osoba wyznaczy\u0142a go do dzia\u0142ania w jej imieniu i wyrazi\u0142a na to zgod\u0119:<\/p>\n<ul>\n<li>wyrazi\u0107 zgod\u0119 w swoim imieniu na przetwarzanie swoich danych osobowych;<\/li>\n<li>otrzymywa\u0107 w swoim imieniu wszelkie powiadomienia dotycz\u0105ce ochrony danych;<\/li>\n<li>wyrazi\u0107 zgod\u0119 na przekazanie swoich danych osobowych za granic\u0119; oraz<\/li>\n<li>wyrazi\u0107 zgod\u0119 na przetwarzanie swoich wra\u017cliwych danych osobowych.<\/li>\n<\/ul>\n<p><b>Korzystanie z plik\u00f3w cookie<\/b><\/p>\n<p>Plik cookie to niewielki plik tekstowy umieszczany na komputerze u\u017cytkownika (lub innym urz\u0105dzeniu elektronicznym) podczas odwiedzania naszej witryny internetowej. U\u017cywamy plik\u00f3w cookie na tej stronie, aby: <\/p>\n<ul>\n<li>rozpoznawanie u\u017cytkownika za ka\u017cdym razem, gdy odwiedza t\u0119 witryn\u0119 (przyspiesza to dost\u0119p do witryny);<\/li>\n<li>uzyskiwania informacji o preferencjach u\u017cytkownika, jego zachowaniach online i korzystaniu z Internetu;<\/li>\n<li>przeprowadzania bada\u0144 i analiz statystycznych w celu ulepszania naszych tre\u015bci i us\u0142ug oraz lepszego zrozumienia wymaga\u0144 i zainteresowa\u0144 naszych klient\u00f3w; oraz<\/li>\n<li>skuteczniejsze kierowanie naszych kampanii marketingowych i reklamowych oraz kampanii naszych partner\u00f3w poprzez dostarczanie reklam opartych na zainteresowaniach, kt\u00f3re s\u0105 spersonalizowane pod k\u0105tem zainteresowa\u0144 u\u017cytkownika; oraz<\/li>\n<li>sprawiaj\u0105, \u017ce korzystanie z Internetu jest bardziej wydajne i przyjemne.<\/li>\n<\/ul>\n<p>Informacje, kt\u00f3re uzyskujemy w wyniku korzystania z plik\u00f3w cookie, zazwyczaj nie zawieraj\u0105 danych osobowych u\u017cytkownika, chocia\u017c mo\u017cemy uzyska\u0107 informacje o jego komputerze lub innych urz\u0105dzeniach elektronicznych, takie jak adres IP, przegl\u0105darka i\/lub inne informacje z dziennika internetowego. Zazwyczaj nie identyfikuj\u0105 one u\u017cytkownika osobi\u015bcie. W pewnych okoliczno\u015bciach mo\u017cemy gromadzi\u0107 dane osobowe u\u017cytkownika &#8211; ale tylko wtedy, gdy u\u017cytkownik dobrowolnie je poda (np. wype\u0142niaj\u0105c formularz online) lub gdy zakupi od nas us\u0142ugi<b>.<\/b>  <\/p>\n<p>W wi\u0119kszo\u015bci przypadk\u00f3w do korzystania z plik\u00f3w cookie w tej witrynie potrzebna jest zgoda u\u017cytkownika. Wyj\u0105tkiem jest sytuacja, w kt\u00f3rej plik cookie jest niezb\u0119dny do \u015bwiadczenia \u017c\u0105danej us\u0142ugi. <\/p>\n<p><b>Zgoda (powiadomienie na stronie g\u0142\u00f3wnej)<\/b><\/p>\n<p>Na naszej stronie g\u0142\u00f3wnej znajduje si\u0119 powiadomienie, kt\u00f3re opisuje, w jaki spos\u00f3b u\u017cywamy plik\u00f3w cookie i zawiera link do naszej Polityki prywatno\u015bci i Polityki plik\u00f3w cookie. Je\u015bli u\u017cytkownik korzysta z tej witryny po wy\u015bwietleniu mu tego powiadomienia, zak\u0142adamy, \u017ce wyra\u017ca zgod\u0119 na korzystanie przez nas z plik\u00f3w cookie w celach opisanych w niniejszej Polityce prywatno\u015bci i polityce plik\u00f3w cookie. <\/p>\n<p><b>Pliki cookie stron trzecich<\/b><\/p>\n<p>Wsp\u00f3\u0142pracujemy z dostawcami zewn\u0119trznymi, kt\u00f3rzy r\u00f3wnie\u017c mog\u0105 ustawia\u0107 pliki cookie na naszej stronie internetowej, na przyk\u0142ad Facebook, Twitter, Instagram, YouTube i Adobe Flashplayer, kt\u00f3rych u\u017cywamy do wy\u015bwietlania tre\u015bci wideo. Ci zewn\u0119trzni dostawcy s\u0105 odpowiedzialni za pliki cookie, kt\u00f3re ustawiaj\u0105 na naszej stronie. Aby uzyska\u0107 wi\u0119cej informacji, nale\u017cy przej\u015b\u0107 do strony internetowej odpowiedniego podmiotu zewn\u0119trznego.  <\/p>\n<p><b>Jak wy\u0142\u0105czy\u0107 pliki cookie<\/b><\/p>\n<p>Je\u015bli u\u017cytkownik nie chce akceptowa\u0107 plik\u00f3w cookie, mo\u017ce zmieni\u0107 ustawienia przegl\u0105darki tak, aby pliki cookie nie by\u0142y akceptowane. W takim przypadku nale\u017cy pami\u0119ta\u0107, \u017ce niekt\u00f3re funkcje tej witryny mog\u0105 zosta\u0107 utracone. Wi\u0119cej informacji na temat plik\u00f3w cookie i sposob\u00f3w ich wy\u0142\u0105czania mo\u017cna znale\u017a\u0107 na stronie www.aboutcookies.org lub www.allaboutcookies.org.  <\/p>\n<p><b>Przekazywanie danych osobowych poza EOG<\/b><\/p>\n<p>Zapisuj\u0105c si\u0119 do naszego newslettera, cz\u0142onkostwa na tej stronie, przesy\u0142aj\u0105c formularz lub udost\u0119pniaj\u0105c swoje dane osobowe podczas kontaktu z nami, zgadzasz si\u0119, \u017ce mo\u017cemy przekazywa\u0107 Twoje dane osobowe do kraj\u00f3w spoza Europejskiego Obszaru Gospodarczego. Zapewniamy, \u017ce zawsze zapewnimy, \u017ce ka\u017cdy transfer podlega odpowiednim \u015brodkom bezpiecze\u0144stwa w celu ochrony danych osobowych. <\/p>\n<p><b>Twoje prawa<\/b><\/p>\n<p>U\u017cytkownik ma prawo, pod warunkiem uiszczenia niewielkiej op\u0142aty (obecnie 10 GBP), za\u017c\u0105da\u0107 dost\u0119pu do danych osobowych, kt\u00f3re mo\u017cemy przetwarza\u0107 na jego temat. Aby skorzysta\u0107 z tego prawa, nale\u017cy: <\/p>\n<ul>\n<li>z\u0142o\u017cy\u0107 wniosek na pi\u015bmie;<\/li>\n<li>do\u0142\u0105czy\u0107 dow\u00f3d to\u017csamo\u015bci i adres (np. kopi\u0119 prawa jazdy lub paszportu oraz aktualny rachunek za media lub kart\u0119 kredytow\u0105);<\/li>\n<li>przela\u0107 kwot\u0119 10 GBP na nasze konto bankowe, kt\u00f3re podamy na pi\u015bmie; oraz<\/li>\n<li>okre\u015bli\u0107 dane osobowe, do kt\u00f3rych u\u017cytkownik chce uzyska\u0107 dost\u0119p, w tym, w stosownych przypadkach, numery kont lub numery referencyjne.<\/li>\n<\/ul>\n<p>U\u017cytkownik ma prawo za\u017c\u0105da\u0107 od nas bezp\u0142atnego poprawienia wszelkich nie\u015bcis\u0142o\u015bci w jego danych. Je\u015bli u\u017cytkownik chce skorzysta\u0107 z tego prawa, powinien: <\/p>\n<ul>\n<li>z\u0142o\u017cy\u0107 wniosek na pi\u015bmie;<\/li>\n<li>przekaza\u0107 nam informacje wystarczaj\u0105ce do zidentyfikowania u\u017cytkownika (np. numer konta, nazw\u0119 u\u017cytkownika, dane rejestracyjne); oraz<\/li>\n<li>okre\u015bli\u0107, kt\u00f3re informacje s\u0105 nieprawid\u0142owe i czym nale\u017cy je zast\u0105pi\u0107.<\/li>\n<\/ul>\n<p>U\u017cytkownik ma r\u00f3wnie\u017c prawo poprosi\u0107 nas o zaprzestanie przetwarzania jego danych osobowych do cel\u00f3w marketingu bezpo\u015bredniego. Aby skorzysta\u0107 z tego prawa, nale\u017cy: <\/p>\n<ul>\n<li>z\u0142o\u017cy\u0107 pisemn\u0105 pro\u015bb\u0119 (dopuszczalna jest wiadomo\u015b\u0107 e-mail wys\u0142ana na adres <a href=\"mailto:info@regenesishealth.co.uk\">info@regenesishealth.co.uk<\/a> z nag\u0142\u00f3wkiem o tre\u015bci &#8220;Zrezygnuj z subskrypcji&#8221;);<\/li>\n<li>przekaza\u0107 nam informacje wystarczaj\u0105ce do zidentyfikowania u\u017cytkownika (np. numer konta, nazw\u0119 u\u017cytkownika, dane rejestracyjne); oraz<\/li>\n<li>je\u015bli sprzeciw nie dotyczy og\u00f3lnie marketingu bezpo\u015bredniego, ale marketingu bezpo\u015bredniego za po\u015brednictwem okre\u015blonego kana\u0142u (np. e-mail lub telefon), nale\u017cy okre\u015bli\u0107 kana\u0142, kt\u00f3rego dotyczy sprzeciw.<\/li>\n<\/ul>\n<p>U\u017cytkownik ma prawo za\u017c\u0105da\u0107 od nas trwa\u0142ego usuni\u0119cia jego danych osobowych. Je\u015bli chcesz skorzysta\u0107 z tego prawa, powiniene\u015b: <\/p>\n<ul>\n<li>z\u0142o\u017cy\u0107 wniosek na pi\u015bmie (dopuszczalna jest wiadomo\u015b\u0107 e-mail wys\u0142ana na adres <a href=\"mailto:info@vialight.co.uk\">info@regenesishealth.co.uk<\/a> z nag\u0142\u00f3wkiem &#8220;Usu\u0144 moje dane osobowe&#8221;).<\/li>\n<\/ul>\n<p><b>Nasze dane kontaktowe<\/b><\/p>\n<p>Czekamy na opinie i pytania. Je\u015bli chcesz si\u0119 z nami skontaktowa\u0107, prosimy; <\/p>\n<p>wy\u015blij wiadomo\u015b\u0107 e-mail na adres <a href=\"mailto:info@vialight.co.uk\">info@regenesishealth.co.uk<\/a> lub<span class=\"Apple-converted-space\"> <\/span><\/p>\n<p>Mo\u017cna do nas napisa\u0107 na adres 8 Bridge Street, Old Red Lion Court, Stratford-Upon-Avon, England, CV37 6AB<span class=\"Apple-converted-space\">  <\/span>lub<span class=\"Apple-converted-space\"> <\/span><\/p>\n<p>zadzwo\u0144 do nas pod numer +44 1789296561.<\/p>\n<p>Od czasu do czasu mo\u017cemy zmienia\u0107 niniejsze zasady. Nale\u017cy od czasu do czasu sprawdza\u0107 niniejsz\u0105 polityk\u0119, aby upewni\u0107 si\u0119, \u017ce znana jest najnowsza wersja, kt\u00f3ra b\u0119dzie obowi\u0105zywa\u0107 przy ka\u017cdym wej\u015bciu na t\u0119 stron\u0119 internetow\u0105. <\/p>\n<p>[\/vc_column_text][vc_empty_space height=&#8221;64px&#8221;][\/vc_column][\/vc_row]<\/p>","protected":false},"excerpt":{"rendered":"<p>[vc_row][vc_column][vc_column_text] POLITYKA PRYWATNO\u015aCI I POLITYKA COOKIES OSTATNIA AKTUALIZACJA: 24 LIPCA 2023 Prosimy o uwa\u017cne zapoznanie si\u0119 z niniejsz\u0105 Polityk\u0105 prywatno\u015bci i plik\u00f3w cookie (&#8220;Polityka&#8220;), poniewa\u017c zawiera ona istotne informacje o tym, w jaki spos\u00f3b b\u0119dziemy wykorzystywa\u0107 dane osobowe u\u017cytkownik\u00f3w. Do [&hellip;]<\/p>\n","protected":false},"author":1,"featured_media":0,"parent":0,"menu_order":0,"comment_status":"closed","ping_status":"open","template":"","meta":{"footnotes":""},"class_list":["post-18825","page","type-page","status-publish","hentry"],"_links":{"self":[{"href":"https:\/\/regenesishealth.co.uk\/pl\/wp-json\/wp\/v2\/pages\/18825"}],"collection":[{"href":"https:\/\/regenesishealth.co.uk\/pl\/wp-json\/wp\/v2\/pages"}],"about":[{"href":"https:\/\/regenesishealth.co.uk\/pl\/wp-json\/wp\/v2\/types\/page"}],"author":[{"embeddable":true,"href":"https:\/\/regenesishealth.co.uk\/pl\/wp-json\/wp\/v2\/users\/1"}],"replies":[{"embeddable":true,"href":"https:\/\/regenesishealth.co.uk\/pl\/wp-json\/wp\/v2\/comments?post=18825"}],"version-history":[{"count":0,"href":"https:\/\/regenesishealth.co.uk\/pl\/wp-json\/wp\/v2\/pages\/18825\/revisions"}],"wp:attachment":[{"href":"https:\/\/regenesishealth.co.uk\/pl\/wp-json\/wp\/v2\/media?parent=18825"}],"curies":[{"name":"wp","href":"https:\/\/api.w.org\/{rel}","templated":true}]}}