{"id":18754,"date":"2023-10-26T15:52:35","date_gmt":"2023-10-26T14:52:35","guid":{"rendered":"https:\/\/regenesishealth.co.uk\/warunki-uzytkowania\/"},"modified":"2023-10-26T15:52:35","modified_gmt":"2023-10-26T14:52:35","slug":"warunki-uzytkowania","status":"publish","type":"page","link":"https:\/\/regenesishealth.co.uk\/pl\/warunki-uzytkowania\/","title":{"rendered":"Warunki u\u017cytkowania"},"content":{"rendered":"<h3 style=\"text-align: center;\">WARUNKI U\u017bYTKOWANIA<\/h3>\n<p><b>OSTATNIA AKTUALIZACJA: 24 LIPCA 2023<\/b><\/p>\n<ol>\n<li>Regenesis Health Travel Ltd jest w\u0142a\u015bcicielem i operatorem niniejszej strony internetowej<b>(Strony<\/b>).<\/li>\n<li>Korzystanie z Witryny podlega niniejszym Warunkom u\u017cytkowania. Korzystanie z Witryny jest r\u00f3wnoznaczne z akceptacj\u0105 i wyra\u017ceniem zgody na przestrzeganie niniejszych Warunk\u00f3w u\u017cytkowania. Od czasu do czasu mo\u017cemy wprowadza\u0107 zmiany w niniejszych Warunkach u\u017cytkowania. Mo\u017cemy powiadomi\u0107 u\u017cytkownika o takich zmianach w dowolny uzasadniony spos\u00f3b, w tym poprzez opublikowanie zmienionej wersji niniejszych Warunk\u00f3w u\u017cytkowania w Witrynie. U\u017cytkownik mo\u017ce ustali\u0107, kiedy ostatnio zmienili\u015bmy niniejsze Warunki u\u017cytkowania, odwo\u0142uj\u0105c si\u0119 do powy\u017cszego o\u015bwiadczenia &#8220;Ostatnia aktualizacja&#8221;. Korzystanie przez u\u017cytkownika z Witryny po wprowadzeniu zmian do niniejszych Warunk\u00f3w u\u017cytkowania b\u0119dzie oznacza\u0107 akceptacj\u0119 tych zmian.     <\/li>\n<li>U\u017cytkownik jest odpowiedzialny za wszelki dost\u0119p do Witryny przy u\u017cyciu swojego po\u0142\u0105czenia internetowego, nawet je\u015bli dost\u0119p jest uzyskiwany przez inn\u0105 osob\u0119.<\/li>\n<li>Zastrzegamy sobie prawo do ograniczenia dost\u0119pu u\u017cytkownika do Witryny lub jej cz\u0119\u015bci. Dost\u0119p do zastrze\u017conych obszar\u00f3w Witryny mo\u017ce podlega\u0107 rejestracji i innym warunkom. Je\u015bli udzielimy u\u017cytkownikowi pozwolenia na dost\u0119p do obszaru o ograniczonym dost\u0119pie, mo\u017cemy wycofa\u0107 to pozwolenie w dowolnym momencie (w tym w przypadku naruszenia przez u\u017cytkownika kt\u00f3regokolwiek z niniejszych Warunk\u00f3w u\u017cytkowania).  <\/li>\n<li>Do\u0142o\u017cymy wszelkich stara\u0144, aby zapewni\u0107 sta\u0142\u0105 dost\u0119pno\u015b\u0107 Witryny. Nie mo\u017cemy jednak zagwarantowa\u0107, \u017ce Witryna lub jakakolwiek pojedyncza funkcja lub cecha Witryny b\u0119dzie zawsze dost\u0119pna i\/lub wolna od b\u0142\u0119d\u00f3w. W szczeg\u00f3lno\u015bci Witryna mo\u017ce by\u0107 niedost\u0119pna w okresach, w kt\u00f3rych wdra\u017camy aktualizacje lub przeprowadzamy niezb\u0119dne prace konserwacyjne w Witrynie.  <\/li>\n<li>Prawa w\u0142asno\u015bci intelektualnej do Witryny i wszystkich udost\u0119pnionych na niej tekst\u00f3w, zdj\u0119\u0107, film\u00f3w i innych tre\u015bci nale\u017c\u0105 do nas i naszych licencjodawc\u00f3w. U\u017cytkownik nie mo\u017ce drukowa\u0107 ani w inny spos\u00f3b kopiowa\u0107 takich tre\u015bci bez naszej uprzedniej wyra\u017anej zgody. <\/li>\n<li>Udost\u0119pniamy Witryn\u0119 na zasadzie &#8220;tak jak jest&#8221; i nie sk\u0142adamy \u017cadnych o\u015bwiadcze\u0144 co do jako\u015bci, kompletno\u015bci lub dok\u0142adno\u015bci jakichkolwiek tre\u015bci udost\u0119pnianych w Witrynie. W maksymalnym zakresie dozwolonym przez prawo wyra\u017anie wykluczamy: \n<ol>\n<li>wszystkie warunki, gwarancje i inne postanowienia, kt\u00f3re mog\u0105 by\u0107 w inny spos\u00f3b dorozumiane przez prawo do niniejszych Warunk\u00f3w u\u017cytkowania; oraz<\/li>\n<li>wszelkiej odpowiedzialno\u015bci wobec u\u017cytkownika, wynikaj\u0105cej z niniejszych Warunk\u00f3w u\u017cytkowania lub w inny spos\u00f3b, w zwi\u0105zku z korzystaniem z Witryny przez u\u017cytkownika.<\/li>\n<\/ol>\n<\/li>\n<\/ol>\n<p>Powy\u017csze stanowi kompleksowe ograniczenie odpowiedzialno\u015bci, kt\u00f3re ma zastosowanie do wszystkich szk\u00f3d wszelkiego rodzaju, w tym (bez ogranicze\u0144) szk\u00f3d odszkodowawczych, bezpo\u015brednich, po\u015brednich lub wynikowych, utraty danych, dochodu lub zysku, utraty lub uszkodzenia mienia oraz roszcze\u0144 os\u00f3b trzecich. Niezale\u017cnie od powy\u017cszego, \u017cadne z postanowie\u0144 niniejszych Warunk\u00f3w u\u017cytkowania nie ma na celu wy\u0142\u0105czenia lub ograniczenia jakiejkolwiek odpowiedzialno\u015bci, kt\u00f3ra zgodnie z prawem nie mo\u017ce zosta\u0107 wy\u0142\u0105czona lub ograniczona. W szczeg\u00f3lno\u015bci \u017cadne z wy\u0142\u0105cze\u0144 i ogranicze\u0144 zawartych w niniejszej klauzuli nie ma na celu ograniczenia jakichkolwiek praw przys\u0142uguj\u0105cych u\u017cytkownikowi jako konsumentowi na mocy lokalnego prawa lub innych praw ustawowych, kt\u00f3re nie mog\u0105 zosta\u0107 wy\u0142\u0105czone, ani w \u017caden spos\u00f3b nie wy\u0142\u0105cza ani nie ogranicza odpowiedzialno\u015bci wobec u\u017cytkownika za \u015bmier\u0107 lub obra\u017cenia cia\u0142a wynikaj\u0105ce z zaniedbania przez nas lub naszych pracownik\u00f3w lub agent\u00f3w.  <\/p>\n<ol start=\"8\">\n<li>Zezwolenie na korzystanie z Witryny jest osobiste i niezbywalne, a u\u017cytkownik nie mo\u017ce korzysta\u0107 z Witryny w celach komercyjnych. Korzystanie z Witryny przez u\u017cytkownika jest uwarunkowane przestrzeganiem przez niego zasad post\u0119powania okre\u015blonych w niniejszych Warunkach u\u017cytkowania i u\u017cytkownik zgadza si\u0119, \u017ce nie b\u0119dzie: \n<ol>\n<li>korzysta\u0107 z Witryny w jakimkolwiek oszuka\u0144czym lub niezgodnym z prawem celu;<\/li>\n<li>wykorzystywa\u0107 Witryny do znies\u0142awiania, zn\u0119cania si\u0119, n\u0119kania, prze\u015bladowania, gro\u017cenia lub naruszania w inny spos\u00f3b praw innych os\u00f3b, w tym mi\u0119dzy innymi prawa do prywatno\u015bci lub prawa do wizerunku innych os\u00f3b;<\/li>\n<li>podszywa\u0107 si\u0119 pod jak\u0105kolwiek osob\u0119 lub podmiot, fa\u0142szywie podawa\u0107 lub w inny spos\u00f3b fa\u0142szywie przedstawia\u0107 swoje powi\u0105zania z jak\u0105kolwiek osob\u0105 lub podmiotem w zwi\u0105zku z Witryn\u0105; ani wyra\u017ca\u0107 lub sugerowa\u0107, \u017ce popieramy jakiekolwiek o\u015bwiadczenie z\u0142o\u017cone przez u\u017cytkownika;<\/li>\n<li>zak\u0142\u00f3cania lub przerywania dzia\u0142ania Witryny lub serwer\u00f3w lub sieci wykorzystywanych do udost\u0119pniania Witryny; lub naruszania jakichkolwiek wymaga\u0144, procedur, zasad lub przepis\u00f3w takich sieci;<\/li>\n<li>przesy\u0142a\u0107 lub w inny spos\u00f3b udost\u0119pnia\u0107 w zwi\u0105zku z Witryn\u0105 jakichkolwiek wirus\u00f3w, robak\u00f3w, koni troja\u0144skich lub innego kodu komputerowego, kt\u00f3ry jest szkodliwy lub inwazyjny lub mo\u017ce lub ma na celu uszkodzenie dzia\u0142ania lub monitorowanie korzystania z jakiegokolwiek sprz\u0119tu, oprogramowania lub wyposa\u017cenia;<\/li>\n<li>reprodukowa\u0107, powiela\u0107, kopiowa\u0107, sprzedawa\u0107, odsprzedawa\u0107 lub w inny spos\u00f3b wykorzystywa\u0107 w celach komercyjnych jakiejkolwiek cz\u0119\u015bci Witryny, korzystania z niej lub dost\u0119pu do niej;<\/li>\n<li>modyfikowa\u0107, dostosowywa\u0107, t\u0142umaczy\u0107, odtwarza\u0107 kodu \u017ar\u00f3d\u0142owego, dekompilowa\u0107 ani dezasemblowa\u0107 jakiejkolwiek cz\u0119\u015bci Witryny. Je\u015bli u\u017cytkownik chce dokona\u0107 in\u017cynierii wstecznej jakiejkolwiek cz\u0119\u015bci Witryny w celu utworzenia programu interoperacyjnego, musi skontaktowa\u0107 si\u0119 z nami. Mo\u017cemy udost\u0119pni\u0107 dane interfejsu pod warunkiem weryfikacji to\u017csamo\u015bci u\u017cytkownika i innych informacji;  <\/li>\n<li>usuwania jakichkolwiek informacji o prawach autorskich, znakach towarowych lub innych prawach w\u0142asno\u015bci z Witryny lub materia\u0142\u00f3w pochodz\u0105cych z Witryny;<\/li>\n<li>kadrowanie lub kopiowanie jakiejkolwiek cz\u0119\u015bci Witryny bez naszej wyra\u017anej uprzedniej pisemnej zgody;<\/li>\n<li>tworzenie bazy danych poprzez systematyczne pobieranie i przechowywanie zawarto\u015bci witryny;<\/li>\n<li>u\u017cywa\u0107 jakichkolwiek r\u0119cznych lub automatycznych urz\u0105dze\u0144 w jakikolwiek spos\u00f3b do gromadzenia zawarto\u015bci Witryny lub powielania lub obchodzenia struktury nawigacyjnej lub prezentacji Witryny bez naszej wyra\u017anej uprzedniej pisemnej zgody. Niezale\u017cnie od powy\u017cszego, udzielamy operatorom publicznych wyszukiwarek internetowych ograniczonego zezwolenia na korzystanie z aplikacji do wyszukiwania w celu reprodukcji materia\u0142\u00f3w z Witryny wy\u0142\u0105cznie w celu i wy\u0142\u0105cznie w zakresie niezb\u0119dnym do tworzenia publicznie dost\u0119pnych indeks\u00f3w takich materia\u0142\u00f3w wy\u0142\u0105cznie w zwi\u0105zku z publiczn\u0105 us\u0142ug\u0105 wyszukiwania online ka\u017cdego operatora. <\/li>\n<\/ol>\n<\/li>\n<\/ol>\n<p>Zastrzegamy sobie prawo do odwo\u0142ania tych wyj\u0105tk\u00f3w w spos\u00f3b og\u00f3lny lub w okre\u015blonych przypadkach.<\/p>\n<ol start=\"9\">\n<li>Witryna mo\u017ce zawiera\u0107 \u0142\u0105cza do innych witryn i zasob\u00f3w internetowych. Nie ponosimy odpowiedzialno\u015bci za takie zewn\u0119trzne witryny lub zasoby i nie popieramy ich. U\u017cytkownik korzysta z witryn i zasob\u00f3w stron trzecich na w\u0142asne ryzyko.  <\/li>\n<li>U\u017cytkownik mo\u017ce utworzy\u0107 \u0142\u0105cze do niniejszej Witryny pod warunkiem, \u017ce\n<ol>\n<li>link jest uczciwy i legalny i nie jest prezentowany w spos\u00f3b, kt\u00f3ry jest:\n<ol>\n<li>wprowadza\u0107 w b\u0142\u0105d lub sugerowa\u0107 jakikolwiek rodzaj powi\u0105zania, zatwierdzenia lub poparcia przez nas, kt\u00f3re nie istnieje, lub<\/li>\n<li>szkodliwe dla naszej reputacji lub reputacji kt\u00f3regokolwiek z naszych podmiot\u00f3w stowarzyszonych;<\/li>\n<\/ol>\n<\/li>\n<li>O ile nie wyrazimy na to pisemnej zgody, u\u017cytkownik nie mo\u017ce u\u017cywa\u0107 logo naszej Witryny na \u017cadnej platformie internetowej, takiej jak platformy medi\u00f3w spo\u0142eczno\u015bciowych lub jakakolwiek inna witryna.<\/li>\n<li>u\u017cytkownik zachowuje prawo i techniczn\u0105 mo\u017cliwo\u015b\u0107 natychmiastowego usuni\u0119cia linku, gdy tylko zostanie o tym powiadomiony, na nasz\u0105 pro\u015bb\u0119;<\/li>\n<li>Link prowadzi do strony g\u0142\u00f3wnej tej Witryny pod nast\u0119puj\u0105cym adresem URL https:\/\/regenesishealth.co.uk\/<\/li>\n<li>\u0142\u0105cze nie spowoduje, \u017ce niniejsza Witryna lub jakakolwiek tre\u015b\u0107 w niej zawarta b\u0119dzie:\n<ol>\n<li>osadzone lub &#8220;obramowane&#8221; przez jak\u0105kolwiek inn\u0105 stron\u0119 internetow\u0105, lub<\/li>\n<li>wy\u015bwietlane w inny spos\u00f3b ni\u017c pierwotnie zamierzony przez nas.<\/li>\n<\/ol>\n<\/li>\n<\/ol>\n<\/li>\n<\/ol>\n<p>Zastrzegamy sobie prawo do za\u017c\u0105dania od u\u017cytkownika natychmiastowego usuni\u0119cia dowolnego \u0142\u0105cza do Witryny w dowolnym momencie, a u\u017cytkownik zgadza si\u0119, \u017ce niezw\u0142ocznie zastosuje si\u0119 do ka\u017cdego \u017c\u0105dania usuni\u0119cia przez nas takiego \u0142\u0105cza.<\/p>\n<ol start=\"11\">\n<li>Mo\u017cemy gromadzi\u0107 i wykorzystywa\u0107 informacje o u\u017cytkowniku zgodnie z nasz\u0105 Polityk\u0105 prywatno\u015bci i Polityk\u0105 plik\u00f3w cookie. Kopi\u0119 tych zasad mo\u017cna wy\u015bwietli\u0107, klikaj\u0105c tutaj. <\/li>\n<li>Niniejsze Warunki u\u017cytkowania obowi\u0105zuj\u0105 do momentu ich wypowiedzenia przez nas. Mo\u017cemy, w dowolnym czasie i z dowolnego powodu, zako\u0144czy\u0107 dost\u0119p u\u017cytkownika do Witryny lub korzystanie z niej. Je\u015bli zako\u0144czymy dost\u0119p u\u017cytkownika do Witryny, u\u017cytkownik nie b\u0119dzie mia\u0142 prawa do wnoszenia roszcze\u0144 przeciwko nam lub naszym podmiotom stowarzyszonym w zwi\u0105zku z takim zako\u0144czeniem. My i nasze podmioty stowarzyszone nie ponosimy odpowiedzialno\u015bci za zako\u0144czenie dost\u0119pu u\u017cytkownika do Witryny.   <\/li>\n<li>U\u017cytkownik nie mo\u017ce przekazywa\u0107 nam \u017cadnych informacji o sobie, je\u015bli nie uko\u0144czy\u0142 18 lat, ani o \u017cadnej innej osobie, kt\u00f3ra nie uko\u0144czy\u0142a 18 lat:\n<ol>\n<li>w wieku poni\u017cej 18 lat; lub<\/li>\n<li>je\u015bli maj\u0105 uko\u0144czone 18 lat, w przypadku gdy u\u017cytkownik nie otrzyma\u0142 ich uprzedniej pisemnej zgody na przekazanie nam informacji na ich temat.<\/li>\n<\/ol>\n<\/li>\n<li>U\u017cytkownik nie mo\u017ce przekazywa\u0107 nam \u017cadnych informacji, kt\u00f3re s\u0105 uwa\u017cane za &#8220;wra\u017cliwe dane osobowe&#8221;. &#8220;Wra\u017cliwe dane osobowe&#8221; to informacje o u\u017cytkowniku lub innej osobie, kt\u00f3re ujawniaj\u0105 pochodzenie rasowe lub etniczne, pogl\u0105dy polityczne, przekonania religijne lub filozoficzne, przynale\u017cno\u015b\u0107 do zwi\u0105zk\u00f3w zawodowych lub kt\u00f3re s\u0105 danymi genetycznymi, danymi biometrycznymi, informacjami dotycz\u0105cymi zdrowia, \u017cycia seksualnego lub orientacji seksualnej u\u017cytkownika lub innej osoby. \n<ol>\n<li>Je\u015bli u\u017cytkownik przypadkowo lub celowo przeka\u017ce nam takie informacje, uznaje si\u0119, \u017ce wyrazi\u0142 zgod\u0119 na przetwarzanie przez nas tych informacji na podstawie art. 9 ust. 2 lit. a) og\u00f3lnego rozporz\u0105dzenia o ochronie danych (rozporz\u0105dzenie (UE) 2016\/769) oraz zgodnie z ustaw\u0105 o ochronie danych z 2018 r., z p\u00f3\u017aniejszymi zmianami.<\/li>\n<\/ol>\n<\/li>\n<li>Niniejsze Warunki u\u017cytkowania podlegaj\u0105 prawu angielskiemu i zgodnie z nim b\u0119d\u0105 interpretowane. S\u0105dy Anglii b\u0119d\u0105 mia\u0142y wy\u0142\u0105czn\u0105 jurysdykcj\u0119 w odniesieniu do wszelkich roszcze\u0144 lub spor\u00f3w wynikaj\u0105cych z niniejszych Warunk\u00f3w U\u017cytkowania lub z nimi zwi\u0105zanych. <\/li>\n<\/ol>\n<p><!-- \/wp:html --> <\/p>\n<p><!-- wp:paragraph --><!-- \/wp:paragraph --> <\/p>","protected":false},"excerpt":{"rendered":"<p>WARUNKI U\u017bYTKOWANIA OSTATNIA AKTUALIZACJA: 24 LIPCA 2023 Regenesis Health Travel Ltd jest w\u0142a\u015bcicielem i operatorem niniejszej strony internetowej(Strony). Korzystanie z Witryny podlega niniejszym Warunkom u\u017cytkowania. Korzystanie z Witryny jest r\u00f3wnoznaczne z akceptacj\u0105 i wyra\u017ceniem zgody na przestrzeganie niniejszych Warunk\u00f3w u\u017cytkowania. [&hellip;]<\/p>\n","protected":false},"author":1,"featured_media":0,"parent":0,"menu_order":0,"comment_status":"closed","ping_status":"closed","template":"","meta":{"footnotes":""},"class_list":["post-18754","page","type-page","status-publish","hentry"],"_links":{"self":[{"href":"https:\/\/regenesishealth.co.uk\/pl\/wp-json\/wp\/v2\/pages\/18754"}],"collection":[{"href":"https:\/\/regenesishealth.co.uk\/pl\/wp-json\/wp\/v2\/pages"}],"about":[{"href":"https:\/\/regenesishealth.co.uk\/pl\/wp-json\/wp\/v2\/types\/page"}],"author":[{"embeddable":true,"href":"https:\/\/regenesishealth.co.uk\/pl\/wp-json\/wp\/v2\/users\/1"}],"replies":[{"embeddable":true,"href":"https:\/\/regenesishealth.co.uk\/pl\/wp-json\/wp\/v2\/comments?post=18754"}],"version-history":[{"count":0,"href":"https:\/\/regenesishealth.co.uk\/pl\/wp-json\/wp\/v2\/pages\/18754\/revisions"}],"wp:attachment":[{"href":"https:\/\/regenesishealth.co.uk\/pl\/wp-json\/wp\/v2\/media?parent=18754"}],"curies":[{"name":"wp","href":"https:\/\/api.w.org\/{rel}","templated":true}]}}