{"id":16418,"date":"2022-06-05T12:37:29","date_gmt":"2022-06-05T11:37:29","guid":{"rendered":"https:\/\/regenesishealth.co.uk\/finanse\/"},"modified":"2025-03-18T18:18:45","modified_gmt":"2025-03-18T18:18:45","slug":"finanse","status":"publish","type":"page","link":"https:\/\/regenesishealth.co.uk\/pl\/finanse\/","title":{"rendered":"Finanse"},"content":{"rendered":"<p>[vc_row content_placement=&#8221;top&#8221; row_content_width=&#8221;grid&#8221; content_text_aligment=&#8221;center&#8221;][vc_column][vc_single_image image=&#8221;11675&#8243; img_size=&#8221;full&#8221; alignment=&#8221;center&#8221;][vc_empty_space height=&#8221;66px&#8221;][vc_column_text]<\/p>\n<h1 style=\"text-align: center;\">Dost\u0119pne opcje finansowania!<\/h1>\n<p>[\/vc_column_text][vc_empty_space height=&#8221;32&#8243;][vc_column_text]Regenesis Health Travel oferuje przyst\u0119pne plany p\u0142atno\u015bci, umo\u017cliwiaj\u0105ce roz\u0142o\u017cenie koszt\u00f3w leczenia. Oznacza to, \u017ce mo\u017cesz p\u0142aci\u0107 za wybrane leczenie przez okres, kt\u00f3ry Ci odpowiada. Brzmi interesuj\u0105co, prawda? Kliknij, aby uzyska\u0107 wi\u0119cej informacji.   [\/vc_column_text][vc_empty_space height=&#8221;66px&#8221;]<a itemprop=\"url\" href=\"https:\/\/financemybeauty.com\/regenesis\/\" target=\"_blank\" class=\"mkdf-btn mkdf-btn-medium mkdf-btn-solid mkdf-btn-solid-dark\" rel=\"noopener\">\n    <span class=\"mkdf-btn-text\">Zainspiruj mnie<\/span>\n    <span class=\"mkdf-btn-icon-holder\">\n        <span class=\"mkdf-btn-icon-normal\" ><\/span>\n        <span class=\"mkdf-btn-icon-flip\" ><\/span>\n    <\/span>\n<\/a>[vc_empty_space height=&#8221;99px&#8221;][\/vc_column][\/vc_row]<\/p>\n","protected":false},"excerpt":{"rendered":"<p>[vc_row content_placement=&#8221;top&#8221; row_content_width=&#8221;grid&#8221; content_text_aligment=&#8221;center&#8221;][vc_column][vc_single_image image=&#8221;11675&#8243; img_size=&#8221;full&#8221; alignment=&#8221;center&#8221;][vc_empty_space height=&#8221;66px&#8221;][vc_column_text] Dost\u0119pne opcje finansowania! [\/vc_column_text][vc_empty_space height=&#8221;32&#8243;][vc_column_text]Regenesis Health Travel oferuje przyst\u0119pne plany p\u0142atno\u015bci, umo\u017cliwiaj\u0105ce roz\u0142o\u017cenie koszt\u00f3w leczenia. Oznacza to, \u017ce mo\u017cesz p\u0142aci\u0107 za wybrane leczenie przez okres, kt\u00f3ry Ci odpowiada. Brzmi interesuj\u0105co, prawda? Kliknij, [&hellip;]<\/p>\n","protected":false},"author":1,"featured_media":0,"parent":0,"menu_order":0,"comment_status":"closed","ping_status":"closed","template":"","meta":{"footnotes":""},"class_list":["post-16418","page","type-page","status-publish","hentry"],"_links":{"self":[{"href":"https:\/\/regenesishealth.co.uk\/pl\/wp-json\/wp\/v2\/pages\/16418"}],"collection":[{"href":"https:\/\/regenesishealth.co.uk\/pl\/wp-json\/wp\/v2\/pages"}],"about":[{"href":"https:\/\/regenesishealth.co.uk\/pl\/wp-json\/wp\/v2\/types\/page"}],"author":[{"embeddable":true,"href":"https:\/\/regenesishealth.co.uk\/pl\/wp-json\/wp\/v2\/users\/1"}],"replies":[{"embeddable":true,"href":"https:\/\/regenesishealth.co.uk\/pl\/wp-json\/wp\/v2\/comments?post=16418"}],"version-history":[{"count":1,"href":"https:\/\/regenesishealth.co.uk\/pl\/wp-json\/wp\/v2\/pages\/16418\/revisions"}],"predecessor-version":[{"id":18815,"href":"https:\/\/regenesishealth.co.uk\/pl\/wp-json\/wp\/v2\/pages\/16418\/revisions\/18815"}],"wp:attachment":[{"href":"https:\/\/regenesishealth.co.uk\/pl\/wp-json\/wp\/v2\/media?parent=16418"}],"curies":[{"name":"wp","href":"https:\/\/api.w.org\/{rel}","templated":true}]}}