{"id":16417,"date":"2022-01-25T14:36:43","date_gmt":"2022-01-25T14:36:43","guid":{"rendered":"https:\/\/regenesishealth.co.uk\/filmy\/"},"modified":"2022-01-25T14:36:43","modified_gmt":"2022-01-25T14:36:43","slug":"filmy","status":"publish","type":"page","link":"https:\/\/regenesishealth.co.uk\/pl\/filmy\/","title":{"rendered":"Filmy"},"content":{"rendered":"<p>[vc_row css=&#8221;.vc_custom_1659794385245{padding-top: 64px !important;}&#8221;][vc_column][vc_column_text]<\/p>\n<h4 style=\"text-align: center;\">Metamorfoza naszych kochanych pacjent\u00f3w<\/h4>\n<p class=\"swift-in-viewport\" style=\"text-align: center;\">Aby uzyska\u0107 wi\u0119cej informacji na temat naszych us\u0142ug, prosimy o obejrzenie film\u00f3w z leczenia naszych pacjent\u00f3w.<\/p>\n<p>[\/vc_column_text][vc_separator css=&#8221;.vc_custom_1659794401412{padding-top: 32px !important;padding-bottom: 32px !important;}&#8221;][\/vc_column][\/vc_row][vc_row css=&#8221;.vc_custom_1659794423248{padding-bottom: 64px !important;}&#8221;][vc_column][vc_column_text]<\/p>\n<h3 style=\"text-align: center;\">Odnawiamy dla Ciebie t\u0119 sekcj\u0119. Spr\u00f3buj ponownie p\u00f3\u017aniej.<\/h3>\n<p>[\/vc_column_text][\/vc_column][\/vc_row]<\/p>\n","protected":false},"excerpt":{"rendered":"<p>[vc_row css=&#8221;.vc_custom_1659794385245{padding-top: 64px !important;}&#8221;][vc_column][vc_column_text] Metamorfoza naszych kochanych pacjent\u00f3w Aby uzyska\u0107 wi\u0119cej informacji na temat naszych us\u0142ug, prosimy o obejrzenie film\u00f3w z leczenia naszych pacjent\u00f3w. [\/vc_column_text][vc_separator css=&#8221;.vc_custom_1659794401412{padding-top: 32px !important;padding-bottom: 32px !important;}&#8221;][\/vc_column][\/vc_row][vc_row css=&#8221;.vc_custom_1659794423248{padding-bottom: 64px !important;}&#8221;][vc_column][vc_column_text] Odnawiamy dla Ciebie t\u0119 sekcj\u0119. Spr\u00f3buj ponownie [&hellip;]<\/p>\n","protected":false},"author":1,"featured_media":0,"parent":0,"menu_order":0,"comment_status":"closed","ping_status":"closed","template":"","meta":{"footnotes":""},"class_list":["post-16417","page","type-page","status-publish","hentry"],"_links":{"self":[{"href":"https:\/\/regenesishealth.co.uk\/pl\/wp-json\/wp\/v2\/pages\/16417"}],"collection":[{"href":"https:\/\/regenesishealth.co.uk\/pl\/wp-json\/wp\/v2\/pages"}],"about":[{"href":"https:\/\/regenesishealth.co.uk\/pl\/wp-json\/wp\/v2\/types\/page"}],"author":[{"embeddable":true,"href":"https:\/\/regenesishealth.co.uk\/pl\/wp-json\/wp\/v2\/users\/1"}],"replies":[{"embeddable":true,"href":"https:\/\/regenesishealth.co.uk\/pl\/wp-json\/wp\/v2\/comments?post=16417"}],"version-history":[{"count":0,"href":"https:\/\/regenesishealth.co.uk\/pl\/wp-json\/wp\/v2\/pages\/16417\/revisions"}],"wp:attachment":[{"href":"https:\/\/regenesishealth.co.uk\/pl\/wp-json\/wp\/v2\/media?parent=16417"}],"curies":[{"name":"wp","href":"https:\/\/api.w.org\/{rel}","templated":true}]}}