{"id":16389,"date":"2020-10-27T10:29:06","date_gmt":"2020-10-27T10:29:06","guid":{"rendered":"https:\/\/regenesishealth.co.uk\/przeszczep-wlosow\/"},"modified":"2025-09-11T19:34:57","modified_gmt":"2025-09-11T18:34:57","slug":"przeszczep-wlosow","status":"publish","type":"page","link":"https:\/\/regenesishealth.co.uk\/pl\/przeszczep-wlosow\/","title":{"rendered":"Przeszczep w\u0142os\u00f3w"},"content":{"rendered":"<p>[vc_row full_width=&#8221;stretch_row_content_no_spaces&#8221; content_placement=&#8221;top&#8221; content_text_aligment=&#8221;center&#8221;][vc_column][vc_single_image image=&#8221;15403&#8243; img_size=&#8221;Full&#8221; alignment=&#8221;center&#8221; css_animation=&#8221;none&#8221;][\/vc_column][\/vc_row][vc_row css=&#8221;.vc_custom_1705527212946{margin-top: 66px !important;}&#8221;][vc_column][vc_column_text]<\/p>\n<h1 style=\"text-align: center;\">Przeszczep w\u0142os\u00f3w<\/h1>\n<h2 style=\"text-align: center;\">Osi\u0105gnij naturalny wygl\u0105d dzi\u0119ki naszym nowoczesnym technikom przeszczepiania w\u0142os\u00f3w<\/h2>\n<p>[\/vc_column_text][vc_empty_space][vc_column_text]Wypadanie w\u0142os\u00f3w to wa\u017cny problem, kt\u00f3ry zaczyna si\u0119 ju\u017c w m\u0142odym wieku. Problem wypadania w\u0142os\u00f3w, kt\u00f3ry jest powszechnie obserwowany u m\u0119\u017cczyzn od dwudziestego roku \u017cycia, mo\u017ce by\u0107 r\u00f3wnie\u017c obserwowany u kobiet w niekt\u00f3rych przypadkach. Utrata w\u0142os\u00f3w, kt\u00f3ra zaczyna si\u0119 jako przerzedzenie w\u0142os\u00f3w i regresja przedniej linii w\u0142os\u00f3w, mo\u017ce rozwija\u0107 si\u0119 z przyczyn genetycznych u m\u0119\u017cczyzn i przyczyn hormonalnych oraz niekt\u00f3rych chor\u00f3b u kobiet. Osoby, kt\u00f3re skar\u017c\u0105 si\u0119 na wypadanie w\u0142os\u00f3w, powinny najpierw przej\u015b\u0107 badania przesiewowe, aby dowiedzie\u0107 si\u0119, czy istniej\u0105 jakiekolwiek problemy zdrowotne, kt\u00f3re powoduj\u0105 wypadanie w\u0142os\u00f3w. W przypadku wykrycia problem\u00f3w zdrowotnych, kt\u00f3re mog\u0105 prowadzi\u0107 do wypadania w\u0142os\u00f3w, takich jak niedobory witamin i minera\u0142\u00f3w oraz problemy hormonalne, nale\u017cy najpierw zastosowa\u0107 leczenie, a nast\u0119pnie w razie potrzeby mo\u017cna wykona\u0107 przeszczep w\u0142os\u00f3w. Przeszczep w\u0142os\u00f3w mo\u017cna wykona\u0107, je\u015bli wypadanie w\u0142os\u00f3w nie ustaje po zastosowaniu niezb\u0119dnych zabieg\u00f3w lub je\u015bli we w\u0142osach znajduj\u0105 si\u0119 otwory, kt\u00f3rych nie mo\u017cna poprawi\u0107. Wi\u0119cej informacji na temat przeszczepu w\u0142os\u00f3w mo\u017cna znale\u017a\u0107 na stronie <a href=\"https:\/\/en.wikipedia.org\/wiki\/Hair_transplantation\" target=\"_blank\" rel=\"noopener\">https:\/\/en.wikipedia.org\/wiki\/Hair_transplantation.<\/a>     <\/p>\n<p>Ponadto, je\u015bli zastanawiasz si\u0119 nad chirurgi\u0105 plastyczn\u0105 i dowiedz si\u0119 wi\u0119cej, mo\u017cesz przeczyta\u0107; <a href=\"https:\/\/regenesishealth.co.uk\/plastic-surgery\/\" target=\"_blank\" rel=\"noopener\">https:\/\/regenesishealth.co.uk\/plastic-surgery\/<\/a><\/p>\n<p>Obecnie przeszczep w\u0142os\u00f3w w wieku powy\u017cej 22 lat jest uwa\u017cany za odpowiedni, je\u015bli istnieje taka potrzeba. Z tego powodu przeszczep w\u0142os\u00f3w mo\u017cna \u0142atwo wykona\u0107 u wszystkich os\u00f3b, kt\u00f3re uko\u0144czy\u0142y 22 lata i maj\u0105 problemy z wypadaniem w\u0142os\u00f3w. Mo\u017cesz zapyta\u0107 nas o wszystko, co chcesz wiedzie\u0107 o przeszczepie w\u0142os\u00f3w za po\u015brednictwem <a href=\"https:\/\/regenesishealth.co.uk\/contact-us\/\" target=\"_blank\" rel=\"noopener\">https:\/\/regenesishealth.co.uk\/contact-us\/.<\/a>  [\/vc_column_text][vc_empty_space height=&#8221;33&#8243;][\/vc_column][\/vc_row][vc_row][vc_column][vc_separator border_width=&#8221;2&#8243;][\/vc_column][\/vc_row][vc_row content_placement=&#8221;middle&#8221; css=&#8221;.vc_custom_1705511476978{margin-top: 33px !important;}&#8221;][vc_column width=&#8221;1\/2&#8243;][vc_column_text]<\/p>\n<h2 style=\"font-weight: 400;\">Analiza w\u0142os\u00f3w<\/h2>\n<p style=\"font-weight: 400;\">Nasi eksperci b\u0119d\u0105 wsp\u00f3\u0142pracowa\u0107 z Tob\u0105, aby zdiagnozowa\u0107 przyczyn\u0119 wypadania w\u0142os\u00f3w. Mo\u017cesz nam zaufa\u0107, \u017ce znajdziemy najlepsze rozwi\u0105zania w zakresie wypadania w\u0142os\u00f3w, kt\u00f3re pomog\u0105 Ci ponownie cieszy\u0107 si\u0119 pe\u0142n\u0105 g\u0142ow\u0105 w\u0142os\u00f3w! Ta prosta analiza mierzy nasilenie wypadania w\u0142os\u00f3w. Podczas testu wyrywania ekspert chwyta ma\u0142e sekcje w\u0142os\u00f3w, oko\u0142o 40 pasm, z r\u00f3\u017cnych cz\u0119\u015bci sk\u00f3ry g\u0142owy i delikatnie poci\u0105ga. Je\u015bli wypadnie sze\u015b\u0107 lub wi\u0119cej pasm, oznacza to aktywne wypadanie w\u0142os\u00f3w.    <\/p>\n<p>[\/vc_column_text][vc_empty_space height=&#8221;16px&#8221;][\/vc_column][vc_column width=&#8221;1\/2&#8243;][vc_single_image image=&#8221;15303&#8243; img_size=&#8221;&#8221; alignment=&#8221;center&#8221; css_animation=&#8221;fadeInRight&#8221;][\/vc_column][\/vc_row][vc_row][vc_column][vc_separator css=&#8221;.vc_custom_1665060669567{padding-top: 16px !important;padding-bottom: 16px !important;}&#8221;][\/vc_column][\/vc_row][vc_row content_placement=&#8221;middle&#8221; content_text_aligment=&#8221;left&#8221; css=&#8221;.vc_custom_1705528213555{margin-top: 33px !important;}&#8221;][vc_column width=&#8221;1\/2&#8243;][vc_single_image image=&#8221;15310&#8243; img_size=&#8221;&#8221; alignment=&#8221;center&#8221; css_animation=&#8221;fadeInLeft&#8221;][vc_empty_space height=&#8221;16px&#8221;][\/vc_column][vc_column width=&#8221;1\/2&#8243;][vc_column_text]<\/p>\n<p style=\"font-weight: 400;\"><strong>TRANSPLAST W\u0141OS\u00d3W SZAFIROWYCH FUE<\/strong><\/p>\n<p style=\"font-weight: 400;\">Technika ta jest zabiegiem, kt\u00f3ry mo\u017cna wykona\u0107 podczas jednej sesji i zapewnia trwa\u0142e rezultaty. Fakt, \u017ce metoda ta pozwala na cz\u0119stsze sadzenie, umo\u017cliwia uzyskanie doskona\u0142ych wynik\u00f3w w w\u0105skich obszarach. <\/p>\n<p>[\/vc_column_text][\/vc_column][\/vc_row][vc_row][vc_column][vc_separator css=&#8221;.vc_custom_1665060687833{padding-top: 16px !important;padding-bottom: 16px !important;}&#8221;][\/vc_column][\/vc_row][vc_row content_placement=&#8221;middle&#8221; css=&#8221;.vc_custom_1705511486595{margin-top: 33px !important;}&#8221;][vc_column width=&#8221;1\/2&#8243;][vc_column_text]<\/p>\n<p style=\"font-weight: 400;\"><strong>PRZESZCZEP W\u0141OS\u00d3W DHI<\/strong><\/p>\n<p style=\"font-weight: 400;\">Technika DHI stosowana za pomoc\u0105 pi\u00f3ra implantacyjnego jest bezpo\u015brednim przeszczepem w\u0142os\u00f3w. Chocia\u017c zasadniczo opiera si\u0119 na technice FUE, przeszczep w\u0142os\u00f3w DHI jest cz\u0119\u015bciowo uwa\u017cany za now\u0105 technik\u0119 przeszczepu w\u0142os\u00f3w. Najwi\u0119ksz\u0105 r\u00f3\u017cnic\u0105 w stosunku do FUE jest to, \u017ce w przeszczepie w\u0142os\u00f3w DHI nie jest konieczne otwieranie kana\u0142u przed przeszczepieniem mieszk\u00f3w w\u0142osowych.  <\/p>\n<p>[\/vc_column_text][vc_empty_space height=&#8221;16px&#8221;][\/vc_column][vc_column width=&#8221;1\/2&#8243;][vc_single_image image=&#8221;15317&#8243; img_size=&#8221;&#8221; alignment=&#8221;center&#8221; css_animation=&#8221;fadeInRight&#8221;][\/vc_column][\/vc_row][vc_row][vc_column][vc_separator css=&#8221;.vc_custom_1665060694583{padding-top: 16px !important;padding-bottom: 16px !important;}&#8221;][\/vc_column][\/vc_row][vc_row content_placement=&#8221;middle&#8221; css=&#8221;.vc_custom_1705528262437{margin-top: 33px !important;}&#8221;][vc_column width=&#8221;1\/2&#8243;][vc_single_image image=&#8221;15323&#8243; img_size=&#8221;&#8221; alignment=&#8221;center&#8221; css_animation=&#8221;fadeInLeft&#8221;][vc_empty_space height=&#8221;16px&#8221;][\/vc_column][vc_column width=&#8221;1\/2&#8243;][vc_column_text]<\/p>\n<p style=\"font-weight: 400;\"><strong>PRZESZCZEP W\u0141OS\u00d3W BRODY<\/strong><\/p>\n<p style=\"font-weight: 400;\">Dzi\u0119ki wieloletnim i sprawdzonym wynikom, przeszczepy brody s\u0105 najskuteczniejszym sposobem na tworzenie nowych w\u0142os\u00f3w na twarzy. Wykorzystuj\u0105 one w\u0142asne w\u0142osy do uzyskania realistycznych rezultat\u00f3w. Co wi\u0119cej, operacja i proces gojenia s\u0105 stosunkowo szybkie i w wi\u0119kszo\u015bci bezbolesne.  <\/p>\n<p>[\/vc_column_text][\/vc_column][\/vc_row][vc_row][vc_column][vc_separator css=&#8221;.vc_custom_1665060700932{padding-top: 16px !important;padding-bottom: 16px !important;}&#8221;][\/vc_column][\/vc_row][vc_row content_placement=&#8221;middle&#8221; css=&#8221;.vc_custom_1705528268836{margin-top: 33px !important;}&#8221;][vc_column width=&#8221;1\/2&#8243;][vc_column_text]<\/p>\n<p style=\"font-weight: 400;\"><strong>ZABIEG PRP<\/strong><\/p>\n<p style=\"font-weight: 400;\">P\u0142ytki krwi s\u0105 sk\u0142adnikiem krwi, wraz z czerwonymi i bia\u0142ymi krwinkami. Kiedy dana osoba doznaje skaleczenia lub rany, p\u0142ytki krwi s\u0105 jednymi z &#8220;pierwszych reagent\u00f3w&#8221; organizmu, kt\u00f3re przybywaj\u0105, aby zatrzyma\u0107 krwawienie i przyspieszy\u0107 gojenie. Aby wyprodukowa\u0107 PRP, lekarz pobiera pr\u00f3bk\u0119 krwi i umieszcza j\u0105 w maszynie zwanej wir\u00f3wk\u0105. Maszyna ta obraca si\u0119 w szybkim tempie, co powoduje oddzielenie sk\u0142adnik\u00f3w krwi. Nast\u0119pnie lekarz pobiera p\u0142ytki krwi do wstrzykni\u0119cia. Lekarze zazwyczaj stosuj\u0105 to leczenie, gdy w\u0142osy s\u0105 wynikiem \u0142ysienia, powszechnego stanu, kt\u00f3ry powoduje kurczenie si\u0119 mieszk\u00f3w w\u0142osowych. Chocia\u017c PRP jest stosunkowo nowym podej\u015bciem, istniej\u0105 pewne dowody naukowe sugeruj\u0105ce, \u017ce mo\u017ce ono promowa\u0107 wzrost w\u0142os\u00f3w.      <\/p>\n<p>[\/vc_column_text][vc_empty_space height=&#8221;16px&#8221;][\/vc_column][vc_column width=&#8221;1\/2&#8243;][vc_single_image image=&#8221;15329&#8243; img_size=&#8221;&#8221; alignment=&#8221;center&#8221; css_animation=&#8221;fadeInRight&#8221;][\/vc_column][\/vc_row][vc_row][vc_column][vc_separator css=&#8221;.vc_custom_1665060700932{padding-top: 16px !important;padding-bottom: 16px !important;}&#8221;][\/vc_column][\/vc_row][vc_row content_placement=&#8221;middle&#8221; css=&#8221;.vc_custom_1705528274082{margin-top: 33px !important;}&#8221;][vc_column width=&#8221;1\/2&#8243;][vc_single_image image=&#8221;15334&#8243; img_size=&#8221;&#8221; alignment=&#8221;center&#8221; css_animation=&#8221;fadeInLeft&#8221;][vc_empty_space height=&#8221;16px&#8221;][\/vc_column][vc_column width=&#8221;1\/2&#8243;][vc_column_text]<\/p>\n<p style=\"font-weight: 400;\"><strong>MEZOTERAPIA W\u0141OS\u00d3W<\/strong><\/p>\n<p style=\"font-weight: 400;\">Mezoterapia w\u0142os\u00f3w to metoda leczenia polegaj\u0105ca na wstrzykiwaniu w sk\u00f3r\u0119 g\u0142owy witamin, minera\u0142\u00f3w i mieszanek aminokwas\u00f3w niezb\u0119dnych dla w\u0142os\u00f3w. Metoda ta umo\u017cliwia sk\u0142adnikom od\u017cywiaj\u0105cym mieszki w\u0142osowe osadzenie si\u0119 we w\u0142osach. Wypadanie w\u0142os\u00f3w mo\u017cna leczy\u0107 t\u0105 metod\u0105, poniewa\u017c zag\u0119szcza ona przerzedzone w\u0142osy, zatrzymuje ich wypadanie oraz sprawia, \u017ce w\u0142osy staj\u0105 si\u0119 mocniejsze i bardziej l\u015bni\u0105ce.  <\/p>\n<p>[\/vc_column_text][\/vc_column][\/vc_row][vc_row][vc_column][vc_separator css=&#8221;.vc_custom_1665060700932{padding-top: 16px !important;padding-bottom: 16px !important;}&#8221;][\/vc_column][\/vc_row][vc_row content_placement=&#8221;middle&#8221; css=&#8221;.vc_custom_1705528278952{margin-top: 33px !important;}&#8221;][vc_column width=&#8221;1\/2&#8243;][vc_column_text]<\/p>\n<p style=\"font-weight: 400;\"><strong>SYMULACJA W\u0141OS\u00d3W<\/strong><\/p>\n<p style=\"font-weight: 400;\">Symulacja w\u0142os\u00f3w jest technik\u0105 stosowan\u0105 na sk\u00f3rze g\u0142owy, gdy jest to konieczne w przypadku cz\u0119\u015bciowej utraty w\u0142os\u00f3w. Stosuje si\u0119 j\u0105 w celu nadania estetycznego wygl\u0105du regionalnej utracie w\u0142os\u00f3w, kt\u00f3ra wyst\u0119puje z powodu chor\u00f3b sk\u00f3ry, takich jak \u0142ysienie, urazowe wypadki i urazy lub czynniki genetyczne. Jest to r\u00f3wnie\u017c najbardziej idealna technika wype\u0142niania pustych miejsc na sk\u00f3rze g\u0142owy po procesie przeszczepu w\u0142os\u00f3w.  <\/p>\n<p>[\/vc_column_text][vc_empty_space height=&#8221;16px&#8221;][\/vc_column][vc_column width=&#8221;1\/2&#8243;][vc_single_image image=&#8221;15340&#8243; img_size=&#8221;&#8221; alignment=&#8221;center&#8221; css_animation=&#8221;fadeInRight&#8221;][\/vc_column][\/vc_row][vc_row][vc_column][vc_separator border_width=&#8221;2&#8243;][\/vc_column][\/vc_row][vc_row][vc_column][vc_empty_space height=&#8221;60px&#8221;][\/vc_column][\/vc_row][vc_row content_placement=&#8221;middle&#8221; css_animation=&#8221;bounceIn&#8221; content_text_aligment=&#8221;center&#8221; css=&#8221;.vc_custom_1705529174717{margin-bottom: 66px !important;}&#8221;][vc_column width=&#8221;1\/4&#8243;][\/vc_column][vc_column width=&#8221;1\/2&#8243;][vc_column_text]<\/p>\n<h4 style=\"text-align: center;\">Skontaktuj si\u0119 z nami ju\u017c teraz i uzyskaj informacje na temat naszych najnowocze\u015bniejszych praktyk leczenia zgodnie z Twoimi potrzebami.<\/h4>\n<p>[\/vc_column_text][vc_empty_space]<a itemprop=\"url\" href=\"https:\/\/regenesishealth.co.uk\/contact-us\/\" target=\"_self\" class=\"mkdf-btn mkdf-btn-medium mkdf-btn-solid mkdf-btn-solid-dark\">\n    <span class=\"mkdf-btn-text\">Skontaktuj si\u0119 z nami<\/span>\n    <span class=\"mkdf-btn-icon-holder\">\n        <span class=\"mkdf-btn-icon-normal\" ><\/span>\n        <span class=\"mkdf-btn-icon-flip\" ><\/span>\n    <\/span>\n<\/a>[\/vc_column][vc_column width=&#8221;1\/4&#8243;][\/vc_column][\/vc_row]<\/p>\n","protected":false},"excerpt":{"rendered":"<p>[vc_row full_width=&#8221;stretch_row_content_no_spaces&#8221; content_placement=&#8221;top&#8221; content_text_aligment=&#8221;center&#8221;][vc_column][vc_single_image image=&#8221;15403&#8243; img_size=&#8221;Full&#8221; alignment=&#8221;center&#8221; css_animation=&#8221;none&#8221;][\/vc_column][\/vc_row][vc_row css=&#8221;.vc_custom_1705527212946{margin-top: 66px !important;}&#8221;][vc_column][vc_column_text] Przeszczep w\u0142os\u00f3w Osi\u0105gnij naturalny wygl\u0105d dzi\u0119ki naszym nowoczesnym technikom przeszczepiania w\u0142os\u00f3w [\/vc_column_text][vc_empty_space][vc_column_text]Wypadanie w\u0142os\u00f3w to wa\u017cny problem, kt\u00f3ry zaczyna si\u0119 ju\u017c w m\u0142odym wieku. Problem wypadania w\u0142os\u00f3w, kt\u00f3ry jest powszechnie [&hellip;]<\/p>\n","protected":false},"author":1,"featured_media":0,"parent":0,"menu_order":0,"comment_status":"closed","ping_status":"closed","template":"","meta":{"footnotes":""},"class_list":["post-16389","page","type-page","status-publish","hentry"],"_links":{"self":[{"href":"https:\/\/regenesishealth.co.uk\/pl\/wp-json\/wp\/v2\/pages\/16389"}],"collection":[{"href":"https:\/\/regenesishealth.co.uk\/pl\/wp-json\/wp\/v2\/pages"}],"about":[{"href":"https:\/\/regenesishealth.co.uk\/pl\/wp-json\/wp\/v2\/types\/page"}],"author":[{"embeddable":true,"href":"https:\/\/regenesishealth.co.uk\/pl\/wp-json\/wp\/v2\/users\/1"}],"replies":[{"embeddable":true,"href":"https:\/\/regenesishealth.co.uk\/pl\/wp-json\/wp\/v2\/comments?post=16389"}],"version-history":[{"count":2,"href":"https:\/\/regenesishealth.co.uk\/pl\/wp-json\/wp\/v2\/pages\/16389\/revisions"}],"predecessor-version":[{"id":21767,"href":"https:\/\/regenesishealth.co.uk\/pl\/wp-json\/wp\/v2\/pages\/16389\/revisions\/21767"}],"wp:attachment":[{"href":"https:\/\/regenesishealth.co.uk\/pl\/wp-json\/wp\/v2\/media?parent=16389"}],"curies":[{"name":"wp","href":"https:\/\/api.w.org\/{rel}","templated":true}]}}