{"id":16381,"date":"2020-10-27T10:12:28","date_gmt":"2020-10-27T10:12:28","guid":{"rendered":"https:\/\/regenesishealth.co.uk\/chirurgia-plastyczna\/"},"modified":"2025-03-18T18:15:36","modified_gmt":"2025-03-18T18:15:36","slug":"chirurgia-plastyczna","status":"publish","type":"page","link":"https:\/\/regenesishealth.co.uk\/pl\/chirurgia-plastyczna\/","title":{"rendered":"Chirurgia plastyczna"},"content":{"rendered":"<p>[vc_row full_width=&#8221;stretch_row_content_no_spaces&#8221; content_placement=&#8221;top&#8221; content_text_aligment=&#8221;center&#8221;][vc_column][vc_single_image image=&#8221;15412&#8243; img_size=&#8221;Full&#8221; alignment=&#8221;center&#8221;][\/vc_column][\/vc_row][vc_row css=&#8221;.vc_custom_1656337554913{padding-top: 93px !important;padding-bottom: 33px !important;}&#8221;][vc_column][vc_column_text]<\/p>\n<h1 style=\"text-align: center;\">Operacja plastyczna<\/h1>\n<h2 style=\"text-align: center;\">Skuteczny spos\u00f3b na popraw\u0119 pewno\u015bci siebie oraz zdrowia cia\u0142a i umys\u0142u<\/h2>\n<p>[\/vc_column_text][vc_empty_space][vc_column_text]Chirurgia plastyczna to zabiegi poprawiaj\u0105ce wygl\u0105d twarzy i cia\u0142a. Nale\u017c\u0105 do nich zabiegi takie jak plastyka brzucha (abdominoplastyka), powi\u0119kszanie piersi, redukcja piersi, plastyka powiek, korekta nosa (plastyka nosa), lifting twarzy i usuwanie t\u0142uszczu (liposukcja). Nasze podej\u015bcie do chirurgii plastycznej jest wyj\u0105tkowe! Naprawd\u0119 wierzymy, \u017ce chodzi o to, jak si\u0119 czujesz, a nie tylko jak wygl\u0105dasz! Pacjenci, kt\u00f3rzy chc\u0105 podda\u0107 si\u0119 estetycznej, kosmetycznej operacji, zas\u0142uguj\u0105 na leczenie we w\u0142a\u015bciwym miejscu i przez w\u0142a\u015bciwego chirurga.  Nasi chirurdzy oferuj\u0105 szerok\u0105 gam\u0119 zabieg\u00f3w plastycznych, rekonstrukcyjnych i estetycznych, odpowiednich zar\u00f3wno dla m\u0119\u017cczyzn, jak i kobiet, wykonywanych przez nasz zesp\u00f3\u0142 do\u015bwiadczonych chirurg\u00f3w specjalistycznych. Wszelkie pytania mo\u017cna kierowa\u0107 na adres <a href=\"https:\/\/regenesishealth.co.uk\/contact-us\/\" target=\"_blank\" rel=\"noopener\">https:\/\/regenesishealth.co.uk\/contact-us\/<\/a>.[\/vc_column_text][\/vc_column][\/vc_row][vc_row][vc_column][vc_separator border_width=&#8221;3&#8243; css=&#8221;.vc_custom_1656337637411{padding-top: 25px !important;padding-bottom: 25px !important;}&#8221;][\/vc_column][\/vc_row][vc_row][vc_column][vc_video link=&#8221;https:\/\/youtu.be\/LElyWgs3FMM&#8221; align=&#8221;center&#8221; css_animation=&#8221;fadeInUp&#8221;][\/vc_column][\/vc_row][vc_row][vc_column][vc_separator border_width=&#8221;3&#8243; css=&#8221;.vc_custom_1656337637411{padding-top: 25px !important;padding-bottom: 25px !important;}&#8221;][\/vc_column][\/vc_row][vc_row][vc_column][vc_column_text]<\/p>\n<h2 style=\"text-align: center;\">Nasze us\u0142ugi na oddziale chirurgii plastycznej<\/h2>\n<p>[\/vc_column_text][\/vc_column][\/vc_row][vc_row content_placement=&#8221;middle&#8221; css=&#8221;.vc_custom_1656340450390{padding-top: 33px !important;}&#8221;][vc_column width=&#8221;1\/2&#8243;][vc_column_text]<\/p>\n<h3><strong>Korekcja nosa<\/strong><\/h3>\n<p>Rynoplastyka, czasami nazywana przez pacjent\u00f3w &#8220;operacj\u0105 nosa&#8221;, poprawia harmoni\u0119 twarzy i proporcje nosa. Chocia\u017c techniki chirurgiczne s\u0105 zaawansowane, istniej\u0105 ograniczenia co do tego, jak bardzo mo\u017cna zmieni\u0107 nos. Konsekwencje operacji plastycznej nosa zale\u017c\u0105 od wielko\u015bci nosa, stanu sk\u00f3ry i wieku pacjenta. Najwa\u017cniejsz\u0105 rzecz\u0105 jest jasna komunikacja mi\u0119dzy pacjentem a chirurgiem na temat tego, co jest po\u017c\u0105dane i co mo\u017cna osi\u0105gn\u0105\u0107 dzi\u0119ki operacji plastycznej.   [\/vc_column_text][\/vc_column][vc_column width=&#8221;1\/2&#8243;][vc_single_image image=&#8221;10165&#8243; img_size=&#8221;&#8221; alignment=&#8221;center&#8221; css_animation=&#8221;fadeInRight&#8221;][\/vc_column][\/vc_row][vc_row][vc_column][vc_separator css=&#8221;.vc_custom_1656337847227{padding-top: 25px !important;padding-bottom: 25px !important;}&#8221;][\/vc_column][\/vc_row][vc_row content_placement=&#8221;middle&#8221;][vc_column width=&#8221;1\/2&#8243;][vc_single_image image=&#8221;10167&#8243; img_size=&#8221;&#8221; alignment=&#8221;center&#8221; css_animation=&#8221;fadeInLeft&#8221;][\/vc_column][vc_column width=&#8221;1\/2&#8243;][vc_column_text]<\/p>\n<h3><strong>Lifting twarzy <\/strong><\/h3>\n<p>Lifting twarzy lub rytidektomia to zabieg kosmetyczny, kt\u00f3ry zmniejsza widoczno\u015b\u0107 zmarszczek i starzej\u0105cej si\u0119, zwiotcza\u0142ej sk\u00f3ry twarzy. Aby dowiedzie\u0107 si\u0119 wi\u0119cej, zajrzyj na stron\u0119 <a href=\"https:\/\/en.wikipedia.org\/wiki\/Rhytidectomy\" target=\"_blank\" rel=\"noopener\">https:\/\/en.wikipedia.org\/wiki\/Rhytidectomy.<\/a> [\/vc_column_text][\/vc_column][\/vc_row][vc_row][vc_column][vc_separator css=&#8221;.vc_custom_1656337847227{padding-top: 25px !important;padding-bottom: 25px !important;}&#8221;][\/vc_column][\/vc_row][vc_row content_placement=&#8221;middle&#8221;][vc_column width=&#8221;1\/2&#8243;][vc_column_text]<\/p>\n<h3><strong>Operacja plastyczna biustu<\/strong><\/h3>\n<p>Operacja piersi to zabieg, kt\u00f3ry modyfikuje piersi kobiety lub m\u0119\u017cczyzny. Takie operacje s\u0105 wykonywane z r\u00f3\u017cnych powod\u00f3w. Niekt\u00f3re z nich s\u0105 wykonywane z powod\u00f3w kosmetycznych, takich jak rekonstrukcja piersi, aby wygl\u0105da\u0142y bardziej m\u0142odzie\u0144czo lub zwi\u0119kszy\u0107 ich rozmiar. Wykonujemy zabiegi powi\u0119kszania piersi, zmniejszania piersi, podnoszenia piersi, rekonstrukcji piersi, usuwania implant\u00f3w i rurowych piersi.  [\/vc_column_text][\/vc_column][vc_column width=&#8221;1\/2&#8243;][vc_single_image image=&#8221;10168&#8243; img_size=&#8221;&#8221; alignment=&#8221;center&#8221; css_animation=&#8221;fadeInRight&#8221;][\/vc_column][\/vc_row][vc_row][vc_column][vc_separator css=&#8221;.vc_custom_1656337847227{padding-top: 25px !important;padding-bottom: 25px !important;}&#8221;][\/vc_column][\/vc_row][vc_row content_placement=&#8221;middle&#8221;][vc_column width=&#8221;1\/2&#8243;][vc_single_image image=&#8221;10169&#8243; img_size=&#8221;&#8221; alignment=&#8221;center&#8221; css_animation=&#8221;fadeInLeft&#8221;][\/vc_column][vc_column width=&#8221;1\/2&#8243;][vc_column_text]<\/p>\n<h3><strong>Chirurgia cia\u0142a<\/strong><\/h3>\n<p>Chirurgia plastyczna i kosmetyczna mo\u017ce by\u0107 wykonywana na wszystkich obszarach cia\u0142a, w tym na g\u0142owie i szyi. Poddanie si\u0119 zabiegowi chirurgii plastycznej jest dobrowoln\u0105 decyzj\u0105 pacjenta. Chirurgia plastyczna i kosmetyczna obejmuje zabiegi chirurgiczne i niechirurgiczne, kt\u00f3re poprawiaj\u0105 i zmieniaj\u0105 struktur\u0119 cia\u0142a w celu poprawy wygl\u0105du i pewno\u015bci siebie. Operacje modeluj\u0105ce sylwetk\u0119 mog\u0105 usuwa\u0107 t\u0142uszcz lub nadmiar sk\u00f3ry, napina\u0107 sk\u00f3r\u0119 i pomaga\u0107 w zmianie kszta\u0142tu cia\u0142a. Je\u015bli chcesz zmieni\u0107 kszta\u0142t brzucha lub talii (plastyka brzucha, metamorfoza mamy), po\u015bladk\u00f3w (brazylijski lifting po\u015bladk\u00f3w-BBL), bioder, ud, ramion lub ca\u0142ego cia\u0142a, liposukcja 360, g\u00f3rne powieki, dolne powieki, brwi, chirurg kosmetyczny z naszego zespo\u0142u ekspert\u00f3w pomo\u017ce Ci zrozumie\u0107, co jest potrzebne, aby to osi\u0105gn\u0105\u0107. Mo\u017cesz r\u00f3wnie\u017c zapozna\u0107 si\u0119 z naszym artyku\u0142em na temat chirurgii oty\u0142o\u015bci za po\u015brednictwem <a href=\"https:\/\/regenesishealth.co.uk\/obesity-surgery\/\" target=\"_blank\" rel=\"noopener\">https:\/\/regenesishealth.co.uk\/obesity-surgery\/.<\/a>     [\/vc_column_text][\/vc_column][\/vc_row][vc_row][vc_column][vc_separator css=&#8221;.vc_custom_1656337847227{padding-top: 25px !important;padding-bottom: 25px !important;}&#8221;][\/vc_column][\/vc_row][vc_row content_placement=&#8221;middle&#8221;][vc_column width=&#8221;1\/2&#8243;][vc_column_text]<\/p>\n<h3><strong>Chirurgia plastyczna dla m\u0119\u017cczyzn<\/strong><\/h3>\n<p>W ostatnich latach liczba zabieg\u00f3w chirurgii plastycznej u m\u0119\u017cczyzn wzros\u0142a, poniewa\u017c m\u0119\u017cczy\u017ani staj\u0105 si\u0119 bardziej pewni siebie w kwestii poprawy swojego wygl\u0105du. W Regenesis z przyjemno\u015bci\u0105 pomagamy naszym pacjentom p\u0142ci m\u0119skiej w ocenie ich mo\u017cliwo\u015bci w zakresie chirurgii plastycznej, takich jak: redukcja piersi u m\u0119\u017cczyzn, plastyka brzucha u m\u0119\u017cczyzn, blepharoplastyka u m\u0119\u017cczyzn, lifting twarzy, uniesienie brwi u m\u0119\u017cczyzn lub plastyka nosa. [\/vc_column_text][\/vc_column][vc_column width=&#8221;1\/2&#8243;][vc_single_image image=&#8221;10166&#8243; img_size=&#8221;&#8221; alignment=&#8221;center&#8221; css_animation=&#8221;fadeInRight&#8221;][\/vc_column][\/vc_row][vc_row][vc_column][vc_separator border_width=&#8221;3&#8243; css=&#8221;.vc_custom_1656337637411{padding-top: 25px !important;padding-bottom: 25px !important;}&#8221;][\/vc_column][\/vc_row][vc_row][vc_column][vc_column_text]<\/p>\n<h2 style=\"text-align: center;\">Nasz zesp\u00f3\u0142<\/h2>\n<p>[\/vc_column_text][\/vc_column][\/vc_row][vc_row css=&#8221;.vc_custom_1656338660405{padding-top: 66px !important;padding-bottom: 66px !important;}&#8221;][vc_column width=&#8221;1\/4&#8243;][\/vc_column][vc_column width=&#8221;1\/4&#8243;]<div class=\"mkdf-team info-bellow\">\n\t<div class=\"mkdf-team-inner\">\n\t\t\t\t\t<div class=\"mkdf-team-image\">\n                <a itemprop=\"url\" href=\"https:\/\/regenesishealth.co.uk\/team-member\/dr-mert-meral\/\">\n                    <img loading=\"lazy\" decoding=\"async\" width=\"1400\" height=\"1400\" src=\"https:\/\/regenesishealth.co.uk\/wp-content\/uploads\/2024\/06\/Mert-Meral.png\" class=\"attachment-full size-full wp-post-image\" alt=\"\" srcset=\"https:\/\/regenesishealth.co.uk\/wp-content\/uploads\/2024\/06\/Mert-Meral.png 1400w, https:\/\/regenesishealth.co.uk\/wp-content\/uploads\/2024\/06\/Mert-Meral-300x300.png 300w, https:\/\/regenesishealth.co.uk\/wp-content\/uploads\/2024\/06\/Mert-Meral-100x100.png 100w, https:\/\/regenesishealth.co.uk\/wp-content\/uploads\/2024\/06\/Mert-Meral-600x600.png 600w, https:\/\/regenesishealth.co.uk\/wp-content\/uploads\/2024\/06\/Mert-Meral-1024x1024.png 1024w, https:\/\/regenesishealth.co.uk\/wp-content\/uploads\/2024\/06\/Mert-Meral-150x150.png 150w, https:\/\/regenesishealth.co.uk\/wp-content\/uploads\/2024\/06\/Mert-Meral-768x768.png 768w, https:\/\/regenesishealth.co.uk\/wp-content\/uploads\/2024\/06\/Mert-Meral-550x550.png 550w, https:\/\/regenesishealth.co.uk\/wp-content\/uploads\/2024\/06\/Mert-Meral-1100x1100.png 1100w\" sizes=\"(max-width: 1400px) 100vw, 1400px\" title=\"\">\t\t\t\t\t<div class=\"mkdf-circle-animate\"><\/div>\n\t\t\t\t\t<div class=\"mkdf-circle-icon\">\n\t\t\t\t\t\t<img decoding=\"async\" src=\"https:\/\/regenesishealth.co.uk\/wp-content\/uploads\/2017\/04\/icons_Artboard-2-copy-2.png\" class=\"icon\" alt=\"Doctor Icon\" title=\"\">\n\t\t\t\t\t<\/div>\n\t\t\t\t\t<div class=\"mkdf-circle-icon-hidden\">\n\t\t\t\t\t\t<img decoding=\"async\" src=\"https:\/\/regenesishealth.co.uk\/wp-content\/uploads\/2017\/04\/icons_Artboard-2-copy-2.png\" class=\"icon\" alt=\"Doctor Icon\" title=\"\">\n\t\t\t\t\t<\/div>\n\t\t\t\t<\/a>\n\t\t\t<\/div>\n\t\t\t\t<div class=\"mkdf-team-info\">\n            <div class=\"mkdf-team-title-holder\">\n                <h5 itemprop=\"name\" class=\"mkdf-team-name entry-title\">\n                    <a itemprop=\"url\" href=\"https:\/\/regenesishealth.co.uk\/team-member\/dr-mert-meral\/\">Dr. Mert Meral<\/a>\n                <\/h5>\n\n                                    <h6 class=\"mkdf-team-position\">Plastic Surgeon<\/h6>\n                            <\/div>\n\t\t\t\t\t\t<div class=\"mkdf-team-social-holder-between\">\n\t\t\t\t<div class=\"mkdf-team-social\">\n\t\t\t\t\t<div class=\"mkdf-team-social-inner\">\n\t\t\t\t\t\t<div class=\"mkdf-team-social-wrapp\">\n\t\t\t\t\t\t\t\t\t\t\t\t\t<\/div>\n\t\t\t\t\t<\/div>\n\t\t\t\t<\/div>\n\t\t\t<\/div>\n\t\t<\/div>\n\t<\/div>\n<\/div>[\/vc_column][vc_column width=&#8221;1\/4&#8243;]<div class=\"mkdf-team info-bellow\">\n\t<div class=\"mkdf-team-inner\">\n\t\t\t\t<div class=\"mkdf-team-info\">\n            <div class=\"mkdf-team-title-holder\">\n                <h5 itemprop=\"name\" class=\"mkdf-team-name entry-title\">\n                    <a itemprop=\"url\" href=\"\"><\/a>\n                <\/h5>\n\n                            <\/div>\n\t\t\t\t\t\t<div class=\"mkdf-team-social-holder-between\">\n\t\t\t\t<div class=\"mkdf-team-social\">\n\t\t\t\t\t<div class=\"mkdf-team-social-inner\">\n\t\t\t\t\t\t<div class=\"mkdf-team-social-wrapp\">\n\t\t\t\t\t\t\t\t\t\t\t\t\t<\/div>\n\t\t\t\t\t<\/div>\n\t\t\t\t<\/div>\n\t\t\t<\/div>\n\t\t<\/div>\n\t<\/div>\n<\/div>[\/vc_column][vc_column width=&#8221;1\/4&#8243;][\/vc_column][\/vc_row][vc_row][vc_column][vc_separator border_width=&#8221;3&#8243; css=&#8221;.vc_custom_1656337637411{padding-top: 25px !important;padding-bottom: 25px !important;}&#8221;][\/vc_column][\/vc_row][vc_row content_placement=&#8221;middle&#8221; row_content_width=&#8221;grid&#8221; content_text_aligment=&#8221;center&#8221; css=&#8221;.vc_custom_1656423295595{padding-bottom: 66px !important;}&#8221;][vc_column width=&#8221;1\/4&#8243;][\/vc_column][vc_column css_animation=&#8221;bounceIn&#8221; width=&#8221;1\/2&#8243;][vc_column_text]<\/p>\n<h4 style=\"text-align: center;\">Skontaktuj si\u0119 z nami ju\u017c teraz i uzyskaj informacje o naszych najnowocze\u015bniejszych praktykach terapeutycznych dostosowanych do Twoich potrzeb.<\/h4>\n<p>[\/vc_column_text][vc_empty_space]<a itemprop=\"url\" href=\"https:\/\/regenesishealth.co.uk\/contact-us\/\" target=\"_self\" class=\"mkdf-btn mkdf-btn-medium mkdf-btn-solid mkdf-btn-solid-dark\">\n    <span class=\"mkdf-btn-text\">Skontaktuj si\u0119 z nami<\/span>\n    <span class=\"mkdf-btn-icon-holder\">\n        <span class=\"mkdf-btn-icon-normal\" ><\/span>\n        <span class=\"mkdf-btn-icon-flip\" ><\/span>\n    <\/span>\n<\/a>[\/vc_column][vc_column width=&#8221;1\/4&#8243;][\/vc_column][\/vc_row]<\/p>\n","protected":false},"excerpt":{"rendered":"<p>[vc_row full_width=&#8221;stretch_row_content_no_spaces&#8221; content_placement=&#8221;top&#8221; content_text_aligment=&#8221;center&#8221;][vc_column][vc_single_image image=&#8221;15412&#8243; img_size=&#8221;Full&#8221; alignment=&#8221;center&#8221;][\/vc_column][\/vc_row][vc_row css=&#8221;.vc_custom_1656337554913{padding-top: 93px !important;padding-bottom: 33px !important;}&#8221;][vc_column][vc_column_text] Operacja plastyczna Skuteczny spos\u00f3b na popraw\u0119 pewno\u015bci siebie oraz zdrowia cia\u0142a i umys\u0142u [\/vc_column_text][vc_empty_space][vc_column_text]Chirurgia plastyczna to zabiegi poprawiaj\u0105ce wygl\u0105d twarzy i cia\u0142a. Nale\u017c\u0105 do nich zabiegi takie jak [&hellip;]<\/p>\n","protected":false},"author":1,"featured_media":15722,"parent":0,"menu_order":0,"comment_status":"closed","ping_status":"closed","template":"","meta":{"footnotes":""},"class_list":["post-16381","page","type-page","status-publish","has-post-thumbnail","hentry"],"_links":{"self":[{"href":"https:\/\/regenesishealth.co.uk\/pl\/wp-json\/wp\/v2\/pages\/16381"}],"collection":[{"href":"https:\/\/regenesishealth.co.uk\/pl\/wp-json\/wp\/v2\/pages"}],"about":[{"href":"https:\/\/regenesishealth.co.uk\/pl\/wp-json\/wp\/v2\/types\/page"}],"author":[{"embeddable":true,"href":"https:\/\/regenesishealth.co.uk\/pl\/wp-json\/wp\/v2\/users\/1"}],"replies":[{"embeddable":true,"href":"https:\/\/regenesishealth.co.uk\/pl\/wp-json\/wp\/v2\/comments?post=16381"}],"version-history":[{"count":2,"href":"https:\/\/regenesishealth.co.uk\/pl\/wp-json\/wp\/v2\/pages\/16381\/revisions"}],"predecessor-version":[{"id":18809,"href":"https:\/\/regenesishealth.co.uk\/pl\/wp-json\/wp\/v2\/pages\/16381\/revisions\/18809"}],"wp:featuredmedia":[{"embeddable":true,"href":"https:\/\/regenesishealth.co.uk\/pl\/wp-json\/wp\/v2\/media\/15722"}],"wp:attachment":[{"href":"https:\/\/regenesishealth.co.uk\/pl\/wp-json\/wp\/v2\/media?parent=16381"}],"curies":[{"name":"wp","href":"https:\/\/api.w.org\/{rel}","templated":true}]}}