{"id":16379,"date":"2020-10-27T09:56:27","date_gmt":"2020-10-27T09:56:27","guid":{"rendered":"https:\/\/regenesishealth.co.uk\/chirurgia-ginekologiczna\/"},"modified":"2025-09-11T19:31:55","modified_gmt":"2025-09-11T18:31:55","slug":"chirurgia-ginekologiczna","status":"publish","type":"page","link":"https:\/\/regenesishealth.co.uk\/pl\/chirurgia-ginekologiczna\/","title":{"rendered":"Chirurgia ginekologiczna"},"content":{"rendered":"<p>[vc_row full_width=&#8221;stretch_row_content_no_spaces&#8221; content_placement=&#8221;top&#8221; content_text_aligment=&#8221;center&#8221;][vc_column][vc_single_image image=&#8221;15434&#8243; img_size=&#8221;full&#8221; alignment=&#8221;center&#8221;][\/vc_column][\/vc_row][vc_row css=&#8221;.vc_custom_1656503235579{padding-top: 93px !important;padding-bottom: 33px !important;}&#8221;][vc_column][vc_column_text]<\/p>\n<h1 style=\"text-align: center;\">Chirurgia ginekologiczna<\/h1>\n<h2 style=\"text-align: center;\">Kobiece cia\u0142o ma swoj\u0105 w\u0142asn\u0105 histori\u0119 \u017cycia, a jego potrzeby s\u0105 piel\u0119gnowane przez ca\u0142\u0105 t\u0119 podr\u00f3\u017c<\/h2>\n<p>[\/vc_column_text][vc_empty_space][vc_column_text]Chirurgia ginekologiczna obejmuje wszelkie zabiegi chirurgiczne obejmuj\u0105ce struktury kobiecego obszaru miednicy: macic\u0119, jajniki, szyjk\u0119 macicy, jajowody, pochw\u0119 i srom. Istnieje wiele powod\u00f3w, dla kt\u00f3rych kobieta mo\u017ce potrzebowa\u0107 podda\u0107 si\u0119 operacji ginekologicznej. Leczenie schorze\u0144 takich jak endometrioza, w\u0142\u00f3kniaki (\u0142agodne guzy), torbiele jajnik\u00f3w, rak, przewlek\u0142y b\u00f3l miednicy, choroba zapalna miednicy, wypadanie macicy lub nieprawid\u0142owe krwawienie mog\u0105 by\u0107 niekt\u00f3rymi z powod\u00f3w operacji ginekologicznej. Ginekolog odgrywa wiele r\u00f3l w \u017cyciu kobiety &#8211; od lekarza, przez opiekuna, po najlepszego doradc\u0119. Dlatego wizyta u ginekologa nigdy nie powinna by\u0107 ignorowana, je\u015bli chcesz zachowa\u0107 dobre zdrowie i og\u00f3lne samopoczucie. Warto pozna\u0107 najlepszych ginekolog\u00f3w w naszym zespole ekspert\u00f3w i zapyta\u0107 nas o wszystko, co chcesz wiedzie\u0107 na temat operacji i zabieg\u00f3w ginekologicznych za po\u015brednictwem strony <a href=\"https:\/\/regenesishealth.co.uk\/contact-us\/\" target=\"_blank\" rel=\"noopener\">https:\/\/regenesishealth.co.uk\/contact-us\/.<\/a>     [\/vc_column_text][\/vc_column][\/vc_row][vc_row css=&#8221;.vc_custom_1656506967763{padding-top: 25px !important;padding-bottom: 25px !important;}&#8221;][vc_column][vc_separator border_width=&#8221;3&#8243; css=&#8221;.vc_custom_1656504089491{padding-top: 25px !important;padding-bottom: 25px !important;}&#8221;][\/vc_column][\/vc_row][vc_row][vc_column][vc_column_text]<\/p>\n<h2 style=\"text-align: center;\">Nasze us\u0142ugi na oddziale chirurgii ginekologicznej<\/h2>\n<p>[\/vc_column_text][\/vc_column][\/vc_row][vc_row content_placement=&#8221;middle&#8221; css=&#8221;.vc_custom_1656506735531{padding-top: 33px !important;}&#8221;][vc_column width=&#8221;1\/2&#8243;][vc_column_text]<\/p>\n<h3><strong>Chirurgia ginekologiczna<\/strong><\/h3>\n<p>Ginekologia obejmuje diagnostyk\u0119 i leczenie zaburze\u0144 \u017ce\u0144skich narz\u0105d\u00f3w p\u0142ciowych i uk\u0142adu rozrodczego. Nasi do\u015bwiadczeni i wysoko cenieni ginekolodzy oferuj\u0105 troskliw\u0105 i wygodn\u0105 opiek\u0119 dla wszystkich pacjentek. Tam, gdzie to mo\u017cliwe, stosuj\u0105 minimalnie inwazyjne techniki i s\u0105 wspierani przez doskona\u0142e zaplecze diagnostyczne.  [\/vc_column_text][\/vc_column][vc_column width=&#8221;1\/2&#8243;][vc_single_image image=&#8221;10279&#8243; img_size=&#8221;&#8221; alignment=&#8221;center&#8221; css_animation=&#8221;fadeInRight&#8221;][\/vc_column][\/vc_row][vc_row css=&#8221;.vc_custom_1656506955715{padding-top: 25px !important;padding-bottom: 25px !important;}&#8221;][vc_column][vc_separator css=&#8221;.vc_custom_1656503573907{padding-top: 25px !important;padding-bottom: 25px !important;}&#8221;][\/vc_column][\/vc_row][vc_row][vc_column width=&#8221;1\/2&#8243;][vc_single_image image=&#8221;10282&#8243; img_size=&#8221;&#8221; alignment=&#8221;center&#8221; css_animation=&#8221;fadeInLeft&#8221;][\/vc_column][vc_column width=&#8221;1\/2&#8243;][vc_column_text]<\/p>\n<h3><strong>Technologia sztucznej reprodukcji (ART)<\/strong><\/h3>\n<p>Technologia sztucznego rozrodu lub techniki wspomaganego rozrodu (ART) to jedna z metod chirurgii ginekologicznej, kt\u00f3ra odnosi si\u0119 do leczenia niep\u0142odno\u015bci i procedur, kt\u00f3re mog\u0105 pom\u00f3c w trudno\u015bciach lub niezdolno\u015bci do pocz\u0119cia dziecka. ART obejmuje leczenie niep\u0142odno\u015bci, kt\u00f3re obejmuje zar\u00f3wno kom\u00f3rki jajowe, jak i plemniki. Te z\u0142o\u017cone zabiegi obejmuj\u0105 wp\u0142ywanie na gamety, czyli kom\u00f3rki jajowe i plemniki, w celu zwi\u0119kszenia szans na zap\u0142odnienie. ART jest zwykle opcj\u0105 dla os\u00f3b, u kt\u00f3rych inne metody leczenia niep\u0142odno\u015bci mog\u0105 nie dzia\u0142a\u0107 lub tych, kt\u00f3rzy ju\u017c pr\u00f3bowali leczenia, ale nie zaszli w ci\u0105\u017c\u0119. Osoby rozwa\u017caj\u0105ce ART cz\u0119sto omawiaj\u0105 opcje z pracownikiem s\u0142u\u017cby zdrowia i mog\u0105 wymaga\u0107 konsultacji ze specjalist\u0105 ds. p\u0142odno\u015bci. Zap\u0142odnienie in vitro (IVF) jest najbardziej powszechnym i skutecznym rodzajem ART. Najcz\u0119stszym powik\u0142aniem ART jest ci\u0105\u017ca mnoga. Mo\u017cna temu zapobiec lub zminimalizowa\u0107 poprzez ograniczenie liczby zarodk\u00f3w umieszczanych w ciele rodzica       [\/vc_column_text][\/vc_column][\/vc_row][vc_row css=&#8221;.vc_custom_1656506983333{padding-top: 25px !important;padding-bottom: 25px !important;}&#8221;][vc_column][vc_separator css=&#8221;.vc_custom_1656503582941{padding-top: 25px !important;padding-bottom: 25px !important;}&#8221;][\/vc_column][\/vc_row][vc_row][vc_column width=&#8221;1\/2&#8243;][vc_column_text]<\/p>\n<h3><strong>Chirurgia laparoskopowa<\/strong><\/h3>\n<p>Laparoskopia ginekologiczna to procedura polegaj\u0105ca na zajrzeniu do wn\u0119trza brzucha kobiety w celu zbadania macicy, jajowod\u00f3w i jajnik\u00f3w. Laparoskopia ginekologiczna mo\u017ce by\u0107 stosowana do diagnozowania schorze\u0144 i\/lub ich leczenia. Podczas laparoskopii lekarz specjalista zwany ginekologiem mo\u017ce pobra\u0107 niewielk\u0105 pr\u00f3bk\u0119 tkanki (biopsja). Biopsja mo\u017ce r\u00f3wnie\u017c pom\u00f3c w zdiagnozowaniu endometriozy. Mo\u017cesz r\u00f3wnie\u017c podda\u0107 si\u0119 laparoskopii ginekologicznej w celu ustalenia przyczyny utrzymuj\u0105cego si\u0119 b\u00f3lu brzucha. Je\u015bli starasz si\u0119 o dziecko, ale masz trudno\u015bci, laparoskopia mo\u017ce by\u0107 wykorzystana do znalezienia przyczyn. Wi\u0119cej informacji na temat laparoskopii mo\u017cna znale\u017a\u0107 na stronie <a href=\"https:\/\/en.wikipedia.org\/wiki\/Laparoscopy\" target=\"_blank\" rel=\"noopener\">https:\/\/en.wikipedia.org\/wiki\/Laparoscopy.<\/a>      [\/vc_column_text][\/vc_column][vc_column width=&#8221;1\/2&#8243;][vc_single_image image=&#8221;10280&#8243; img_size=&#8221;&#8221; alignment=&#8221;center&#8221; css_animation=&#8221;fadeInRight&#8221;][\/vc_column][\/vc_row][vc_row css=&#8221;.vc_custom_1656506990458{padding-top: 25px !important;padding-bottom: 25px !important;}&#8221;][vc_column][vc_separator css=&#8221;.vc_custom_1656503590980{padding-top: 25px !important;padding-bottom: 25px !important;}&#8221;][\/vc_column][\/vc_row][vc_row][vc_column width=&#8221;1\/2&#8243;][vc_single_image image=&#8221;10281&#8243; img_size=&#8221;&#8221; alignment=&#8221;center&#8221; css_animation=&#8221;fadeInLeft&#8221;][\/vc_column][vc_column width=&#8221;1\/2&#8243;][vc_column_text]<\/p>\n<h3><strong>Operacje estetyczne narz\u0105d\u00f3w p\u0142ciowych (labioplastyka, sistorectosel)<\/strong><\/h3>\n<p>Chirurgia estetyczna narz\u0105d\u00f3w p\u0142ciowych wydaje si\u0119 by\u0107 obecnie modnym tematem, podobnie jak operacje plastyczne, o kt\u00f3rych wi\u0119cej mo\u017cesz dowiedzie\u0107 si\u0119 z naszego artyku\u0142u; <a href=\"https:\/\/regenesishealth.co.uk\/plastic-surgery\/\">https:\/\/regenesishealth.co.uk\/plastic-surgery\/ .<\/a> Chirurgia estetyczna \u017ce\u0144skich narz\u0105d\u00f3w p\u0142ciowych obejmuje kilka zabieg\u00f3w chirurgicznych maj\u0105cych na celu popraw\u0119 ich wygl\u0105du. Najbardziej po\u017c\u0105danymi procedurami s\u0105 operacje zmniejszenia warg sromowych (labiaplastyka) i zaci\u015bni\u0119cia pochwy (waginoplastyka). Labiaplastyka, znana r\u00f3wnie\u017c jako odm\u0142adzanie pochwy, to zabieg chirurgii plastycznej polegaj\u0105cy na modyfikacji warg sromowych mniejszych (warg wewn\u0119trznych) i\/lub warg sromowych wi\u0119kszych (warg zewn\u0119trznych). Z drugiej strony, waginoplastyka jest zabiegiem maj\u0105cym na celu budow\u0119 lub napraw\u0119 pochwy. Leczy r\u00f3\u017cne problemy medyczne, w tym urazy pochwy spowodowane porodem i powik\u0142ania zwi\u0105zane z chorobami dna miednicy. Skonsultuj si\u0119 z naszym zespo\u0142em ekspert\u00f3w, je\u015bli masz pytania dotycz\u0105ce operacji estetyki narz\u0105d\u00f3w p\u0142ciowych.     [\/vc_column_text][\/vc_column][\/vc_row][vc_row css=&#8221;.vc_custom_1656506998497{padding-top: 25px !important;padding-bottom: 25px !important;}&#8221;][vc_column][vc_separator border_width=&#8221;3&#8243; css=&#8221;.vc_custom_1656504089491{padding-top: 25px !important;padding-bottom: 25px !important;}&#8221;][\/vc_column][\/vc_row][vc_row][vc_column][vc_column_text]<\/p>\n<h2 style=\"text-align: center;\">Nasz zesp\u00f3\u0142<\/h2>\n<p>[\/vc_column_text][\/vc_column][\/vc_row][vc_row css=&#8221;.vc_custom_1656507063515{padding-top: 33px !important;}&#8221;][vc_column width=&#8221;1\/5&#8243;][\/vc_column][vc_column width=&#8221;1\/5&#8243;][\/vc_column][vc_column width=&#8221;1\/5&#8243;]<div class=\"mkdf-team info-bellow\">\n\t<div class=\"mkdf-team-inner\">\n\t\t\t\t\t<div class=\"mkdf-team-image\">\n                <a itemprop=\"url\" href=\"https:\/\/regenesishealth.co.uk\/team-member\/kerim-emrah-yavuz\/\">\n                    <img loading=\"lazy\" decoding=\"async\" width=\"1400\" height=\"1400\" src=\"https:\/\/regenesishealth.co.uk\/wp-content\/uploads\/2020\/10\/Artboard-2.png\" class=\"attachment-full size-full wp-post-image\" alt=\"\" srcset=\"https:\/\/regenesishealth.co.uk\/wp-content\/uploads\/2020\/10\/Artboard-2.png 1400w, https:\/\/regenesishealth.co.uk\/wp-content\/uploads\/2020\/10\/Artboard-2-300x300.png 300w, https:\/\/regenesishealth.co.uk\/wp-content\/uploads\/2020\/10\/Artboard-2-100x100.png 100w, https:\/\/regenesishealth.co.uk\/wp-content\/uploads\/2020\/10\/Artboard-2-600x600.png 600w, https:\/\/regenesishealth.co.uk\/wp-content\/uploads\/2020\/10\/Artboard-2-1024x1024.png 1024w, https:\/\/regenesishealth.co.uk\/wp-content\/uploads\/2020\/10\/Artboard-2-150x150.png 150w, https:\/\/regenesishealth.co.uk\/wp-content\/uploads\/2020\/10\/Artboard-2-768x768.png 768w, https:\/\/regenesishealth.co.uk\/wp-content\/uploads\/2020\/10\/Artboard-2-550x550.png 550w, https:\/\/regenesishealth.co.uk\/wp-content\/uploads\/2020\/10\/Artboard-2-1100x1100.png 1100w\" sizes=\"(max-width: 1400px) 100vw, 1400px\" title=\"\">\t\t\t\t\t<div class=\"mkdf-circle-animate\"><\/div>\n\t\t\t\t\t<div class=\"mkdf-circle-icon\">\n\t\t\t\t\t\t<img decoding=\"async\" src=\"https:\/\/regenesishealth.co.uk\/wp-content\/uploads\/2017\/04\/icons_Artboard-2-copy-4.png\" class=\"icon\" alt=\"Doctor Icon\" title=\"\">\n\t\t\t\t\t<\/div>\n\t\t\t\t\t<div class=\"mkdf-circle-icon-hidden\">\n\t\t\t\t\t\t<img decoding=\"async\" src=\"https:\/\/regenesishealth.co.uk\/wp-content\/uploads\/2017\/04\/icons_Artboard-2-copy-4.png\" class=\"icon\" alt=\"Doctor Icon\" title=\"\">\n\t\t\t\t\t<\/div>\n\t\t\t\t<\/a>\n\t\t\t<\/div>\n\t\t\t\t<div class=\"mkdf-team-info\">\n            <div class=\"mkdf-team-title-holder\">\n                <h5 itemprop=\"name\" class=\"mkdf-team-name entry-title\">\n                    <a itemprop=\"url\" href=\"https:\/\/regenesishealth.co.uk\/team-member\/kerim-emrah-yavuz\/\">Dr. Kerim Emrah Yavuz<\/a>\n                <\/h5>\n\n                                    <h6 class=\"mkdf-team-position\">Gynaecology and Obstetrics<\/h6>\n                            <\/div>\n\t\t\t\t\t\t<div class=\"mkdf-team-social-holder-between\">\n\t\t\t\t<div class=\"mkdf-team-social\">\n\t\t\t\t\t<div class=\"mkdf-team-social-inner\">\n\t\t\t\t\t\t<div class=\"mkdf-team-social-wrapp\">\n\t\t\t\t\t\t\t\t\t\t\t\t\t<\/div>\n\t\t\t\t\t<\/div>\n\t\t\t\t<\/div>\n\t\t\t<\/div>\n\t\t<\/div>\n\t<\/div>\n<\/div>[\/vc_column][vc_column width=&#8221;1\/5&#8243;][\/vc_column][vc_column width=&#8221;1\/5&#8243;][\/vc_column][\/vc_row][vc_row css=&#8221;.vc_custom_1656507005834{padding-top: 25px !important;padding-bottom: 25px !important;}&#8221;][vc_column][vc_separator border_width=&#8221;3&#8243; css=&#8221;.vc_custom_1656504089491{padding-top: 25px !important;padding-bottom: 25px !important;}&#8221;][\/vc_column][\/vc_row][vc_row content_placement=&#8221;middle&#8221; css_animation=&#8221;bounceIn&#8221; row_content_width=&#8221;grid&#8221; content_text_aligment=&#8221;center&#8221;][vc_column width=&#8221;1\/4&#8243;][\/vc_column][vc_column width=&#8221;1\/2&#8243;][vc_column_text]<\/p>\n<h4 style=\"text-align: center;\">Skontaktuj si\u0119 z nami ju\u017c teraz i uzyskaj informacje na temat naszych najnowocze\u015bniejszych praktyk leczenia zgodnie z Twoimi potrzebami.<\/h4>\n<p>[\/vc_column_text][vc_empty_space]<a itemprop=\"url\" href=\"https:\/\/regenesishealth.co.uk\/contact-us\/\" target=\"_self\" class=\"mkdf-btn mkdf-btn-medium mkdf-btn-solid mkdf-btn-solid-dark\">\n    <span class=\"mkdf-btn-text\">Skontaktuj si\u0119 z nami<\/span>\n    <span class=\"mkdf-btn-icon-holder\">\n        <span class=\"mkdf-btn-icon-normal\" ><\/span>\n        <span class=\"mkdf-btn-icon-flip\" ><\/span>\n    <\/span>\n<\/a>[vc_empty_space][\/vc_column][vc_column width=&#8221;1\/4&#8243;][\/vc_column][\/vc_row]<\/p>\n","protected":false},"excerpt":{"rendered":"<p>[vc_row full_width=&#8221;stretch_row_content_no_spaces&#8221; content_placement=&#8221;top&#8221; content_text_aligment=&#8221;center&#8221;][vc_column][vc_single_image image=&#8221;15434&#8243; img_size=&#8221;full&#8221; alignment=&#8221;center&#8221;][\/vc_column][\/vc_row][vc_row css=&#8221;.vc_custom_1656503235579{padding-top: 93px !important;padding-bottom: 33px !important;}&#8221;][vc_column][vc_column_text] Chirurgia ginekologiczna Kobiece cia\u0142o ma swoj\u0105 w\u0142asn\u0105 histori\u0119 \u017cycia, a jego potrzeby s\u0105 piel\u0119gnowane przez ca\u0142\u0105 t\u0119 podr\u00f3\u017c [\/vc_column_text][vc_empty_space][vc_column_text]Chirurgia ginekologiczna obejmuje wszelkie zabiegi chirurgiczne obejmuj\u0105ce struktury kobiecego obszaru [&hellip;]<\/p>\n","protected":false},"author":1,"featured_media":15845,"parent":0,"menu_order":0,"comment_status":"closed","ping_status":"closed","template":"","meta":{"footnotes":""},"class_list":["post-16379","page","type-page","status-publish","has-post-thumbnail","hentry"],"_links":{"self":[{"href":"https:\/\/regenesishealth.co.uk\/pl\/wp-json\/wp\/v2\/pages\/16379"}],"collection":[{"href":"https:\/\/regenesishealth.co.uk\/pl\/wp-json\/wp\/v2\/pages"}],"about":[{"href":"https:\/\/regenesishealth.co.uk\/pl\/wp-json\/wp\/v2\/types\/page"}],"author":[{"embeddable":true,"href":"https:\/\/regenesishealth.co.uk\/pl\/wp-json\/wp\/v2\/users\/1"}],"replies":[{"embeddable":true,"href":"https:\/\/regenesishealth.co.uk\/pl\/wp-json\/wp\/v2\/comments?post=16379"}],"version-history":[{"count":3,"href":"https:\/\/regenesishealth.co.uk\/pl\/wp-json\/wp\/v2\/pages\/16379\/revisions"}],"predecessor-version":[{"id":21764,"href":"https:\/\/regenesishealth.co.uk\/pl\/wp-json\/wp\/v2\/pages\/16379\/revisions\/21764"}],"wp:featuredmedia":[{"embeddable":true,"href":"https:\/\/regenesishealth.co.uk\/pl\/wp-json\/wp\/v2\/media\/15845"}],"wp:attachment":[{"href":"https:\/\/regenesishealth.co.uk\/pl\/wp-json\/wp\/v2\/media?parent=16379"}],"curies":[{"name":"wp","href":"https:\/\/api.w.org\/{rel}","templated":true}]}}