{"id":18753,"date":"2023-10-26T15:52:35","date_gmt":"2023-10-26T14:52:35","guid":{"rendered":"https:\/\/regenesishealth.co.uk\/vilkar-for-bruk\/"},"modified":"2023-10-26T15:52:35","modified_gmt":"2023-10-26T14:52:35","slug":"vilkar-for-bruk","status":"publish","type":"page","link":"https:\/\/regenesishealth.co.uk\/no\/vilkar-for-bruk\/","title":{"rendered":"Vilk\u00e5r for bruk"},"content":{"rendered":"<h3 style=\"text-align: center;\">VILK\u00c5R FOR BRUK<\/h3>\n<p><b>SIST OPPDATERT 24 JULI 2023<\/b><\/p>\n<ol>\n<li>Vi er Regenesis Health Travel Ltd, og vi eier og driver dette nettstedet<b>(nettstedet).<\/b><\/li>\n<li>Din bruk av nettstedet er underlagt disse bruksvilk\u00e5rene.\nVed \u00e5 bruke nettstedet anses du \u00e5 ha akseptert og samtykket til \u00e5 v\u00e6re bundet av disse bruksvilk\u00e5rene.\nVi kan gj\u00f8re endringer i disse bruksvilk\u00e5rene fra tid til annen.\nVi kan varsle deg om slike endringer p\u00e5 en hvilken som helst rimelig m\u00e5te, inkludert ved \u00e5 legge ut den reviderte versjonen av disse bruksvilk\u00e5rene p\u00e5 nettstedet.\nDu kan finne ut n\u00e5r vi sist endret disse bruksvilk\u00e5rene ved \u00e5 se p\u00e5 &#8220;Sist oppdatert&#8221;-angivelsen ovenfor.\nDin bruk av nettstedet etter endringer i disse bruksvilk\u00e5rene vil utgj\u00f8re din aksept av disse endringene.     <\/li>\n<li>Du er ansvarlig for all tilgang til nettstedet ved hjelp av din Internett-tilkobling, selv om tilgangen skjer via en annen person.<\/li>\n<li>Vi forbeholder oss retten til \u00e5 begrense din tilgang til nettstedet eller deler av det.\nTilgang til begrensede omr\u00e5der av nettstedet kan v\u00e6re underlagt registrering og andre betingelser.\nHvis vi gir deg tillatelse til \u00e5 f\u00e5 tilgang til et begrenset omr\u00e5de, kan vi n\u00e5r som helst trekke tilbake denne tillatelsen (inkludert hvis du bryter noen av disse vilk\u00e5rene for bruk).  <\/li>\n<li>Vi vil gj\u00f8re rimelige anstrengelser for \u00e5 sikre at Nettstedet er tilgjengelig til enhver tid.\nVi kan imidlertid ikke garantere at nettstedet eller noen individuell funksjon eller egenskap p\u00e5 nettstedet alltid vil v\u00e6re tilgjengelig og\/eller feilfri.\nSpesielt kan Nettstedet v\u00e6re utilgjengelig i perioder hvor vi implementerer oppgraderinger eller utf\u00f8rer viktig vedlikehold p\u00e5 Nettstedet.  <\/li>\n<li>De immaterielle rettighetene til nettstedet og all tekst, bilder, videoer og annet innhold som er gjort tilgjengelig p\u00e5 det, eies av oss og v\u00e5re lisensgivere.\nDu kan ikke skrive ut eller p\u00e5 annen m\u00e5te lage kopier av slikt innhold uten v\u00e5r uttrykkelige forh\u00e5ndstillatelse. <\/li>\n<li>Vi leverer nettstedet &#8220;som det er&#8221; og gir ingen garantier for kvaliteten, fullstendigheten eller n\u00f8yaktigheten av noe innhold som er gjort tilgjengelig p\u00e5 nettstedet.\nI den grad loven tillater det, utelukker vi uttrykkelig:   <ol>\n<li>alle betingelser, garantier og andre vilk\u00e5r som ellers kan v\u00e6re underforst\u00e5tt i disse bruksvilk\u00e5rene i henhold til lov; og<\/li>\n<li>ethvert ansvar overfor deg, enten det oppst\u00e5r i henhold til disse bruksvilk\u00e5rene eller p\u00e5 annen m\u00e5te i forbindelse med din bruk av nettstedet.<\/li>\n<\/ol>\n<\/li>\n<\/ol>\n<p>Det foreg\u00e5ende er en omfattende ansvarsbegrensning som gjelder for alle skader av enhver art, inkludert (uten begrensning) erstatningsmessige, direkte, indirekte eller f\u00f8lgeskader, tap av data, inntekt eller fortjeneste, tap av eller skade p\u00e5 eiendom og krav fra tredjeparter.\nUavhengig av det foreg\u00e5ende er ingenting i disse bruksvilk\u00e5rene ment \u00e5 utelukke eller begrense noe ansvar som ikke kan utelukkes eller begrenses i henhold til lov.\nSpesielt er ingen av utelukkelsene og begrensningene i denne klausulen ment \u00e5 begrense eventuelle rettigheter du m\u00e5tte ha som forbruker i henhold til lokal lovgivning eller andre lovbestemte rettigheter som ikke kan utelukkes, og heller ikke p\u00e5 noen m\u00e5te utelukke eller begrense ansvar overfor deg for d\u00f8dsfall eller personskade som f\u00f8lge av v\u00e5r uaktsomhet eller uaktsomhet fra v\u00e5re ansatte eller agenter.  <\/p>\n<ol start=\"8\">\n<li>Din tillatelse til \u00e5 bruke nettstedet er personlig for deg og kan ikke overf\u00f8res, og du kan ikke bruke nettstedet til kommersielle form\u00e5l.\nDin bruk av nettstedet er betinget av at du overholder atferdsreglene som er beskrevet i disse bruksvilk\u00e5rene, og du samtykker i at du ikke vil gj\u00f8re det:   <ol>\n<li>bruke nettstedet til bedragerske eller ulovlige form\u00e5l;<\/li>\n<li>bruke nettstedet til \u00e5 \u00e6rekrenke, misbruke, trakassere, forf\u00f8lge, true eller p\u00e5 annen m\u00e5te krenke andres rettigheter, herunder, men ikke begrenset til, andres personvernrettigheter eller publisitetsrettigheter;<\/li>\n<li>utgi deg for \u00e5 v\u00e6re en person eller enhet, feilaktig oppgi eller p\u00e5 annen m\u00e5te feilaktig fremstille din tilknytning til en person eller enhet i forbindelse med nettstedet, eller uttrykke eller antyde at vi st\u00f8tter noen uttalelse du kommer med;<\/li>\n<li>forstyrre eller avbryte driften av nettstedet eller serverne eller nettverkene som brukes til \u00e5 gj\u00f8re nettstedet tilgjengelig; eller bryte krav, prosedyrer, retningslinjer eller forskrifter for slike nettverk;<\/li>\n<li>overf\u00f8re eller p\u00e5 annen m\u00e5te gj\u00f8re tilgjengelig i forbindelse med nettstedet virus, ormer, trojanske hester eller annen datakode som er skadelig eller invaderende, eller som kan eller er ment \u00e5 skade driften av, eller overv\u00e5ke bruken av, maskinvare, programvare eller utstyr;<\/li>\n<li>reprodusere, duplisere, kopiere, selge, videreselge eller p\u00e5 annen m\u00e5te utnytte noen del av, bruk av eller tilgang til nettstedet for kommersielle form\u00e5l;<\/li>\n<li>endre, tilpasse, oversette, rekonstruere, dekompilere eller demontere noen del av nettstedet.\nHvis du \u00f8nsker \u00e5 reversere noen del av nettstedet for \u00e5 lage et interoperabelt program, m\u00e5 du kontakte oss.\nVi kan levere grensesnittdata med forbehold om verifisering av din identitet og annen informasjon;  <\/li>\n<li>fjerne opphavsrett, varemerker eller andre merknader om eiendomsrett fra nettstedet eller materiale som stammer fra nettstedet;<\/li>\n<li>ramme inn eller speile noen del av nettstedet uten v\u00e5rt uttrykkelige skriftlige forh\u00e5ndssamtykke;<\/li>\n<li>opprette en database ved \u00e5 systematisk laste ned og lagre innholdet p\u00e5 nettstedet;<\/li>\n<li>bruke noen manuell eller automatisk enhet p\u00e5 noen m\u00e5te for \u00e5 samle inn innhold fra nettstedet eller reprodusere eller omg\u00e5 navigasjonsstrukturen eller presentasjonen av nettstedet uten v\u00e5rt uttrykkelige skriftlige forh\u00e5ndssamtykke.\nUavhengig av det foreg\u00e5ende gir vi operat\u00f8rene av offentlige s\u00f8kemotorer p\u00e5 nettet begrenset tillatelse til \u00e5 bruke s\u00f8keprogrammer til \u00e5 reprodusere materiale fra nettstedet med det ene form\u00e5l og utelukkende i den grad det er n\u00f8dvendig for \u00e5 opprette offentlig tilgjengelige s\u00f8kbare indekser av slikt materiale utelukkende i forbindelse med hver operat\u00f8rs offentlige s\u00f8ketjeneste p\u00e5 nettet. <\/li>\n<\/ol>\n<\/li>\n<\/ol>\n<p>Vi forbeholder oss retten til \u00e5 oppheve disse unntakene, enten generelt eller i spesifikke tilfeller.<\/p>\n<ol start=\"9\">\n<li>Nettstedet kan inneholde lenker til andre nettsteder og nettressurser.\nVi er ikke ansvarlige for og st\u00f8tter ikke slike eksterne nettsteder eller ressurser.\nDin bruk av tredjeparts nettsteder og ressurser skjer p\u00e5 egen risiko.  <\/li>\n<li>Du kan opprette en lenke til dette nettstedet, forutsatt at:  <ol>\n<li>lenken er rettferdig og lovlig og presenteres ikke p\u00e5 en m\u00e5te som er det:  <ol>\n<li>villedende eller kan gi inntrykk av noen form for tilknytning, godkjenning eller st\u00f8tte fra oss som ikke eksisterer, eller<\/li>\n<li>skadelig for v\u00e5rt omd\u00f8mme eller omd\u00f8mmet til noen av v\u00e5re tilknyttede selskaper;<\/li>\n<\/ol>\n<\/li>\n<li>Med mindre vi gir deg skriftlig tillatelse til \u00e5 gj\u00f8re det, kan du ikke bruke logoen til nettstedet v\u00e5rt p\u00e5 noen nettbasert plattform, for eksempel sosiale medier eller andre nettsteder.<\/li>\n<li>du beholder den juridiske retten og tekniske muligheten til \u00e5 fjerne lenken umiddelbart etter \u00e5 ha blitt varslet, etter en foresp\u00f8rsel fra oss om \u00e5 gj\u00f8re det;<\/li>\n<li>lenken er til hjemmesiden til dette nettstedet p\u00e5 f\u00f8lgende URL https:\/\/regenesishealth.co.uk\/<\/li>\n<li>lenken vil ikke f\u00f8re til at dette nettstedet eller noe innhold p\u00e5 dette nettstedet blir:  <ol>\n<li>er innebygd i eller &#8220;innrammet&#8221; av et annet nettsted, eller<\/li>\n<li>p\u00e5 annen m\u00e5te vises p\u00e5 en annen m\u00e5te enn det som opprinnelig var tiltenkt av oss.<\/li>\n<\/ol>\n<\/li>\n<\/ol>\n<\/li>\n<\/ol>\n<p>Vi forbeholder oss retten til \u00e5 kreve at du n\u00e5r som helst fjerner enhver lenke til nettstedet, og du samtykker i at du umiddelbart vil etterkomme enhver anmodning fra oss om \u00e5 fjerne en slik lenke.<\/p>\n<ol start=\"11\">\n<li>Vi kan samle inn og bruke informasjon om deg i samsvar med v\u00e5re retningslinjer for personvern og informasjonskapsler.\nDu kan se en kopi av disse retningslinjene ved \u00e5 klikke her. <\/li>\n<li>Disse bruksvilk\u00e5rene gjelder inntil de sies opp av oss.\nVi kan n\u00e5r som helst og av hvilken som helst grunn avslutte din tilgang til eller bruk av nettstedet.\nHvis vi avslutter din tilgang til nettstedet, vil du ikke ha rett til \u00e5 fremme krav mot oss eller v\u00e5re tilknyttede selskaper med hensyn til slik avslutning.\nVi og v\u00e5re tilknyttede selskaper skal ikke v\u00e6re ansvarlige for noen oppsigelse av din tilgang til nettstedet.   <\/li>\n<li>Du m\u00e5 ikke sende inn informasjon om deg selv til oss hvis du er under 18 \u00e5r, eller om noen annen person som er under 18 \u00e5r:  <ol>\n<li>under 18 \u00e5r; eller<\/li>\n<li>hvis de er 18 \u00e5r eller eldre, der du ikke har mottatt deres skriftlige forh\u00e5ndssamtykke til \u00e5 sende informasjon om dem til oss.<\/li>\n<\/ol>\n<\/li>\n<li>Du m\u00e5 ikke sende inn informasjon til oss som anses som &#8220;sensitive personopplysninger&#8221;.\n&#8220;Sensitive personopplysninger&#8221; er opplysninger om deg eller andre personer som avsl\u00f8rer din eller deres rasemessige eller etniske opprinnelse, politiske meninger, religi\u00f8se eller filosofiske overbevisning, fagforeningsmedlemskap, eller som er genetiske data, biometriske data, opplysninger som gjelder din eller deres helse, seksualliv eller seksuelle legning.   <ol>\n<li>Hvis du ved et uhell eller med vilje sender slik informasjon til oss, vil du anses \u00e5 ha samtykket til v\u00e5r behandling av denne informasjonen p\u00e5 grunnlag av artikkel 9(2)(a) i personvernforordningen (forordning (EU) 2016\/769) og i henhold til Data Protection Act 2018, med endringer.<\/li>\n<\/ol>\n<\/li>\n<li>Disse bruksvilk\u00e5rene er underlagt og skal tolkes i samsvar med lovene i England.\nDomstolene i England har eksklusiv jurisdiksjon over ethvert krav eller tvist som oppst\u00e5r under eller i forbindelse med disse bruksvilk\u00e5rene. <\/li>\n<\/ol>\n<p><!-- \/wp:html --> <\/p>\n<p><!-- wp:paragraph --><!-- \/wp:paragraph --> <\/p>","protected":false},"excerpt":{"rendered":"<p>VILK\u00c5R FOR BRUK SIST OPPDATERT 24 JULI 2023 Vi er Regenesis Health Travel Ltd, og vi eier og driver dette nettstedet(nettstedet). Din bruk av nettstedet er underlagt disse bruksvilk\u00e5rene. Ved \u00e5 bruke nettstedet anses du \u00e5 ha akseptert og samtykket [&hellip;]<\/p>\n","protected":false},"author":1,"featured_media":0,"parent":0,"menu_order":0,"comment_status":"closed","ping_status":"closed","template":"","meta":{"footnotes":""},"class_list":["post-18753","page","type-page","status-publish","hentry"],"_links":{"self":[{"href":"https:\/\/regenesishealth.co.uk\/no\/wp-json\/wp\/v2\/pages\/18753"}],"collection":[{"href":"https:\/\/regenesishealth.co.uk\/no\/wp-json\/wp\/v2\/pages"}],"about":[{"href":"https:\/\/regenesishealth.co.uk\/no\/wp-json\/wp\/v2\/types\/page"}],"author":[{"embeddable":true,"href":"https:\/\/regenesishealth.co.uk\/no\/wp-json\/wp\/v2\/users\/1"}],"replies":[{"embeddable":true,"href":"https:\/\/regenesishealth.co.uk\/no\/wp-json\/wp\/v2\/comments?post=18753"}],"version-history":[{"count":0,"href":"https:\/\/regenesishealth.co.uk\/no\/wp-json\/wp\/v2\/pages\/18753\/revisions"}],"wp:attachment":[{"href":"https:\/\/regenesishealth.co.uk\/no\/wp-json\/wp\/v2\/media?parent=18753"}],"curies":[{"name":"wp","href":"https:\/\/api.w.org\/{rel}","templated":true}]}}