{"id":18752,"date":"2020-10-15T16:54:04","date_gmt":"2020-10-15T15:54:04","guid":{"rendered":"https:\/\/regenesishealth.co.uk\/retningslinjer-for-personvern\/"},"modified":"2020-10-15T16:54:04","modified_gmt":"2020-10-15T15:54:04","slug":"retningslinjer-for-personvern","status":"publish","type":"page","link":"https:\/\/regenesishealth.co.uk\/no\/retningslinjer-for-personvern\/","title":{"rendered":"Retningslinjer for personvern"},"content":{"rendered":"<p>[vc_row][vc_column][vc_column_text]<\/p>\n<h3 style=\"text-align: center;\"><b>RETNINGSLINJER FOR PERSONVERN OG INFORMASJONSKAPSLER<\/b><\/h3>\n<p><b>SIST OPPDATERT 24 JULI 2023<\/b><\/p>\n<p>Vi ber deg om \u00e5 lese disse retningslinjene for personvern og informasjonskapsler (&#8220;<b>retningslinjene<\/b>&#8220;) n\u00f8ye, da de inneholder viktig informasjon om hvordan vi bruker personopplysningene dine.<\/p>\n<p>I henhold til personvernforordningen 2016\/679 og personvernloven 2018, med endringer, er 8 Bridge Street, Old Red Lion Court, Stratford-Upon-Avon, England, CV37 6AB (&#8220;<b>vi<\/b>&#8221; eller<b>&#8220;oss&#8221;<\/b>) <b>behandlingsansvarlig<\/b> (dvs. det selskapet som er ansvarlig for og kontrollerer behandlingen av personopplysningene dine).<\/p>\n<p><b>Personopplysninger vi kan samle inn om deg<\/b><\/p>\n<p>Vi innhenter personopplysninger om deg (for eksempel navn, e-postadresse, postadresse og telefonnummer) n\u00e5r du fyller ut et nettskjema.<\/p>\n<p>Vi innhenter for eksempel personopplysningene dine n\u00e5r du registrerer deg for \u00e5 bruke dette nettstedet, sender oss tilbakemeldinger, legger ut materiale, kontakter oss av en eller annen grunn, registrerer deg for en tjeneste og kj\u00f8per tjenestene v\u00e5re.\nVi vil ikke be om sensitive personopplysninger.\nDette er din rase eller etniske opprinnelse, politiske meninger, religi\u00f8se overbevisning eller annen tro av lignende art, om du er medlem av en fagforening, fysisk eller psykisk helsetilstand, seksualliv, om du har beg\u00e5tt eller p\u00e5st\u00e5tt \u00e5 ha beg\u00e5tt en lovovertredelse og eventuelle rettssaker for lovovertredelser som du har beg\u00e5tt eller p\u00e5st\u00e5s \u00e5 ha beg\u00e5tt, avgj\u00f8relsen av slike saker eller dommen fra en domstol i slike saker.  <\/p>\n<p>Vi kan overv\u00e5ke din bruk av dette nettstedet ved hjelp av informasjonskapsler og lignende sporingsenheter.\nVi kan for eksempel overv\u00e5ke hvor mange ganger du bes\u00f8ker nettstedet, hvilke sider du g\u00e5r til, trafikkdata, posisjonsdata og domenenavnet til brukerens internettleverand\u00f8r.\nDenne informasjonen hjelper oss med \u00e5 lage en profil av brukerne v\u00e5re.\nNoen av disse dataene vil v\u00e6re aggregerte eller statistiske, noe som betyr at vi ikke vil kunne identifisere deg individuelt.\nSe avsnittet om <g id=\"gid_0\">bruk av informasjonskapsler<\/g> nedenfor.    <\/p>\n<p>Av og til kan vi motta informasjon om deg fra andre kilder (for eksempel v\u00e5re globale representanter), som vi vil legge til den informasjonen vi allerede har om deg for \u00e5 hjelpe oss med \u00e5 forbedre og tilpasse tjenesten v\u00e5r til deg.<\/p>\n<p><b>Hvordan vi bruker personopplysningene dine<\/b><\/p>\n<p>Vi vil bruke personopplysningene dine til de form\u00e5lene som er beskrevet i personvernerkl\u00e6ringen som ble gitt til deg da vi innhentet opplysningene.\nDisse form\u00e5lene inkluderer: <\/p>\n<ul>\n<li>for \u00e5 hjelpe oss med \u00e5 identifisere deg og eventuelle kontoer du har hos oss;<\/li>\n<li>administrasjon;<\/li>\n<li>forskning, statistisk analyse og atferdsanalyse;<\/li>\n<li>kundeprofilering og analyse av kj\u00f8pspreferansene dine;<\/li>\n<li>markedsf\u00f8ring &#8211; se <b>Markedsf\u00f8ring og reserv<\/b> asjon nedenfor;<\/li>\n<li>forebygging og avdekking av svindel;<\/li>\n<li>fakturering og ordreoppfyllelse;<\/li>\n<li>tilpasse dette nettstedet og dets innhold til dine spesielle preferanser;<\/li>\n<li>for \u00e5 varsle deg om eventuelle endringer p\u00e5 dette nettstedet eller i tjenestene v\u00e5re som kan p\u00e5virke deg;<\/li>\n<li>sikkerhetskontroll; og<\/li>\n<li>forbedre tjenestene v\u00e5re.<\/li>\n<\/ul>\n<p>V\u00e5re ansatte, globale representanter, agenter og forretningspartnere vil ha tilgang til personopplysningene dine.\nVi kan gi deg informasjon om v\u00e5re globale representanter, agenter og forretningspartnere p\u00e5 skriftlig foresp\u00f8rsel.\nDu finner kontaktopplysningene v\u00e5re p\u00e5 slutten av dette dokumentet.  <\/p>\n<p><b>Markedsf\u00f8ring og reservasjon<\/b><\/p>\n<p>Vi kan dele personopplysningene dine med organisasjoner som er v\u00e5re forretningspartnere, og de eller vi kan kontakte deg (med mindre du har bedt dem eller oss om ikke \u00e5 gj\u00f8re det) via post, telefon og e-post om v\u00e5re tjenester, kampanjer og spesialtilbud som kan v\u00e6re av interesse for deg.\nHvis du foretrekker \u00e5 ikke motta ytterligere direkte markedsf\u00f8ringskommunikasjon fra v\u00e5re forretningspartnere eller oss, kan du n\u00e5r som helst melde deg av.\nSe mer om <g id=\"gid_0\">dine rettigheter<\/g> nedenfor.  <\/p>\n<p><b>Utlevering av personopplysningene dine<\/b><\/p>\n<p>Vi kan utlevere personopplysningene dine til:<\/p>\n<ul>\n<li>andre selskaper i konsernet v\u00e5rt;<\/li>\n<li>v\u00e5re agenter og tjenesteleverand\u00f8rer (f.eks. globale representanter, leverand\u00f8rer av webhotell eller vedlikeholdstjenester);<\/li>\n<li>rettsh\u00e5ndhevende myndigheter i forbindelse med etterforskning for \u00e5 bidra til \u00e5 forhindre ulovlig aktivitet; og<\/li>\n<li>v\u00e5re forretningspartnere i henhold til avsnittet <b>Markedsf\u00f8ring og fravalg<\/b> ovenfor<\/li>\n<\/ul>\n<p><b>Sikre dataene dine<\/b><\/p>\n<p>Vi bruker tekniske og organisatoriske tiltak for \u00e5 beskytte personopplysningene dine, for eksempel lagrer vi personopplysningene dine p\u00e5 sikre servere.<\/p>\n<p>Selv om vi vil gj\u00f8re alt vi kan for \u00e5 beskytte personopplysningene dine, erkjenner du at bruk av Internett ikke er helt sikkert.\nAv denne grunn kan vi ikke garantere sikkerheten eller integriteten til personopplysninger som overf\u00f8res fra deg eller til deg via Internett. <\/p>\n<p><b>Overv\u00e5king<\/b><\/p>\n<p>Vi kan overv\u00e5ke og registrere kommunikasjon med deg (for eksempel telefonsamtaler og e-poster) i forbindelse med kvalitetssikring, oppl\u00e6ring, forebygging av svindel og etterlevelse.<\/p>\n<p><b>Informasjon om andre personer<\/b><\/p>\n<p>Hvis du gir oss informasjon p\u00e5 vegne av noen andre, bekrefter du at den andre personen har utpekt deg til \u00e5 opptre p\u00e5 hans\/hennes vegne og har samtykket til at du kan gj\u00f8re det:<\/p>\n<ul>\n<li>gi samtykke p\u00e5 hans\/hennes vegne til behandling av hans\/hennes personopplysninger;<\/li>\n<li>motta varsler om databeskyttelse p\u00e5 hans\/hennes vegne;<\/li>\n<li>gi samtykke til overf\u00f8ring av hans\/hennes personopplysninger til utlandet; og<\/li>\n<li>gi samtykke til behandling av hans eller hennes sensitive personopplysninger.<\/li>\n<\/ul>\n<p><b>Bruk av informasjonskapsler<\/b><\/p>\n<p>En informasjonskapsel er en liten tekstfil som plasseres p\u00e5 datamaskinen din (eller andre elektroniske enheter) n\u00e5r du g\u00e5r inn p\u00e5 nettstedet v\u00e5rt.\nVi bruker informasjonskapsler p\u00e5 dette nettstedet for \u00e5: <\/p>\n<ul>\n<li>gjenkjenne deg n\u00e5r du bes\u00f8ker dette nettstedet (dette gj\u00f8r at du f\u00e5r raskere tilgang til nettstedet);<\/li>\n<li>innhente informasjon om dine preferanser, bevegelser p\u00e5 nettet og bruk av internett;<\/li>\n<li>utf\u00f8re unders\u00f8kelser og statistiske analyser for \u00e5 forbedre innholdet og tjenestene v\u00e5re og for \u00e5 hjelpe oss med \u00e5 forst\u00e5 kundenes behov og interesser bedre; og<\/li>\n<li>m\u00e5lrette markedsf\u00f8rings- og reklamekampanjene v\u00e5re og v\u00e5re partneres kampanjer mer effektivt ved \u00e5 tilby interessebaserte annonser som er tilpasset dine interesser; og<\/li>\n<li>gj\u00f8r nettopplevelsen din mer effektiv og hyggelig.<\/li>\n<\/ul>\n<p>Informasjonen vi f\u00e5r fra v\u00e5r bruk av informasjonskapsler, vil vanligvis ikke inneholde personopplysninger, selv om vi kan f\u00e5 informasjon om datamaskinen din eller andre elektroniske enheter, for eksempel IP-adressen din, nettleseren din og\/eller annen informasjon fra internettloggen.\nDette vil vanligvis ikke identifisere deg personlig.\nUnder visse omstendigheter kan vi samle inn personopplysninger om deg &#8211; men bare n\u00e5r du frivillig oppgir dem (f.eks. ved \u00e5 fylle ut et nettskjema) eller n\u00e5r du kj\u00f8per tjenester fra oss<g id=\"gid_0\">.<\/g>  <\/p>\n<p>I de fleste tilfeller trenger vi ditt samtykke for \u00e5 kunne bruke informasjonskapsler p\u00e5 dette nettstedet.\nUnntaket er n\u00e5r informasjonskapselen er avgj\u00f8rende for at vi skal kunne tilby deg en tjeneste du har bedt om. <\/p>\n<p><b>Samtykke (varsel p\u00e5 hjemmesiden)<\/b><\/p>\n<p>P\u00e5 hjemmesiden v\u00e5r finner du et varsel som beskriver hvordan vi bruker informasjonskapsler, og en lenke til v\u00e5re retningslinjer for personvern og informasjonskapsler.\nHvis du bruker dette nettstedet etter at du har f\u00e5tt dette varselet, vil vi anta at du samtykker i v\u00e5r bruk av informasjonskapsler til de form\u00e5lene som er beskrevet i denne personvernerkl\u00e6ringen og retningslinjene for informasjonskapsler. <\/p>\n<p><b>Informasjonskapsler fra tredjeparter<\/b><\/p>\n<p>Vi samarbeider med tredjepartsleverand\u00f8rer som ogs\u00e5 kan sette informasjonskapsler p\u00e5 nettstedet v\u00e5rt, for eksempel Facebook, Twitter, Instagram, YouTube og Adobe Flashplayer, som vi bruker til \u00e5 vise videoinnhold.\nDisse tredjepartsleverand\u00f8rene er ansvarlige for informasjonskapslene de setter p\u00e5 nettstedet v\u00e5rt.\nHvis du vil ha mer informasjon, kan du g\u00e5 til nettstedet til den aktuelle tredjeparten.  <\/p>\n<p><b>Slik sl\u00e5r du av informasjonskapsler<\/b><\/p>\n<p>Hvis du ikke \u00f8nsker \u00e5 godta informasjonskapsler, kan du endre innstillingene i nettleseren din slik at informasjonskapsler ikke aksepteres.\nHvis du gj\u00f8r dette, m\u00e5 du v\u00e6re oppmerksom p\u00e5 at du kan miste noe av funksjonaliteten p\u00e5 dette nettstedet.\nDu finner mer informasjon om informasjonskapsler og hvordan du deaktiverer dem p\u00e5 www.aboutcookies.org eller www.allaboutcookies.org  <\/p>\n<p><b>Overf\u00f8ring av personopplysninger ut av E\u00d8S<\/b><\/p>\n<p>N\u00e5r du registrerer deg for v\u00e5rt nyhetsbrev, medlemskap p\u00e5 dette nettstedet, sender inn et skjema eller deler personopplysningene dine n\u00e5r du er i kontakt med oss, samtykker du i at vi kan overf\u00f8re personopplysningene dine til land utenfor E\u00d8S-omr\u00e5det.\nDu kan v\u00e6re trygg p\u00e5 at vi alltid vil s\u00f8rge for at enhver overf\u00f8ring er underlagt passende sikkerhetstiltak for \u00e5 beskytte personopplysningene dine. <\/p>\n<p><b>Dine rettigheter<\/b><\/p>\n<p>Du har rett til, mot betaling av et mindre gebyr (for tiden \u00a310), \u00e5 be om innsyn i personopplysninger som vi behandler om deg.\nHvis du \u00f8nsker \u00e5 ut\u00f8ve denne retten, b\u00f8r du gj\u00f8re det: <\/p>\n<ul>\n<li>send foresp\u00f8rselen din skriftlig;<\/li>\n<li>ta med bevis p\u00e5 identitet og adresse (f.eks. en kopi av f\u00f8rerkortet eller passet ditt, og en fersk regning fra str\u00f8mleverand\u00f8r eller kredittkort);<\/li>\n<li>Overf\u00f8r bel\u00f8pet p\u00e5 \u00a310 til v\u00e5r bankkonto som vi vil oppgi skriftlig til deg; og<\/li>\n<li>spesifiser personopplysningene du vil ha tilgang til, inkludert eventuelle konto- eller referansenumre.<\/li>\n<\/ul>\n<p>Du har rett til \u00e5 kreve at vi retter eventuelle un\u00f8yaktigheter i opplysningene dine kostnadsfritt.\nHvis du \u00f8nsker \u00e5 ut\u00f8ve denne rettigheten, b\u00f8r du gj\u00f8re det: <\/p>\n<ul>\n<li>send foresp\u00f8rselen din skriftlig;<\/li>\n<li>gi oss nok informasjon til at vi kan identifisere deg (f.eks. kontonummer, brukernavn, registreringsdetaljer); og<\/li>\n<li>spesifiser hvilken informasjon som er feil, og hva den skal erstattes med.<\/li>\n<\/ul>\n<p>Du har ogs\u00e5 rett til \u00e5 be oss om \u00e5 slutte \u00e5 behandle personopplysningene dine for direkte markedsf\u00f8ringsform\u00e5l.\nHvis du \u00f8nsker \u00e5 ut\u00f8ve denne retten, b\u00f8r du gj\u00f8re det: <\/p>\n<ul>\n<li>sende foresp\u00f8rselen din skriftlig (en e-post til <a href=\"mailto:info@regenesishealth.co.uk\">info@regenesishealth.co.uk<\/a> med overskriften &#8220;Unsubscribe&#8221; er akseptabelt);<\/li>\n<li>gi oss nok informasjon til at vi kan identifisere deg (f.eks. kontonummer, brukernavn, registreringsdetaljer); og<\/li>\n<li>Hvis innsigelsen din ikke gjelder direkte markedsf\u00f8ring generelt, men direkte markedsf\u00f8ring via en bestemt kanal (f.eks. e-post eller telefon), vennligst spesifiser hvilken kanal du protesterer mot.<\/li>\n<\/ul>\n<p>Du har rett til \u00e5 be oss om \u00e5 slette personopplysningene dine permanent.\nHvis du \u00f8nsker \u00e5 benytte deg av denne retten, b\u00f8r du gj\u00f8re det: <\/p>\n<ul>\n<li>sende foresp\u00f8rselen din skriftlig (en e-post til <a href=\"mailto:info@vialight.co.uk\">info@regenesishealth.co.uk<\/a> med overskriften &#8220;Slett mine personopplysninger&#8221; er akseptabelt).<\/li>\n<\/ul>\n<p><b>V\u00e5re kontaktopplysninger<\/b><\/p>\n<p>Vi tar gjerne imot tilbakemeldinger og sp\u00f8rsm\u00e5l.\nHvis du \u00f8nsker \u00e5 kontakte oss, vennligst ta kontakt; <\/p>\n<p>send en e-post til <a href=\"mailto:info@vialight.co.uk\">info@regenesishealth.co.uk<\/a> eller<span class=\"Apple-converted-space\"> <\/span><\/p>\n<p>Du kan skrive til oss p\u00e5 adressen 8 Bridge Street, Old Red Lion Court, Stratford-Upon-Avon, England, CV37 6AB<span class=\"Apple-converted-space\">  <\/span>eller<span class=\"Apple-converted-space\"> <\/span><\/p>\n<p>ring oss p\u00e5 +44 1789296561.<\/p>\n<p>Vi kan endre disse retningslinjene fra tid til annen.\nDu b\u00f8r sjekke disse retningslinjene med jevne mellomrom for \u00e5 sikre at du er klar over den nyeste versjonen, som vil gjelde hver gang du g\u00e5r inn p\u00e5 dette nettstedet. <\/p>\n<p>[\/vc_column_text][vc_empty_space height=&#8221;64px&#8221;][\/vc_column][\/vc_row]<\/p>","protected":false},"excerpt":{"rendered":"<p>[vc_row][vc_column][vc_column_text] RETNINGSLINJER FOR PERSONVERN OG INFORMASJONSKAPSLER SIST OPPDATERT 24 JULI 2023 Vi ber deg om \u00e5 lese disse retningslinjene for personvern og informasjonskapsler (&#8220;retningslinjene&#8220;) n\u00f8ye, da de inneholder viktig informasjon om hvordan vi bruker personopplysningene dine. I henhold til personvernforordningen [&hellip;]<\/p>\n","protected":false},"author":1,"featured_media":0,"parent":0,"menu_order":0,"comment_status":"closed","ping_status":"open","template":"","meta":{"footnotes":""},"class_list":["post-18752","page","type-page","status-publish","hentry"],"_links":{"self":[{"href":"https:\/\/regenesishealth.co.uk\/no\/wp-json\/wp\/v2\/pages\/18752"}],"collection":[{"href":"https:\/\/regenesishealth.co.uk\/no\/wp-json\/wp\/v2\/pages"}],"about":[{"href":"https:\/\/regenesishealth.co.uk\/no\/wp-json\/wp\/v2\/types\/page"}],"author":[{"embeddable":true,"href":"https:\/\/regenesishealth.co.uk\/no\/wp-json\/wp\/v2\/users\/1"}],"replies":[{"embeddable":true,"href":"https:\/\/regenesishealth.co.uk\/no\/wp-json\/wp\/v2\/comments?post=18752"}],"version-history":[{"count":0,"href":"https:\/\/regenesishealth.co.uk\/no\/wp-json\/wp\/v2\/pages\/18752\/revisions"}],"wp:attachment":[{"href":"https:\/\/regenesishealth.co.uk\/no\/wp-json\/wp\/v2\/media?parent=18752"}],"curies":[{"name":"wp","href":"https:\/\/api.w.org\/{rel}","templated":true}]}}