{"id":18010,"date":"2017-04-20T14:56:27","date_gmt":"2017-04-20T13:56:27","guid":{"rendered":"https:\/\/regenesishealth.co.uk\/kontakt-oss\/"},"modified":"2025-09-11T19:22:25","modified_gmt":"2025-09-11T18:22:25","slug":"kontakt-oss","status":"publish","type":"page","link":"https:\/\/regenesishealth.co.uk\/no\/kontakt-oss\/","title":{"rendered":"Kontakt Oss"},"content":{"rendered":"<p>[vc_row row_content_width=&#8221;grid&#8221; css=&#8221;.vc_custom_1705592248290{margin-top: 66px !important;}&#8221;][vc_column][vc_column_text]<\/p>\n<h1 style=\"text-align: center;\"><strong>Kontakt oss<\/strong><\/h1>\n<p>[\/vc_column_text][\/vc_column][\/vc_row][vc_row row_content_width=&#8221;grid&#8221; css=&#8221;.vc_custom_1657835647004{padding-top: 66px !important;}&#8221;][vc_column width=&#8221;1\/4&#8243;][vc_column_text]<\/p>\n<h4>HOVEDKONTOR<\/h4>\n<p>[\/vc_column_text][vc_column_text]8 Old Red Lion Court,<br \/>\nStratford Upon Avon,<br \/>\nWarwickshire &#8211; CV37 6AB<\/p>\n<p><strong>E-post: <\/strong> info@regenesishealth.co.uk<br \/>\n<strong>Telefon:<\/strong> +44 1789 870372[\/vc_column_text][vc_empty_space][\/vc_column][vc_column width=&#8221;1\/4&#8243;][vc_column_text]<\/p>\n<h4>LONDON KONTOR<\/h4>\n<p>[\/vc_column_text][vc_column_text]29 Hampton Road,<br \/>\nTwickenham<br \/>\nTW2 5QE<\/p>\n<p><strong>E-post: <\/strong> info@regenesishealth.co.uk<br \/>\n<strong>Telefon<\/strong> +44 02081430138[\/vc_column_text][vc_empty_space][\/vc_column][vc_column width=&#8221;1\/4&#8243;][vc_column_text]<\/p>\n<h4>TYSKLAND KONTOR<\/h4>\n<p>[\/vc_column_text][vc_column_text]<b>Eda Sahin<br \/>\n<\/b>TYSK &#8211; TYRKISK<br \/>\n<strong>T:<\/strong> +49 1525 7254881<br \/>\n<strong>T: <\/strong>+90 534 8923498<br \/>\n<strong>E:<\/strong> eda@regenesishealth.de<\/p>\n<p><b>Umran Aktas<br \/>\n<\/b>TYSK &#8211; ENGELSK &#8211; TURKISK<br \/>\n<strong>T:<\/strong> +49 163 8919503<br \/>\n<strong>E:<\/strong> umran@regenesishealth.co.uk[\/vc_column_text][vc_empty_space][\/vc_column][vc_column width=&#8221;1\/4&#8243;][vc_column_text]<\/p>\n<h4>LITAUENS KONTOR<\/h4>\n<p>[\/vc_column_text][vc_column_text]Ramun\u0117s sod\u0173 3oji g. 18<br \/>\n\u0160iauliai &#8211; 79220 &#8211; Litauen <\/p>\n<p><strong>E-post: <\/strong> <a href=\"mailto:info@regenesishealth.co.uk\">info@regenesishealth.co.uk<\/a><br \/>\n<strong>Tlf: <\/strong>+44 7448 338165[\/vc_column_text][vc_empty_space][\/vc_column][\/vc_row][vc_row row_content_width=&#8221;grid&#8221; css=&#8221;.vc_custom_1657835647004{padding-top: 66px !important;}&#8221;][vc_column width=&#8221;1\/4&#8243;][vc_column_text]<\/p>\n<h4>ISTANBUL TANNLEGESENTER<\/h4>\n<p>[\/vc_column_text][vc_column_text]Beyaz Karanfil Sk. No:2<br \/>\nBesiktas, Levent &#8211; T\u00fcrkiye <\/p>\n<p><strong>E-post: <\/strong> <a href=\"mailto:info@regenesishealth.co.uk\">info@regenesishealth.co.uk<\/a><br \/>\n<strong>Telefon <\/strong>+90 212 741 07 34<strong><br \/>\n<\/strong>  +44 7881 148193[\/vc_column_text][vc_empty_space][\/vc_column][vc_column width=&#8221;1\/4&#8243;][vc_column_text]<\/p>\n<h4>ANTALYA TANNLEGESENTER<\/h4>\n<p>[\/vc_column_text][vc_column_text]Kemera\u011fz\u0131 Mah. Ya\u015far Sobutay Blv.<br \/>\nNo: 3A Aksu\/Antalya, T\u00fcrkiye <\/p>\n<p><strong>E-post: <\/strong> <a href=\"mailto:info@regenesishealth.co.uk\">info@regenesishealth.co.uk<\/a><br \/>\n<strong>Telefon <\/strong>+90 507 344 6367[\/vc_column_text][vc_empty_space][\/vc_column][vc_column width=&#8221;1\/4&#8243;][vc_column_text]<\/p>\n<h4>CALL CENTER-KONTOR<\/h4>\n<p>[\/vc_column_text][vc_column_text]Kemera\u011fz\u0131 Mah. Ya\u015far Sobutay Blv.<br \/>\nNo: 3A Aksu\/Antalya, T\u00fcrkiye <\/p>\n<p><strong>E-post: <\/strong> <a href=\"mailto:info@regenesishealth.co.uk\">info@regenesishealth.co.uk<\/a><br \/>\n<strong>Telefon: <\/strong>+44 7516 591305[\/vc_column_text][vc_empty_space][\/vc_column][vc_column width=&#8221;1\/4&#8243;][vc_column_text]<\/p>\n<h4>REGENESIS HOTEL<\/h4>\n<p>[\/vc_column_text][vc_column_text]Kemera\u011fz\u0131 Mah. Ya\u015far Sobutay Blv.<br \/>\nNo: 3A Aksu\/Antalya, T\u00fcrkiye <\/p>\n<p><strong>E-post: <\/strong> <a href=\"mailto:info@regenesishotel.com\">info@regenesishotel.com<\/a><br \/>\n<strong>Tlf:<\/strong> 0242 505 8070[\/vc_column_text][vc_empty_space][\/vc_column][\/vc_row][vc_row row_content_width=&#8221;grid&#8221; css=&#8221;.vc_custom_1657834872305{padding-top: 26px !important;padding-bottom: 26px !important;}&#8221;][vc_column][vc_separator border_width=&#8221;3&#8243;][\/vc_column][\/vc_row][vc_row row_content_width=&#8221;grid&#8221;][vc_column][vc_column_text]<\/p>\n<h2>V\u00e5re R\u00e5dgivere<\/h2>\n<p>[\/vc_column_text][\/vc_column][\/vc_row][vc_row row_content_width=&#8221;grid&#8221; css=&#8221;.vc_custom_1707679410897{margin-top: 66px !important;}&#8221;][vc_column width=&#8221;1\/4&#8243;][vc_single_image image=&#8221;13563&#8243; alignment=&#8221;center&#8221; style=&#8221;vc_box_circle_2&#8243;][vc_column_text]<\/p>\n<p style=\"text-align: center;\"><strong>Alison Ergun<\/strong><br \/>\nENGLISH<br \/>\n T: +44 7542 419295<br \/>\n E: alison@regenesishealth.co.uk<\/p>\n<p>[\/vc_column_text][vc_empty_space][\/vc_column][vc_column width=&#8221;1\/4&#8243;][vc_single_image image=&#8221;13757&#8243; alignment=&#8221;center&#8221; style=&#8221;vc_box_circle_2&#8243;][vc_column_text]<\/p>\n<p style=\"text-align: center;\"><strong>Alper Ergun<\/strong><br \/>\nTURKISK &#8211; ENGELSK<br \/>\n T: +44 7516 591 305<br \/>\n E<strong>: <\/strong>alper@regenesishealth.co.uk<\/p>\n<p>[\/vc_column_text][vc_empty_space][\/vc_column][vc_column width=&#8221;1\/4&#8243;][vc_single_image image=&#8221;16636&#8243; alignment=&#8221;center&#8221; style=&#8221;vc_box_circle_2&#8243;][vc_column_text]<\/p>\n<p style=\"text-align: center;\"><strong>Deniz Ozcan<br \/>\n<\/strong>ENGLISH &#8211; TURKISH<strong><br \/>\nT: +44 7767 663648 <\/strong><strong><br \/>\nE <\/strong><strong>: <\/strong>deniz@regenesishealth.co.uk<\/p>\n<p>[\/vc_column_text][vc_empty_space][\/vc_column][vc_column width=&#8221;1\/4&#8243;][vc_single_image image=&#8221;10549&#8243; alignment=&#8221;center&#8221; style=&#8221;vc_box_circle_2&#8243;][vc_column_text]<\/p>\n<p style=\"text-align: center;\"><strong>Eda Sahin<\/strong><br \/>\nTYSK &#8211; ENGELSK &#8211; TURKISK<br \/>\n T: +49 1525 7254881<br \/>\n T: +90 534 8923498<br \/>\n E: eda@regenesishealth.de<\/p>\n<p>[\/vc_column_text][vc_empty_space][\/vc_column][\/vc_row][vc_row row_content_width=&#8221;grid&#8221; css=&#8221;.vc_custom_1707678764306{margin-top: 33px !important;}&#8221;][vc_column width=&#8221;1\/4&#8243;][vc_single_image image=&#8221;19307&#8243; alignment=&#8221;center&#8221; style=&#8221;vc_box_circle_2&#8243;][vc_column_text]<\/p>\n<p style=\"text-align: center;\"><strong>Esra Ars<\/strong><br \/>\nRUSSISK &#8211; ENGELSK &#8211; TURKISK<br \/>\n T<strong>:<\/strong>+44 7352 571135<br \/>\n E: esra@regenesishealth.co.uk<\/p>\n<p>[\/vc_column_text][vc_empty_space][\/vc_column][vc_column width=&#8221;1\/4&#8243;][vc_single_image image=&#8221;15210&#8243; alignment=&#8221;center&#8221; style=&#8221;vc_box_circle_2&#8243;][vc_column_text]<\/p>\n<p style=\"text-align: center;\"><strong>Iga Struszynska<br \/>\n<\/strong>POLSK &#8211; ENGELSK<strong><br \/>\nT: +44 7516 591305<\/strong><br \/>\n E<strong>: <\/strong>iga@regenesishealth.co.u<\/p>\n<p>[\/vc_column_text][vc_empty_space][\/vc_column][vc_column width=&#8221;1\/4&#8243;][vc_single_image image=&#8221;10558&#8243; alignment=&#8221;center&#8221; style=&#8221;vc_box_circle_2&#8243;][vc_column_text]<\/p>\n<p style=\"text-align: center;\"><strong>Patrycja Miraszewska<\/strong><br \/>\nPOLSK &#8211; ENGELSK<br \/>\n T: +44 7767 706368<br \/>\n E<strong>:<\/strong> patrycja@regenesishealth.co.uk[\/vc_column_text][vc_empty_space][\/vc_column][vc_column width=&#8221;1\/4&#8243;][vc_single_image image=&#8221;10569&#8243; alignment=&#8221;center&#8221; style=&#8221;vc_box_circle_2&#8243;][vc_column_text]<\/p>\n<p style=\"text-align: center;\"><strong>Umran Aktas<\/strong><br \/>\nTYSK &#8211; ENGELSK &#8211; TURKISK<br \/>\n T: +44 7770 547318<br \/>\n E: umran@regenesishealth.co.uk[\/vc_column_text][vc_empty_space][\/vc_column][\/vc_row][vc_row row_content_width=&#8221;grid&#8221; css=&#8221;.vc_custom_1707678764306{margin-top: 33px !important;}&#8221;][vc_column width=&#8221;1\/3&#8243;][\/vc_column][vc_column width=&#8221;1\/3&#8243;][vc_empty_space][vc_single_image image=&#8221;18061&#8243; alignment=&#8221;center&#8221; style=&#8221;vc_box_circle_2&#8243;][vc_column_text]<\/p>\n<p style=\"text-align: center;\"><strong>Ya\u015far Alt\u0131ner<\/strong><br \/>\nTURKISH &#8211; ENGLISH<br \/>\n T: 44 7881 148193<br \/>\n E<strong>:<\/strong> yasar@regenesishealth.co.uk<\/p>\n<p>[\/vc_column_text][vc_empty_space][\/vc_column][vc_column width=&#8221;1\/3&#8243;][\/vc_column][\/vc_row][vc_row row_content_width=&#8221;grid&#8221; css=&#8221;.vc_custom_1657834872305{padding-top: 26px !important;padding-bottom: 26px !important;}&#8221;][vc_column][vc_separator border_width=&#8221;3&#8243;][\/vc_column][\/vc_row][vc_row row_content_width=&#8221;grid&#8221;][vc_column][vc_column_text]<\/p>\n<h2>Ta kontakt med oss<\/h2>\n<p>[\/vc_column_text][\/vc_column][\/vc_row][vc_row row_content_width=&#8221;grid&#8221; css=&#8221;.vc_custom_1657836096043{padding-bottom: 33px !important;}&#8221;][vc_column][vc_column_text]Kontakt oss \u00e5 start planleggingen av din behandling, sammnen med en av v\u00e5re pasientkoordinatorer.[\/vc_column_text][\/vc_column][\/vc_row][vc_row row_content_width=&#8221;grid&#8221;][vc_column]<div role=\"form\" class=\"wpcf7\" id=\"wpcf7-f7999-o1\" lang=\"en-US\" dir=\"ltr\">\n<div class=\"screen-reader-response\"><p role=\"status\" aria-live=\"polite\" aria-atomic=\"true\"><\/p> <ul><\/ul><\/div>\n<form action=\"\/no\/wp-json\/wp\/v2\/pages\/18010#wpcf7-f7999-o1\" method=\"post\" class=\"wpcf7-form init\" novalidate=\"novalidate\" data-status=\"init\">\n<div style=\"display: none;\">\n<input type=\"hidden\" name=\"_wpcf7\" value=\"7999\" \/>\n<input type=\"hidden\" name=\"_wpcf7_version\" value=\"5.6\" \/>\n<input type=\"hidden\" name=\"_wpcf7_locale\" value=\"en_US\" \/>\n<input type=\"hidden\" name=\"_wpcf7_unit_tag\" value=\"wpcf7-f7999-o1\" \/>\n<input type=\"hidden\" name=\"_wpcf7_container_post\" value=\"0\" \/>\n<input type=\"hidden\" name=\"_wpcf7_posted_data_hash\" value=\"\" \/>\n<input type=\"hidden\" name=\"_wpcf7_recaptcha_response\" value=\"\" \/>\n<\/div>\n<p><span class=\"wpcf7-form-control-wrap\" data-name=\"your-name\"><input type=\"text\" name=\"your-name\" value=\"\" size=\"40\" class=\"wpcf7-form-control wpcf7-text wpcf7-validates-as-required\" aria-required=\"true\" aria-invalid=\"false\" placeholder=\"Name*\" \/><\/span><br \/>\n<span class=\"wpcf7-form-control-wrap\" data-name=\"your-email\"><input type=\"email\" name=\"your-email\" value=\"\" size=\"40\" class=\"wpcf7-form-control wpcf7-text wpcf7-email wpcf7-validates-as-required wpcf7-validates-as-email\" aria-required=\"true\" aria-invalid=\"false\" placeholder=\"E-mail*\" \/><\/span><br \/>\n<span class=\"wpcf7-form-control-wrap\" data-name=\"your-message\"><textarea name=\"your-message\" cols=\"40\" rows=\"10\" class=\"wpcf7-form-control wpcf7-textarea\" aria-invalid=\"false\" placeholder=\"Message\"><\/textarea><\/span><\/p>\n<div class=\"mkdf-cf7-btn\">\n<div class=\"mkdf-cf7-text\"><input type=\"submit\" value=\"Contact Us\" class=\"wpcf7-form-control has-spinner wpcf7-submit\" \/><\/div>\n<\/div>\n<p style=\"display: none !important;\"><label>&#916;<textarea name=\"_wpcf7_ak_hp_textarea\" cols=\"45\" rows=\"8\" maxlength=\"100\"><\/textarea><\/label><input type=\"hidden\" id=\"ak_js_1\" name=\"_wpcf7_ak_js\" value=\"115\"\/><script>document.getElementById( \"ak_js_1\" ).setAttribute( \"value\", ( new Date() ).getTime() );<\/script><\/p><div class=\"wpcf7-response-output\" aria-hidden=\"true\"><\/div><\/form><\/div>[vc_empty_space][\/vc_column][\/vc_row]<\/p>\n","protected":false},"excerpt":{"rendered":"<p>[vc_row row_content_width=&#8221;grid&#8221; css=&#8221;.vc_custom_1705592248290{margin-top: 66px !important;}&#8221;][vc_column][vc_column_text] Kontakt oss [\/vc_column_text][\/vc_column][\/vc_row][vc_row row_content_width=&#8221;grid&#8221; css=&#8221;.vc_custom_1657835647004{padding-top: 66px !important;}&#8221;][vc_column width=&#8221;1\/4&#8243;][vc_column_text] HOVEDKONTOR [\/vc_column_text][vc_column_text]8 Old Red Lion Court, Stratford Upon Avon, Warwickshire &#8211; CV37 6AB E-post: info@regenesishealth.co.uk Telefon: +44 1789 870372[\/vc_column_text][vc_empty_space][\/vc_column][vc_column width=&#8221;1\/4&#8243;][vc_column_text] LONDON KONTOR [\/vc_column_text][vc_column_text]29 Hampton Road, Twickenham TW2 [&hellip;]<\/p>\n","protected":false},"author":1,"featured_media":0,"parent":0,"menu_order":0,"comment_status":"closed","ping_status":"closed","template":"full-width.php","meta":{"footnotes":""},"class_list":["post-18010","page","type-page","status-publish","hentry"],"_links":{"self":[{"href":"https:\/\/regenesishealth.co.uk\/no\/wp-json\/wp\/v2\/pages\/18010"}],"collection":[{"href":"https:\/\/regenesishealth.co.uk\/no\/wp-json\/wp\/v2\/pages"}],"about":[{"href":"https:\/\/regenesishealth.co.uk\/no\/wp-json\/wp\/v2\/types\/page"}],"author":[{"embeddable":true,"href":"https:\/\/regenesishealth.co.uk\/no\/wp-json\/wp\/v2\/users\/1"}],"replies":[{"embeddable":true,"href":"https:\/\/regenesishealth.co.uk\/no\/wp-json\/wp\/v2\/comments?post=18010"}],"version-history":[{"count":4,"href":"https:\/\/regenesishealth.co.uk\/no\/wp-json\/wp\/v2\/pages\/18010\/revisions"}],"predecessor-version":[{"id":21750,"href":"https:\/\/regenesishealth.co.uk\/no\/wp-json\/wp\/v2\/pages\/18010\/revisions\/21750"}],"wp:attachment":[{"href":"https:\/\/regenesishealth.co.uk\/no\/wp-json\/wp\/v2\/media?parent=18010"}],"curies":[{"name":"wp","href":"https:\/\/api.w.org\/{rel}","templated":true}]}}