{"id":17949,"date":"2022-01-25T14:36:43","date_gmt":"2022-01-25T14:36:43","guid":{"rendered":"https:\/\/regenesishealth.co.uk\/videoer\/"},"modified":"2022-01-25T14:36:43","modified_gmt":"2022-01-25T14:36:43","slug":"videoer","status":"publish","type":"page","link":"https:\/\/regenesishealth.co.uk\/no\/videoer\/","title":{"rendered":"Videoer"},"content":{"rendered":"<p>[vc_row css=&#8221;.vc_custom_1659794385245{padding-top: 64px !important;}&#8221;][vc_column][vc_column_text]<\/p>\n<h4 style=\"text-align: center;\">Forvandling av v\u00e5re herlige pasienter<\/h4>\n<p class=\"swift-in-viewport\" style=\"text-align: center;\">Se behandlingsvideoene v\u00e5re for \u00e5 f\u00e5 mer informasjon om tjenestene v\u00e5re.<\/p>\n<p>[\/vc_column_text][vc_separator css=&#8221;.vc_custom_1659794401412{padding-top: 32px !important;padding-bottom: 32px !important;}&#8221;][\/vc_column][\/vc_row][vc_row css=&#8221;.vc_custom_1659794423248{padding-bottom: 64px !important;}&#8221;][vc_column][vc_column_text]<\/p>\n<h3 style=\"text-align: center;\">Vi fornyer denne delen for deg. Vennligst pr\u00f8v igjen senere. <\/h3>\n<p>[\/vc_column_text][\/vc_column][\/vc_row]<\/p>\n","protected":false},"excerpt":{"rendered":"<p>[vc_row css=&#8221;.vc_custom_1659794385245{padding-top: 64px !important;}&#8221;][vc_column][vc_column_text] Forvandling av v\u00e5re herlige pasienter Se behandlingsvideoene v\u00e5re for \u00e5 f\u00e5 mer informasjon om tjenestene v\u00e5re. [\/vc_column_text][vc_separator css=&#8221;.vc_custom_1659794401412{padding-top: 32px !important;padding-bottom: 32px !important;}&#8221;][\/vc_column][\/vc_row][vc_row css=&#8221;.vc_custom_1659794423248{padding-bottom: 64px !important;}&#8221;][vc_column][vc_column_text] Vi fornyer denne delen for deg. Vennligst pr\u00f8v igjen senere. [\/vc_column_text][\/vc_column][\/vc_row]<\/p>\n","protected":false},"author":1,"featured_media":0,"parent":0,"menu_order":0,"comment_status":"closed","ping_status":"closed","template":"","meta":{"footnotes":""},"class_list":["post-17949","page","type-page","status-publish","hentry"],"_links":{"self":[{"href":"https:\/\/regenesishealth.co.uk\/no\/wp-json\/wp\/v2\/pages\/17949"}],"collection":[{"href":"https:\/\/regenesishealth.co.uk\/no\/wp-json\/wp\/v2\/pages"}],"about":[{"href":"https:\/\/regenesishealth.co.uk\/no\/wp-json\/wp\/v2\/types\/page"}],"author":[{"embeddable":true,"href":"https:\/\/regenesishealth.co.uk\/no\/wp-json\/wp\/v2\/users\/1"}],"replies":[{"embeddable":true,"href":"https:\/\/regenesishealth.co.uk\/no\/wp-json\/wp\/v2\/comments?post=17949"}],"version-history":[{"count":0,"href":"https:\/\/regenesishealth.co.uk\/no\/wp-json\/wp\/v2\/pages\/17949\/revisions"}],"wp:attachment":[{"href":"https:\/\/regenesishealth.co.uk\/no\/wp-json\/wp\/v2\/media?parent=17949"}],"curies":[{"name":"wp","href":"https:\/\/api.w.org\/{rel}","templated":true}]}}