{"id":17941,"date":"2020-10-27T10:29:06","date_gmt":"2020-10-27T10:29:06","guid":{"rendered":"https:\/\/regenesishealth.co.uk\/hartransplantasjon\/"},"modified":"2025-09-11T19:34:34","modified_gmt":"2025-09-11T18:34:34","slug":"hartransplantasjon","status":"publish","type":"page","link":"https:\/\/regenesishealth.co.uk\/no\/hartransplantasjon\/","title":{"rendered":"H\u00e5rtransplantasjon"},"content":{"rendered":"<p>[vc_row full_width=&#8221;stretch_row_content_no_spaces&#8221; content_placement=&#8221;top&#8221; content_text_aligment=&#8221;center&#8221;][vc_column][vc_single_image image=&#8221;15403&#8243; img_size=&#8221;Full&#8221; alignment=&#8221;center&#8221; css_animation=&#8221;none&#8221;][\/vc_column][\/vc_row][vc_row css=&#8221;.vc_custom_1705527212946{margin-top: 66px !important;}&#8221;][vc_column][vc_column_text]<\/p>\n<h1 style=\"text-align: center;\">H\u00e5rtransplantasjon<\/h1>\n<h2 style=\"text-align: center;\">Oppn\u00e5 et naturlig utseende med v\u00e5re moderne h\u00e5rtransplantasjonsteknikker<\/h2>\n<p>[\/vc_column_text][vc_empty_space][vc_column_text]H\u00e5rtap er et viktig problem som begynner i tidlig alder i dag. H\u00e5rtap er et problem som ofte oppst\u00e5r hos menn fra 20-\u00e5rsalderen, men som i noen tilfeller ogs\u00e5 kan forekomme hos kvinner. H\u00e5rtap, som begynner som tynnere h\u00e5r og regresjon av h\u00e5rfestet foran, kan utvikle seg p\u00e5 grunn av genetiske \u00e5rsaker hos menn og hormonelle \u00e5rsaker, og noen sykdommer hos kvinner. Personer som klager over h\u00e5ravfall, b\u00f8r f\u00f8rst gjennomg\u00e5 en helseunders\u00f8kelse for \u00e5 finne ut om det er noen helseproblemer som for\u00e5rsaker h\u00e5ravfall. Hvis det oppdages helseproblemer som kan f\u00f8re til h\u00e5rtap, for eksempel vitamin- og mineralmangel og hormonelle problemer, b\u00f8r man f\u00f8rst behandle disse, og deretter kan man eventuelt foreta en h\u00e5rtransplantasjon. H\u00e5rtransplantasjon kan utf\u00f8res hvis h\u00e5rtapet fortsetter etter at de n\u00f8dvendige behandlingene er gjennomf\u00f8rt, eller hvis det er \u00e5pninger i h\u00e5ret som ikke kan utbedres. Du kan ogs\u00e5 lese mer om h\u00e5rtransplantasjon p\u00e5 <a href=\"https:\/\/en.wikipedia.org\/wiki\/Hair_transplantation\" target=\"_blank\" rel=\"noopener\">https:\/\/en.wikipedia.org\/wiki\/Hair_transplantation<\/a>      <\/p>\n<p>I tillegg, hvis du lurer p\u00e5 om plastisk kirurgi og vil finne ut mer, kan du lese; <a href=\"https:\/\/regenesishealth.co.uk\/plastic-surgery\/\" target=\"_blank\" rel=\"noopener\">https:\/\/regenesishealth.co.uk\/plastic-surgery\/<\/a><\/p>\n<p>I dag anses h\u00e5rtransplantasjon over 22 \u00e5r som hensiktsmessig hvis det er behov for det. Av denne grunn kan h\u00e5rtransplantasjon enkelt utf\u00f8res for alle personer som er over 22 \u00e5r og har problemer med h\u00e5rtap. Du kan sp\u00f8rre oss om alt du vil vite om h\u00e5rtransplantasjon via <a href=\"https:\/\/regenesishealth.co.uk\/contact-us\/\" target=\"_blank\" rel=\"noopener\">https:\/\/regenesishealth.co.uk\/contact-us\/<\/a>  [\/vc_column_text][vc_empty_space height=&#8221;33&#8243;][\/vc_column][\/vc_row][vc_row][vc_column][vc_separator border_width=&#8221;2&#8243;][\/vc_column][\/vc_row][vc_row content_placement=&#8221;middle&#8221; css=&#8221;.vc_custom_1705511476978{margin-top: 33px !important;}&#8221;][vc_column width=&#8221;1\/2&#8243;][vc_column_text]<\/p>\n<h2 style=\"font-weight: 400;\">H\u00c5RANALYSE<\/h2>\n<p style=\"font-weight: 400;\">V\u00e5re eksperter vil samarbeide med deg for \u00e5 diagnostisere \u00e5rsaken til h\u00e5rtapet ditt. Du kan stole p\u00e5 at vi finner de beste l\u00f8sningene for \u00e5 hjelpe deg med \u00e5 f\u00e5 tilbake et fyldig h\u00e5r! Denne enkle analysen m\u00e5ler alvorlighetsgraden av h\u00e5rtapet. Under en trekktest tar en ekspert tak i sm\u00e5 h\u00e5rseksjoner, ca. 40 h\u00e5rstr\u00e5, fra ulike deler av hodebunnen og drar forsiktig i dem. Hvis seks eller flere h\u00e5rstr\u00e5 faller av, har du det som kalles aktivt h\u00e5rtap.    <\/p>\n<p>[\/vc_column_text][vc_empty_space height=&#8221;16px&#8221;][\/vc_column][vc_column width=&#8221;1\/2&#8243;][vc_single_image image=&#8221;15303&#8243; img_size=&#8221;&#8221; alignment=&#8221;center&#8221; css_animation=&#8221;fadeInRight&#8221;][\/vc_column][\/vc_row][vc_row][vc_column][vc_separator css=&#8221;.vc_custom_1665060669567{padding-top: 16px !important;padding-bottom: 16px !important;}&#8221;][\/vc_column][\/vc_row][vc_row content_placement=&#8221;middle&#8221; content_text_aligment=&#8221;left&#8221; css=&#8221;.vc_custom_1705528213555{margin-top: 33px !important;}&#8221;][vc_column width=&#8221;1\/2&#8243;][vc_single_image image=&#8221;15310&#8243; img_size=&#8221;&#8221; alignment=&#8221;center&#8221; css_animation=&#8221;fadeInLeft&#8221;][vc_empty_space height=&#8221;16px&#8221;][\/vc_column][vc_column width=&#8221;1\/2&#8243;][vc_column_text]<\/p>\n<p style=\"font-weight: 400;\"><strong>SAPPHIRE FUE H\u00c5RTRANSPLANTASJON<\/strong><\/p>\n<p style=\"font-weight: 400;\">Denne teknikken er en prosedyre som kan utf\u00f8res i en enkelt \u00f8kt og gir permanente resultater. Det faktum at metoden tillater hyppigere planting, gj\u00f8r det mulig \u00e5 oppn\u00e5 utmerkede resultater i trange omr\u00e5der. <\/p>\n<p>[\/vc_column_text][\/vc_column][\/vc_row][vc_row][vc_column][vc_separator css=&#8221;.vc_custom_1665060687833{padding-top: 16px !important;padding-bottom: 16px !important;}&#8221;][\/vc_column][\/vc_row][vc_row content_placement=&#8221;middle&#8221; css=&#8221;.vc_custom_1705511486595{margin-top: 33px !important;}&#8221;][vc_column width=&#8221;1\/2&#8243;][vc_column_text]<\/p>\n<p style=\"font-weight: 400;\"><strong>DHI H\u00c5RTRANSPLANTASJON<\/strong><\/p>\n<p style=\"font-weight: 400;\">DHI-teknikken som brukes med implanteringspennen er en direkte h\u00e5rtransplantasjon. Selv om den i hovedsak er basert p\u00e5 FUE-teknikken, anses DHI-h\u00e5rtransplantasjon delvis som en ny h\u00e5rtransplantasjonsteknikk. Den st\u00f8rste forskjellen med FUE er at det ved DHI-h\u00e5rtransplantasjon ikke er n\u00f8dvendig \u00e5 \u00e5pne kanalen f\u00f8r h\u00e5rsekkene transplanteres.  <\/p>\n<p>[\/vc_column_text][vc_empty_space height=&#8221;16px&#8221;][\/vc_column][vc_column width=&#8221;1\/2&#8243;][vc_single_image image=&#8221;15317&#8243; img_size=&#8221;&#8221; alignment=&#8221;center&#8221; css_animation=&#8221;fadeInRight&#8221;][\/vc_column][\/vc_row][vc_row][vc_column][vc_separator css=&#8221;.vc_custom_1665060694583{padding-top: 16px !important;padding-bottom: 16px !important;}&#8221;][\/vc_column][\/vc_row][vc_row content_placement=&#8221;middle&#8221; css=&#8221;.vc_custom_1705528262437{margin-top: 33px !important;}&#8221;][vc_column width=&#8221;1\/2&#8243;][vc_single_image image=&#8221;15323&#8243; img_size=&#8221;&#8221; alignment=&#8221;center&#8221; css_animation=&#8221;fadeInLeft&#8221;][vc_empty_space height=&#8221;16px&#8221;][\/vc_column][vc_column width=&#8221;1\/2&#8243;][vc_column_text]<\/p>\n<p style=\"font-weight: 400;\"><strong>SKJEGGH\u00c5RTRANSPLANTASJON<\/strong><\/p>\n<p style=\"font-weight: 400;\">Skjeggtransplantasjon er den mest effektive m\u00e5ten \u00e5 skape ny h\u00e5rvekst i ansiktet p\u00e5, med mange \u00e5rs dokumenterte resultater. De bruker ditt eget h\u00e5r for \u00e5 skape realistiske resultater. I tillegg er b\u00e5de operasjonen og helingsprosessen relativt rask og stort sett smertefri.  <\/p>\n<p>[\/vc_column_text][\/vc_column][\/vc_row][vc_row][vc_column][vc_separator css=&#8221;.vc_custom_1665060700932{padding-top: 16px !important;padding-bottom: 16px !important;}&#8221;][\/vc_column][\/vc_row][vc_row content_placement=&#8221;middle&#8221; css=&#8221;.vc_custom_1705528268836{margin-top: 33px !important;}&#8221;][vc_column width=&#8221;1\/2&#8243;][vc_column_text]<\/p>\n<p style=\"font-weight: 400;\"><strong>PRP BEHANDLING<\/strong><\/p>\n<p style=\"font-weight: 400;\">Blodplater er en del av blodet, sammen med r\u00f8de og hvite blodlegemer. N\u00e5r en person f\u00e5r et kutt eller s\u00e5r, er blodplatene noen av kroppens &#8220;f\u00f8rstehjelpere&#8221; som kommer til for \u00e5 stoppe bl\u00f8dningen og fremme tilheling. For \u00e5 produsere PRP tar en lege en blodpr\u00f8ve og putter den inn i en maskin som kalles en sentrifuge. Denne maskinen snurrer raskt, slik at blodets bestanddeler skilles fra hverandre. Deretter trekker legen ut blodplatene som skal injiseres. Leger bruker vanligvis denne behandlingen n\u00e5r h\u00e5ret skyldes alopecia, en vanlig tilstand som f\u00f8rer til at h\u00e5rsekkene krymper. Selv om PRP er en relativt ny metode, finnes det en del vitenskapelige bevis som tyder p\u00e5 at den kan fremme h\u00e5rvekst.      <\/p>\n<p>[\/vc_column_text][vc_empty_space height=&#8221;16px&#8221;][\/vc_column][vc_column width=&#8221;1\/2&#8243;][vc_single_image image=&#8221;15329&#8243; img_size=&#8221;&#8221; alignment=&#8221;center&#8221; css_animation=&#8221;fadeInRight&#8221;][\/vc_column][\/vc_row][vc_row][vc_column][vc_separator css=&#8221;.vc_custom_1665060700932{padding-top: 16px !important;padding-bottom: 16px !important;}&#8221;][\/vc_column][\/vc_row][vc_row content_placement=&#8221;middle&#8221; css=&#8221;.vc_custom_1705528274082{margin-top: 33px !important;}&#8221;][vc_column width=&#8221;1\/2&#8243;][vc_single_image image=&#8221;15334&#8243; img_size=&#8221;&#8221; alignment=&#8221;center&#8221; css_animation=&#8221;fadeInLeft&#8221;][vc_empty_space height=&#8221;16px&#8221;][\/vc_column][vc_column width=&#8221;1\/2&#8243;][vc_column_text]<\/p>\n<p style=\"font-weight: 400;\"><strong>H\u00c5R MESOTERAPI<\/strong><\/p>\n<p style=\"font-weight: 400;\">Mesoterapi for h\u00e5r er en behandlingsmetode som brukes ved \u00e5 injisere vitaminer, mineraler og aminosyreblandinger som er n\u00f8dvendige for h\u00e5ret, i hodebunnen. Denne metoden gj\u00f8r det mulig for komponentene som gir n\u00e6ring til h\u00e5rsekkene \u00e5 sette seg i h\u00e5ret. Denne metoden kan brukes til \u00e5 behandle h\u00e5ravfall, da den gj\u00f8r tynt h\u00e5r tykkere, stopper h\u00e5ravfall og gj\u00f8r h\u00e5ret sterkere og mer glansfullt.  <\/p>\n<p>[\/vc_column_text][\/vc_column][\/vc_row][vc_row][vc_column][vc_separator css=&#8221;.vc_custom_1665060700932{padding-top: 16px !important;padding-bottom: 16px !important;}&#8221;][\/vc_column][\/vc_row][vc_row content_placement=&#8221;middle&#8221; css=&#8221;.vc_custom_1705528278952{margin-top: 33px !important;}&#8221;][vc_column width=&#8221;1\/2&#8243;][vc_column_text]<\/p>\n<p style=\"font-weight: 400;\"><strong>H\u00c5RSIMULERING<\/strong><\/p>\n<p style=\"font-weight: 400;\">H\u00e5rsimulering er en teknikk som brukes p\u00e5 huden p\u00e5 hodet n\u00e5r det anses som n\u00f8dvendig i tilfeller av delvis h\u00e5rtap. Den brukes for \u00e5 gi et estetisk utseende til det regionale h\u00e5rtapet som oppst\u00e5r p\u00e5 grunn av hudsykdommer som alopecia, traumatiske ulykker og skader eller genetiske faktorer. Det er ogs\u00e5 den mest ideelle teknikken for \u00e5 fylle de tomme punktene som oppst\u00e5r p\u00e5 hodehuden etter h\u00e5rtransplantasjonsprosessen.  <\/p>\n<p>[\/vc_column_text][vc_empty_space height=&#8221;16px&#8221;][\/vc_column][vc_column width=&#8221;1\/2&#8243;][vc_single_image image=&#8221;15340&#8243; img_size=&#8221;&#8221; alignment=&#8221;center&#8221; css_animation=&#8221;fadeInRight&#8221;][\/vc_column][\/vc_row][vc_row][vc_column][vc_separator border_width=&#8221;2&#8243;][\/vc_column][\/vc_row][vc_row][vc_column][vc_empty_space height=&#8221;60px&#8221;][\/vc_column][\/vc_row][vc_row content_placement=&#8221;middle&#8221; css_animation=&#8221;bounceIn&#8221; content_text_aligment=&#8221;center&#8221; css=&#8221;.vc_custom_1705529174717{margin-bottom: 66px !important;}&#8221;][vc_column width=&#8221;1\/4&#8243;][\/vc_column][vc_column width=&#8221;1\/2&#8243;][vc_column_text]<\/p>\n<h4 style=\"text-align: center;\">Kontakt oss n\u00e5 og f\u00e5 informasjon om v\u00e5re nyeste behandlingsmetoder i henhold til dine behov.<\/h4>\n<p>[\/vc_column_text][vc_empty_space]<a itemprop=\"url\" href=\"https:\/\/regenesishealth.co.uk\/contact-us\/\" target=\"_self\" class=\"mkdf-btn mkdf-btn-medium mkdf-btn-solid mkdf-btn-solid-dark\">\n    <span class=\"mkdf-btn-text\">Kontakt oss<\/span>\n    <span class=\"mkdf-btn-icon-holder\">\n        <span class=\"mkdf-btn-icon-normal\" ><\/span>\n        <span class=\"mkdf-btn-icon-flip\" ><\/span>\n    <\/span>\n<\/a>[\/vc_column][vc_column width=&#8221;1\/4&#8243;][\/vc_column][\/vc_row]<\/p>\n","protected":false},"excerpt":{"rendered":"<p>[vc_row full_width=&#8221;stretch_row_content_no_spaces&#8221; content_placement=&#8221;top&#8221; content_text_aligment=&#8221;center&#8221;][vc_column][vc_single_image image=&#8221;15403&#8243; img_size=&#8221;Full&#8221; alignment=&#8221;center&#8221; css_animation=&#8221;none&#8221;][\/vc_column][\/vc_row][vc_row css=&#8221;.vc_custom_1705527212946{margin-top: 66px !important;}&#8221;][vc_column][vc_column_text] H\u00e5rtransplantasjon Oppn\u00e5 et naturlig utseende med v\u00e5re moderne h\u00e5rtransplantasjonsteknikker [\/vc_column_text][vc_empty_space][vc_column_text]H\u00e5rtap er et viktig problem som begynner i tidlig alder i dag. H\u00e5rtap er et problem som ofte oppst\u00e5r hos [&hellip;]<\/p>\n","protected":false},"author":1,"featured_media":0,"parent":0,"menu_order":0,"comment_status":"closed","ping_status":"closed","template":"","meta":{"footnotes":""},"class_list":["post-17941","page","type-page","status-publish","hentry"],"_links":{"self":[{"href":"https:\/\/regenesishealth.co.uk\/no\/wp-json\/wp\/v2\/pages\/17941"}],"collection":[{"href":"https:\/\/regenesishealth.co.uk\/no\/wp-json\/wp\/v2\/pages"}],"about":[{"href":"https:\/\/regenesishealth.co.uk\/no\/wp-json\/wp\/v2\/types\/page"}],"author":[{"embeddable":true,"href":"https:\/\/regenesishealth.co.uk\/no\/wp-json\/wp\/v2\/users\/1"}],"replies":[{"embeddable":true,"href":"https:\/\/regenesishealth.co.uk\/no\/wp-json\/wp\/v2\/comments?post=17941"}],"version-history":[{"count":2,"href":"https:\/\/regenesishealth.co.uk\/no\/wp-json\/wp\/v2\/pages\/17941\/revisions"}],"predecessor-version":[{"id":18746,"href":"https:\/\/regenesishealth.co.uk\/no\/wp-json\/wp\/v2\/pages\/17941\/revisions\/18746"}],"wp:attachment":[{"href":"https:\/\/regenesishealth.co.uk\/no\/wp-json\/wp\/v2\/media?parent=17941"}],"curies":[{"name":"wp","href":"https:\/\/api.w.org\/{rel}","templated":true}]}}