{"id":17938,"date":"2020-10-27T09:56:27","date_gmt":"2020-10-27T09:56:27","guid":{"rendered":"https:\/\/regenesishealth.co.uk\/gynekologisk-kirurgi\/"},"modified":"2025-09-11T19:31:40","modified_gmt":"2025-09-11T18:31:40","slug":"gynekologisk-kirurgi","status":"publish","type":"page","link":"https:\/\/regenesishealth.co.uk\/no\/gynekologisk-kirurgi\/","title":{"rendered":"Gynekologisk kirurgi"},"content":{"rendered":"<p>[vc_row full_width=&#8221;stretch_row_content_no_spaces&#8221; content_placement=&#8221;top&#8221; content_text_aligment=&#8221;center&#8221;][vc_column][vc_single_image image=&#8221;15434&#8243; img_size=&#8221;full&#8221; alignment=&#8221;center&#8221;][\/vc_column][\/vc_row][vc_row css=&#8221;.vc_custom_1656503235579{padding-top: 93px !important;padding-bottom: 33px !important;}&#8221;][vc_column][vc_column_text]<\/p>\n<h1 style=\"text-align: center;\">Gynekologisk kirurgi<\/h1>\n<h2 style=\"text-align: center;\">Kvinnekroppen har sin egen livshistorie, og dens behov for omsorg gjennom hele reisen.<\/h2>\n<p>[\/vc_column_text][vc_empty_space][vc_column_text]Gynekologisk kirurgi omfatter alle kirurgiske inngrep som involverer strukturen i den kvinnelige bekkenregionen: livmoren, eggstokkene, livmorhalsen, egglederne, skjeden og vulva. Det er mange grunner til at en kvinne kan ha behov for gynekologisk kirurgi. Behandling av tilstander som endometriose, fibromer (godartede svulster), cyster p\u00e5 eggstokkene, kreft, kroniske bekkensmerter, underlivsbetennelse, livmorprolaps eller unormale bl\u00f8dninger kan v\u00e6re noen av grunnene til gynekologisk kirurgi. Gynekologen spiller flere roller i en kvinnes liv &#8211; fra lege til verge og beste r\u00e5dgiver. Derfor b\u00f8r du aldri ignorere et bes\u00f8k hos en gynekolog hvis du \u00f8nsker \u00e5 opprettholde din gode helse og generelle velv\u00e6re. Du b\u00f8r m\u00f8te de beste gynekologene i v\u00e5rt ekspertteam, og du kan sp\u00f8rre oss om alt du vil vite om gynekologisk kirurgi og behandling via <a href=\"https:\/\/regenesishealth.co.uk\/contact-us\/\" target=\"_blank\" rel=\"noopener\">https:\/\/regenesishealth.co.uk\/contact-us\/<\/a>     [\/vc_column_text][\/vc_column][\/vc_row][vc_row css=&#8221;.vc_custom_1656506967763{padding-top: 25px !important;padding-bottom: 25px !important;}&#8221;][vc_column][vc_separator border_width=&#8221;3&#8243; css=&#8221;.vc_custom_1656504089491{padding-top: 25px !important;padding-bottom: 25px !important;}&#8221;][\/vc_column][\/vc_row][vc_row][vc_column][vc_column_text]<\/p>\n<h2 style=\"text-align: center;\">V\u00e5re tjenester innen gynekologisk kirurgi<\/h2>\n<p>[\/vc_column_text][\/vc_column][\/vc_row][vc_row content_placement=&#8221;middle&#8221; css=&#8221;.vc_custom_1656506735531{padding-top: 33px !important;}&#8221;][vc_column width=&#8221;1\/2&#8243;][vc_column_text]<\/p>\n<h3><strong>Gynekologisk kirurgi<\/strong><\/h3>\n<p>Gynekologi inneb\u00e6rer diagnostisering og behandling av sykdommer i de kvinnelige kj\u00f8nnsorganene og forplantningssystemet. V\u00e5re erfarne og velrenommerte gynekologer tilbyr medf\u00f8lende og praktisk behandling for alle pasienter. De bruker minimalt invasive teknikker der det er mulig, og de st\u00f8ttes av utmerkede diagnostiske fasiliteter.  [\/vc_column_text][\/vc_column][vc_column width=&#8221;1\/2&#8243;][vc_single_image image=&#8221;10279&#8243; img_size=&#8221;&#8221; alignment=&#8221;center&#8221; css_animation=&#8221;fadeInRight&#8221;][\/vc_column][\/vc_row][vc_row css=&#8221;.vc_custom_1656506955715{padding-top: 25px !important;padding-bottom: 25px !important;}&#8221;][vc_column][vc_separator css=&#8221;.vc_custom_1656503573907{padding-top: 25px !important;padding-bottom: 25px !important;}&#8221;][\/vc_column][\/vc_row][vc_row][vc_column width=&#8221;1\/2&#8243;][vc_single_image image=&#8221;10282&#8243; img_size=&#8221;&#8221; alignment=&#8221;center&#8221; css_animation=&#8221;fadeInLeft&#8221;][\/vc_column][vc_column width=&#8221;1\/2&#8243;][vc_column_text]<\/p>\n<h3><strong>Kunstig reproduksjonsteknologi (ART)<\/strong><\/h3>\n<p>Kunstig reproduksjonsteknologi eller assistert befruktning (ART) er en av de gynekologiske operasjonsmetodene som refererer til fertilitetsbehandlinger og -prosedyrer som kan hjelpe ved vansker eller manglende evne til \u00e5 f\u00e5 barn. ART omfatter fertilitetsbehandlinger som h\u00e5ndterer b\u00e5de egg og s\u00e6dceller. Disse komplekse behandlingene inneb\u00e6rer \u00e5 p\u00e5virke kj\u00f8nnsceller, eller egg og s\u00e6dceller, for \u00e5 \u00f8ke sjansene for befruktning. ART er vanligvis et alternativ for personer som ikke har hatt effekt av andre infertilitetsbehandlinger, eller som allerede har fors\u00f8kt behandling uten \u00e5 bli gravide. Personer som vurderer ART, vil ofte diskutere alternativene med helsepersonell, og det kan v\u00e6re n\u00f8dvendig med en konsultasjon hos en fertilitetsspesialist. In vitro-befruktning (IVF) er den vanligste og mest effektive typen ART. Den vanligste komplikasjonen ved kunstig befruktning er flerlingsgraviditet. Dette kan forebygges eller minimeres ved \u00e5 begrense antallet embryoer som settes inn i foreldrenes kropp.       [\/vc_column_text][\/vc_column][\/vc_row][vc_row css=&#8221;.vc_custom_1656506983333{padding-top: 25px !important;padding-bottom: 25px !important;}&#8221;][vc_column][vc_separator css=&#8221;.vc_custom_1656503582941{padding-top: 25px !important;padding-bottom: 25px !important;}&#8221;][\/vc_column][\/vc_row][vc_row][vc_column width=&#8221;1\/2&#8243;][vc_column_text]<\/p>\n<h3><strong>Laparoskopisk kirurgi<\/strong><\/h3>\n<p>En gynekologisk laparoskopi er en unders\u00f8kelse av livmoren (uterus), egglederne og eggstokkene p\u00e5 innsiden av kvinnens underliv. Gynekologisk laparoskopi kan brukes til \u00e5 diagnostisere og\/eller behandle en tilstand. En spesialistlege, en gynekolog, kan ta en liten vevspr\u00f8ve (biopsi) under laparoskopien. En biopsi kan ogs\u00e5 bidra til \u00e5 diagnostisere endometriose. Du kan ogs\u00e5 f\u00e5 utf\u00f8rt en gynekologisk laparoskopi for \u00e5 finne \u00e5rsaken til eventuelle p\u00e5g\u00e5ende magesmerter. Hvis du pr\u00f8ver \u00e5 f\u00e5 barn, men har problemer, kan laparoskopi brukes for \u00e5 finne \u00e5rsaken til dette. Hvis du vil vite mer om laparoskopi, kan du lese <a href=\"https:\/\/en.wikipedia.org\/wiki\/Laparoscopy\" target=\"_blank\" rel=\"noopener\">https:\/\/en.wikipedia.org\/wiki\/Laparoscopy<\/a>      [\/vc_column_text][\/vc_column][vc_column width=&#8221;1\/2&#8243;][vc_single_image image=&#8221;10280&#8243; img_size=&#8221;&#8221; alignment=&#8221;center&#8221; css_animation=&#8221;fadeInRight&#8221;][\/vc_column][\/vc_row][vc_row css=&#8221;.vc_custom_1656506990458{padding-top: 25px !important;padding-bottom: 25px !important;}&#8221;][vc_column][vc_separator css=&#8221;.vc_custom_1656503590980{padding-top: 25px !important;padding-bottom: 25px !important;}&#8221;][\/vc_column][\/vc_row][vc_row][vc_column width=&#8221;1\/2&#8243;][vc_single_image image=&#8221;10281&#8243; img_size=&#8221;&#8221; alignment=&#8221;center&#8221; css_animation=&#8221;fadeInLeft&#8221;][\/vc_column][vc_column width=&#8221;1\/2&#8243;][vc_column_text]<\/p>\n<h3><strong>Genitale estetiske operasjoner (labioplastikk, sistorectosel)<\/strong><\/h3>\n<p>Estetisk genitalkirurgi ser ut til \u00e5 ha blitt et moteriktig tema i dag, i likhet med plastikkirurgi som du kan finne ut mer om i v\u00e5r artikkel; <a href=\"https:\/\/regenesishealth.co.uk\/plastic-surgery\/\">https:\/\/regenesishealth.co.uk\/plastic-surgery\/<\/a>. Estetisk kirurgi av de kvinnelige kj\u00f8nnsorganene omfatter flere kirurgiske inngrep som har til hensikt \u00e5 forbedre deres utseende. De mest etterspurte inngrepene er kj\u00f8nnsleppereduksjon (labiaplastikk) og vaginal oppstramming (vaginoplastikk). En kj\u00f8nnsleppeplastikk, ogs\u00e5 kjent som vaginal foryngelse, er et plastikkirurgisk inngrep som inneb\u00e6rer endring av de sm\u00e5 kj\u00f8nnsleppene (indre lepper) og\/eller de store kj\u00f8nnsleppene (ytre lepper). Vaginoplastikk er derimot et inngrep som g\u00e5r ut p\u00e5 \u00e5 konstruere eller reparere skjeden. Det behandler ulike medisinske problemer, inkludert vaginal skade p\u00e5 grunn av f\u00f8dsel og komplikasjoner ved bekkenbunnssykdommer. Ta kontakt med v\u00e5rt ekspertteam hvis du har sp\u00f8rsm\u00e5l om estetiske inngrep i underlivet.      [\/vc_column_text][\/vc_column][\/vc_row][vc_row css=&#8221;.vc_custom_1656506998497{padding-top: 25px !important;padding-bottom: 25px !important;}&#8221;][vc_column][vc_separator border_width=&#8221;3&#8243; css=&#8221;.vc_custom_1656504089491{padding-top: 25px !important;padding-bottom: 25px !important;}&#8221;][\/vc_column][\/vc_row][vc_row][vc_column][vc_column_text]<\/p>\n<h2 style=\"text-align: center;\">V\u00e5rt team<\/h2>\n<p>[\/vc_column_text][\/vc_column][\/vc_row][vc_row css=&#8221;.vc_custom_1656507063515{padding-top: 33px !important;}&#8221;][vc_column width=&#8221;1\/5&#8243;][\/vc_column][vc_column width=&#8221;1\/5&#8243;][\/vc_column][vc_column width=&#8221;1\/5&#8243;]<div class=\"mkdf-team info-bellow\">\n\t<div class=\"mkdf-team-inner\">\n\t\t\t\t\t<div class=\"mkdf-team-image\">\n                <a itemprop=\"url\" href=\"https:\/\/regenesishealth.co.uk\/team-member\/kerim-emrah-yavuz\/\">\n                    <img loading=\"lazy\" decoding=\"async\" width=\"1400\" height=\"1400\" src=\"https:\/\/regenesishealth.co.uk\/wp-content\/uploads\/2020\/10\/Artboard-2.png\" class=\"attachment-full size-full wp-post-image\" alt=\"\" srcset=\"https:\/\/regenesishealth.co.uk\/wp-content\/uploads\/2020\/10\/Artboard-2.png 1400w, https:\/\/regenesishealth.co.uk\/wp-content\/uploads\/2020\/10\/Artboard-2-300x300.png 300w, https:\/\/regenesishealth.co.uk\/wp-content\/uploads\/2020\/10\/Artboard-2-100x100.png 100w, https:\/\/regenesishealth.co.uk\/wp-content\/uploads\/2020\/10\/Artboard-2-600x600.png 600w, https:\/\/regenesishealth.co.uk\/wp-content\/uploads\/2020\/10\/Artboard-2-1024x1024.png 1024w, https:\/\/regenesishealth.co.uk\/wp-content\/uploads\/2020\/10\/Artboard-2-150x150.png 150w, https:\/\/regenesishealth.co.uk\/wp-content\/uploads\/2020\/10\/Artboard-2-768x768.png 768w, https:\/\/regenesishealth.co.uk\/wp-content\/uploads\/2020\/10\/Artboard-2-550x550.png 550w, https:\/\/regenesishealth.co.uk\/wp-content\/uploads\/2020\/10\/Artboard-2-1100x1100.png 1100w\" sizes=\"(max-width: 1400px) 100vw, 1400px\" title=\"\">\t\t\t\t\t<div class=\"mkdf-circle-animate\"><\/div>\n\t\t\t\t\t<div class=\"mkdf-circle-icon\">\n\t\t\t\t\t\t<img decoding=\"async\" src=\"https:\/\/regenesishealth.co.uk\/wp-content\/uploads\/2017\/04\/icons_Artboard-2-copy-4.png\" class=\"icon\" alt=\"Doctor Icon\" title=\"\">\n\t\t\t\t\t<\/div>\n\t\t\t\t\t<div class=\"mkdf-circle-icon-hidden\">\n\t\t\t\t\t\t<img decoding=\"async\" src=\"https:\/\/regenesishealth.co.uk\/wp-content\/uploads\/2017\/04\/icons_Artboard-2-copy-4.png\" class=\"icon\" alt=\"Doctor Icon\" title=\"\">\n\t\t\t\t\t<\/div>\n\t\t\t\t<\/a>\n\t\t\t<\/div>\n\t\t\t\t<div class=\"mkdf-team-info\">\n            <div class=\"mkdf-team-title-holder\">\n                <h5 itemprop=\"name\" class=\"mkdf-team-name entry-title\">\n                    <a itemprop=\"url\" href=\"https:\/\/regenesishealth.co.uk\/team-member\/kerim-emrah-yavuz\/\">Dr. Kerim Emrah Yavuz<\/a>\n                <\/h5>\n\n                                    <h6 class=\"mkdf-team-position\">Gynaecology and Obstetrics<\/h6>\n                            <\/div>\n\t\t\t\t\t\t<div class=\"mkdf-team-social-holder-between\">\n\t\t\t\t<div class=\"mkdf-team-social\">\n\t\t\t\t\t<div class=\"mkdf-team-social-inner\">\n\t\t\t\t\t\t<div class=\"mkdf-team-social-wrapp\">\n\t\t\t\t\t\t\t\t\t\t\t\t\t<\/div>\n\t\t\t\t\t<\/div>\n\t\t\t\t<\/div>\n\t\t\t<\/div>\n\t\t<\/div>\n\t<\/div>\n<\/div>[\/vc_column][vc_column width=&#8221;1\/5&#8243;][\/vc_column][vc_column width=&#8221;1\/5&#8243;][\/vc_column][\/vc_row][vc_row css=&#8221;.vc_custom_1656507005834{padding-top: 25px !important;padding-bottom: 25px !important;}&#8221;][vc_column][vc_separator border_width=&#8221;3&#8243; css=&#8221;.vc_custom_1656504089491{padding-top: 25px !important;padding-bottom: 25px !important;}&#8221;][\/vc_column][\/vc_row][vc_row content_placement=&#8221;middle&#8221; css_animation=&#8221;bounceIn&#8221; row_content_width=&#8221;grid&#8221; content_text_aligment=&#8221;center&#8221;][vc_column width=&#8221;1\/4&#8243;][\/vc_column][vc_column width=&#8221;1\/2&#8243;][vc_column_text]<\/p>\n<h4 style=\"text-align: center;\">Kontakt oss n\u00e5 og f\u00e5 informasjon om v\u00e5re nyeste behandlingsmetoder i henhold til dine behov.<\/h4>\n<p>[\/vc_column_text][vc_empty_space]<a itemprop=\"url\" href=\"https:\/\/regenesishealth.co.uk\/contact-us\/\" target=\"_self\" class=\"mkdf-btn mkdf-btn-medium mkdf-btn-solid mkdf-btn-solid-dark\">\n    <span class=\"mkdf-btn-text\">Kontakt oss<\/span>\n    <span class=\"mkdf-btn-icon-holder\">\n        <span class=\"mkdf-btn-icon-normal\" ><\/span>\n        <span class=\"mkdf-btn-icon-flip\" ><\/span>\n    <\/span>\n<\/a>[vc_empty_space][\/vc_column][vc_column width=&#8221;1\/4&#8243;][\/vc_column][\/vc_row]<\/p>\n","protected":false},"excerpt":{"rendered":"<p>[vc_row full_width=&#8221;stretch_row_content_no_spaces&#8221; content_placement=&#8221;top&#8221; content_text_aligment=&#8221;center&#8221;][vc_column][vc_single_image image=&#8221;15434&#8243; img_size=&#8221;full&#8221; alignment=&#8221;center&#8221;][\/vc_column][\/vc_row][vc_row css=&#8221;.vc_custom_1656503235579{padding-top: 93px !important;padding-bottom: 33px !important;}&#8221;][vc_column][vc_column_text] Gynekologisk kirurgi Kvinnekroppen har sin egen livshistorie, og dens behov for omsorg gjennom hele reisen. [\/vc_column_text][vc_empty_space][vc_column_text]Gynekologisk kirurgi omfatter alle kirurgiske inngrep som involverer strukturen i den kvinnelige bekkenregionen: [&hellip;]<\/p>\n","protected":false},"author":1,"featured_media":17399,"parent":0,"menu_order":0,"comment_status":"closed","ping_status":"closed","template":"","meta":{"footnotes":""},"class_list":["post-17938","page","type-page","status-publish","has-post-thumbnail","hentry"],"_links":{"self":[{"href":"https:\/\/regenesishealth.co.uk\/no\/wp-json\/wp\/v2\/pages\/17938"}],"collection":[{"href":"https:\/\/regenesishealth.co.uk\/no\/wp-json\/wp\/v2\/pages"}],"about":[{"href":"https:\/\/regenesishealth.co.uk\/no\/wp-json\/wp\/v2\/types\/page"}],"author":[{"embeddable":true,"href":"https:\/\/regenesishealth.co.uk\/no\/wp-json\/wp\/v2\/users\/1"}],"replies":[{"embeddable":true,"href":"https:\/\/regenesishealth.co.uk\/no\/wp-json\/wp\/v2\/comments?post=17938"}],"version-history":[{"count":1,"href":"https:\/\/regenesishealth.co.uk\/no\/wp-json\/wp\/v2\/pages\/17938\/revisions"}],"predecessor-version":[{"id":18743,"href":"https:\/\/regenesishealth.co.uk\/no\/wp-json\/wp\/v2\/pages\/17938\/revisions\/18743"}],"wp:featuredmedia":[{"embeddable":true,"href":"https:\/\/regenesishealth.co.uk\/no\/wp-json\/wp\/v2\/media\/17399"}],"wp:attachment":[{"href":"https:\/\/regenesishealth.co.uk\/no\/wp-json\/wp\/v2\/media?parent=17938"}],"curies":[{"name":"wp","href":"https:\/\/api.w.org\/{rel}","templated":true}]}}