{"id":17936,"date":"2020-10-27T10:12:28","date_gmt":"2020-10-27T10:12:28","guid":{"rendered":"https:\/\/regenesishealth.co.uk\/plastisk-kirurgi\/"},"modified":"2025-03-18T16:46:36","modified_gmt":"2025-03-18T16:46:36","slug":"plastisk-kirurgi","status":"publish","type":"page","link":"https:\/\/regenesishealth.co.uk\/no\/plastisk-kirurgi\/","title":{"rendered":"Plastisk Kirurgi"},"content":{"rendered":"<p>[vc_row full_width=&#8221;stretch_row_content_no_spaces&#8221; content_placement=&#8221;top&#8221; content_text_aligment=&#8221;center&#8221;][vc_column][vc_single_image image=&#8221;15412&#8243; img_size=&#8221;Full&#8221; alignment=&#8221;center&#8221;][\/vc_column][\/vc_row][vc_row css=&#8221;.vc_custom_1656337554913{padding-top: 93px !important;padding-bottom: 33px !important;}&#8221;][vc_column][vc_column_text]<\/p>\n<h1 style=\"text-align: center;\">Kosmetisk kirurgi<\/h1>\n<h2 style=\"text-align: center;\">En effektiv m\u00e5te \u00e5 forbedre din selvtillit, kropp og sjel p\u00e5<\/h2>\n<p>[\/vc_column_text][vc_empty_space][vc_column_text]Plastikkirurgi er inngrep som forbedrer utseendet i ansiktet og p\u00e5 kroppen. De omfatter inngrep som bukplastikk, brystforst\u00f8rrelse, brystreduksjon, \u00f8yelokkskirurgi, neseplastikk, ansiktsl\u00f8ft og fjerning av fett (fettsuging). V\u00e5r tiln\u00e6rming til plastikkirurgi er unik! Vi tror virkelig at dette handler om hvordan du f\u00f8ler deg, ikke bare hvordan du ser ut! Pasienter som \u00f8nsker en estetisk tiltalende, kosmetisk operasjon fortjener \u00e5 bli behandlet p\u00e5 riktig sted og av riktig kirurg. Kirurgene v\u00e5re tilbyr en rekke plastiske, rekonstruktive og estetiske behandlinger som passer for b\u00e5de menn og kvinner, og som utf\u00f8res av v\u00e5rt ekspertteam av spesialkirurger. Du kan kontakte oss via <a href=\"https:\/\/regenesishealth.co.uk\/contact-us\/\" target=\"_blank\" rel=\"noopener\">https:\/\/regenesishealth.co.uk\/contact-us\/<\/a> for alle dine sp\u00f8rsm\u00e5l.      [\/vc_column_text][\/vc_column][\/vc_row][vc_row][vc_column][vc_separator border_width=&#8221;3&#8243; css=&#8221;.vc_custom_1656337637411{padding-top: 25px !important;padding-bottom: 25px !important;}&#8221;][\/vc_column][\/vc_row][vc_row][vc_column][vc_video link=&#8221;https:\/\/youtu.be\/LElyWgs3FMM&#8221; align=&#8221;center&#8221; css_animation=&#8221;fadeInUp&#8221;][\/vc_column][\/vc_row][vc_row][vc_column][vc_separator border_width=&#8221;3&#8243; css=&#8221;.vc_custom_1656337637411{padding-top: 25px !important;padding-bottom: 25px !important;}&#8221;][\/vc_column][\/vc_row][vc_row][vc_column][vc_column_text]<\/p>\n<h2 style=\"text-align: center;\">V\u00e5re tjenester innen plastikkirurgisk<\/h2>\n<p>[\/vc_column_text][\/vc_column][\/vc_row][vc_row content_placement=&#8221;middle&#8221; css=&#8221;.vc_custom_1656340450390{padding-top: 33px !important;}&#8221;][vc_column width=&#8221;1\/2&#8243;][vc_column_text]<\/p>\n<h3><strong>Neseplastikk<\/strong><\/h3>\n<p>Neseplastikk, som av og til omtales som en &#8220;neseoperasjon&#8221; av pasienter, forbedrer ansiktsharmonien og nesens proporsjoner. Selv om de kirurgiske teknikkene er avanserte, er det begrenset hvor mye nesen kan endres. Konsekvensene av en plastisk neseoperasjon avhenger av st\u00f8rrelsen p\u00e5 nesen, hudens tilstand og pasientens alder. Det viktigste er at det er en klar kommunikasjon mellom pasient og kirurg om hva som er \u00f8nsket og hva som er mulig \u00e5 oppn\u00e5 med plastisk kirurgi.   [\/vc_column_text][\/vc_column][vc_column width=&#8221;1\/2&#8243;][vc_single_image image=&#8221;10165&#8243; img_size=&#8221;&#8221; alignment=&#8221;center&#8221; css_animation=&#8221;fadeInRight&#8221;][\/vc_column][\/vc_row][vc_row][vc_column][vc_separator css=&#8221;.vc_custom_1656337847227{padding-top: 25px !important;padding-bottom: 25px !important;}&#8221;][\/vc_column][\/vc_row][vc_row content_placement=&#8221;middle&#8221;][vc_column width=&#8221;1\/2&#8243;][vc_single_image image=&#8221;10167&#8243; img_size=&#8221;&#8221; alignment=&#8221;center&#8221; css_animation=&#8221;fadeInLeft&#8221;][\/vc_column][vc_column width=&#8221;1\/2&#8243;][vc_column_text]<\/p>\n<h3><strong>Ansiktsl\u00f8ft <\/strong><\/h3>\n<p>Et ansiktsl\u00f8ft eller en Rhytidektomi er et kosmetisk inngrep som reduserer rynker og aldrende, slapp ansiktshud. For \u00e5 finne ut mer, ikke glem \u00e5 se p\u00e5 <a href=\"https:\/\/en.wikipedia.org\/wiki\/Rhytidectomy\" target=\"_blank\" rel=\"noopener\">https:\/\/en.wikipedia.org\/wiki\/Rhytidectomy<\/a> [\/vc_column_text][\/vc_column][\/vc_row][vc_row][vc_column][vc_separator css=&#8221;.vc_custom_1656337847227{padding-top: 25px !important;padding-bottom: 25px !important;}&#8221;][\/vc_column][\/vc_row][vc_row content_placement=&#8221;middle&#8221;][vc_column width=&#8221;1\/2&#8243;][vc_column_text]<\/p>\n<h3><strong>Brystkirurgi<\/strong><\/h3>\n<p>Brystkirurgi er et inngrep som endrer brystene til en kvinne eller mann. Slike operasjoner gj\u00f8res av en rekke ulike \u00e5rsaker. Noen gj\u00f8res av kosmetiske grunner, for eksempel for \u00e5 rekonstruere brystet for \u00e5 f\u00e5 det til \u00e5 se mer ungdommelig ut, eller for \u00e5 \u00f8ke brystst\u00f8rrelsen. Vi utf\u00f8rer brystforst\u00f8rrelse, brystreduksjon, brystl\u00f8ft, brystforst\u00f8rrelse, fjerning av implantater og r\u00f8rformede bryster.  [\/vc_column_text][\/vc_column][vc_column width=&#8221;1\/2&#8243;][vc_single_image image=&#8221;10168&#8243; img_size=&#8221;&#8221; alignment=&#8221;center&#8221; css_animation=&#8221;fadeInRight&#8221;][\/vc_column][\/vc_row][vc_row][vc_column][vc_separator css=&#8221;.vc_custom_1656337847227{padding-top: 25px !important;padding-bottom: 25px !important;}&#8221;][\/vc_column][\/vc_row][vc_row content_placement=&#8221;middle&#8221;][vc_column width=&#8221;1\/2&#8243;][vc_single_image image=&#8221;10169&#8243; img_size=&#8221;&#8221; alignment=&#8221;center&#8221; css_animation=&#8221;fadeInLeft&#8221;][\/vc_column][vc_column width=&#8221;1\/2&#8243;][vc_column_text]<\/p>\n<h3><strong>Kroppskirurgi<\/strong><\/h3>\n<p>Plastisk og kosmetisk kirurgi kan utf\u00f8res p\u00e5 alle deler av kroppen, inkludert hode og hals. Det er et frivillig valg fra pasientens side \u00e5 f\u00e5 utf\u00f8rt kosmetisk kirurgi. Plastisk og kosmetisk kirurgi omfatter kirurgiske og ikke-kirurgiske inngrep som forbedrer og omformer kroppsstrukturen for \u00e5 forbedre utseende og selvtillit. Kroppsformende kirurgi kan fjerne fett eller overfl\u00f8dig hud, stramme opp huden og bidra til \u00e5 forme kroppen p\u00e5 nytt. Hvis du \u00f8nsker \u00e5 omforme mage eller midje (mageplastikk, mommy makeover), rumpe (brasiliansk rumpel\u00f8ft-BBL), hofter, l\u00e5r, armer eller hele kroppen, 360 Fettsuging, \u00f8vre \u00f8yelokk, nedre \u00f8yenbryn, \u00f8yenbryn, kan en kosmetisk kirurg fra v\u00e5rt ekspertteam hjelpe deg med \u00e5 forst\u00e5 hva som skal til for \u00e5 f\u00e5 deg dit. Du kan ogs\u00e5 sjekke v\u00e5r artikkel om fedmekirurgi via <a href=\"https:\/\/regenesishealth.co.uk\/obesity-surgery\/\" target=\"_blank\" rel=\"noopener\">https:\/\/regenesishealth.co.uk\/obesity-surgery\/<\/a>     [\/vc_column_text][\/vc_column][\/vc_row][vc_row][vc_column][vc_separator css=&#8221;.vc_custom_1656337847227{padding-top: 25px !important;padding-bottom: 25px !important;}&#8221;][\/vc_column][\/vc_row][vc_row content_placement=&#8221;middle&#8221;][vc_column width=&#8221;1\/2&#8243;][vc_column_text]<\/p>\n<h3><strong>Plastisk Kirurgi for Menn<\/strong><\/h3>\n<p>De siste \u00e5rene har antallet kosmetiske operasjoner for menn \u00f8kt i takt med at menn har blitt mer selvsikre n\u00e5r det gjelder \u00e5 forbedre utseendet sitt. Hos Regenesis hjelper vi gjerne v\u00e5re mannlige pasienter med \u00e5 vurdere mulighetene for plastisk kirurgi, for eksempel brystreduksjon for menn, mageplastikk for menn, blepharoplastikk for menn, ansiktsl\u00f8ft, pannel\u00f8ft for menn eller neseplastikk for menn. [\/vc_column_text][\/vc_column][vc_column width=&#8221;1\/2&#8243;][vc_single_image image=&#8221;10166&#8243; img_size=&#8221;&#8221; alignment=&#8221;center&#8221; css_animation=&#8221;fadeInRight&#8221;][\/vc_column][\/vc_row][vc_row][vc_column][vc_separator border_width=&#8221;3&#8243; css=&#8221;.vc_custom_1656337637411{padding-top: 25px !important;padding-bottom: 25px !important;}&#8221;][\/vc_column][\/vc_row][vc_row][vc_column][vc_column_text]<\/p>\n<h2 style=\"text-align: center;\">V\u00e5rt team<\/h2>\n<p>[\/vc_column_text][\/vc_column][\/vc_row][vc_row css=&#8221;.vc_custom_1656338660405{padding-top: 66px !important;padding-bottom: 66px !important;}&#8221;][vc_column width=&#8221;1\/4&#8243;][\/vc_column][vc_column width=&#8221;1\/4&#8243;]<div class=\"mkdf-team info-bellow\">\n\t<div class=\"mkdf-team-inner\">\n\t\t\t\t\t<div class=\"mkdf-team-image\">\n                <a itemprop=\"url\" href=\"https:\/\/regenesishealth.co.uk\/team-member\/dr-mert-meral\/\">\n                    <img loading=\"lazy\" decoding=\"async\" width=\"1400\" height=\"1400\" src=\"https:\/\/regenesishealth.co.uk\/wp-content\/uploads\/2024\/06\/Mert-Meral.png\" class=\"attachment-full size-full wp-post-image\" alt=\"\" srcset=\"https:\/\/regenesishealth.co.uk\/wp-content\/uploads\/2024\/06\/Mert-Meral.png 1400w, https:\/\/regenesishealth.co.uk\/wp-content\/uploads\/2024\/06\/Mert-Meral-300x300.png 300w, https:\/\/regenesishealth.co.uk\/wp-content\/uploads\/2024\/06\/Mert-Meral-100x100.png 100w, https:\/\/regenesishealth.co.uk\/wp-content\/uploads\/2024\/06\/Mert-Meral-600x600.png 600w, https:\/\/regenesishealth.co.uk\/wp-content\/uploads\/2024\/06\/Mert-Meral-1024x1024.png 1024w, https:\/\/regenesishealth.co.uk\/wp-content\/uploads\/2024\/06\/Mert-Meral-150x150.png 150w, https:\/\/regenesishealth.co.uk\/wp-content\/uploads\/2024\/06\/Mert-Meral-768x768.png 768w, https:\/\/regenesishealth.co.uk\/wp-content\/uploads\/2024\/06\/Mert-Meral-550x550.png 550w, https:\/\/regenesishealth.co.uk\/wp-content\/uploads\/2024\/06\/Mert-Meral-1100x1100.png 1100w\" sizes=\"(max-width: 1400px) 100vw, 1400px\" title=\"\">\t\t\t\t\t<div class=\"mkdf-circle-animate\"><\/div>\n\t\t\t\t\t<div class=\"mkdf-circle-icon\">\n\t\t\t\t\t\t<img decoding=\"async\" src=\"https:\/\/regenesishealth.co.uk\/wp-content\/uploads\/2017\/04\/icons_Artboard-2-copy-2.png\" class=\"icon\" alt=\"Doctor Icon\" title=\"\">\n\t\t\t\t\t<\/div>\n\t\t\t\t\t<div class=\"mkdf-circle-icon-hidden\">\n\t\t\t\t\t\t<img decoding=\"async\" src=\"https:\/\/regenesishealth.co.uk\/wp-content\/uploads\/2017\/04\/icons_Artboard-2-copy-2.png\" class=\"icon\" alt=\"Doctor Icon\" title=\"\">\n\t\t\t\t\t<\/div>\n\t\t\t\t<\/a>\n\t\t\t<\/div>\n\t\t\t\t<div class=\"mkdf-team-info\">\n            <div class=\"mkdf-team-title-holder\">\n                <h5 itemprop=\"name\" class=\"mkdf-team-name entry-title\">\n                    <a itemprop=\"url\" href=\"https:\/\/regenesishealth.co.uk\/team-member\/dr-mert-meral\/\">Dr. Mert Meral<\/a>\n                <\/h5>\n\n                                    <h6 class=\"mkdf-team-position\">Plastic Surgeon<\/h6>\n                            <\/div>\n\t\t\t\t\t\t<div class=\"mkdf-team-social-holder-between\">\n\t\t\t\t<div class=\"mkdf-team-social\">\n\t\t\t\t\t<div class=\"mkdf-team-social-inner\">\n\t\t\t\t\t\t<div class=\"mkdf-team-social-wrapp\">\n\t\t\t\t\t\t\t\t\t\t\t\t\t<\/div>\n\t\t\t\t\t<\/div>\n\t\t\t\t<\/div>\n\t\t\t<\/div>\n\t\t<\/div>\n\t<\/div>\n<\/div>[\/vc_column][vc_column width=&#8221;1\/4&#8243;]<div class=\"mkdf-team info-bellow\">\n\t<div class=\"mkdf-team-inner\">\n\t\t\t\t<div class=\"mkdf-team-info\">\n            <div class=\"mkdf-team-title-holder\">\n                <h5 itemprop=\"name\" class=\"mkdf-team-name entry-title\">\n                    <a itemprop=\"url\" href=\"\"><\/a>\n                <\/h5>\n\n                            <\/div>\n\t\t\t\t\t\t<div class=\"mkdf-team-social-holder-between\">\n\t\t\t\t<div class=\"mkdf-team-social\">\n\t\t\t\t\t<div class=\"mkdf-team-social-inner\">\n\t\t\t\t\t\t<div class=\"mkdf-team-social-wrapp\">\n\t\t\t\t\t\t\t\t\t\t\t\t\t<\/div>\n\t\t\t\t\t<\/div>\n\t\t\t\t<\/div>\n\t\t\t<\/div>\n\t\t<\/div>\n\t<\/div>\n<\/div>[\/vc_column][vc_column width=&#8221;1\/4&#8243;][\/vc_column][\/vc_row][vc_row][vc_column][vc_separator border_width=&#8221;3&#8243; css=&#8221;.vc_custom_1656337637411{padding-top: 25px !important;padding-bottom: 25px !important;}&#8221;][\/vc_column][\/vc_row][vc_row content_placement=&#8221;middle&#8221; row_content_width=&#8221;grid&#8221; content_text_aligment=&#8221;center&#8221; css=&#8221;.vc_custom_1656423295595{padding-bottom: 66px !important;}&#8221;][vc_column width=&#8221;1\/4&#8243;][\/vc_column][vc_column css_animation=&#8221;bounceIn&#8221; width=&#8221;1\/2&#8243;][vc_column_text]<\/p>\n<h4 style=\"text-align: center;\">Kontakt oss n\u00e5 og f\u00e5 informasjon om v\u00e5re nyeste behandlingsmetoder i henhold til dine behov.<\/h4>\n<p>[\/vc_column_text][vc_empty_space]<a itemprop=\"url\" href=\"https:\/\/regenesishealth.co.uk\/contact-us\/\" target=\"_self\" class=\"mkdf-btn mkdf-btn-medium mkdf-btn-solid mkdf-btn-solid-dark\">\n    <span class=\"mkdf-btn-text\">Kontakt oss<\/span>\n    <span class=\"mkdf-btn-icon-holder\">\n        <span class=\"mkdf-btn-icon-normal\" ><\/span>\n        <span class=\"mkdf-btn-icon-flip\" ><\/span>\n    <\/span>\n<\/a>[\/vc_column][vc_column width=&#8221;1\/4&#8243;][\/vc_column][\/vc_row]<\/p>\n","protected":false},"excerpt":{"rendered":"<p>[vc_row full_width=&#8221;stretch_row_content_no_spaces&#8221; content_placement=&#8221;top&#8221; content_text_aligment=&#8221;center&#8221;][vc_column][vc_single_image image=&#8221;15412&#8243; img_size=&#8221;Full&#8221; alignment=&#8221;center&#8221;][\/vc_column][\/vc_row][vc_row css=&#8221;.vc_custom_1656337554913{padding-top: 93px !important;padding-bottom: 33px !important;}&#8221;][vc_column][vc_column_text] Kosmetisk kirurgi En effektiv m\u00e5te \u00e5 forbedre din selvtillit, kropp og sjel p\u00e5 [\/vc_column_text][vc_empty_space][vc_column_text]Plastikkirurgi er inngrep som forbedrer utseendet i ansiktet og p\u00e5 kroppen. De omfatter inngrep som [&hellip;]<\/p>\n","protected":false},"author":1,"featured_media":17276,"parent":0,"menu_order":0,"comment_status":"closed","ping_status":"closed","template":"","meta":{"footnotes":""},"class_list":["post-17936","page","type-page","status-publish","has-post-thumbnail","hentry"],"_links":{"self":[{"href":"https:\/\/regenesishealth.co.uk\/no\/wp-json\/wp\/v2\/pages\/17936"}],"collection":[{"href":"https:\/\/regenesishealth.co.uk\/no\/wp-json\/wp\/v2\/pages"}],"about":[{"href":"https:\/\/regenesishealth.co.uk\/no\/wp-json\/wp\/v2\/types\/page"}],"author":[{"embeddable":true,"href":"https:\/\/regenesishealth.co.uk\/no\/wp-json\/wp\/v2\/users\/1"}],"replies":[{"embeddable":true,"href":"https:\/\/regenesishealth.co.uk\/no\/wp-json\/wp\/v2\/comments?post=17936"}],"version-history":[{"count":2,"href":"https:\/\/regenesishealth.co.uk\/no\/wp-json\/wp\/v2\/pages\/17936\/revisions"}],"predecessor-version":[{"id":18744,"href":"https:\/\/regenesishealth.co.uk\/no\/wp-json\/wp\/v2\/pages\/17936\/revisions\/18744"}],"wp:featuredmedia":[{"embeddable":true,"href":"https:\/\/regenesishealth.co.uk\/no\/wp-json\/wp\/v2\/media\/17276"}],"wp:attachment":[{"href":"https:\/\/regenesishealth.co.uk\/no\/wp-json\/wp\/v2\/media?parent=17936"}],"curies":[{"name":"wp","href":"https:\/\/api.w.org\/{rel}","templated":true}]}}