{"id":17926,"date":"2024-07-04T14:07:01","date_gmt":"2024-07-04T13:07:01","guid":{"rendered":"https:\/\/regenesishealth.co.uk\/rehabilitering-og-estetiske\/"},"modified":"2024-08-23T19:19:42","modified_gmt":"2024-08-23T18:19:42","slug":"rehabilitering-og-estetiske","status":"publish","type":"page","link":"https:\/\/regenesishealth.co.uk\/no\/rehabilitering-og-estetiske\/","title":{"rendered":"Rehabilitering og Estetiske"},"content":{"rendered":"<p>[vc_row full_width=&#8221;stretch_row_content_no_spaces&#8221; content_placement=&#8221;top&#8221; content_text_aligment=&#8221;center&#8221;][vc_column][vc_single_image image=&#8221;17047&#8243; img_size=&#8221;Full&#8221; alignment=&#8221;center&#8221;][\/vc_column][\/vc_row][vc_row css=&#8221;.vc_custom_1656337554913{padding-top: 93px !important;padding-bottom: 33px !important;}&#8221;][vc_column][vc_column_text]<\/p>\n<h1 style=\"text-align: center;\">Rehabilitering og Estetiske Behandlinger<\/h1>\n<h2 style=\"text-align: center;\">Et bredt spekter av tjenester innen fysioterapi, medisinsk estetikk og regenerative behandlinger.<\/h2>\n<p>[\/vc_column_text][vc_empty_space][vc_column_text]Regenesis Health Travel har som m\u00e5l \u00e5 forbedre helsen og livskvaliteten til v\u00e5re pasienter ved \u00e5 tilby et bredt spekter av tjenester innen fysioterapi, medisinsk estetikk og regenerative behandlinger. V\u00e5rt ekspertteam lager tilpassede behandlingsplaner for hver pasients unike behov og gir den h\u00f8yeste kvalitet p\u00e5 behandlingen ved hjelp av de nyeste teknologiene. [\/vc_column_text][\/vc_column][\/vc_row][vc_row][vc_column][vc_separator border_width=&#8221;3&#8243; css=&#8221;.vc_custom_1656337637411{padding-top: 25px !important;padding-bottom: 25px !important;}&#8221;][\/vc_column][\/vc_row][vc_row][vc_column][vc_column_text]<\/p>\n<h2 style=\"text-align: center;\">V\u00e5re tjenester innen rehabilitering og estetiske behandlinger<\/h2>\n<p>[\/vc_column_text][\/vc_column][\/vc_row][vc_row content_placement=&#8221;middle&#8221; css=&#8221;.vc_custom_1656340450390{padding-top: 33px !important;}&#8221;][vc_column width=&#8221;1\/2&#8243;][vc_column_text]<\/p>\n<div><b>Fysioterapi og rehabilitering<\/b><\/div>\n<p style=\"font-weight: 400;\">V\u00e5r fysioterapi- og rehabiliteringsavdeling tilbyr et bredt spekter av behandlingstjenester for \u00e5 forbedre mobiliteten din, redusere smertene og forbedre livskvaliteten din.<\/p>\n<ul style=\"font-weight: 400;\">\n<li><strong>Smertebehandling<\/strong>: Vi tilbyr effektive l\u00f8sninger for kroniske smerter, inkludert korsrygg- og nakkebrokk og slitasjegikt.<\/li>\n<li><strong>Ortopedisk Rehabilitering<\/strong>: Vi hjelper til med restitusjon fra meniskrifter, leddb\u00e5ndsskader, skulderrevner og tennisalbue.<\/li>\n<li><strong>Idrettsskader<\/strong>: V\u00e5rt ekspertteam er her for \u00e5 hjelpe deg med \u00e5 komme deg etter sportsrelaterte skader.<\/li>\n<li><strong>Revmatiske Sykdommer<\/strong>: Vi tilbyr behandlingsst\u00f8tte for revmatiske sykdommer som revmatoid artritt og ankyloserende spondylitt.<\/li>\n<li><strong>Artrose<\/strong>: Vi tilbyr behandlinger for \u00e5 redusere smerte og \u00f8ke bevegeligheten for slitasjegikt.<\/li>\n<li><strong>Nevrologisk Rehabilitering<\/strong>: Vi tilbyr spesialistst\u00f8tte for rehabilitering av nevrologiske tilstander som hjerneslag, MS og Parkinsons sykdom.<\/li>\n<li><strong>Skoliose<\/strong>: Vi tilbyr spesialiserte behandlingsprogrammer for \u00e5 korrigere spinal krumning hos skoliosepasienter.<\/li>\n<\/ul>\n<p>[\/vc_column_text][\/vc_column][vc_column width=&#8221;1\/2&#8243;][vc_single_image image=&#8221;17054&#8243; img_size=&#8221;&#8221; alignment=&#8221;center&#8221; css_animation=&#8221;fadeInRight&#8221;][\/vc_column][\/vc_row][vc_row][vc_column][vc_separator css=&#8221;.vc_custom_1656337847227{padding-top: 25px !important;padding-bottom: 25px !important;}&#8221;][\/vc_column][\/vc_row][vc_row content_placement=&#8221;middle&#8221;][vc_column width=&#8221;1\/2&#8243;][vc_single_image image=&#8221;17060&#8243; img_size=&#8221;&#8221; alignment=&#8221;center&#8221; css_animation=&#8221;fadeInLeft&#8221;][\/vc_column][vc_column width=&#8221;1\/2&#8243;][vc_column_text]<\/p>\n<div><b>Medisinsk Estetikk<\/b><\/div>\n<p style=\"font-weight: 400;\">V\u00e5r medisinske estetikkavdeling tilbyr ulike ikke-kirurgiske estetiske behandlinger for \u00e5 forynge og friske opp utseendet ditt.<\/p>\n<ul style=\"font-weight: 400;\">\n<li><strong>Botox<\/strong>: Reduserer rynker, og gir huden din et mer ungdommelig utseende.<\/li>\n<li><strong>Fillere<\/strong>: Forbedrer ansiktskonturene og gjenoppretter tapt volum i huden.<\/li>\n<li><strong>Mesoterapi<\/strong>: Forynger huden med vitamin- og mineralinjeksjoner.<\/li>\n<li><strong>Ungdomsvaksiner<\/strong>: \u00d8ker hudens elastisitet for et ungdommelig utseende.<\/li>\n<li><strong>Plexr Plasma<\/strong>: Ikke-kirurgisk behandling for \u00e5 fjerne slapphet og rynker fra huden.<\/li>\n<li><strong>Hudforyngelse<\/strong>: Jevner hudtonen, reduserer urenheter og arr og forynger huden.<\/li>\n<li><strong>F\u00f8flekk fjerning<\/strong>: Ikke-kirurgisk fjerning av f\u00f8flekker p\u00e5 huden.<\/li>\n<\/ul>\n<p>[\/vc_column_text][\/vc_column][\/vc_row][vc_row][vc_column][vc_separator css=&#8221;.vc_custom_1656337847227{padding-top: 25px !important;padding-bottom: 25px !important;}&#8221;][\/vc_column][\/vc_row][vc_row content_placement=&#8221;middle&#8221;][vc_column width=&#8221;1\/2&#8243;][vc_column_text]<\/p>\n<div><b>Regenerative og Komplement\u00e6re Behandlinger<\/b><\/div>\n<p style=\"font-weight: 400;\">V\u00e5r regenerative og komplement\u00e6re behandlingsavdeling tilbyr terapier som avgifter og fornyer celler, og gir smertelindring og antialdringsfordeler.<\/p>\n<ul style=\"font-weight: 400;\">\n<li><strong>Stamcelleeksosomer<\/strong>: Fremmer celleregenerering, noe som f\u00f8rer til at huden ser yngre ut.<\/li>\n<li><strong>Ansikts- og H\u00e5rbehandlinger<\/strong>: Forbedrer og forynger hud- og h\u00e5rhelsen.<\/li>\n<li><strong>Stamceller fra Magefett<\/strong>: Bruker stamceller avledet fra kroppsfett for regenerative behandlinger.<\/li>\n<li><strong>Stamceller fra Bak \u00f8rehuden<\/strong>: Utf\u00f8rer hudregenereringsbehandlinger ved hjelp av stamceller.<\/li>\n<li><strong>Akupunktur<\/strong>: Balanserer kroppsenergi og reduserer smerte gjennom tradisjonell kinesisk medisin.<\/li>\n<li><strong>Ozonterapi<\/strong>: St\u00f8tter celleregenerering og avgiftning ved hjelp av ozongass.<\/li>\n<li><strong>Proloterapi<\/strong>: Fremskynder tilheling av svakt og skadet vev gjennom injeksjonsterapi.<\/li>\n<li><strong>Koppingterapi<\/strong>: Gir helse og avslapning ved \u00e5 eliminere kroppsgifter gjennom tradisjonelle metoder.<\/li>\n<li><strong>Intraven\u00f8se Vitamin og St\u00f8tteterapier<\/strong>: Forbedrer den generelle helsen ved \u00e5 administrere vitaminer og mineraler direkte i blodet.<\/li>\n<li><strong>NAD, Myers&#8217; Cocktail, Glutathione, IV Vitamin C<\/strong>: Tilbyr intraven\u00f8se behandlinger for \u00e5 \u00f8ke cellul\u00e6r helse og energiniv\u00e5er.<\/li>\n<\/ul>\n<p>[\/vc_column_text][\/vc_column][vc_column width=&#8221;1\/2&#8243;][vc_single_image image=&#8221;17066&#8243; img_size=&#8221;&#8221; alignment=&#8221;center&#8221; css_animation=&#8221;fadeInRight&#8221;][\/vc_column][\/vc_row][vc_row][vc_column][vc_separator border_width=&#8221;3&#8243; css=&#8221;.vc_custom_1656337637411{padding-top: 25px !important;padding-bottom: 25px !important;}&#8221;][\/vc_column][\/vc_row][vc_row][vc_column][vc_column_text]<\/p>\n<h2 style=\"text-align: center;\">V\u00e5rt team<\/h2>\n<p>[\/vc_column_text][\/vc_column][\/vc_row][vc_row css=&#8221;.vc_custom_1656338660405{padding-top: 66px !important;padding-bottom: 66px !important;}&#8221;][vc_column width=&#8221;1\/3&#8243;][\/vc_column][vc_column width=&#8221;1\/3&#8243;]<div class=\"mkdf-team info-bellow\">\n\t<div class=\"mkdf-team-inner\">\n\t\t\t\t\t<div class=\"mkdf-team-image\">\n                <a itemprop=\"url\" href=\"https:\/\/regenesishealth.co.uk\/team-member\/elif-eren\/\">\n                    <img loading=\"lazy\" decoding=\"async\" width=\"1400\" height=\"1400\" src=\"https:\/\/regenesishealth.co.uk\/wp-content\/uploads\/2024\/01\/Elif-Eren.png\" class=\"attachment-full size-full wp-post-image\" alt=\"\" srcset=\"https:\/\/regenesishealth.co.uk\/wp-content\/uploads\/2024\/01\/Elif-Eren.png 1400w, https:\/\/regenesishealth.co.uk\/wp-content\/uploads\/2024\/01\/Elif-Eren-300x300.png 300w, https:\/\/regenesishealth.co.uk\/wp-content\/uploads\/2024\/01\/Elif-Eren-100x100.png 100w, https:\/\/regenesishealth.co.uk\/wp-content\/uploads\/2024\/01\/Elif-Eren-600x600.png 600w, https:\/\/regenesishealth.co.uk\/wp-content\/uploads\/2024\/01\/Elif-Eren-1024x1024.png 1024w, https:\/\/regenesishealth.co.uk\/wp-content\/uploads\/2024\/01\/Elif-Eren-150x150.png 150w, https:\/\/regenesishealth.co.uk\/wp-content\/uploads\/2024\/01\/Elif-Eren-768x768.png 768w, https:\/\/regenesishealth.co.uk\/wp-content\/uploads\/2024\/01\/Elif-Eren-550x550.png 550w, https:\/\/regenesishealth.co.uk\/wp-content\/uploads\/2024\/01\/Elif-Eren-1100x1100.png 1100w\" sizes=\"(max-width: 1400px) 100vw, 1400px\" title=\"\">\t\t\t\t\t<div class=\"mkdf-circle-animate\"><\/div>\n\t\t\t\t\t<div class=\"mkdf-circle-icon\">\n\t\t\t\t\t\t<img decoding=\"async\" src=\"https:\/\/regenesishealth.co.uk\/wp-content\/uploads\/2022\/08\/clinic-assistant-icon.png\" class=\"icon\" alt=\"Doctor Icon\" title=\"\">\n\t\t\t\t\t<\/div>\n\t\t\t\t\t<div class=\"mkdf-circle-icon-hidden\">\n\t\t\t\t\t\t<img decoding=\"async\" src=\"https:\/\/regenesishealth.co.uk\/wp-content\/uploads\/2022\/08\/clinic-assistant-icon.png\" class=\"icon\" alt=\"Doctor Icon\" title=\"\">\n\t\t\t\t\t<\/div>\n\t\t\t\t<\/a>\n\t\t\t<\/div>\n\t\t\t\t<div class=\"mkdf-team-info\">\n            <div class=\"mkdf-team-title-holder\">\n                <h5 itemprop=\"name\" class=\"mkdf-team-name entry-title\">\n                    <a itemprop=\"url\" href=\"https:\/\/regenesishealth.co.uk\/team-member\/elif-eren\/\">Dr. Elif Eren<\/a>\n                <\/h5>\n\n                                    <h6 class=\"mkdf-team-position\">Physiatrics and Rehabilitation, Medical Aesthetics, and Regenerative Medicine Specialist<\/h6>\n                            <\/div>\n\t\t\t\t\t\t<div class=\"mkdf-team-social-holder-between\">\n\t\t\t\t<div class=\"mkdf-team-social\">\n\t\t\t\t\t<div class=\"mkdf-team-social-inner\">\n\t\t\t\t\t\t<div class=\"mkdf-team-social-wrapp\">\n\t\t\t\t\t\t\t\t\t\t\t\t\t<\/div>\n\t\t\t\t\t<\/div>\n\t\t\t\t<\/div>\n\t\t\t<\/div>\n\t\t<\/div>\n\t<\/div>\n<\/div>[\/vc_column][vc_column width=&#8221;1\/3&#8243;][\/vc_column][\/vc_row][vc_row][vc_column][vc_separator border_width=&#8221;3&#8243; css=&#8221;.vc_custom_1656337637411{padding-top: 25px !important;padding-bottom: 25px !important;}&#8221;][\/vc_column][\/vc_row][vc_row content_placement=&#8221;middle&#8221; row_content_width=&#8221;grid&#8221; content_text_aligment=&#8221;center&#8221; css=&#8221;.vc_custom_1656423295595{padding-bottom: 66px !important;}&#8221;][vc_column width=&#8221;1\/4&#8243;][\/vc_column][vc_column css_animation=&#8221;bounceIn&#8221; width=&#8221;1\/2&#8243;][vc_column_text]<\/p>\n<h4 style=\"text-align: center;\">Kontakt oss n\u00e5 og f\u00e5 informasjon om v\u00e5r mest oppdaterte behandlingspraksis i henhold til dine behov.<\/h4>\n<p>[\/vc_column_text][vc_empty_space]<a itemprop=\"url\" href=\"https:\/\/regenesishealth.co.uk\/contact-us\/\" target=\"_self\"  class=\"mkdf-btn mkdf-btn-medium mkdf-btn-solid mkdf-btn-solid-dark\"  >\n    <span class=\"mkdf-btn-text\">Kontakt oss<\/span>\n    <span class=\"mkdf-btn-icon-holder\">\n        <span class=\"mkdf-btn-icon-normal\" ><\/span>\n        <span class=\"mkdf-btn-icon-flip\" ><\/span>\n    <\/span>\n<\/a>[\/vc_column][vc_column width=&#8221;1\/4&#8243;][\/vc_column][\/vc_row]<\/p>\n","protected":false},"excerpt":{"rendered":"<p>[vc_row full_width=&#8221;stretch_row_content_no_spaces&#8221; content_placement=&#8221;top&#8221; content_text_aligment=&#8221;center&#8221;][vc_column][vc_single_image image=&#8221;17047&#8243; img_size=&#8221;Full&#8221; alignment=&#8221;center&#8221;][\/vc_column][\/vc_row][vc_row css=&#8221;.vc_custom_1656337554913{padding-top: 93px !important;padding-bottom: 33px !important;}&#8221;][vc_column][vc_column_text] Rehabilitering og Estetiske Behandlinger Et bredt spekter av tjenester innen fysioterapi, medisinsk estetikk og regenerative behandlinger. [\/vc_column_text][vc_empty_space][vc_column_text]Regenesis Health Travel har som m\u00e5l \u00e5 forbedre helsen og livskvaliteten til [&hellip;]<\/p>\n","protected":false},"author":1,"featured_media":17922,"parent":0,"menu_order":0,"comment_status":"closed","ping_status":"closed","template":"","meta":{"footnotes":""},"class_list":["post-17926","page","type-page","status-publish","has-post-thumbnail","hentry"],"_links":{"self":[{"href":"https:\/\/regenesishealth.co.uk\/no\/wp-json\/wp\/v2\/pages\/17926"}],"collection":[{"href":"https:\/\/regenesishealth.co.uk\/no\/wp-json\/wp\/v2\/pages"}],"about":[{"href":"https:\/\/regenesishealth.co.uk\/no\/wp-json\/wp\/v2\/types\/page"}],"author":[{"embeddable":true,"href":"https:\/\/regenesishealth.co.uk\/no\/wp-json\/wp\/v2\/users\/1"}],"replies":[{"embeddable":true,"href":"https:\/\/regenesishealth.co.uk\/no\/wp-json\/wp\/v2\/comments?post=17926"}],"version-history":[{"count":1,"href":"https:\/\/regenesishealth.co.uk\/no\/wp-json\/wp\/v2\/pages\/17926\/revisions"}],"predecessor-version":[{"id":17939,"href":"https:\/\/regenesishealth.co.uk\/no\/wp-json\/wp\/v2\/pages\/17926\/revisions\/17939"}],"wp:featuredmedia":[{"embeddable":true,"href":"https:\/\/regenesishealth.co.uk\/no\/wp-json\/wp\/v2\/media\/17922"}],"wp:attachment":[{"href":"https:\/\/regenesishealth.co.uk\/no\/wp-json\/wp\/v2\/media?parent=17926"}],"curies":[{"name":"wp","href":"https:\/\/api.w.org\/{rel}","templated":true}]}}