{"id":18828,"date":"2024-07-04T14:07:01","date_gmt":"2024-07-04T13:07:01","guid":{"rendered":"https:\/\/regenesishealth.co.uk\/reabilitacija-ir-estetika\/"},"modified":"2024-07-04T14:07:01","modified_gmt":"2024-07-04T13:07:01","slug":"reabilitacija-ir-estetika","status":"publish","type":"page","link":"https:\/\/regenesishealth.co.uk\/lt\/reabilitacija-ir-estetika\/","title":{"rendered":"Reabilitacija ir estetika"},"content":{"rendered":"<p>[vc_row full_width=&#8221;stretch_row_content_no_spaces&#8221; content_placement=&#8221;top&#8221; content_text_aligment=&#8221;center&#8221;][vc_column][vc_single_image image=&#8221;17047&#8243; img_size=&#8221;Full&#8221; alignment=&#8221;center&#8221;][\/vc_column][\/vc_row][vc_row css=&#8221;.vc_custom_1656337554913{padding-top: 93px !important;padding-bottom: 33px !important;}&#8221;][vc_column][vc_column_text]<\/p>\n<h1 style=\"text-align: center;\">Reabilitacija ir estetinis gydymas<\/h1>\n<h2 style=\"text-align: center;\">Platus fizin\u0117s terapijos, medicinin\u0117s estetikos ir regeneracinio gydymo paslaug\u0173 spektras.<\/h2>\n<p>[\/vc_column_text][vc_empty_space][vc_column_text]&#8221;Regenesis Health Travel&#8221; siekia pagerinti savo pacient\u0173 sveikat\u0105 ir gyvenimo kokyb\u0119, si\u016blydama plat\u0173 fizin\u0117s terapijos, medicinin\u0117s estetikos ir regeneracinio gydymo paslaug\u0173 spektr\u0105. M\u016bs\u0173 ekspert\u0173 komanda sudaro individualius gydymo planus pagal kiekvieno paciento unikalius poreikius ir teikia auk\u0161\u010diausios kokyb\u0117s paslaugas naudodama naujausias technologijas. [\/vc_column_text][\/vc_column][\/vc_row][vc_row][vc_column][vc_separator border_width=&#8221;3&#8243; css=&#8221;.vc_custom_1656337637411{padding-top: 25px !important;padding-bottom: 25px !important;}&#8221;][\/vc_column][\/vc_row][vc_row][vc_column][vc_column_text]<\/p>\n<h2 style=\"text-align: center;\">M\u016bs\u0173 teikiamos reabilitacijos ir estetinio gydymo paslaugos<\/h2>\n<p>[\/vc_column_text][\/vc_column][\/vc_row][vc_row content_placement=&#8221;middle&#8221; css=&#8221;.vc_custom_1656340450390{padding-top: 33px !important;}&#8221;][vc_column width=&#8221;1\/2&#8243;][vc_column_text]<\/p>\n<div><b>Fizin\u0117 terapija ir reabilitacija<\/b><\/div>\n<p style=\"font-weight: 400;\">M\u016bs\u0173 fizin\u0117s terapijos ir reabilitacijos skyrius si\u016blo plat\u0173 gydymo paslaug\u0173 spektr\u0105, kad padidintum\u0117te savo mobilum\u0105, suma\u017eintum\u0117te skausm\u0105 ir pagerintum\u0117te gyvenimo kokyb\u0119.<\/p>\n<ul style=\"font-weight: 400;\">\n<li><strong>Skausmo gydymas<\/strong>: Si\u016blome veiksmingus l\u0117tinio skausmo, \u012fskaitant apatin\u0117s nugaros dalies ir kaklo i\u0161var\u017e\u0173 bei osteoartrito, gydymo b\u016bdus.<\/li>\n<li><strong>Ortopedin\u0117 reabilitacija<\/strong>: Padedame atsigauti po menisko ply\u0161im\u0173, rai\u0161\u010di\u0173 traum\u0173, peties s\u0105nario ply\u0161im\u0173 ir teniso alk\u016bn\u0117s.<\/li>\n<li><strong>Sporto traumos<\/strong>: M\u016bs\u0173 ekspert\u0173 komanda pad\u0117s jums atsigauti po sporto traum\u0173.<\/li>\n<li><strong>Reumatin\u0117s ligos<\/strong>: Reumatini\u0173 lig\u0173, toki\u0173 kaip reumatoidinis artritas ir ankilozuojantis spondilitas, valdymo pagalba.<\/li>\n<li><strong>Osteoartritas<\/strong>: Si\u016blome proced\u016bras, ma\u017einan\u010dias skausm\u0105 ir didinan\u010dias judrum\u0105 sergantiesiems osteoartritu.<\/li>\n<li><strong>Neurologin\u0117 reabilitacija<\/strong>: Teikiame specializuot\u0105 pagalb\u0105 neurologini\u0173 lig\u0173, toki\u0173 kaip insultas, i\u0161s\u0117tin\u0117 skleroz\u0117 ir Parkinsono liga, reabilitacijai.<\/li>\n<li><strong>Skolioz\u0117<\/strong>: Skolioz\u0117s pacientams si\u016blome specializuotas gydymo programas, skirtas stuburo i\u0161krypimams koreguoti.<\/li>\n<\/ul>\n<p>[\/vc_column_text][\/vc_column][vc_column width=&#8221;1\/2&#8243;][vc_single_image image=&#8221;17054&#8243; img_size=&#8221;&#8221; alignment=&#8221;center&#8221; css_animation=&#8221;fadeInRight&#8221;][\/vc_column][\/vc_row][vc_row][vc_column][vc_separator css=&#8221;.vc_custom_1656337847227{padding-top: 25px !important;padding-bottom: 25px !important;}&#8221;][\/vc_column][\/vc_row][vc_row content_placement=&#8221;middle&#8221;][vc_column width=&#8221;1\/2&#8243;][vc_single_image image=&#8221;17060&#8243; img_size=&#8221;&#8221; alignment=&#8221;center&#8221; css_animation=&#8221;fadeInLeft&#8221;][\/vc_column][vc_column width=&#8221;1\/2&#8243;][vc_column_text]<\/p>\n<div><b>Medicinin\u0117 estetika<\/b><\/div>\n<p style=\"font-weight: 400;\">M\u016bs\u0173 medicinin\u0117s estetikos skyriuje si\u016blomos \u012fvairios nechirurgin\u0117s estetin\u0117s proced\u016bros, skirtos atjauninti ir atgaivinti j\u016bs\u0173 i\u0161vaizd\u0105.<\/p>\n<ul style=\"font-weight: 400;\">\n<li><strong>Botoksas<\/strong>: Ma\u017eina rauk\u0161les ir suteikia odai jaunatvi\u0161kesn\u0119 i\u0161vaizd\u0105.<\/li>\n<li><strong>U\u017epildai<\/strong>: Pildikliai: pagerina veido kont\u016brus ir atkuria prarast\u0105 odos t\u016br\u012f.<\/li>\n<li><strong>Mezoterapija<\/strong>: Vitamin\u0173 ir mineral\u0173 injekcijos atjaunina od\u0105.<\/li>\n<li><strong>Jaunimo skiepai<\/strong>: Padidina odos elastingum\u0105 ir suteikia jaunatvi\u0161k\u0105 i\u0161vaizd\u0105.<\/li>\n<li><strong>&#8220;Plexr Plasma&#8221;<\/strong>: Ne chirurginis gydymas, skirtas pa\u0161alinti odos suglebim\u0105 ir rauk\u0161les.<\/li>\n<li><strong>Odos atjauninimas<\/strong>: Lygina odos spalv\u0105, ma\u017eina d\u0117meles ir randus, atjaunina od\u0105.<\/li>\n<li><strong>Kietak\u016bnio pa\u0161alinimas<\/strong>: Nechirurginis odos apgam\u0173 \u0161alinimas.<\/li>\n<\/ul>\n<p>[\/vc_column_text][\/vc_column][\/vc_row][vc_row][vc_column][vc_separator css=&#8221;.vc_custom_1656337847227{padding-top: 25px !important;padding-bottom: 25px !important;}&#8221;][\/vc_column][\/vc_row][vc_row content_placement=&#8221;middle&#8221;][vc_column width=&#8221;1\/2&#8243;][vc_column_text]<\/p>\n<div><b>Regeneracinis ir papildomas gydymas<\/b><\/div>\n<p style=\"font-weight: 400;\">M\u016bs\u0173 regeneracinio ir papildomo gydymo skyriuje si\u016blome detoksikuojan\u010dias ir l\u0105steles atnaujinan\u010dias terapijas, mal\u0161inan\u010dias skausm\u0105 ir stabdan\u010dias sen\u0117jim\u0105.<\/p>\n<ul style=\"font-weight: 400;\">\n<li><strong>Kamienini\u0173 l\u0105steli\u0173 egzosomos<\/strong>: Skatina l\u0105steli\u0173 regeneracij\u0105, tod\u0117l oda atrodo jaunesn\u0117.<\/li>\n<li><strong>Veido ir plauk\u0173 proced\u016bros<\/strong>: gerina ir jaunina odos ir plauk\u0173 b\u016bkl\u0119.<\/li>\n<li><strong>Kamienin\u0117s l\u0105stel\u0117s i\u0161 pilvo riebal\u0173<\/strong>: i\u0161 k\u016bno riebal\u0173 gautos kamienin\u0117s l\u0105stel\u0117s naudojamos regeneraciniam gydymui.<\/li>\n<li><strong>Kamienin\u0117s l\u0105stel\u0117s i\u0161 u\u017e ausies esan\u010dios odos<\/strong>: Atliekamos odos regeneracijos proced\u016bros naudojant kamienines l\u0105steles.<\/li>\n<li><strong>Akupunkt\u016bra<\/strong>: Tradicin\u0117s kin\u0173 medicinos metodais subalansuojama k\u016bno energija ir suma\u017einamas skausmas.<\/li>\n<li><strong>Ozono terapija<\/strong>: Naudojant ozono dujas, skatinama l\u0105steli\u0173 regeneracija ir detoksikacija.<\/li>\n<li><strong>Proloterapija<\/strong>: Spartina silpn\u0173 ir pa\u017eeist\u0173 audini\u0173 gijim\u0105 taikant injekcin\u0119 terapij\u0105.<\/li>\n<li><strong>Puodeli\u0173 terapija<\/strong>: Taikant tradicinius metodus, i\u0161 organizmo pa\u0161alinami toksinai.<\/li>\n<li><strong>Intravenin\u0117 vitamin\u0173 ir palaikomoji terapija<\/strong>: Tai padeda pagerinti bendr\u0105 sveikatos b\u016bkl\u0119, nes vitaminai ir mineralai tiesiogiai patenka \u012f krauj\u0105.<\/li>\n<li><strong>NAD, Myerso kokteilis, glutationas, IV vitaminas C<\/strong>: Si\u016blomos intravenin\u0117s proced\u016bros l\u0105steli\u0173 sveikatai ir energijos lygiui pagerinti.<\/li>\n<\/ul>\n<p>[\/vc_column_text][\/vc_column][vc_column width=&#8221;1\/2&#8243;][vc_single_image image=&#8221;17066&#8243; img_size=&#8221;&#8221; alignment=&#8221;center&#8221; css_animation=&#8221;fadeInRight&#8221;][\/vc_column][\/vc_row][vc_row][vc_column][vc_separator border_width=&#8221;3&#8243; css=&#8221;.vc_custom_1656337637411{padding-top: 25px !important;padding-bottom: 25px !important;}&#8221;][\/vc_column][\/vc_row][vc_row][vc_column][vc_column_text]<\/p>\n<h2 style=\"text-align: center;\">M\u016bs\u0173 komanda<\/h2>\n<p>[\/vc_column_text][\/vc_column][\/vc_row][vc_row css=&#8221;.vc_custom_1656338660405{padding-top: 66px !important;padding-bottom: 66px !important;}&#8221;][vc_column width=&#8221;1\/3&#8243;][\/vc_column][vc_column width=&#8221;1\/3&#8243;]<div class=\"mkdf-team info-bellow\">\n\t<div class=\"mkdf-team-inner\">\n\t\t\t\t\t<div class=\"mkdf-team-image\">\n                <a itemprop=\"url\" href=\"https:\/\/regenesishealth.co.uk\/team-member\/elif-eren\/\">\n                    <img loading=\"lazy\" decoding=\"async\" width=\"1400\" height=\"1400\" src=\"https:\/\/regenesishealth.co.uk\/wp-content\/uploads\/2024\/01\/Elif-Eren.png\" class=\"attachment-full size-full wp-post-image\" alt=\"\" srcset=\"https:\/\/regenesishealth.co.uk\/wp-content\/uploads\/2024\/01\/Elif-Eren.png 1400w, https:\/\/regenesishealth.co.uk\/wp-content\/uploads\/2024\/01\/Elif-Eren-300x300.png 300w, https:\/\/regenesishealth.co.uk\/wp-content\/uploads\/2024\/01\/Elif-Eren-100x100.png 100w, https:\/\/regenesishealth.co.uk\/wp-content\/uploads\/2024\/01\/Elif-Eren-600x600.png 600w, https:\/\/regenesishealth.co.uk\/wp-content\/uploads\/2024\/01\/Elif-Eren-1024x1024.png 1024w, https:\/\/regenesishealth.co.uk\/wp-content\/uploads\/2024\/01\/Elif-Eren-150x150.png 150w, https:\/\/regenesishealth.co.uk\/wp-content\/uploads\/2024\/01\/Elif-Eren-768x768.png 768w, https:\/\/regenesishealth.co.uk\/wp-content\/uploads\/2024\/01\/Elif-Eren-550x550.png 550w, https:\/\/regenesishealth.co.uk\/wp-content\/uploads\/2024\/01\/Elif-Eren-1100x1100.png 1100w\" sizes=\"(max-width: 1400px) 100vw, 1400px\" title=\"\">\t\t\t\t\t<div class=\"mkdf-circle-animate\"><\/div>\n\t\t\t\t\t<div class=\"mkdf-circle-icon\">\n\t\t\t\t\t\t<img decoding=\"async\" src=\"https:\/\/regenesishealth.co.uk\/wp-content\/uploads\/2022\/08\/clinic-assistant-icon.png\" class=\"icon\" alt=\"Doctor Icon\" title=\"\">\n\t\t\t\t\t<\/div>\n\t\t\t\t\t<div class=\"mkdf-circle-icon-hidden\">\n\t\t\t\t\t\t<img decoding=\"async\" src=\"https:\/\/regenesishealth.co.uk\/wp-content\/uploads\/2022\/08\/clinic-assistant-icon.png\" class=\"icon\" alt=\"Doctor Icon\" title=\"\">\n\t\t\t\t\t<\/div>\n\t\t\t\t<\/a>\n\t\t\t<\/div>\n\t\t\t\t<div class=\"mkdf-team-info\">\n            <div class=\"mkdf-team-title-holder\">\n                <h5 itemprop=\"name\" class=\"mkdf-team-name entry-title\">\n                    <a itemprop=\"url\" href=\"https:\/\/regenesishealth.co.uk\/team-member\/elif-eren\/\">Dr. Elif Eren<\/a>\n                <\/h5>\n\n                                    <h6 class=\"mkdf-team-position\">Physiatrics and Rehabilitation, Medical Aesthetics, and Regenerative Medicine Specialist<\/h6>\n                            <\/div>\n\t\t\t\t\t\t<div class=\"mkdf-team-social-holder-between\">\n\t\t\t\t<div class=\"mkdf-team-social\">\n\t\t\t\t\t<div class=\"mkdf-team-social-inner\">\n\t\t\t\t\t\t<div class=\"mkdf-team-social-wrapp\">\n\t\t\t\t\t\t\t\t\t\t\t\t\t<\/div>\n\t\t\t\t\t<\/div>\n\t\t\t\t<\/div>\n\t\t\t<\/div>\n\t\t<\/div>\n\t<\/div>\n<\/div>[\/vc_column][vc_column width=&#8221;1\/3&#8243;][\/vc_column][\/vc_row][vc_row][vc_column][vc_separator border_width=&#8221;3&#8243; css=&#8221;.vc_custom_1656337637411{padding-top: 25px !important;padding-bottom: 25px !important;}&#8221;][\/vc_column][\/vc_row][vc_row content_placement=&#8221;middle&#8221; row_content_width=&#8221;grid&#8221; content_text_aligment=&#8221;center&#8221; css=&#8221;.vc_custom_1656423295595{padding-bottom: 66px !important;}&#8221;][vc_column width=&#8221;1\/4&#8243;][\/vc_column][vc_column css_animation=&#8221;bounceIn&#8221; width=&#8221;1\/2&#8243;][vc_column_text]<\/p>\n<h4 style=\"text-align: center;\">Susisiekite su mumis dabar ir gaukite informacij\u0105 apie naujausi\u0105 gydymo praktik\u0105 pagal savo poreikius.<\/h4>\n<p>[\/vc_column_text][vc_empty_space]<a itemprop=\"url\" href=\"https:\/\/regenesishealth.co.uk\/contact-us\/\" target=\"_self\"  class=\"mkdf-btn mkdf-btn-medium mkdf-btn-solid mkdf-btn-solid-dark\"  >\n    <span class=\"mkdf-btn-text\">Susisiekite su mumis<\/span>\n    <span class=\"mkdf-btn-icon-holder\">\n        <span class=\"mkdf-btn-icon-normal\" ><\/span>\n        <span class=\"mkdf-btn-icon-flip\" ><\/span>\n    <\/span>\n<\/a>[\/vc_column][vc_column width=&#8221;1\/4&#8243;][\/vc_column][\/vc_row]<\/p>\n","protected":false},"excerpt":{"rendered":"<p>[vc_row full_width=&#8221;stretch_row_content_no_spaces&#8221; content_placement=&#8221;top&#8221; content_text_aligment=&#8221;center&#8221;][vc_column][vc_single_image image=&#8221;17047&#8243; img_size=&#8221;Full&#8221; alignment=&#8221;center&#8221;][\/vc_column][\/vc_row][vc_row css=&#8221;.vc_custom_1656337554913{padding-top: 93px !important;padding-bottom: 33px !important;}&#8221;][vc_column][vc_column_text] Reabilitacija ir estetinis gydymas Platus fizin\u0117s terapijos, medicinin\u0117s estetikos ir regeneracinio gydymo paslaug\u0173 spektras. [\/vc_column_text][vc_empty_space][vc_column_text]&#8221;Regenesis Health Travel&#8221; siekia pagerinti savo pacient\u0173 sveikat\u0105 ir gyvenimo kokyb\u0119, si\u016blydama plat\u0173 fizin\u0117s [&hellip;]<\/p>\n","protected":false},"author":1,"featured_media":17050,"parent":0,"menu_order":0,"comment_status":"closed","ping_status":"closed","template":"","meta":{"footnotes":""},"class_list":["post-18828","page","type-page","status-publish","has-post-thumbnail","hentry"],"_links":{"self":[{"href":"https:\/\/regenesishealth.co.uk\/lt\/wp-json\/wp\/v2\/pages\/18828"}],"collection":[{"href":"https:\/\/regenesishealth.co.uk\/lt\/wp-json\/wp\/v2\/pages"}],"about":[{"href":"https:\/\/regenesishealth.co.uk\/lt\/wp-json\/wp\/v2\/types\/page"}],"author":[{"embeddable":true,"href":"https:\/\/regenesishealth.co.uk\/lt\/wp-json\/wp\/v2\/users\/1"}],"replies":[{"embeddable":true,"href":"https:\/\/regenesishealth.co.uk\/lt\/wp-json\/wp\/v2\/comments?post=18828"}],"version-history":[{"count":0,"href":"https:\/\/regenesishealth.co.uk\/lt\/wp-json\/wp\/v2\/pages\/18828\/revisions"}],"wp:featuredmedia":[{"embeddable":true,"href":"https:\/\/regenesishealth.co.uk\/lt\/wp-json\/wp\/v2\/media\/17050"}],"wp:attachment":[{"href":"https:\/\/regenesishealth.co.uk\/lt\/wp-json\/wp\/v2\/media?parent=18828"}],"curies":[{"name":"wp","href":"https:\/\/api.w.org\/{rel}","templated":true}]}}