{"id":18750,"date":"2020-10-15T16:54:04","date_gmt":"2020-10-15T15:54:04","guid":{"rendered":"https:\/\/regenesishealth.co.uk\/privatumo-politika\/"},"modified":"2020-10-15T16:54:04","modified_gmt":"2020-10-15T15:54:04","slug":"privatumo-politika","status":"publish","type":"page","link":"https:\/\/regenesishealth.co.uk\/lt\/privatumo-politika\/","title":{"rendered":"Privatumo politika"},"content":{"rendered":"<p>[vc_row][vc_column][vc_column_text]<\/p>\n<h3 style=\"text-align: center;\"><b>PRIVATUMO POLITIKA IR SLAPUK\u0172 POLITIKA<\/b><\/h3>\n<p><b>PASKUTIN\u012e KART\u0104 ATNAUJINTA: 2023 M. LIEPOS 24 D.<\/b><\/p>\n<p>Pra\u0161ome atid\u017eiai perskaityti \u0161i\u0105 privatumo ir slapuk\u0173 politik\u0105 (toliau<b>&#8211; Politika)<\/b>, nes joje pateikiama esmin\u0117 informacija apie tai, kaip naudosime j\u016bs\u0173 asmens duomenis.<\/p>\n<p>Bendrojo duomen\u0173 apsaugos reglamento 2016\/679 ir 2018 m. Duomen\u0173 apsaugos \u012fstatymo su pakeitimais tikslais bendrov\u0117 &#8220;8 Bridge Street, Old Red Lion Court&#8221;, Stratford-Upon-Avon, Anglija, CV37 6AB (<b>&#8220;mes<\/b>&#8221; arba<b>&#8220;mus&#8221;<\/b>) yra <b>duomen\u0173 valdytojas<\/b> (t. y. bendrov\u0117, kuri yra atsakinga u\u017e j\u016bs\u0173 asmens duomen\u0173 tvarkym\u0105 ir j\u012f kontroliuoja).<\/p>\n<p><b>Asmens duomenys, kuriuos galime rinkti apie jus<\/b><\/p>\n<p>Kai u\u017epildysite internetin\u0119 form\u0105, gausime j\u016bs\u0173 asmens duomenis (pvz., vard\u0105, pavard\u0119, el. pa\u0161to adres\u0105, pa\u0161to adres\u0105 ir telefono numer\u012f).<\/p>\n<p>Pavyzd\u017eiui, j\u016bs\u0173 asmens duomenis gausime, kai u\u017esiregistruosite nor\u0117dami naudotis \u0161ia svetaine, si\u0173site mums atsiliepimus, i\u0161si\u0173site med\u017eiag\u0105, susisieksite su mumis d\u0117l bet kokios prie\u017easties, u\u017esiregistruosite paslaugai ir \u012fsigysite m\u016bs\u0173 paslaugas. Mes nepra\u0161ysime j\u016bs\u0173 neskelbtin\u0173 asmens duomen\u0173. Tai j\u016bs\u0173 rasin\u0117 ar etnin\u0117 kilm\u0117, politin\u0117s pa\u017ei\u016bros, religiniai \u012fsitikinimai ar kiti pana\u0161aus pob\u016bd\u017eio \u012fsitikinimai, tai, ar esate profesin\u0117s s\u0105jungos narys, fizin\u0117s ar psichin\u0117s sveikatos b\u016bkl\u0117, seksualinis gyvenimas, j\u016bs\u0173 padarytas ar tariamai padarytas nusikaltimas ir bet koks teismo procesas d\u0117l j\u016bs\u0173 padaryto ar tariamai padaryto nusikaltimo, tokio proceso baigtis ar teismo nuosprendis tokiame procese.  <\/p>\n<p>Galime steb\u0117ti, kaip naudojat\u0117s \u0161ia svetaine, naudodami slapukus ir pana\u0161ius sekimo \u012frenginius. Pavyzd\u017eiui, galime steb\u0117ti, kiek kart\u0173 lankot\u0117s svetain\u0117je, \u012f kokius puslapius einate, srauto duomenis, buvimo vietos duomenis ir naudotojo interneto paslaug\u0173 teik\u0117jo pradin\u012f domeno pavadinim\u0105. \u0160i informacija padeda mums sudaryti naudotoj\u0173 profil\u012f. Kai kurie i\u0161 \u0161i\u0173 duomen\u0173 bus apibendrinti arba statistiniai, o tai rei\u0161kia, kad negal\u0117sime nustatyti j\u016bs\u0173 asmenin\u0117s tapatyb\u0117s. Toliau skaitykite skyri\u0173 &#8221; <b>Slapuk\u0173 naudojimas<\/b> &#8220;.    <\/p>\n<p>Kartais galime gauti informacijos apie jus i\u0161 kit\u0173 \u0161altini\u0173 (pvz., m\u016bs\u0173 pasaulini\u0173 atstov\u0173), kuri\u0105 prid\u0117sime prie jau turimos informacijos apie jus, kad pagerintume ir suasmenintume jums teikiamas paslaugas.<\/p>\n<p><b>Kaip naudojame j\u016bs\u0173 asmens duomenis<\/b><\/p>\n<p>J\u016bs\u0173 asmens duomenis naudosime tikslais, apra\u0161ytais prane\u0161ime apie duomen\u0173 apsaug\u0105, kuris jums buvo pateiktas gavus j\u016bs\u0173 duomenis. \u0160ie tikslai apima: <\/p>\n<ul>\n<li>pad\u0117ti mums identifikuoti jus ir visas j\u016bs\u0173 turimas s\u0105skaitas;<\/li>\n<li>administravimas;<\/li>\n<li>tyrimai, statistin\u0117 analiz\u0117 ir elgsenos analiz\u0117;<\/li>\n<li>klient\u0173 profiliavimas ir j\u016bs\u0173 pirkimo nuostat\u0173 analiz\u0117;<\/li>\n<li>rinkodara &#8211; \u017er. toliau <b>Rinkodara ir atsisakymas<\/b>;<\/li>\n<li>suk\u010diavimo prevencija ir nustatymas;<\/li>\n<li>s\u0105skait\u0173 i\u0161ra\u0161ym\u0105 ir u\u017esakym\u0173 vykdym\u0105;<\/li>\n<li>pritaikyti \u0161i\u0105 svetain\u0119 ir jos turin\u012f pagal j\u016bs\u0173 pageidavimus;<\/li>\n<li>prane\u0161ti jums apie bet kokius \u0161ios svetain\u0117s ar m\u016bs\u0173 paslaug\u0173 pakeitimus, kurie gali tur\u0117ti \u012ftakos jums;<\/li>\n<li>saugumo patikrinimas; ir<\/li>\n<li>gerinti m\u016bs\u0173 paslaugas.<\/li>\n<\/ul>\n<p>J\u016bs\u0173 asmens duomenimis gal\u0117s naudotis m\u016bs\u0173 darbuotojai, pasauliniai atstovai, agentai ir verslo partneriai. J\u016bs\u0173 ra\u0161ytiniu pra\u0161ymu galime pateikti jums savo pasaulini\u0173 atstov\u0173, agent\u0173 ir verslo partneri\u0173 duomenis. M\u016bs\u0173 kontaktinius duomenis rasite \u0161io dokumento pabaigoje.  <\/p>\n<p><b>Rinkodara ir atsisakymas<\/b><\/p>\n<p>J\u016bs\u0173 asmens duomenimis galime dalytis su organizacijomis, kurios yra m\u016bs\u0173 verslo partneriai, ir jie arba mes galime su jumis susisiekti (nebent papra\u0161\u0117te j\u0173 arba m\u016bs\u0173 to nedaryti) pa\u0161tu, telefonu ir el. pa\u0161tu apie m\u016bs\u0173 paslaugas, akcijas ir specialius pasi\u016blymus, kurie gali jus sudominti. Jei pageidaujate daugiau negauti joki\u0173 tiesiogin\u0117s rinkodaros prane\u0161im\u0173 i\u0161 m\u016bs\u0173 verslo partneri\u0173 arba m\u016bs\u0173, galite bet kada atsisakyti. Toliau \u017er. daugiau apie <b>j\u016bs\u0173 teises<\/b>.  <\/p>\n<p><b>J\u016bs\u0173 asmens duomen\u0173 atskleidimas<\/b><\/p>\n<p>J\u016bs\u0173 asmens duomenis galime atskleisti:<\/p>\n<ul>\n<li>kitos m\u016bs\u0173 grup\u0117s \u012fmon\u0117s;<\/li>\n<li>m\u016bs\u0173 atstovai ir paslaug\u0173 teik\u0117jai (pvz., pasauliniai atstovai, prieglobos ar technin\u0117s prie\u017ei\u016bros paslaug\u0173 teik\u0117jai);<\/li>\n<li>teis\u0117saugos institucijoms, susijusioms su bet kokiu tyrimu, siekiant pad\u0117ti u\u017ekirsti keli\u0105 neteis\u0117tai veiklai; ir<\/li>\n<li>m\u016bs\u0173 verslo partneriai, vadovaudamiesi pirmiau pateiktu skyriumi &#8221; <b>Rinkodara ir atsisakymas<\/b> &#8220;.<\/li>\n<\/ul>\n<p><b>Duomen\u0173 saugumas<\/b><\/p>\n<p>J\u016bs\u0173 asmens duomenims apsaugoti naudosime technines ir organizacines priemones, pavyzd\u017eiui, j\u016bs\u0173 asmens duomenis saugosime saugiuose serveriuose.<\/p>\n<p>Nors d\u0117sime visas pagr\u012fstas pastangas, kad apsaugotume j\u016bs\u0173 asmens duomenis, j\u016bs pripa\u017e\u012fstate, kad naudojimasis internetu n\u0117ra visi\u0161kai saugus. D\u0117l \u0161ios prie\u017easties mes negalime garantuoti joki\u0173 asmens duomen\u0173, kurie i\u0161 j\u016bs\u0173 arba jums perduodami internetu, saugumo ar vientisumo. <\/p>\n<p><b>Steb\u0117sena<\/b><\/p>\n<p>Kokyb\u0117s u\u017etikrinimo, mokymo, suk\u010diavimo prevencijos ir atitikties u\u017etikrinimo tikslais galime steb\u0117ti ir \u012fra\u0161in\u0117ti bendravim\u0105 su jumis (pvz., pokalbius telefonu ir el. lai\u0161kus).<\/p>\n<p><b>Informacija apie kitus asmenis<\/b><\/p>\n<p>Jei pateikiate mums informacij\u0105 kito asmens vardu, patvirtinate, kad kitas asmuo paskyr\u0117 jus veikti jo vardu ir sutiko, kad gal\u0117tum\u0117te tai daryti:<\/p>\n<ul>\n<li>savo vardu duoti sutikim\u0105 tvarkyti jo asmens duomenis;<\/li>\n<li>jo vardu gauti bet kokius duomen\u0173 apsaugos prane\u0161imus;<\/li>\n<li>duoti sutikim\u0105 perduoti savo asmens duomenis \u012f u\u017esien\u012f; ir<\/li>\n<li>duoti sutikim\u0105 tvarkyti savo neskelbtinus asmens duomenis.<\/li>\n<\/ul>\n<p><b>Slapuk\u0173 naudojimas<\/b><\/p>\n<p>Slapukas &#8211; tai nedidelis tekstinis failas, \u012fra\u0161omas \u012f j\u016bs\u0173 kompiuter\u012f (arba kitus elektroninius \u012frenginius), kai lankot\u0117s m\u016bs\u0173 svetain\u0117je. \u0160ioje svetain\u0117je naudojame slapukus, kad: <\/p>\n<ul>\n<li>atpa\u017einti jus, kai lankot\u0117s \u0161ioje svetain\u0117je (tai pagreitina j\u016bs\u0173 prieig\u0105 prie svetain\u0117s);<\/li>\n<li>gauti informacijos apie j\u016bs\u0173 pageidavimus, jud\u0117jim\u0105 internete ir naudojim\u0105si internetu;<\/li>\n<li>atlikti tyrimus ir statistin\u0119 analiz\u0119, kad gal\u0117tume tobulinti savo turin\u012f, paslaugas ir geriau suprasti klient\u0173 reikalavimus bei interesus; ir<\/li>\n<li>efektyviau nukreipti m\u016bs\u0173 ir m\u016bs\u0173 partneri\u0173 rinkodaros ir reklamos kampanijas, pateikiant interesais pagr\u012fst\u0105 reklam\u0105, kuri yra pritaikyta pagal j\u016bs\u0173 interesus; ir<\/li>\n<li>kad j\u016bs\u0173 patirtis internete b\u016bt\u0173 veiksmingesn\u0117 ir malonesn\u0117.<\/li>\n<\/ul>\n<p>Informacijoje, kuri\u0105 gauname naudodami slapukus, paprastai neb\u016bna j\u016bs\u0173 asmens duomen\u0173, nors galime gauti informacijos apie j\u016bs\u0173 kompiuter\u012f ar kitus elektroninius \u012frenginius, pavyzd\u017eiui, IP adres\u0105, nar\u0161ykl\u0119 ir (arba) kit\u0105 interneto \u017eurnalo informacij\u0105. Tai paprastai neidentifikuoja j\u016bs\u0173 asmeni\u0161kai. Tam tikromis aplinkyb\u0117mis galime rinkti asmenin\u0119 informacij\u0105 apie jus, ta\u010diau tik tada, kai j\u0105 savanori\u0161kai pateikiate (pvz., u\u017epildydami internetin\u0119 form\u0105) arba kai i\u0161 m\u016bs\u0173 perkate paslaugas<b>.<\/b>  <\/p>\n<p>Daugeliu atvej\u0173, nor\u0117dami naudoti slapukus \u0161ioje svetain\u0117je, turime gauti j\u016bs\u0173 sutikim\u0105. I\u0161imtis yra tie atvejai, kai slapukas yra b\u016btinas, kad gal\u0117tume jums suteikti j\u016bs\u0173 pra\u0161om\u0105 paslaug\u0105. <\/p>\n<p><b>Sutikimas (prane\u0161imas pagrindiniame puslapyje)<\/b><\/p>\n<p>M\u016bs\u0173 pagrindiniame puslapyje yra prane\u0161imas, kuriame apra\u0161oma, kaip naudojame slapukus, ir pateikiama nuoroda \u012f m\u016bs\u0173 privatumo ir slapuk\u0173 politik\u0105. Jei naudojat\u0117s \u0161ia svetaine po to, kai jums buvo parodytas \u0161is prane\u0161imas, laikysime, kad sutinkate su slapuk\u0173 naudojimu \u0161ioje Privatumo politikoje ir Slapuk\u0173 politikoje apra\u0161ytais tikslais. <\/p>\n<p><b>Tre\u010di\u0173j\u0173 \u0161ali\u0173 slapukai<\/b><\/p>\n<p>Bendradarbiaujame su tre\u010di\u0173j\u0173 \u0161ali\u0173 tiek\u0117jais, kurie m\u016bs\u0173 svetain\u0117je taip pat gali nustatyti slapukus, pavyzd\u017eiui, &#8220;Facebook&#8221;, &#8220;Twitter&#8221;, &#8220;Instagram&#8221;, &#8220;YouTube&#8221; ir &#8220;Adobe Flashplayer&#8221;, kuriuos naudojame vaizdo \u012fra\u0161\u0173 turiniui rodyti. \u0160ie tre\u010di\u0173j\u0173 \u0161ali\u0173 tiek\u0117jai yra atsakingi u\u017e slapukus, kuriuos jie nustato m\u016bs\u0173 svetain\u0117je. Jei norite gauti daugiau informacijos, eikite \u012f atitinkamos tre\u010diosios \u0161alies svetain\u0119.  <\/p>\n<p><b>Kaip i\u0161jungti slapukus<\/b><\/p>\n<p>Jei nenorite priimti slapuk\u0173, galite pakeisti nar\u0161ykl\u0117s nustatymus taip, kad slapukai neb\u016bt\u0173 priimami. Jei tai padarysite, tur\u0117kite omenyje, kad galite prarasti kai kurias \u0161ios svetain\u0117s funkcijas. Daugiau informacijos apie slapukus ir kaip juos i\u0161jungti rasite adresu www.aboutcookies.org arba www.allaboutcookies.org.  <\/p>\n<p><b>Asmens duomen\u0173 perdavimas i\u0161 EEE<\/b><\/p>\n<p>Kai u\u017esiregistruojate m\u016bs\u0173 naujienlai\u0161kiui, \u0161ios svetain\u0117s narystei, pateikiate form\u0105 arba bendraudami su mumis dalijat\u0117s savo asmens duomenimis, sutinkate, kad j\u016bs\u0173 asmens duomenis galime perduoti \u012f \u0161alis, esan\u010dias u\u017e Europos ekonomin\u0117s erdv\u0117s rib\u0173. B\u016bkite tikri, kad visada u\u017etikrinsime, jog bet kokiam perdavimui b\u016bt\u0173 taikomos tinkamos saugumo priemon\u0117s j\u016bs\u0173 asmens duomenims apsaugoti. <\/p>\n<p><b>J\u016bs\u0173 teis\u0117s<\/b><\/p>\n<p>Sumok\u0117j\u0119 nedidel\u012f mokest\u012f (\u0161iuo metu 10 svar\u0173 sterling\u0173) turite teis\u0119 pra\u0161yti prieigos prie asmens duomen\u0173, kuriuos galime tvarkyti apie jus. Jei norite pasinaudoti \u0161ia teise, tur\u0117tum\u0117te: <\/p>\n<ul>\n<li>pateikite pra\u0161ym\u0105 ra\u0161tu;<\/li>\n<li>pateikti savo tapatyb\u0119 ir adres\u0105 patvirtinant\u012f dokument\u0105 (pvz., vairuotojo pa\u017eym\u0117jimo arba paso kopij\u0105 ir naujausi\u0105 s\u0105skait\u0105 u\u017e komunalines paslaugas arba kredito kortel\u0119);<\/li>\n<li>pervesti 10 svar\u0173 sterling\u0173 sum\u0105 \u012f m\u016bs\u0173 banko s\u0105skait\u0105, kuri\u0105 pateiksime ra\u0161tu; ir<\/li>\n<li>nurodykite asmens duomenis, prie kuri\u0173 norite gauti prieig\u0105, \u012fskaitant, jei taikoma, visus s\u0105skaitos ar nuorodos numerius.<\/li>\n<\/ul>\n<p>Turite teis\u0119 reikalauti, kad nemokamai i\u0161taisytume bet kokius netikslumus j\u016bs\u0173 duomenyse. Jei norite pasinaudoti \u0161ia teise, tur\u0117tum\u0117te: <\/p>\n<ul>\n<li>pateikite pra\u0161ym\u0105 ra\u0161tu;<\/li>\n<li>pateikti mums pakankamai informacijos, kad gal\u0117tume jus identifikuoti (pvz., s\u0105skaitos numer\u012f, vartotojo vard\u0105, registracijos duomenis); ir<\/li>\n<li>nurodykite neteising\u0105 informacij\u0105 ir kuo ji tur\u0117t\u0173 b\u016bti pakeista.<\/li>\n<\/ul>\n<p>Taip pat turite teis\u0119 pra\u0161yti, kad nustotume tvarkyti j\u016bs\u0173 asmens duomenis tiesiogin\u0117s rinkodaros tikslais. Jei norite pasinaudoti \u0161ia teise, tur\u0117tum\u0117te: <\/p>\n<ul>\n<li>pateikite pra\u0161ym\u0105 ra\u0161tu (priimtinas el. lai\u0161kas, i\u0161si\u0173stas adresu <a href=\"mailto:info@regenesishealth.co.uk\">info@regenesishealth.co.uk<\/a>, kurio antra\u0161t\u0117je nurodyta &#8220;Atsisakyti prenumeratos&#8221;);<\/li>\n<li>pateikti mums pakankamai informacijos, kad gal\u0117tume jus identifikuoti (pvz., s\u0105skaitos numer\u012f, vartotojo vard\u0105, registracijos duomenis); ir<\/li>\n<li>jei prie\u0161taraujate ne tiesioginei rinkodarai apskritai, o tiesioginei rinkodarai konkre\u010diu kanalu (pvz., el. pa\u0161tu arba telefonu), nurodykite kanal\u0105, d\u0117l kurio prie\u0161taraujate.<\/li>\n<\/ul>\n<p>Turite teis\u0119 pra\u0161yti, kad mes visam laikui i\u0161trintume j\u016bs\u0173 asmens duomenis. Jei norite pasinaudoti \u0161ia teise, tur\u0117tum\u0117te: <\/p>\n<ul>\n<li>pateikti pra\u0161ym\u0105 ra\u0161tu (galima si\u0173sti el. lai\u0161k\u0105 adresu <a href=\"mailto:info@vialight.co.uk\">info@regenesishealth.co.uk<\/a> su u\u017era\u0161u &#8220;I\u0161trinti mano asmens duomenis&#8221;).<\/li>\n<\/ul>\n<p><b>M\u016bs\u0173 kontaktiniai duomenys<\/b><\/p>\n<p>Laukiame j\u016bs\u0173 atsiliepim\u0173 ir klausim\u0173. Jei norite su mumis susisiekti, pra\u0161ome; <\/p>\n<p>si\u0173sti el. lai\u0161k\u0105 adresu <a href=\"mailto:info@vialight.co.uk\">info@regenesishealth.co.uk<\/a> arba<span class=\"Apple-converted-space\"> <\/span><\/p>\n<p>galite ra\u0161yti mums adresu 8 Bridge Street, Old Red Lion Court, Stratford-Upon-Avon, Anglija, CV37 6AB<span class=\"Apple-converted-space\">  <\/span>arba<span class=\"Apple-converted-space\"> <\/span><\/p>\n<p>skambinkite mums telefonu +44 1789296561.<\/p>\n<p>Kartais galime keisti \u0161i\u0105 politik\u0105. Tur\u0117tum\u0117te retkar\u010diais tikrinti \u0161i\u0105 politik\u0105, kad \u012fsitikintum\u0117te, jog \u017einote naujausi\u0105 jos versij\u0105, kuri bus taikoma kiekvien\u0105 kart\u0105, kai apsilankysite \u0161ioje svetain\u0117je. <\/p>\n<p>[\/vc_column_text][vc_empty_space height=&#8221;64px&#8221;][\/vc_column][\/vc_row]<\/p>","protected":false},"excerpt":{"rendered":"<p>[vc_row][vc_column][vc_column_text] PRIVATUMO POLITIKA IR SLAPUK\u0172 POLITIKA PASKUTIN\u012e KART\u0104 ATNAUJINTA: 2023 M. LIEPOS 24 D. Pra\u0161ome atid\u017eiai perskaityti \u0161i\u0105 privatumo ir slapuk\u0173 politik\u0105 (toliau&#8211; Politika), nes joje pateikiama esmin\u0117 informacija apie tai, kaip naudosime j\u016bs\u0173 asmens duomenis. Bendrojo duomen\u0173 apsaugos reglamento [&hellip;]<\/p>\n","protected":false},"author":1,"featured_media":0,"parent":0,"menu_order":0,"comment_status":"closed","ping_status":"open","template":"","meta":{"footnotes":""},"class_list":["post-18750","page","type-page","status-publish","hentry"],"_links":{"self":[{"href":"https:\/\/regenesishealth.co.uk\/lt\/wp-json\/wp\/v2\/pages\/18750"}],"collection":[{"href":"https:\/\/regenesishealth.co.uk\/lt\/wp-json\/wp\/v2\/pages"}],"about":[{"href":"https:\/\/regenesishealth.co.uk\/lt\/wp-json\/wp\/v2\/types\/page"}],"author":[{"embeddable":true,"href":"https:\/\/regenesishealth.co.uk\/lt\/wp-json\/wp\/v2\/users\/1"}],"replies":[{"embeddable":true,"href":"https:\/\/regenesishealth.co.uk\/lt\/wp-json\/wp\/v2\/comments?post=18750"}],"version-history":[{"count":0,"href":"https:\/\/regenesishealth.co.uk\/lt\/wp-json\/wp\/v2\/pages\/18750\/revisions"}],"wp:attachment":[{"href":"https:\/\/regenesishealth.co.uk\/lt\/wp-json\/wp\/v2\/media?parent=18750"}],"curies":[{"name":"wp","href":"https:\/\/api.w.org\/{rel}","templated":true}]}}