{"id":12453,"date":"2022-01-25T14:36:43","date_gmt":"2022-01-25T14:36:43","guid":{"rendered":"https:\/\/regenesishealth.co.uk\/vaizdo-irasai\/"},"modified":"2023-08-04T15:07:53","modified_gmt":"2023-08-04T14:07:53","slug":"vaizdo-irasai","status":"publish","type":"page","link":"https:\/\/regenesishealth.co.uk\/lt\/vaizdo-irasai\/","title":{"rendered":"Vaizdo \u012fra\u0161ai"},"content":{"rendered":"<p>[vc_row css=&#8221;.vc_custom_1659794385245{padding-top: 64px !important;}&#8221;][vc_column][vc_column_text]<\/p>\n<h4 style=\"text-align: center;\">M\u016bs\u0173 miel\u0173 pacient\u0173 transformacija<\/h4>\n<p class=\"swift-in-viewport\" style=\"text-align: center;\">Per\u017ei\u016br\u0117kite m\u016bs\u0173 pacient\u0173 gydymo vaizdo \u012fra\u0161us, kad gautum\u0117te daugiau informacijos apie m\u016bs\u0173 paslaugas.<\/p>\n<p>[\/vc_column_text][vc_separator css=&#8221;.vc_custom_1659794401412{padding-top: 32px !important;padding-bottom: 32px !important;}&#8221;][\/vc_column][\/vc_row][vc_row css=&#8221;.vc_custom_1659794423248{padding-bottom: 64px !important;}&#8221;][vc_column][vc_column_text]<\/p>\n<h3 style=\"text-align: center;\">\u0160i\u0105 skilt\u012f atnaujiname jums. Pabandykite dar kart\u0105 v\u0117liau.<\/h3>\n<p>[\/vc_column_text][\/vc_column][\/vc_row]<\/p>\n","protected":false},"excerpt":{"rendered":"<p>[vc_row css=&#8221;.vc_custom_1659794385245{padding-top: 64px !important;}&#8221;][vc_column][vc_column_text] M\u016bs\u0173 miel\u0173 pacient\u0173 transformacija Per\u017ei\u016br\u0117kite m\u016bs\u0173 pacient\u0173 gydymo vaizdo \u012fra\u0161us, kad gautum\u0117te daugiau informacijos apie m\u016bs\u0173 paslaugas. [\/vc_column_text][vc_separator css=&#8221;.vc_custom_1659794401412{padding-top: 32px !important;padding-bottom: 32px !important;}&#8221;][\/vc_column][\/vc_row][vc_row css=&#8221;.vc_custom_1659794423248{padding-bottom: 64px !important;}&#8221;][vc_column][vc_column_text] \u0160i\u0105 skilt\u012f atnaujiname jums. Pabandykite dar kart\u0105 v\u0117liau. [\/vc_column_text][\/vc_column][\/vc_row]<\/p>\n","protected":false},"author":1,"featured_media":0,"parent":0,"menu_order":0,"comment_status":"closed","ping_status":"closed","template":"","meta":{"footnotes":""},"class_list":["post-12453","page","type-page","status-publish","hentry"],"_links":{"self":[{"href":"https:\/\/regenesishealth.co.uk\/lt\/wp-json\/wp\/v2\/pages\/12453"}],"collection":[{"href":"https:\/\/regenesishealth.co.uk\/lt\/wp-json\/wp\/v2\/pages"}],"about":[{"href":"https:\/\/regenesishealth.co.uk\/lt\/wp-json\/wp\/v2\/types\/page"}],"author":[{"embeddable":true,"href":"https:\/\/regenesishealth.co.uk\/lt\/wp-json\/wp\/v2\/users\/1"}],"replies":[{"embeddable":true,"href":"https:\/\/regenesishealth.co.uk\/lt\/wp-json\/wp\/v2\/comments?post=12453"}],"version-history":[{"count":1,"href":"https:\/\/regenesishealth.co.uk\/lt\/wp-json\/wp\/v2\/pages\/12453\/revisions"}],"predecessor-version":[{"id":13404,"href":"https:\/\/regenesishealth.co.uk\/lt\/wp-json\/wp\/v2\/pages\/12453\/revisions\/13404"}],"wp:attachment":[{"href":"https:\/\/regenesishealth.co.uk\/lt\/wp-json\/wp\/v2\/media?parent=12453"}],"curies":[{"name":"wp","href":"https:\/\/api.w.org\/{rel}","templated":true}]}}