{"id":12433,"date":"2022-06-05T12:37:29","date_gmt":"2022-06-05T11:37:29","guid":{"rendered":"https:\/\/regenesishealth.co.uk\/finansai\/"},"modified":"2025-03-18T18:12:02","modified_gmt":"2025-03-18T18:12:02","slug":"finansai","status":"publish","type":"page","link":"https:\/\/regenesishealth.co.uk\/lt\/finansai\/","title":{"rendered":"Finansai"},"content":{"rendered":"<p>[vc_row content_placement=&#8221;top&#8221; row_content_width=&#8221;grid&#8221; content_text_aligment=&#8221;center&#8221;][vc_column][vc_single_image image=&#8221;11675&#8243; img_size=&#8221;full&#8221; alignment=&#8221;center&#8221;][vc_empty_space height=&#8221;66px&#8221;][vc_column_text]<\/p>\n<h1 style=\"text-align: center;\">Galimi finansavimo variantai!<\/h1>\n<p>[\/vc_column_text][vc_empty_space height=&#8221;32&#8243;][vc_column_text]Regenesis Health Travel si\u016blo prieinamus mok\u0117jimo planus, leid\u017eian\u010dius paskirstyti gydymo i\u0161laidas. Tai rei\u0161kia, kad galite sumok\u0117ti u\u017e norim\u0105 gydym\u0105 per tam tikr\u0105 jums tinkant\u012f laikotarp\u012f. Skamba \u012fdomiai, ar ne? Nor\u0117dami gauti daugiau informacijos, spustel\u0117kite.   [\/vc_column_text][vc_empty_space height=&#8221;66px&#8221;]<a itemprop=\"url\" href=\"https:\/\/financemybeauty.com\/regenesis\/\" target=\"_blank\" class=\"mkdf-btn mkdf-btn-medium mkdf-btn-solid mkdf-btn-solid-dark\" rel=\"noopener\">\n    <span class=\"mkdf-btn-text\">\u012ekv\u0117pk mane<\/span>\n    <span class=\"mkdf-btn-icon-holder\">\n        <span class=\"mkdf-btn-icon-normal\" ><\/span>\n        <span class=\"mkdf-btn-icon-flip\" ><\/span>\n    <\/span>\n<\/a>[vc_empty_space height=&#8221;99px&#8221;][\/vc_column][\/vc_row]<\/p>\n","protected":false},"excerpt":{"rendered":"<p>[vc_row content_placement=&#8221;top&#8221; row_content_width=&#8221;grid&#8221; content_text_aligment=&#8221;center&#8221;][vc_column][vc_single_image image=&#8221;11675&#8243; img_size=&#8221;full&#8221; alignment=&#8221;center&#8221;][vc_empty_space height=&#8221;66px&#8221;][vc_column_text] Galimi finansavimo variantai! [\/vc_column_text][vc_empty_space height=&#8221;32&#8243;][vc_column_text]Regenesis Health Travel si\u016blo prieinamus mok\u0117jimo planus, leid\u017eian\u010dius paskirstyti gydymo i\u0161laidas. Tai rei\u0161kia, kad galite sumok\u0117ti u\u017e norim\u0105 gydym\u0105 per tam tikr\u0105 jums tinkant\u012f laikotarp\u012f. Skamba \u012fdomiai, ar [&hellip;]<\/p>\n","protected":false},"author":1,"featured_media":0,"parent":0,"menu_order":0,"comment_status":"closed","ping_status":"closed","template":"","meta":{"footnotes":""},"class_list":["post-12433","page","type-page","status-publish","hentry"],"_links":{"self":[{"href":"https:\/\/regenesishealth.co.uk\/lt\/wp-json\/wp\/v2\/pages\/12433"}],"collection":[{"href":"https:\/\/regenesishealth.co.uk\/lt\/wp-json\/wp\/v2\/pages"}],"about":[{"href":"https:\/\/regenesishealth.co.uk\/lt\/wp-json\/wp\/v2\/types\/page"}],"author":[{"embeddable":true,"href":"https:\/\/regenesishealth.co.uk\/lt\/wp-json\/wp\/v2\/users\/1"}],"replies":[{"embeddable":true,"href":"https:\/\/regenesishealth.co.uk\/lt\/wp-json\/wp\/v2\/comments?post=12433"}],"version-history":[{"count":4,"href":"https:\/\/regenesishealth.co.uk\/lt\/wp-json\/wp\/v2\/pages\/12433\/revisions"}],"predecessor-version":[{"id":18804,"href":"https:\/\/regenesishealth.co.uk\/lt\/wp-json\/wp\/v2\/pages\/12433\/revisions\/18804"}],"wp:attachment":[{"href":"https:\/\/regenesishealth.co.uk\/lt\/wp-json\/wp\/v2\/media?parent=12433"}],"curies":[{"name":"wp","href":"https:\/\/api.w.org\/{rel}","templated":true}]}}