{"id":12389,"date":"2020-10-27T10:29:06","date_gmt":"2020-10-27T10:29:06","guid":{"rendered":"https:\/\/regenesishealth.co.uk\/plauku-persodinimas\/"},"modified":"2025-09-11T19:34:13","modified_gmt":"2025-09-11T18:34:13","slug":"plauku-persodinimas","status":"publish","type":"page","link":"https:\/\/regenesishealth.co.uk\/lt\/plauku-persodinimas\/","title":{"rendered":"Plauk\u0173 persodinimas"},"content":{"rendered":"<p>[vc_row full_width=&#8221;stretch_row_content_no_spaces&#8221; content_placement=&#8221;top&#8221; content_text_aligment=&#8221;center&#8221;][vc_column][vc_single_image image=&#8221;15403&#8243; img_size=&#8221;Full&#8221; alignment=&#8221;center&#8221; css_animation=&#8221;none&#8221;][\/vc_column][\/vc_row][vc_row css=&#8221;.vc_custom_1705527212946{margin-top: 66px !important;}&#8221;][vc_column][vc_column_text]<\/p>\n<h1 style=\"text-align: center;\">Plauk\u0173 persodinimas<\/h1>\n<h2 style=\"text-align: center;\">Pasiekite nat\u016bral\u0173 vaizd\u0105 naudodami m\u016bs\u0173 \u0161iuolaikines plauk\u0173 persodinimo technologijas<\/h2>\n<p>[\/vc_column_text][vc_empty_space][vc_column_text]Plauk\u0173 slinkimas yra svarbi problema, kuri \u0161iandien prasideda ankstyvame am\u017eiuje. Plauk\u0173 slinkimo problema, kuri da\u017eniausiai pastebima vyrams nuo dvide\u0161imties met\u0173, kai kuriais atvejais gali pasireik\u0161ti ir moterims. Plauk\u0173 slinkimas, kuris prasideda nuo plauk\u0173 slinkimo ir priekin\u0117s plauk\u0173 linijos regresijos, gali i\u0161sivystyti d\u0117l genetini\u0173 prie\u017eas\u010di\u0173 vyrams ir d\u0117l hormonini\u0173 prie\u017eas\u010di\u0173 bei kai kuri\u0173 moter\u0173 lig\u0173. \u017dmon\u0117s, besiskund\u017eiantys plauk\u0173 slinkimu, pirmiausia tur\u0117t\u0173 pasitikrinti sveikat\u0105, kad i\u0161siai\u0161kint\u0173, ar n\u0117ra sveikatos problem\u0173, d\u0117l kuri\u0173 plaukai slenka. Jei nustatomi sveikatos sutrikimai, d\u0117l kuri\u0173 gali slinkti plaukai, pavyzd\u017eiui, vitamin\u0173 ir mineral\u0173 tr\u016bkumas bei hormonin\u0117s problemos, pirmiausia reikia gydyti, o tada, jei reikia, galima atlikti plauk\u0173 persodinim\u0105. Plauk\u0173 transplantacija gali b\u016bti atliekama, jei slinkimas t\u0119siasi atlikus reikiamus gydymo b\u016bdus arba jei plaukuose yra skyli\u0173, kuri\u0173 negalima pagerinti. Taip pat galite su\u017einoti daugiau apie plauk\u0173 persodinim\u0105 adresu <a href=\"https:\/\/en.wikipedia.org\/wiki\/Hair_transplantation\" target=\"_blank\" rel=\"noopener\">https:\/\/en.wikipedia.org\/wiki\/Hair_transplantation<\/a>      <\/p>\n<p>Be to, jei domit\u0117s plastine chirurgija ir su\u017einosite daugiau, galite perskaityti; <a href=\"https:\/\/regenesishealth.co.uk\/plastic-surgery\/\" target=\"_blank\" rel=\"noopener\">https:\/\/regenesishealth.co.uk\/plastic-surgery\/<\/a><\/p>\n<p>\u0160iandien plauk\u0173 persodinimas vyresniems nei 22 met\u0173 am\u017eiaus yra tinkamas, jei yra poreikis. D\u0117l \u0161ios prie\u017easties plauk\u0173 persodinimas gali b\u016bti lengvai atliktas visiems vyresniems nei 22 met\u0173 asmenims ir turintiems plauk\u0173 slinkimo problem\u0173. Galite paklausti m\u016bs\u0173 visko, k\u0105 norite su\u017einoti apie plauk\u0173 persodinim\u0105, apsilank\u0119 <a href=\"https:\/\/regenesishealth.co.uk\/contact-us\/\" target=\"_blank\" rel=\"noopener\">https:\/\/regenesishealth.co.uk\/contact-us\/<\/a>  [\/vc_column_text][vc_empty_space height=&#8221;33&#8243;][\/vc_column][\/vc_row][vc_row][vc_column][vc_separator border_width=&#8221;2&#8243;][\/vc_column][\/vc_row][vc_row content_placement=&#8221;middle&#8221; css=&#8221;.vc_custom_1705511476978{margin-top: 33px !important;}&#8221;][vc_column width=&#8221;1\/2&#8243;][vc_column_text]<\/p>\n<h2 style=\"font-weight: 400;\">PLAUK\u0172 ANALIZ\u0116<\/h2>\n<p style=\"font-weight: 400;\">M\u016bs\u0173 ekspertai kartu su jumis nustatys j\u016bs\u0173 plauk\u0173 slinkimo prie\u017east\u012f. Galite patik\u0117ti mumis, kad rasime geriausius plauk\u0173 slinkimo sprendimus, kurie pad\u0117s jums dar kart\u0105 d\u017eiaugtis pilnais plaukais! \u0160i paprasta analiz\u0117 nustato plauk\u0173 slinkimo sunkum\u0105. Atliekant tempimo test\u0105, ekspertas sugriebia ma\u017eas plauk\u0173 dalis, apie 40 sruog\u0173, i\u0161 skirting\u0173 galvos odos dali\u0173 ir \u0161velniai traukia. Jei i\u0161krenta \u0161e\u0161ios ar daugiau sruog\u0173, turite vadinam\u0105j\u012f aktyv\u0173 plauk\u0173 slinkim\u0105.    <\/p>\n<p>[\/vc_column_text][vc_empty_space height=&#8221;16px&#8221;][\/vc_column][vc_column width=&#8221;1\/2&#8243;][vc_single_image image=&#8221;15303&#8243; img_size=&#8221;&#8221; alignment=&#8221;center&#8221; css_animation=&#8221;fadeInRight&#8221;][\/vc_column][\/vc_row][vc_row][vc_column][vc_separator css=&#8221;.vc_custom_1665060669567{padding-top: 16px !important;padding-bottom: 16px !important;}&#8221;][\/vc_column][\/vc_row][vc_row content_placement=&#8221;middle&#8221; content_text_aligment=&#8221;left&#8221; css=&#8221;.vc_custom_1705528213555{margin-top: 33px !important;}&#8221;][vc_column width=&#8221;1\/2&#8243;][vc_single_image image=&#8221;15310&#8243; img_size=&#8221;&#8221; alignment=&#8221;center&#8221; css_animation=&#8221;fadeInLeft&#8221;][vc_empty_space height=&#8221;16px&#8221;][\/vc_column][vc_column width=&#8221;1\/2&#8243;][vc_column_text]<\/p>\n<p style=\"font-weight: 400;\"><strong>SAPPHIRE FUE PLAUK\u0172 TRANSPLANTAS<\/strong><\/p>\n<p style=\"font-weight: 400;\">\u0160i technika yra proced\u016bra, kuri\u0105 galima atlikti per vien\u0105 seans\u0105 ir kuri suteikia nuolatini\u0173 rezultat\u0173. Tai, kad metodas leid\u017eia sodinti da\u017eniau, leid\u017eia pasiekti puiki\u0173 rezultat\u0173 siaurose vietose. <\/p>\n<p>[\/vc_column_text][\/vc_column][\/vc_row][vc_row][vc_column][vc_separator css=&#8221;.vc_custom_1665060687833{padding-top: 16px !important;padding-bottom: 16px !important;}&#8221;][\/vc_column][\/vc_row][vc_row content_placement=&#8221;middle&#8221; css=&#8221;.vc_custom_1705511486595{margin-top: 33px !important;}&#8221;][vc_column width=&#8221;1\/2&#8243;][vc_column_text]<\/p>\n<p style=\"font-weight: 400;\"><strong>DHI PLAUK\u0172 TRANSPLANTAS<\/strong><\/p>\n<p style=\"font-weight: 400;\">DHI technika, taikoma naudojant implantavimo ra\u0161ikl\u012f, yra tiesioginis plauk\u0173 persodinimas. Nors i\u0161 esm\u0117s tai pagr\u012fsta FUE technika, DHI plauk\u0173 transplantacija i\u0161 dalies laikoma nauja plauk\u0173 persodinimo technika. Did\u017eiausias skirtumas su FUE yra tas, kad atliekant DHI plauk\u0173 transplantacij\u0105, prie\u0161 persodinant plauk\u0173 folikulus kanalo atidaryti nereikia.  <\/p>\n<p>[\/vc_column_text][vc_empty_space height=&#8221;16px&#8221;][\/vc_column][vc_column width=&#8221;1\/2&#8243;][vc_single_image image=&#8221;15317&#8243; img_size=&#8221;&#8221; alignment=&#8221;center&#8221; css_animation=&#8221;fadeInRight&#8221;][\/vc_column][\/vc_row][vc_row][vc_column][vc_separator css=&#8221;.vc_custom_1665060694583{padding-top: 16px !important;padding-bottom: 16px !important;}&#8221;][\/vc_column][\/vc_row][vc_row content_placement=&#8221;middle&#8221; css=&#8221;.vc_custom_1705528262437{margin-top: 33px !important;}&#8221;][vc_column width=&#8221;1\/2&#8243;][vc_single_image image=&#8221;15323&#8243; img_size=&#8221;&#8221; alignment=&#8221;center&#8221; css_animation=&#8221;fadeInLeft&#8221;][vc_empty_space height=&#8221;16px&#8221;][\/vc_column][vc_column width=&#8221;1\/2&#8243;][vc_column_text]<\/p>\n<p style=\"font-weight: 400;\"><strong>BARZDOS PLAUK\u0172 PERSODINIMAS<\/strong><\/p>\n<p style=\"font-weight: 400;\">Daugel\u012f met\u0173 \u012frodyta, kad barzdos persodinimas yra veiksmingiausias b\u016bdas sukurti nauj\u0173 plauk\u0173 augim\u0105 ant veido. Jie naudoja j\u016bs\u0173 plaukus, kad sukurt\u0173 tikrovi\u0161kus rezultatus. Be to, operacija ir gijimo procesas yra gana greitas ir da\u017eniausiai neskausmingas.  <\/p>\n<p>[\/vc_column_text][\/vc_column][\/vc_row][vc_row][vc_column][vc_separator css=&#8221;.vc_custom_1665060700932{padding-top: 16px !important;padding-bottom: 16px !important;}&#8221;][\/vc_column][\/vc_row][vc_row content_placement=&#8221;middle&#8221; css=&#8221;.vc_custom_1705528268836{margin-top: 33px !important;}&#8221;][vc_column width=&#8221;1\/2&#8243;][vc_column_text]<\/p>\n<p style=\"font-weight: 400;\"><strong>PRP GYDYMAS<\/strong><\/p>\n<p style=\"font-weight: 400;\">Trombocitai yra kraujo dalis, kartu su raudonaisiais ir baltaisiais kraujo k\u016bneliais. Kai \u017emogus patiria pj\u016bv\u012f ar \u017eaizd\u0105, trombocitai yra kai kurie organizmo \u201epirmieji atsakai\u201c, kurie atvyksta sustabdyti kraujavim\u0105 ir paskatinti gijim\u0105. Nor\u0117dami pagaminti PRP, medicinos specialistas paims kraujo m\u0117gin\u012f ir \u012fd\u0117s j\u012f \u012f aparat\u0105, vadinam\u0105 centrifuga. \u0160is aparatas sukasi dideliu grei\u010diu, kuris atskiria kraujo komponentus. Tada medicinos specialistas i\u0161traukia trombocitus injekcijoms. Gydytojai paprastai naudoja \u0161\u012f gydym\u0105, kai plaukai atsiranda d\u0117l alopecijos \u2013 da\u017enos b\u016bkl\u0117s, d\u0117l kurios susitraukia plauk\u0173 folikulai. Nors PRP yra palyginti naujas metodas, yra keletas mokslini\u0173 \u012frodym\u0173, kad jis gali skatinti plauk\u0173 augim\u0105.      <\/p>\n<p>[\/vc_column_text][vc_empty_space height=&#8221;16px&#8221;][\/vc_column][vc_column width=&#8221;1\/2&#8243;][vc_single_image image=&#8221;15329&#8243; img_size=&#8221;&#8221; alignment=&#8221;center&#8221; css_animation=&#8221;fadeInRight&#8221;][\/vc_column][\/vc_row][vc_row][vc_column][vc_separator css=&#8221;.vc_custom_1665060700932{padding-top: 16px !important;padding-bottom: 16px !important;}&#8221;][\/vc_column][\/vc_row][vc_row content_placement=&#8221;middle&#8221; css=&#8221;.vc_custom_1705528274082{margin-top: 33px !important;}&#8221;][vc_column width=&#8221;1\/2&#8243;][vc_single_image image=&#8221;15334&#8243; img_size=&#8221;&#8221; alignment=&#8221;center&#8221; css_animation=&#8221;fadeInLeft&#8221;][vc_empty_space height=&#8221;16px&#8221;][\/vc_column][vc_column width=&#8221;1\/2&#8243;][vc_column_text]<\/p>\n<p style=\"font-weight: 400;\"><strong>PLAUK\u0172 MEZETERAPIJA<\/strong><\/p>\n<p style=\"font-weight: 400;\">Plauk\u0173 mezoterapija \u2013 tai gydymo metodas, taikomas \u012f galvos od\u0105 suleid\u017eiant plaukams reikaling\u0173 vitamin\u0173, mineral\u0173 ir aminor\u016bg\u0161\u010di\u0173 mi\u0161ini\u0173. \u0160is metodas leid\u017eia plaukuose \u012fsitvirtinti komponentams, kurie maitina plauk\u0173 folikulus. \u0160iuo metodu galima gydyti plauk\u0173 slinkim\u0105, nes sustor\u0117ja i\u0161ret\u0117j\u0119 plaukai, stabdomas j\u0173 slinkimas, plaukai tampa stipresni ir \u017evilgantys.  <\/p>\n<p>[\/vc_column_text][\/vc_column][\/vc_row][vc_row][vc_column][vc_separator css=&#8221;.vc_custom_1665060700932{padding-top: 16px !important;padding-bottom: 16px !important;}&#8221;][\/vc_column][\/vc_row][vc_row content_placement=&#8221;middle&#8221; css=&#8221;.vc_custom_1705528278952{margin-top: 33px !important;}&#8221;][vc_column width=&#8221;1\/2&#8243;][vc_column_text]<\/p>\n<p style=\"font-weight: 400;\"><strong>PLAUK\u0172 SIMULIACIJA<\/strong><\/p>\n<p style=\"font-weight: 400;\">Plauk\u0173 modeliavimas yra metodas, taikomas galvos odai, kai manoma, kad tai b\u016btina dalinio plauk\u0173 slinkimo atvejais. Jis naudojamas siekiant suteikti estetin\u0119 i\u0161vaizd\u0105 regioniniam plauk\u0173 slinkimui, atsirandan\u010diam d\u0117l odos lig\u0173, toki\u0173 kaip alopecija, traumini\u0173 nelaiming\u0173 atsitikim\u0173 ir traum\u0173 ar genetini\u0173 veiksni\u0173. Tai taip pat idealiausias b\u016bdas u\u017epildyti tu\u0161\u010dias vietas ant galvos odos po plauk\u0173 persodinimo.  <\/p>\n<p>[\/vc_column_text][vc_empty_space height=&#8221;16px&#8221;][\/vc_column][vc_column width=&#8221;1\/2&#8243;][vc_single_image image=&#8221;15340&#8243; img_size=&#8221;&#8221; alignment=&#8221;center&#8221; css_animation=&#8221;fadeInRight&#8221;][\/vc_column][\/vc_row][vc_row][vc_column][vc_separator border_width=&#8221;2&#8243;][\/vc_column][\/vc_row][vc_row][vc_column][vc_empty_space height=&#8221;60px&#8221;][\/vc_column][\/vc_row][vc_row content_placement=&#8221;middle&#8221; css_animation=&#8221;bounceIn&#8221; content_text_aligment=&#8221;center&#8221; css=&#8221;.vc_custom_1705529174717{margin-bottom: 66px !important;}&#8221;][vc_column width=&#8221;1\/4&#8243;][\/vc_column][vc_column width=&#8221;1\/2&#8243;][vc_column_text]<\/p>\n<h4 style=\"text-align: center;\">Susisiekite su mumis dabar ir gaukite informacij\u0105 apie naujausi\u0105 gydymo praktik\u0105 pagal savo poreikius.<\/h4>\n<p>[\/vc_column_text][vc_empty_space]<a itemprop=\"url\" href=\"https:\/\/regenesishealth.co.uk\/contact-us\/\" target=\"_self\" class=\"mkdf-btn mkdf-btn-medium mkdf-btn-solid mkdf-btn-solid-dark\">\n    <span class=\"mkdf-btn-text\">Susisiekite su mumis<\/span>\n    <span class=\"mkdf-btn-icon-holder\">\n        <span class=\"mkdf-btn-icon-normal\" ><\/span>\n        <span class=\"mkdf-btn-icon-flip\" ><\/span>\n    <\/span>\n<\/a>[\/vc_column][vc_column width=&#8221;1\/4&#8243;][\/vc_column][\/vc_row]<\/p>\n","protected":false},"excerpt":{"rendered":"<p>[vc_row full_width=&#8221;stretch_row_content_no_spaces&#8221; content_placement=&#8221;top&#8221; content_text_aligment=&#8221;center&#8221;][vc_column][vc_single_image image=&#8221;15403&#8243; img_size=&#8221;Full&#8221; alignment=&#8221;center&#8221; css_animation=&#8221;none&#8221;][\/vc_column][\/vc_row][vc_row css=&#8221;.vc_custom_1705527212946{margin-top: 66px !important;}&#8221;][vc_column][vc_column_text] Plauk\u0173 persodinimas Pasiekite nat\u016bral\u0173 vaizd\u0105 naudodami m\u016bs\u0173 \u0161iuolaikines plauk\u0173 persodinimo technologijas [\/vc_column_text][vc_empty_space][vc_column_text]Plauk\u0173 slinkimas yra svarbi problema, kuri \u0161iandien prasideda ankstyvame am\u017eiuje. Plauk\u0173 slinkimo problema, kuri da\u017eniausiai pastebima vyrams nuo [&hellip;]<\/p>\n","protected":false},"author":1,"featured_media":0,"parent":0,"menu_order":0,"comment_status":"closed","ping_status":"closed","template":"","meta":{"footnotes":""},"class_list":["post-12389","page","type-page","status-publish","hentry"],"_links":{"self":[{"href":"https:\/\/regenesishealth.co.uk\/lt\/wp-json\/wp\/v2\/pages\/12389"}],"collection":[{"href":"https:\/\/regenesishealth.co.uk\/lt\/wp-json\/wp\/v2\/pages"}],"about":[{"href":"https:\/\/regenesishealth.co.uk\/lt\/wp-json\/wp\/v2\/types\/page"}],"author":[{"embeddable":true,"href":"https:\/\/regenesishealth.co.uk\/lt\/wp-json\/wp\/v2\/users\/1"}],"replies":[{"embeddable":true,"href":"https:\/\/regenesishealth.co.uk\/lt\/wp-json\/wp\/v2\/comments?post=12389"}],"version-history":[{"count":4,"href":"https:\/\/regenesishealth.co.uk\/lt\/wp-json\/wp\/v2\/pages\/12389\/revisions"}],"predecessor-version":[{"id":18796,"href":"https:\/\/regenesishealth.co.uk\/lt\/wp-json\/wp\/v2\/pages\/12389\/revisions\/18796"}],"wp:attachment":[{"href":"https:\/\/regenesishealth.co.uk\/lt\/wp-json\/wp\/v2\/media?parent=12389"}],"curies":[{"name":"wp","href":"https:\/\/api.w.org\/{rel}","templated":true}]}}