{"id":12388,"date":"2020-10-27T10:12:28","date_gmt":"2020-10-27T10:12:28","guid":{"rendered":"https:\/\/regenesishealth.co.uk\/plastine-operacija\/"},"modified":"2025-03-18T17:28:35","modified_gmt":"2025-03-18T17:28:35","slug":"plastine-operacija","status":"publish","type":"page","link":"https:\/\/regenesishealth.co.uk\/lt\/plastine-operacija\/","title":{"rendered":"Plastin\u0117 operacija"},"content":{"rendered":"<p>[vc_row full_width=&#8221;stretch_row_content_no_spaces&#8221; content_placement=&#8221;top&#8221; content_text_aligment=&#8221;center&#8221;][vc_column][vc_single_image image=&#8221;15412&#8243; img_size=&#8221;Full&#8221; alignment=&#8221;center&#8221;][\/vc_column][\/vc_row][vc_row css=&#8221;.vc_custom_1656337554913{padding-top: 93px !important;padding-bottom: 33px !important;}&#8221;][vc_column][vc_column_text]<\/p>\n<h1 style=\"text-align: center;\">Kosmetikos chirurgija<\/h1>\n<h2 style=\"text-align: center;\">Veiksmingas b\u016bdas pagerinti pasitik\u0117jim\u0105 savimi, k\u016bno ir proto sveikat\u0105<\/h2>\n<p>[\/vc_column_text][vc_empty_space][vc_column_text]Plastin\u0117 chirurgija rei\u0161kia proced\u016bras, kurios pagerina veido ir k\u016bno i\u0161vaizd\u0105. Tai apima tokias proced\u016bras kaip pilvo plastika (abdominoplastika), kr\u016bt\u0173 didinimas, kr\u016bt\u0173 ma\u017einimas, aki\u0173 vok\u0173 operacija, nosies formavimas (rinoplastika), veido patempimas ir riebal\u0173 pa\u0161alinimas (riebal\u0173 nusiurbimas). M\u016bs\u0173 po\u017ei\u016bris \u012f plastin\u0119 chirurgij\u0105 yra unikalus! Mes nuo\u0161ird\u017eiai tikime, kad tai priklauso nuo to, kaip jau\u010diat\u0117s, o ne tik kaip atrodote! Pacientai, norintys atlikti estetin\u0119, estetin\u0119 operacij\u0105, nusipelno b\u016bti gydomi tinkamoje vietoje ir pas tinkam\u0105 chirurg\u0105. M\u016bs\u0173 chirurgai si\u016blo daugyb\u0119 plastin\u0117s, rekonstrukcin\u0117s ir estetin\u0117s proced\u016br\u0173, tinkan\u010di\u0173 tiek vyrams, tiek moterims, kurias atlieka m\u016bs\u0173 patyrusi specialist\u0173 chirurg\u0173 komanda. Jei turite klausim\u0173, galite susisiekti su mumis per <a href=\"https:\/\/regenesishealth.co.uk\/lt\/susisiekite-su-mumis\/\" target=\"_blank\" rel=\"noopener\">https:\/\/regenesishealth.co.uk\/contact-us\/<\/a>.      [\/vc_column_text][\/vc_column][\/vc_row][vc_row][vc_column][vc_separator border_width=&#8221;3&#8243; css=&#8221;.vc_custom_1656337637411{padding-top: 25px !important;padding-bottom: 25px !important;}&#8221;][\/vc_column][\/vc_row][vc_row][vc_column][vc_video link=&#8221;https:\/\/youtu.be\/LElyWgs3FMM&#8221; align=&#8221;center&#8221; css_animation=&#8221;fadeInUp&#8221;][\/vc_column][\/vc_row][vc_row][vc_column][vc_separator border_width=&#8221;3&#8243; css=&#8221;.vc_custom_1656337637411{padding-top: 25px !important;padding-bottom: 25px !important;}&#8221;][\/vc_column][\/vc_row][vc_row][vc_column][vc_column_text]<\/p>\n<h2 style=\"text-align: center;\">M\u016bs\u0173 paslaugos plastin\u0117s chirurgijos skyriuje<\/h2>\n<p>[\/vc_column_text][\/vc_column][\/vc_row][vc_row content_placement=&#8221;middle&#8221; css=&#8221;.vc_custom_1656340450390{padding-top: 33px !important;}&#8221;][vc_column width=&#8221;1\/2&#8243;][vc_column_text]<\/p>\n<h3><strong>Rinoplastika<\/strong><\/h3>\n<p>Rinoplastika, kuri\u0105 pacientai kartais vadina \u201enosies operacija\u201c, pagerina veido harmonij\u0105 ir nosies proporcijas. Nors chirurginiai metodai yra pa\u017eang\u016bs, yra apribojim\u0173, kiek nos\u012f galima pakeisti. Plastin\u0117s nosies operacijos pasekm\u0117s priklauso nuo nosies dyd\u017eio, odos b\u016bkl\u0117s ir paciento am\u017eiaus. Svarbiausia, kad tarp paciento ir chirurgo b\u016bt\u0173 ai\u0161kus bendravimas apie tai, ko norima ir k\u0105 galima pasiekti plastine operacija.   [\/vc_column_text][\/vc_column][vc_column width=&#8221;1\/2&#8243;][vc_single_image image=&#8221;10165&#8243; img_size=&#8221;&#8221; alignment=&#8221;center&#8221; css_animation=&#8221;fadeInRight&#8221;][\/vc_column][\/vc_row][vc_row][vc_column][vc_separator css=&#8221;.vc_custom_1656337847227{padding-top: 25px !important;padding-bottom: 25px !important;}&#8221;][\/vc_column][\/vc_row][vc_row content_placement=&#8221;middle&#8221;][vc_column width=&#8221;1\/2&#8243;][vc_single_image image=&#8221;10167&#8243; img_size=&#8221;&#8221; alignment=&#8221;center&#8221; css_animation=&#8221;fadeInLeft&#8221;][\/vc_column][vc_column width=&#8221;1\/2&#8243;][vc_column_text]<\/p>\n<h3><strong>Veido patempimas <\/strong><\/h3>\n<p>Veido patempimas arba ritmo pa\u0161alinimas \u2013 tai kosmetin\u0117 proced\u016bra, ma\u017einanti rauk\u0161li\u0173 atsiradim\u0105 ir senstan\u010di\u0105, suglebusi\u0105 veido od\u0105. Nor\u0117dami su\u017einoti daugiau, nepamir\u0161kite pa\u017ei\u016br\u0117ti <a href=\"https:\/\/en.wikipedia.org\/wiki\/Rhytidectomy\" target=\"_blank\" rel=\"noopener\">https:\/\/en.wikipedia.org\/wiki\/Rhytidectomy<\/a> [\/vc_column_text][\/vc_column][\/vc_row][vc_row][vc_column][vc_separator css=&#8221;.vc_custom_1656337847227{padding-top: 25px !important;padding-bottom: 25px !important;}&#8221;][\/vc_column][\/vc_row][vc_row content_placement=&#8221;middle&#8221;][vc_column width=&#8221;1\/2&#8243;][vc_column_text]<\/p>\n<h3><strong>Kr\u016bties chirurgija<\/strong><\/h3>\n<p>Kr\u016bt\u0173 chirurgija yra proced\u016bra, kuri modifikuoja moters ar vyro kr\u016btis. Tokios operacijos daromos d\u0117l \u012fvairi\u0173 prie\u017eas\u010di\u0173. Kai kurios atliekamos kosmetiniais sumetimais, pavyzd\u017eiui, norint rekonstruoti kr\u016bt\u012f, kad ji atrodyt\u0173 jaunatvi\u0161kesn\u0117, ar padidinti jos dyd\u012f. Atliekame kr\u016bt\u0173 didinimo, kr\u016bt\u0173 ma\u017einimo, kr\u016bt\u0173 pak\u0117limo, kr\u016bt\u0173 reagumentacijos, implant\u0173 \u0161alinimo ir vamzdini\u0173 kr\u016bt\u0173 proced\u016bras.  [\/vc_column_text][\/vc_column][vc_column width=&#8221;1\/2&#8243;][vc_single_image image=&#8221;10168&#8243; img_size=&#8221;&#8221; alignment=&#8221;center&#8221; css_animation=&#8221;fadeInRight&#8221;][\/vc_column][\/vc_row][vc_row][vc_column][vc_separator css=&#8221;.vc_custom_1656337847227{padding-top: 25px !important;padding-bottom: 25px !important;}&#8221;][\/vc_column][\/vc_row][vc_row content_placement=&#8221;middle&#8221;][vc_column width=&#8221;1\/2&#8243;][vc_single_image image=&#8221;10169&#8243; img_size=&#8221;&#8221; alignment=&#8221;center&#8221; css_animation=&#8221;fadeInLeft&#8221;][\/vc_column][vc_column width=&#8221;1\/2&#8243;][vc_column_text]<\/p>\n<h3><strong>K\u016bno chirurgija<\/strong><\/h3>\n<p>Plastin\u0117s ir kosmetin\u0117s operacijos gali b\u016bti atliekamos visose k\u016bno vietose, \u012fskaitant galv\u0105 ir kakl\u0105. Tai savanori\u0161kas paciento pasirinkimas atlikti kosmetin\u0119 operacij\u0105. Plastin\u0117 ir kosmetin\u0117 chirurgija apima chirurgines ir nechirurgines proced\u016bras, kurios pagerina ir pertvarko k\u016bno strukt\u016br\u0105, kad pagerint\u0173 i\u0161vaizd\u0105 ir pasitik\u0117jim\u0105 savimi. K\u016bno formavimo operacijos gali pa\u0161alinti riebalus ar odos pertekli\u0173, stangrinti od\u0105 ir pad\u0117ti atkurti k\u016bno kont\u016brus. Jei norite pakeisti pilvo ar juosmens form\u0105 (pilvo plastikas, mamyt\u0117s pertvarkymas), s\u0117dmenis (Brazilijos s\u0117dmen\u0173 pak\u0117limas-BBL), klubus, \u0161launis, rankas ar vis\u0105 k\u016bn\u0105, 360 riebal\u0173 nusiurbimas, vir\u0161utiniai vokai, apatiniai aki\u0173 mai\u0161eliai, antakiai, kosmetikos chirurgas m\u016bs\u0173 ekspert\u0173 komanda gali pad\u0117ti suprasti, ko reikia, kad ten patektum\u0117te. Taip pat galite per\u017ei\u016br\u0117ti m\u016bs\u0173 straipsn\u012f apie nutukimo chirurgij\u0105 adresu <a href=\"https:\/\/regenesishealth.co.uk\/lt\/nutukimo-chirurgija\/\" target=\"_blank\" rel=\"noopener\">https:\/\/regenesishealth.co.uk\/obesity-surgery\/<\/a>     [\/vc_column_text][\/vc_column][\/vc_row][vc_row][vc_column][vc_separator css=&#8221;.vc_custom_1656337847227{padding-top: 25px !important;padding-bottom: 25px !important;}&#8221;][\/vc_column][\/vc_row][vc_row content_placement=&#8221;middle&#8221;][vc_column width=&#8221;1\/2&#8243;][vc_column_text]<\/p>\n<h3><strong>Plastin\u0117 chirurgija vyrams<\/strong><\/h3>\n<p>Pastaraisiais metais vyr\u0173 kosmetin\u0117s chirurgijos proced\u016br\u0173 padaug\u0117jo, nes vyrai labiau pasitiki savo i\u0161vaizdos gerinimu. \u012emon\u0117je Regenesis mums malonu pad\u0117ti savo pacientams vyrams \u012fvertinti plastin\u0117s chirurgijos galimybes, pvz.; vyr\u0173 kr\u016bt\u0173 ma\u017einimas, vyr\u0173 pilvo plastikas, vyr\u0173 blefaroplastika, veido pak\u0117limas, vyr\u0173 antaki\u0173 pak\u0117limas arba rinoplastika. [\/vc_column_text][\/vc_column][vc_column width=&#8221;1\/2&#8243;][vc_single_image image=&#8221;10166&#8243; img_size=&#8221;&#8221; alignment=&#8221;center&#8221; css_animation=&#8221;fadeInRight&#8221;][\/vc_column][\/vc_row][vc_row][vc_column][vc_separator border_width=&#8221;3&#8243; css=&#8221;.vc_custom_1656337637411{padding-top: 25px !important;padding-bottom: 25px !important;}&#8221;][\/vc_column][\/vc_row][vc_row][vc_column][vc_column_text]<\/p>\n<h2 style=\"text-align: center;\">M\u016bs\u0173 komanda<\/h2>\n<p>[\/vc_column_text][\/vc_column][\/vc_row][vc_row css=&#8221;.vc_custom_1656338660405{padding-top: 66px !important;padding-bottom: 66px !important;}&#8221;][vc_column width=&#8221;1\/4&#8243;][\/vc_column][vc_column width=&#8221;1\/4&#8243;]<div class=\"mkdf-team info-bellow\">\n\t<div class=\"mkdf-team-inner\">\n\t\t\t\t\t<div class=\"mkdf-team-image\">\n                <a itemprop=\"url\" href=\"https:\/\/regenesishealth.co.uk\/team-member\/dr-mert-meral\/\">\n                    <img loading=\"lazy\" decoding=\"async\" width=\"1400\" height=\"1400\" src=\"https:\/\/regenesishealth.co.uk\/wp-content\/uploads\/2024\/06\/Mert-Meral.png\" class=\"attachment-full size-full wp-post-image\" alt=\"\" srcset=\"https:\/\/regenesishealth.co.uk\/wp-content\/uploads\/2024\/06\/Mert-Meral.png 1400w, https:\/\/regenesishealth.co.uk\/wp-content\/uploads\/2024\/06\/Mert-Meral-300x300.png 300w, https:\/\/regenesishealth.co.uk\/wp-content\/uploads\/2024\/06\/Mert-Meral-100x100.png 100w, https:\/\/regenesishealth.co.uk\/wp-content\/uploads\/2024\/06\/Mert-Meral-600x600.png 600w, https:\/\/regenesishealth.co.uk\/wp-content\/uploads\/2024\/06\/Mert-Meral-1024x1024.png 1024w, https:\/\/regenesishealth.co.uk\/wp-content\/uploads\/2024\/06\/Mert-Meral-150x150.png 150w, https:\/\/regenesishealth.co.uk\/wp-content\/uploads\/2024\/06\/Mert-Meral-768x768.png 768w, https:\/\/regenesishealth.co.uk\/wp-content\/uploads\/2024\/06\/Mert-Meral-550x550.png 550w, https:\/\/regenesishealth.co.uk\/wp-content\/uploads\/2024\/06\/Mert-Meral-1100x1100.png 1100w\" sizes=\"(max-width: 1400px) 100vw, 1400px\" title=\"\">\t\t\t\t\t<div class=\"mkdf-circle-animate\"><\/div>\n\t\t\t\t\t<div class=\"mkdf-circle-icon\">\n\t\t\t\t\t\t<img decoding=\"async\" src=\"https:\/\/regenesishealth.co.uk\/wp-content\/uploads\/2017\/04\/icons_Artboard-2-copy-2.png\" class=\"icon\" alt=\"Doctor Icon\" title=\"\">\n\t\t\t\t\t<\/div>\n\t\t\t\t\t<div class=\"mkdf-circle-icon-hidden\">\n\t\t\t\t\t\t<img decoding=\"async\" src=\"https:\/\/regenesishealth.co.uk\/wp-content\/uploads\/2017\/04\/icons_Artboard-2-copy-2.png\" class=\"icon\" alt=\"Doctor Icon\" title=\"\">\n\t\t\t\t\t<\/div>\n\t\t\t\t<\/a>\n\t\t\t<\/div>\n\t\t\t\t<div class=\"mkdf-team-info\">\n            <div class=\"mkdf-team-title-holder\">\n                <h5 itemprop=\"name\" class=\"mkdf-team-name entry-title\">\n                    <a itemprop=\"url\" href=\"https:\/\/regenesishealth.co.uk\/team-member\/dr-mert-meral\/\">Dr. Mert Meral<\/a>\n                <\/h5>\n\n                                    <h6 class=\"mkdf-team-position\">Plastic Surgeon<\/h6>\n                            <\/div>\n\t\t\t\t\t\t<div class=\"mkdf-team-social-holder-between\">\n\t\t\t\t<div class=\"mkdf-team-social\">\n\t\t\t\t\t<div class=\"mkdf-team-social-inner\">\n\t\t\t\t\t\t<div class=\"mkdf-team-social-wrapp\">\n\t\t\t\t\t\t\t\t\t\t\t\t\t<\/div>\n\t\t\t\t\t<\/div>\n\t\t\t\t<\/div>\n\t\t\t<\/div>\n\t\t<\/div>\n\t<\/div>\n<\/div>[\/vc_column][vc_column width=&#8221;1\/4&#8243;]<div class=\"mkdf-team info-bellow\">\n\t<div class=\"mkdf-team-inner\">\n\t\t\t\t<div class=\"mkdf-team-info\">\n            <div class=\"mkdf-team-title-holder\">\n                <h5 itemprop=\"name\" class=\"mkdf-team-name entry-title\">\n                    <a itemprop=\"url\" href=\"\"><\/a>\n                <\/h5>\n\n                            <\/div>\n\t\t\t\t\t\t<div class=\"mkdf-team-social-holder-between\">\n\t\t\t\t<div class=\"mkdf-team-social\">\n\t\t\t\t\t<div class=\"mkdf-team-social-inner\">\n\t\t\t\t\t\t<div class=\"mkdf-team-social-wrapp\">\n\t\t\t\t\t\t\t\t\t\t\t\t\t<\/div>\n\t\t\t\t\t<\/div>\n\t\t\t\t<\/div>\n\t\t\t<\/div>\n\t\t<\/div>\n\t<\/div>\n<\/div>[\/vc_column][vc_column width=&#8221;1\/4&#8243;][\/vc_column][\/vc_row][vc_row][vc_column][vc_separator border_width=&#8221;3&#8243; css=&#8221;.vc_custom_1656337637411{padding-top: 25px !important;padding-bottom: 25px !important;}&#8221;][\/vc_column][\/vc_row][vc_row content_placement=&#8221;middle&#8221; row_content_width=&#8221;grid&#8221; content_text_aligment=&#8221;center&#8221; css=&#8221;.vc_custom_1656423295595{padding-bottom: 66px !important;}&#8221;][vc_column width=&#8221;1\/4&#8243;][\/vc_column][vc_column css_animation=&#8221;bounceIn&#8221; width=&#8221;1\/2&#8243;][vc_column_text]<\/p>\n<h4 style=\"text-align: center;\">Susisiekite su mumis dabar ir gaukite informacij\u0105 apie naujausi\u0105 gydymo praktik\u0105 pagal savo poreikius.<\/h4>\n<p>[\/vc_column_text][vc_empty_space]<a itemprop=\"url\" href=\"https:\/\/regenesishealth.co.uk\/contact-us\/\" target=\"_self\" class=\"mkdf-btn mkdf-btn-medium mkdf-btn-solid mkdf-btn-solid-dark\">\n    <span class=\"mkdf-btn-text\">Susisiekite su mumis<\/span>\n    <span class=\"mkdf-btn-icon-holder\">\n        <span class=\"mkdf-btn-icon-normal\" ><\/span>\n        <span class=\"mkdf-btn-icon-flip\" ><\/span>\n    <\/span>\n<\/a>[\/vc_column][vc_column width=&#8221;1\/4&#8243;][\/vc_column][\/vc_row]<\/p>\n","protected":false},"excerpt":{"rendered":"<p>[vc_row full_width=&#8221;stretch_row_content_no_spaces&#8221; content_placement=&#8221;top&#8221; content_text_aligment=&#8221;center&#8221;][vc_column][vc_single_image image=&#8221;15412&#8243; img_size=&#8221;Full&#8221; alignment=&#8221;center&#8221;][\/vc_column][\/vc_row][vc_row css=&#8221;.vc_custom_1656337554913{padding-top: 93px !important;padding-bottom: 33px !important;}&#8221;][vc_column][vc_column_text] Kosmetikos chirurgija Veiksmingas b\u016bdas pagerinti pasitik\u0117jim\u0105 savimi, k\u016bno ir proto sveikat\u0105 [\/vc_column_text][vc_empty_space][vc_column_text]Plastin\u0117 chirurgija rei\u0161kia proced\u016bras, kurios pagerina veido ir k\u016bno i\u0161vaizd\u0105. Tai apima tokias proced\u016bras kaip pilvo plastika [&hellip;]<\/p>\n","protected":false},"author":1,"featured_media":11870,"parent":0,"menu_order":0,"comment_status":"closed","ping_status":"closed","template":"","meta":{"footnotes":""},"class_list":["post-12388","page","type-page","status-publish","has-post-thumbnail","hentry"],"_links":{"self":[{"href":"https:\/\/regenesishealth.co.uk\/lt\/wp-json\/wp\/v2\/pages\/12388"}],"collection":[{"href":"https:\/\/regenesishealth.co.uk\/lt\/wp-json\/wp\/v2\/pages"}],"about":[{"href":"https:\/\/regenesishealth.co.uk\/lt\/wp-json\/wp\/v2\/types\/page"}],"author":[{"embeddable":true,"href":"https:\/\/regenesishealth.co.uk\/lt\/wp-json\/wp\/v2\/users\/1"}],"replies":[{"embeddable":true,"href":"https:\/\/regenesishealth.co.uk\/lt\/wp-json\/wp\/v2\/comments?post=12388"}],"version-history":[{"count":4,"href":"https:\/\/regenesishealth.co.uk\/lt\/wp-json\/wp\/v2\/pages\/12388\/revisions"}],"predecessor-version":[{"id":18764,"href":"https:\/\/regenesishealth.co.uk\/lt\/wp-json\/wp\/v2\/pages\/12388\/revisions\/18764"}],"wp:featuredmedia":[{"embeddable":true,"href":"https:\/\/regenesishealth.co.uk\/lt\/wp-json\/wp\/v2\/media\/11870"}],"wp:attachment":[{"href":"https:\/\/regenesishealth.co.uk\/lt\/wp-json\/wp\/v2\/media?parent=12388"}],"curies":[{"name":"wp","href":"https:\/\/api.w.org\/{rel}","templated":true}]}}