{"id":12387,"date":"2020-10-27T09:56:27","date_gmt":"2020-10-27T09:56:27","guid":{"rendered":"https:\/\/regenesishealth.co.uk\/ginekologine-chirurgija\/"},"modified":"2025-09-11T19:31:11","modified_gmt":"2025-09-11T18:31:11","slug":"ginekologine-chirurgija","status":"publish","type":"page","link":"https:\/\/regenesishealth.co.uk\/lt\/ginekologine-chirurgija\/","title":{"rendered":"Ginekologin\u0117 chirurgija"},"content":{"rendered":"<p>[vc_row full_width=&#8221;stretch_row_content_no_spaces&#8221; content_placement=&#8221;top&#8221; content_text_aligment=&#8221;center&#8221;][vc_column][vc_single_image image=&#8221;15434&#8243; img_size=&#8221;full&#8221; alignment=&#8221;center&#8221;][\/vc_column][\/vc_row][vc_row css=&#8221;.vc_custom_1656503235579{padding-top: 93px !important;padding-bottom: 33px !important;}&#8221;][vc_column][vc_column_text]<\/p>\n<h1 style=\"text-align: center;\">Ginekologin\u0117 chirurgija<\/h1>\n<h2 style=\"text-align: center;\">Moters k\u016bnas turi savo gyvenimo istorij\u0105 ir vis\u0105 t\u0105 kelion\u0119 jam reikia prie\u017ei\u016bros<\/h2>\n<p>[\/vc_column_text][vc_empty_space][vc_column_text]Ginekologin\u0117 chirurgija apima bet koki\u0105 chirurgin\u0119 proced\u016br\u0105, susijusi\u0105 su moters dubens srities strukt\u016bra: gimda, kiau\u0161id\u0117mis, gimdos kakleliu, kiau\u0161intakiais, mak\u0161timi ir vulva. Yra daug prie\u017eas\u010di\u0173, kod\u0117l moteriai gali tekti atlikti ginekologin\u0119 operacij\u0105. Tokios b\u016bkl\u0117s kaip endometrioz\u0117, fibromos (gerybiniai navikai), kiau\u0161id\u017ei\u0173 cistos, v\u0117\u017eys, l\u0117tinis dubens skausmas, dubens u\u017edegimin\u0117 liga, gimdos prolapsas ar nenormalus kraujavimas gydymas gali b\u016bti viena i\u0161 ginekologin\u0117s operacijos prie\u017eas\u010di\u0173. Ginekologas moters gyvenime atlieka daugyb\u0119 vaidmen\u0173 \u2013 nuo gydytojo iki glob\u0117jo iki geriausio patar\u0117jo. Tod\u0117l vizito pas ginekolog\u0105 niekada negalima ignoruoti, jei norite i\u0161laikyti ger\u0105 sveikat\u0105 ir bendr\u0105 savijaut\u0105. Tur\u0117tum\u0117te susitikti su geriausiais m\u016bs\u0173 ekspert\u0173 komandos ginekologais ir galite paklausti m\u016bs\u0173 visko, k\u0105 norite su\u017einoti apie ginekologin\u0119 chirurgij\u0105 ir gydym\u0105, apsilank\u0119 <a href=\"https:\/\/regenesishealth.co.uk\/contact-us\/\" target=\"_blank\" rel=\"noopener\">https:\/\/regenesishealth.co.uk\/contact-us\/<\/a>     [\/vc_column_text][\/vc_column][\/vc_row][vc_row css=&#8221;.vc_custom_1656506967763{padding-top: 25px !important;padding-bottom: 25px !important;}&#8221;][vc_column][vc_separator border_width=&#8221;3&#8243; css=&#8221;.vc_custom_1656504089491{padding-top: 25px !important;padding-bottom: 25px !important;}&#8221;][\/vc_column][\/vc_row][vc_row][vc_column][vc_column_text]<\/p>\n<h2 style=\"text-align: center;\">M\u016bs\u0173 paslaugos ginekologin\u0117s chirurgijos skyriuje<\/h2>\n<p>[\/vc_column_text][\/vc_column][\/vc_row][vc_row content_placement=&#8221;middle&#8221; css=&#8221;.vc_custom_1656506735531{padding-top: 33px !important;}&#8221;][vc_column width=&#8221;1\/2&#8243;][vc_column_text]<\/p>\n<h3><strong>Ginekologin\u0117 chirurgija<\/strong><\/h3>\n<p>Ginekologija apima moter\u0173 lytini\u0173 tak\u0173 ir reprodukcin\u0117s sistemos sutrikim\u0173 diagnostik\u0105 ir gydym\u0105. M\u016bs\u0173 patyr\u0119 ir gerai vertinami ginekologai si\u016blo gailesting\u0105 ir patogi\u0105 prie\u017ei\u016br\u0105 visoms pacient\u0117ms. Jei \u012fmanoma, jie naudos minimaliai invazinius metodus ir juos palaiko puikios diagnostikos priemon\u0117s.  [\/vc_column_text][\/vc_column][vc_column width=&#8221;1\/2&#8243;][vc_single_image image=&#8221;10279&#8243; img_size=&#8221;&#8221; alignment=&#8221;center&#8221; css_animation=&#8221;fadeInRight&#8221;][\/vc_column][\/vc_row][vc_row css=&#8221;.vc_custom_1656506955715{padding-top: 25px !important;padding-bottom: 25px !important;}&#8221;][vc_column][vc_separator css=&#8221;.vc_custom_1656503573907{padding-top: 25px !important;padding-bottom: 25px !important;}&#8221;][\/vc_column][\/vc_row][vc_row][vc_column width=&#8221;1\/2&#8243;][vc_single_image image=&#8221;10282&#8243; img_size=&#8221;&#8221; alignment=&#8221;center&#8221; css_animation=&#8221;fadeInLeft&#8221;][\/vc_column][vc_column width=&#8221;1\/2&#8243;][vc_column_text]<\/p>\n<h3><strong>Dirbtinio dauginimo technologija (ART)<\/strong><\/h3>\n<p>Dirbtinio apvaisinimo technologija arba pagalbinis apvaisinimas (ART) yra vienas i\u0161 ginekologin\u0117s chirurgijos metod\u0173, susijusi\u0173 su nevaisingumo gydymu ir proced\u016bromis, kurios gali pad\u0117ti esant sunkumams ar negalint pastoti. ART apima vaisingumo gydym\u0105, kuris tvarko ir kiau\u0161in\u0117lius, ir spermatozoidus. \u0160ie sud\u0117tingi gydymo b\u016bdai apima lytini\u0173 l\u0105steli\u0173 arba kiau\u0161ial\u0105s\u010di\u0173 ir spermatozoid\u0173 poveik\u012f, siekiant padidinti apvaisinimo tikimyb\u0119. ART paprastai tinka \u017emon\u0117ms, kuriems kiti nevaisingumo gydymo b\u016bdai gali neveikti arba tiems, kurie jau band\u0117 gydytis, bet nepastojo. \u017dmon\u0117s, svarstantys ART, da\u017enai aptars galimybes su sveikatos prie\u017ei\u016bros specialistu ir gali prireikti vaisingumo specialisto konsultacijos. In vitro apvaisinimas (IVF) yra labiausiai paplit\u0119s ir veiksmingiausias ART tipas. Da\u017eniausia ART komplikacija yra daugiavaisis n\u0117\u0161tumas. To galima i\u0161vengti arba suma\u017einti ribojant embrion\u0173, patenkan\u010di\u0173 \u012f t\u0117v\u0173 k\u016bn\u0105, skai\u010di\u0173       [\/vc_column_text][\/vc_column][\/vc_row][vc_row css=&#8221;.vc_custom_1656506983333{padding-top: 25px !important;padding-bottom: 25px !important;}&#8221;][vc_column][vc_separator css=&#8221;.vc_custom_1656503582941{padding-top: 25px !important;padding-bottom: 25px !important;}&#8221;][\/vc_column][\/vc_row][vc_row][vc_column width=&#8221;1\/2&#8243;][vc_column_text]<\/p>\n<h3><strong>Laparoskopin\u0117 chirurgija<\/strong><\/h3>\n<p>Ginekologin\u0117 laparoskopija \u2013 tai proced\u016bra, kuria ap\u017ei\u016brima moters pilvo ertm\u0117 ir ap\u017ei\u016brima gimda (gimda), kiau\u0161intakiai ir kiau\u0161id\u0117s. Ginekologin\u0117 laparoskopija gali b\u016bti naudojama b\u016bklei diagnozuoti ir (arba) gydyti. Gydytojas ekspertas, vadinamas ginekologu, laparoskopijos metu gali paimti nedidel\u012f audinio m\u0117gin\u012f (biopsij\u0105). Biopsija taip pat gali pad\u0117ti diagnozuoti endometrioz\u0119. Taip pat galite atlikti ginekologin\u0119 laparoskopij\u0105, kad i\u0161siai\u0161kintum\u0117te bet kokio nuolatinio pilvo skausmo prie\u017east\u012f. Jei bandote susilaukti k\u016bdikio, bet turite sunkum\u0173, prie\u017eastims ie\u0161koti gali b\u016bti naudojama laparoskopija. Nor\u0117dami su\u017einoti daugiau apie laparoskopij\u0105, skaitykite <a href=\"https:\/\/en.wikipedia.org\/wiki\/Laparoscopy\" target=\"_blank\" rel=\"noopener\">https:\/\/en.wikipedia.org\/wiki\/Laparoskopija<\/a>      [\/vc_column_text][\/vc_column][vc_column width=&#8221;1\/2&#8243;][vc_single_image image=&#8221;10280&#8243; img_size=&#8221;&#8221; alignment=&#8221;center&#8221; css_animation=&#8221;fadeInRight&#8221;][\/vc_column][\/vc_row][vc_row css=&#8221;.vc_custom_1656506990458{padding-top: 25px !important;padding-bottom: 25px !important;}&#8221;][vc_column][vc_separator css=&#8221;.vc_custom_1656503590980{padding-top: 25px !important;padding-bottom: 25px !important;}&#8221;][\/vc_column][\/vc_row][vc_row][vc_column width=&#8221;1\/2&#8243;][vc_single_image image=&#8221;10281&#8243; img_size=&#8221;&#8221; alignment=&#8221;center&#8221; css_animation=&#8221;fadeInLeft&#8221;][\/vc_column][vc_column width=&#8221;1\/2&#8243;][vc_column_text]<\/p>\n<h3><strong>Estetin\u0117s lytini\u0173 organ\u0173 operacijos (labioplastika, sistorektozelis)<\/strong><\/h3>\n<p>Atrodo, kad estetin\u0117 lytini\u0173 organ\u0173 chirurgija \u0161iais laikais tapo madinga problema, pavyzd\u017eiui, plastin\u0117s operacijos, apie kurias galite su\u017einoti daugiau m\u016bs\u0173 straipsnyje; <a href=\"https:\/\/regenesishealth.co.uk\/plastic-surgery\/\">https:\/\/regenesishealth.co.uk\/plastic-surgery\/<\/a> Estetin\u0117 moter\u0173 lytini\u0173 organ\u0173 chirurgija apima kelet\u0105 chirurgini\u0173 proced\u016br\u0173, skirt\u0173 pagerinti j\u0173 i\u0161vaizd\u0105. Populiariausios proced\u016bros \u2013 l\u016bp\u0173 ma\u017einimo (labiaplastika) ir mak\u0161ties patempimo (vaginoplastika) operacijos. Labiaplastika, dar \u017einoma kaip mak\u0161ties atjauninimas, yra plastin\u0117s chirurgijos proced\u016bra, kurios metu kei\u010diamos ma\u017eosios lytin\u0117s l\u016bpos (vidin\u0117s l\u016bpos) ir (arba) did\u017eiosios lytin\u0117s l\u016bpos (i\u0161orin\u0117s l\u016bpos). Kita vertus, vaginoplastika yra mak\u0161ties konstravimo ar taisymo proced\u016bra. Jis gydo \u012fvairias medicinines problemas, \u012fskaitant mak\u0161ties su\u017ealojim\u0105 d\u0117l gimdymo ir dubens dugno lig\u0173 komplikacij\u0173. Pra\u0161ome pasikonsultuoti su m\u016bs\u0173 ekspert\u0173 komanda, \u012fskaitant klausimus apie lytini\u0173 organ\u0173 estetikos operacijas.     [\/vc_column_text][\/vc_column][\/vc_row][vc_row css=&#8221;.vc_custom_1656506998497{padding-top: 25px !important;padding-bottom: 25px !important;}&#8221;][vc_column][vc_separator border_width=&#8221;3&#8243; css=&#8221;.vc_custom_1656504089491{padding-top: 25px !important;padding-bottom: 25px !important;}&#8221;][\/vc_column][\/vc_row][vc_row][vc_column][vc_column_text]<\/p>\n<h2 style=\"text-align: center;\">M\u016bs\u0173 komanda<\/h2>\n<p>[\/vc_column_text][\/vc_column][\/vc_row][vc_row css=&#8221;.vc_custom_1656507063515{padding-top: 33px !important;}&#8221;][vc_column width=&#8221;1\/5&#8243;][\/vc_column][vc_column width=&#8221;1\/5&#8243;][\/vc_column][vc_column width=&#8221;1\/5&#8243;]<div class=\"mkdf-team info-bellow\">\n\t<div class=\"mkdf-team-inner\">\n\t\t\t\t\t<div class=\"mkdf-team-image\">\n                <a itemprop=\"url\" href=\"https:\/\/regenesishealth.co.uk\/team-member\/kerim-emrah-yavuz\/\">\n                    <img loading=\"lazy\" decoding=\"async\" width=\"1400\" height=\"1400\" src=\"https:\/\/regenesishealth.co.uk\/wp-content\/uploads\/2020\/10\/Artboard-2.png\" class=\"attachment-full size-full wp-post-image\" alt=\"\" srcset=\"https:\/\/regenesishealth.co.uk\/wp-content\/uploads\/2020\/10\/Artboard-2.png 1400w, https:\/\/regenesishealth.co.uk\/wp-content\/uploads\/2020\/10\/Artboard-2-300x300.png 300w, https:\/\/regenesishealth.co.uk\/wp-content\/uploads\/2020\/10\/Artboard-2-100x100.png 100w, https:\/\/regenesishealth.co.uk\/wp-content\/uploads\/2020\/10\/Artboard-2-600x600.png 600w, https:\/\/regenesishealth.co.uk\/wp-content\/uploads\/2020\/10\/Artboard-2-1024x1024.png 1024w, https:\/\/regenesishealth.co.uk\/wp-content\/uploads\/2020\/10\/Artboard-2-150x150.png 150w, https:\/\/regenesishealth.co.uk\/wp-content\/uploads\/2020\/10\/Artboard-2-768x768.png 768w, https:\/\/regenesishealth.co.uk\/wp-content\/uploads\/2020\/10\/Artboard-2-550x550.png 550w, https:\/\/regenesishealth.co.uk\/wp-content\/uploads\/2020\/10\/Artboard-2-1100x1100.png 1100w\" sizes=\"(max-width: 1400px) 100vw, 1400px\" title=\"\">\t\t\t\t\t<div class=\"mkdf-circle-animate\"><\/div>\n\t\t\t\t\t<div class=\"mkdf-circle-icon\">\n\t\t\t\t\t\t<img decoding=\"async\" src=\"https:\/\/regenesishealth.co.uk\/wp-content\/uploads\/2017\/04\/icons_Artboard-2-copy-4.png\" class=\"icon\" alt=\"Doctor Icon\" title=\"\">\n\t\t\t\t\t<\/div>\n\t\t\t\t\t<div class=\"mkdf-circle-icon-hidden\">\n\t\t\t\t\t\t<img decoding=\"async\" src=\"https:\/\/regenesishealth.co.uk\/wp-content\/uploads\/2017\/04\/icons_Artboard-2-copy-4.png\" class=\"icon\" alt=\"Doctor Icon\" title=\"\">\n\t\t\t\t\t<\/div>\n\t\t\t\t<\/a>\n\t\t\t<\/div>\n\t\t\t\t<div class=\"mkdf-team-info\">\n            <div class=\"mkdf-team-title-holder\">\n                <h5 itemprop=\"name\" class=\"mkdf-team-name entry-title\">\n                    <a itemprop=\"url\" href=\"https:\/\/regenesishealth.co.uk\/team-member\/kerim-emrah-yavuz\/\">Dr. Kerim Emrah Yavuz<\/a>\n                <\/h5>\n\n                                    <h6 class=\"mkdf-team-position\">Gynaecology and Obstetrics<\/h6>\n                            <\/div>\n\t\t\t\t\t\t<div class=\"mkdf-team-social-holder-between\">\n\t\t\t\t<div class=\"mkdf-team-social\">\n\t\t\t\t\t<div class=\"mkdf-team-social-inner\">\n\t\t\t\t\t\t<div class=\"mkdf-team-social-wrapp\">\n\t\t\t\t\t\t\t\t\t\t\t\t\t<\/div>\n\t\t\t\t\t<\/div>\n\t\t\t\t<\/div>\n\t\t\t<\/div>\n\t\t<\/div>\n\t<\/div>\n<\/div>[\/vc_column][vc_column width=&#8221;1\/5&#8243;][\/vc_column][vc_column width=&#8221;1\/5&#8243;][\/vc_column][\/vc_row][vc_row css=&#8221;.vc_custom_1656507005834{padding-top: 25px !important;padding-bottom: 25px !important;}&#8221;][vc_column][vc_separator border_width=&#8221;3&#8243; css=&#8221;.vc_custom_1656504089491{padding-top: 25px !important;padding-bottom: 25px !important;}&#8221;][\/vc_column][\/vc_row][vc_row content_placement=&#8221;middle&#8221; css_animation=&#8221;bounceIn&#8221; row_content_width=&#8221;grid&#8221; content_text_aligment=&#8221;center&#8221;][vc_column width=&#8221;1\/4&#8243;][\/vc_column][vc_column width=&#8221;1\/2&#8243;][vc_column_text]<\/p>\n<h4 style=\"text-align: center;\">Susisiekite su mumis dabar ir gaukite informacij\u0105 apie naujausi\u0105 gydymo praktik\u0105 pagal savo poreikius.<\/h4>\n<p>[\/vc_column_text][vc_empty_space]<a itemprop=\"url\" href=\"https:\/\/regenesishealth.co.uk\/contact-us\/\" target=\"_self\" class=\"mkdf-btn mkdf-btn-medium mkdf-btn-solid mkdf-btn-solid-dark\">\n    <span class=\"mkdf-btn-text\">Susisiekite su mumis<\/span>\n    <span class=\"mkdf-btn-icon-holder\">\n        <span class=\"mkdf-btn-icon-normal\" ><\/span>\n        <span class=\"mkdf-btn-icon-flip\" ><\/span>\n    <\/span>\n<\/a>[vc_empty_space][\/vc_column][vc_column width=&#8221;1\/4&#8243;][\/vc_column][\/vc_row]<\/p>\n","protected":false},"excerpt":{"rendered":"<p>[vc_row full_width=&#8221;stretch_row_content_no_spaces&#8221; content_placement=&#8221;top&#8221; content_text_aligment=&#8221;center&#8221;][vc_column][vc_single_image image=&#8221;15434&#8243; img_size=&#8221;full&#8221; alignment=&#8221;center&#8221;][\/vc_column][\/vc_row][vc_row css=&#8221;.vc_custom_1656503235579{padding-top: 93px !important;padding-bottom: 33px !important;}&#8221;][vc_column][vc_column_text] Ginekologin\u0117 chirurgija Moters k\u016bnas turi savo gyvenimo istorij\u0105 ir vis\u0105 t\u0105 kelion\u0119 jam reikia prie\u017ei\u016bros [\/vc_column_text][vc_empty_space][vc_column_text]Ginekologin\u0117 chirurgija apima bet koki\u0105 chirurgin\u0119 proced\u016br\u0105, susijusi\u0105 su moters dubens srities strukt\u016bra: [&hellip;]<\/p>\n","protected":false},"author":1,"featured_media":11993,"parent":0,"menu_order":0,"comment_status":"closed","ping_status":"closed","template":"","meta":{"footnotes":""},"class_list":["post-12387","page","type-page","status-publish","has-post-thumbnail","hentry"],"_links":{"self":[{"href":"https:\/\/regenesishealth.co.uk\/lt\/wp-json\/wp\/v2\/pages\/12387"}],"collection":[{"href":"https:\/\/regenesishealth.co.uk\/lt\/wp-json\/wp\/v2\/pages"}],"about":[{"href":"https:\/\/regenesishealth.co.uk\/lt\/wp-json\/wp\/v2\/types\/page"}],"author":[{"embeddable":true,"href":"https:\/\/regenesishealth.co.uk\/lt\/wp-json\/wp\/v2\/users\/1"}],"replies":[{"embeddable":true,"href":"https:\/\/regenesishealth.co.uk\/lt\/wp-json\/wp\/v2\/comments?post=12387"}],"version-history":[{"count":4,"href":"https:\/\/regenesishealth.co.uk\/lt\/wp-json\/wp\/v2\/pages\/12387\/revisions"}],"predecessor-version":[{"id":18800,"href":"https:\/\/regenesishealth.co.uk\/lt\/wp-json\/wp\/v2\/pages\/12387\/revisions\/18800"}],"wp:featuredmedia":[{"embeddable":true,"href":"https:\/\/regenesishealth.co.uk\/lt\/wp-json\/wp\/v2\/media\/11993"}],"wp:attachment":[{"href":"https:\/\/regenesishealth.co.uk\/lt\/wp-json\/wp\/v2\/media?parent=12387"}],"curies":[{"name":"wp","href":"https:\/\/api.w.org\/{rel}","templated":true}]}}