{"id":18826,"date":"2024-07-04T14:07:01","date_gmt":"2024-07-04T13:07:01","guid":{"rendered":"https:\/\/regenesishealth.co.uk\/rehabilitation-et-esthetique\/"},"modified":"2024-07-04T14:07:01","modified_gmt":"2024-07-04T13:07:01","slug":"rehabilitation-et-esthetique","status":"publish","type":"page","link":"https:\/\/regenesishealth.co.uk\/fr\/rehabilitation-et-esthetique\/","title":{"rendered":"R\u00e9habilitation et esth\u00e9tique"},"content":{"rendered":"<p>[vc_row full_width=&#8221;stretch_row_content_no_spaces&#8221; content_placement=&#8221;top&#8221; content_text_aligment=&#8221;center&#8221;][vc_column][vc_single_image image=&#8221;17047&#8243; img_size=&#8221;Full&#8221; alignment=&#8221;center&#8221;][\/vc_column][\/vc_row][vc_row css=&#8221;.vc_custom_1656337554913{padding-top: 93px !important;padding-bottom: 33px !important;}&#8221;][vc_column][vc_column_text]<\/p>\n<h1 style=\"text-align: center;\">R\u00e9habilitation et traitements esth\u00e9tiques<\/h1>\n<h2 style=\"text-align: center;\">Un large \u00e9ventail de services dans les domaines de la kin\u00e9sith\u00e9rapie, de l&#8217;esth\u00e9tique m\u00e9dicale et des traitements r\u00e9g\u00e9n\u00e9ratifs.<\/h2>\n<p>[\/vc_column_text][vc_empty_space][vc_column_text]Regenesis Health Travel a pour objectif d&#8217;am\u00e9liorer la sant\u00e9 et la qualit\u00e9 de vie de ses patients en proposant une large gamme de services dans les domaines de la kin\u00e9sith\u00e9rapie, de l&#8217;esth\u00e9tique m\u00e9dicale et des traitements r\u00e9g\u00e9n\u00e9ratifs. Notre \u00e9quipe d&#8217;experts cr\u00e9e des plans de traitement personnalis\u00e9s pour les besoins uniques de chaque patient et fournit des soins de la plus haute qualit\u00e9 en utilisant les derni\u00e8res technologies. [\/vc_column_text][\/vc_column][\/vc_row][vc_row][vc_column][vc_separator border_width=&#8221;3&#8243; css=&#8221;.vc_custom_1656337637411{padding-top: 25px !important;padding-bottom: 25px !important;}&#8221;][\/vc_column][\/vc_row][vc_row][vc_column][vc_column_text]<\/p>\n<h2 style=\"text-align: center;\">Nos services en mati\u00e8re de r\u00e9\u00e9ducation et de traitements esth\u00e9tiques<\/h2>\n<p>[\/vc_column_text][\/vc_column][\/vc_row][vc_row content_placement=&#8221;middle&#8221; css=&#8221;.vc_custom_1656340450390{padding-top: 33px !important;}&#8221;][vc_column width=&#8221;1\/2&#8243;][vc_column_text]<\/p>\n<div><b>Th\u00e9rapie physique et r\u00e9adaptation<\/b><\/div>\n<p style=\"font-weight: 400;\">Notre service de physioth\u00e9rapie et de r\u00e9adaptation offre un large \u00e9ventail de services de traitement pour am\u00e9liorer votre mobilit\u00e9, r\u00e9duire votre douleur et am\u00e9liorer votre qualit\u00e9 de vie.<\/p>\n<ul style=\"font-weight: 400;\">\n<li><strong>Traitement de la douleur<\/strong>: Nous proposons des solutions efficaces pour les douleurs chroniques, y compris les hernies du bas du dos et du cou et l&#8217;arthrose.<\/li>\n<li><strong>R\u00e9\u00e9ducation orthop\u00e9dique<\/strong>: Nous vous aidons \u00e0 vous remettre des d\u00e9chirures du m\u00e9nisque, des l\u00e9sions ligamentaires, des d\u00e9chirures de l&#8217;\u00e9paule et du tennis elbow.<\/li>\n<li><strong>Blessures sportives<\/strong>: Notre \u00e9quipe d&#8217;experts est l\u00e0 pour vous aider \u00e0 vous remettre d&#8217;une blessure sportive.<\/li>\n<li><strong>Maladies rhumatismales<\/strong>: Nous fournissons une aide \u00e0 la gestion des maladies rhumatismales telles que la polyarthrite rhumato\u00efde et la spondylarthrite ankylosante.<\/li>\n<li><strong>Arthrose<\/strong>: Nous proposons des traitements visant \u00e0 r\u00e9duire la douleur et \u00e0 accro\u00eetre la mobilit\u00e9 des personnes souffrant d&#8217;arthrose.<\/li>\n<li><strong>R\u00e9adaptation neurologique<\/strong>: Nous fournissons un soutien sp\u00e9cialis\u00e9 pour la r\u00e9adaptation des maladies neurologiques telles que les accidents vasculaires c\u00e9r\u00e9braux, la scl\u00e9rose en plaques et la maladie de Parkinson.<\/li>\n<li><strong>Scoliose<\/strong>: Nous proposons des programmes de traitement sp\u00e9cialis\u00e9s pour corriger la courbure de la colonne vert\u00e9brale chez les patients atteints de scoliose.<\/li>\n<\/ul>\n<p>[\/vc_column_text][\/vc_column][vc_column width=&#8221;1\/2&#8243;][vc_single_image image=&#8221;17054&#8243; img_size=&#8221;&#8221; alignment=&#8221;center&#8221; css_animation=&#8221;fadeInRight&#8221;][\/vc_column][\/vc_row][vc_row][vc_column][vc_separator css=&#8221;.vc_custom_1656337847227{padding-top: 25px !important;padding-bottom: 25px !important;}&#8221;][\/vc_column][\/vc_row][vc_row content_placement=&#8221;middle&#8221;][vc_column width=&#8221;1\/2&#8243;][vc_single_image image=&#8221;17060&#8243; img_size=&#8221;&#8221; alignment=&#8221;center&#8221; css_animation=&#8221;fadeInLeft&#8221;][\/vc_column][vc_column width=&#8221;1\/2&#8243;][vc_column_text]<\/p>\n<div><b>Esth\u00e9tique m\u00e9dicale<\/b><\/div>\n<p style=\"font-weight: 400;\">Notre service d&#8217;esth\u00e9tique m\u00e9dicale propose divers traitements esth\u00e9tiques non chirurgicaux pour rajeunir et rafra\u00eechir votre apparence.<\/p>\n<ul style=\"font-weight: 400;\">\n<li><strong>Botox<\/strong>: R\u00e9duit les rides et donne \u00e0 votre peau une apparence plus jeune.<\/li>\n<li><strong>Produits de comblement<\/strong>: Am\u00e9liore les contours du visage et r\u00e9tablit le volume perdu dans la peau.<\/li>\n<li><strong>M\u00e9soth\u00e9rapie<\/strong>: Rajeunit la peau gr\u00e2ce \u00e0 des injections de vitamines et de min\u00e9raux.<\/li>\n<li><strong>Vaccins jeunesse<\/strong>: Augmente l&#8217;\u00e9lasticit\u00e9 de la peau pour une apparence plus jeune.<\/li>\n<li><strong>Plasma plexique<\/strong>: Traitement non chirurgical pour \u00e9liminer le rel\u00e2chement et les rides de la peau.<\/li>\n<li><strong>Rajeunissement de la peau<\/strong>: Il unifie le teint, att\u00e9nue les taches et les cicatrices et rajeunit la peau.<\/li>\n<li><strong>Ablation des grains de beaut\u00e9<\/strong>: Ablation non chirurgicale des grains de beaut\u00e9 sur la peau.<\/li>\n<\/ul>\n<p>[\/vc_column_text][\/vc_column][\/vc_row][vc_row][vc_column][vc_separator css=&#8221;.vc_custom_1656337847227{padding-top: 25px !important;padding-bottom: 25px !important;}&#8221;][\/vc_column][\/vc_row][vc_row content_placement=&#8221;middle&#8221;][vc_column width=&#8221;1\/2&#8243;][vc_column_text]<\/p>\n<div><b>Traitements r\u00e9g\u00e9n\u00e9ratifs et compl\u00e9mentaires<\/b><\/div>\n<p style=\"font-weight: 400;\">Notre d\u00e9partement des traitements r\u00e9g\u00e9n\u00e9ratifs et compl\u00e9mentaires propose des th\u00e9rapies qui d\u00e9toxifient et renouvellent les cellules, procurant un soulagement de la douleur et des bienfaits anti-\u00e2ge.<\/p>\n<ul style=\"font-weight: 400;\">\n<li><strong>Exosomes de cellules souches<\/strong>: Favorise la r\u00e9g\u00e9n\u00e9ration cellulaire, pour une peau d&#8217;apparence plus jeune.<\/li>\n<li><strong>Traitements du visage et des cheveux<\/strong>: Am\u00e9liore et rajeunit la sant\u00e9 de la peau et des cheveux.<\/li>\n<li><strong>Cellules souches issues de la graisse abdominale<\/strong>: utilise des cellules souches issues de la graisse corporelle pour des traitements r\u00e9g\u00e9n\u00e9ratifs.<\/li>\n<li><strong>Cellules souches de la peau de l&#8217;oreille<\/strong>: R\u00e9alise des traitements de r\u00e9g\u00e9n\u00e9ration de la peau \u00e0 l&#8217;aide de cellules souches.<\/li>\n<li><strong>Acupuncture<\/strong>: \u00c9quilibre l&#8217;\u00e9nergie du corps et r\u00e9duit la douleur gr\u00e2ce \u00e0 des techniques de m\u00e9decine traditionnelle chinoise.<\/li>\n<li><strong>Th\u00e9rapie \u00e0 l&#8217;ozone<\/strong>: Favorise la r\u00e9g\u00e9n\u00e9ration cellulaire et la d\u00e9sintoxication gr\u00e2ce \u00e0 l&#8217;ozone.<\/li>\n<li><strong>Proloth\u00e9rapie<\/strong>: Acc\u00e9l\u00e8re la cicatrisation des tissus affaiblis et endommag\u00e9s gr\u00e2ce \u00e0 une th\u00e9rapie par injection.<\/li>\n<li><strong>Th\u00e9rapie par ventouses<\/strong>: Elle apporte sant\u00e9 et d\u00e9tente en \u00e9liminant les toxines du corps par des m\u00e9thodes traditionnelles.<\/li>\n<li><strong>Th\u00e9rapies intraveineuses \u00e0 base de vitamines et de soutien<\/strong>: Am\u00e9liore la sant\u00e9 g\u00e9n\u00e9rale en administrant directement des vitamines et des min\u00e9raux dans la circulation sanguine.<\/li>\n<li><strong>NAD, cocktail de Myers, glutathion, vitamine C par voie intraveineuse<\/strong>: Offre des traitements intraveineux pour stimuler la sant\u00e9 cellulaire et les niveaux d&#8217;\u00e9nergie.<\/li>\n<\/ul>\n<p>[\/vc_column_text][\/vc_column][vc_column width=&#8221;1\/2&#8243;][vc_single_image image=&#8221;17066&#8243; img_size=&#8221;&#8221; alignment=&#8221;center&#8221; css_animation=&#8221;fadeInRight&#8221;][\/vc_column][\/vc_row][vc_row][vc_column][vc_separator border_width=&#8221;3&#8243; css=&#8221;.vc_custom_1656337637411{padding-top: 25px !important;padding-bottom: 25px !important;}&#8221;][\/vc_column][\/vc_row][vc_row][vc_column][vc_column_text]<\/p>\n<h2 style=\"text-align: center;\">Notre \u00c9quipe<\/h2>\n<p>[\/vc_column_text][\/vc_column][\/vc_row][vc_row css=&#8221;.vc_custom_1656338660405{padding-top: 66px !important;padding-bottom: 66px !important;}&#8221;][vc_column width=&#8221;1\/3&#8243;][\/vc_column][vc_column width=&#8221;1\/3&#8243;]<div class=\"mkdf-team info-bellow\">\n\t<div class=\"mkdf-team-inner\">\n\t\t\t\t\t<div class=\"mkdf-team-image\">\n                <a itemprop=\"url\" href=\"https:\/\/regenesishealth.co.uk\/team-member\/elif-eren\/\">\n                    <img loading=\"lazy\" decoding=\"async\" width=\"1400\" height=\"1400\" src=\"https:\/\/regenesishealth.co.uk\/wp-content\/uploads\/2024\/01\/Elif-Eren.png\" class=\"attachment-full size-full wp-post-image\" alt=\"\" srcset=\"https:\/\/regenesishealth.co.uk\/wp-content\/uploads\/2024\/01\/Elif-Eren.png 1400w, https:\/\/regenesishealth.co.uk\/wp-content\/uploads\/2024\/01\/Elif-Eren-300x300.png 300w, https:\/\/regenesishealth.co.uk\/wp-content\/uploads\/2024\/01\/Elif-Eren-100x100.png 100w, https:\/\/regenesishealth.co.uk\/wp-content\/uploads\/2024\/01\/Elif-Eren-600x600.png 600w, https:\/\/regenesishealth.co.uk\/wp-content\/uploads\/2024\/01\/Elif-Eren-1024x1024.png 1024w, https:\/\/regenesishealth.co.uk\/wp-content\/uploads\/2024\/01\/Elif-Eren-150x150.png 150w, https:\/\/regenesishealth.co.uk\/wp-content\/uploads\/2024\/01\/Elif-Eren-768x768.png 768w, https:\/\/regenesishealth.co.uk\/wp-content\/uploads\/2024\/01\/Elif-Eren-550x550.png 550w, https:\/\/regenesishealth.co.uk\/wp-content\/uploads\/2024\/01\/Elif-Eren-1100x1100.png 1100w\" sizes=\"(max-width: 1400px) 100vw, 1400px\" title=\"\">\t\t\t\t\t<div class=\"mkdf-circle-animate\"><\/div>\n\t\t\t\t\t<div class=\"mkdf-circle-icon\">\n\t\t\t\t\t\t<img decoding=\"async\" src=\"https:\/\/regenesishealth.co.uk\/wp-content\/uploads\/2022\/08\/clinic-assistant-icon.png\" class=\"icon\" alt=\"Doctor Icon\" title=\"\">\n\t\t\t\t\t<\/div>\n\t\t\t\t\t<div class=\"mkdf-circle-icon-hidden\">\n\t\t\t\t\t\t<img decoding=\"async\" src=\"https:\/\/regenesishealth.co.uk\/wp-content\/uploads\/2022\/08\/clinic-assistant-icon.png\" class=\"icon\" alt=\"Doctor Icon\" title=\"\">\n\t\t\t\t\t<\/div>\n\t\t\t\t<\/a>\n\t\t\t<\/div>\n\t\t\t\t<div class=\"mkdf-team-info\">\n            <div class=\"mkdf-team-title-holder\">\n                <h5 itemprop=\"name\" class=\"mkdf-team-name entry-title\">\n                    <a itemprop=\"url\" href=\"https:\/\/regenesishealth.co.uk\/team-member\/elif-eren\/\">Dr. Elif Eren<\/a>\n                <\/h5>\n\n                                    <h6 class=\"mkdf-team-position\">Physiatrics and Rehabilitation, Medical Aesthetics, and Regenerative Medicine Specialist<\/h6>\n                            <\/div>\n\t\t\t\t\t\t<div class=\"mkdf-team-social-holder-between\">\n\t\t\t\t<div class=\"mkdf-team-social\">\n\t\t\t\t\t<div class=\"mkdf-team-social-inner\">\n\t\t\t\t\t\t<div class=\"mkdf-team-social-wrapp\">\n\t\t\t\t\t\t\t\t\t\t\t\t\t<\/div>\n\t\t\t\t\t<\/div>\n\t\t\t\t<\/div>\n\t\t\t<\/div>\n\t\t<\/div>\n\t<\/div>\n<\/div>[\/vc_column][vc_column width=&#8221;1\/3&#8243;][\/vc_column][\/vc_row][vc_row][vc_column][vc_separator border_width=&#8221;3&#8243; css=&#8221;.vc_custom_1656337637411{padding-top: 25px !important;padding-bottom: 25px !important;}&#8221;][\/vc_column][\/vc_row][vc_row content_placement=&#8221;middle&#8221; row_content_width=&#8221;grid&#8221; content_text_aligment=&#8221;center&#8221; css=&#8221;.vc_custom_1656423295595{padding-bottom: 66px !important;}&#8221;][vc_column width=&#8221;1\/4&#8243;][\/vc_column][vc_column css_animation=&#8221;bounceIn&#8221; width=&#8221;1\/2&#8243;][vc_column_text]<\/p>\n<h4 style=\"text-align: center;\">Contactez-nous d\u00e8s maintenant et obtenez des informations sur nos pratiques de traitement les plus r\u00e9centes en fonction de vos besoins.<\/h4>\n<p>[\/vc_column_text][vc_empty_space]<a itemprop=\"url\" href=\"https:\/\/regenesishealth.co.uk\/contact-us\/\" target=\"_self\"  class=\"mkdf-btn mkdf-btn-medium mkdf-btn-solid mkdf-btn-solid-dark\"  >\n    <span class=\"mkdf-btn-text\">Contactez-nous<\/span>\n    <span class=\"mkdf-btn-icon-holder\">\n        <span class=\"mkdf-btn-icon-normal\" ><\/span>\n        <span class=\"mkdf-btn-icon-flip\" ><\/span>\n    <\/span>\n<\/a>[\/vc_column][vc_column width=&#8221;1\/4&#8243;][\/vc_column][\/vc_row]<\/p>\n","protected":false},"excerpt":{"rendered":"<p>[vc_row full_width=&#8221;stretch_row_content_no_spaces&#8221; content_placement=&#8221;top&#8221; content_text_aligment=&#8221;center&#8221;][vc_column][vc_single_image image=&#8221;17047&#8243; img_size=&#8221;Full&#8221; alignment=&#8221;center&#8221;][\/vc_column][\/vc_row][vc_row css=&#8221;.vc_custom_1656337554913{padding-top: 93px !important;padding-bottom: 33px !important;}&#8221;][vc_column][vc_column_text] R\u00e9habilitation et traitements esth\u00e9tiques Un large \u00e9ventail de services dans les domaines de la kin\u00e9sith\u00e9rapie, de l&#8217;esth\u00e9tique m\u00e9dicale et des traitements r\u00e9g\u00e9n\u00e9ratifs. [\/vc_column_text][vc_empty_space][vc_column_text]Regenesis Health Travel a pour objectif [&hellip;]<\/p>\n","protected":false},"author":1,"featured_media":17048,"parent":0,"menu_order":0,"comment_status":"closed","ping_status":"closed","template":"","meta":{"footnotes":""},"class_list":["post-18826","page","type-page","status-publish","has-post-thumbnail","hentry"],"_links":{"self":[{"href":"https:\/\/regenesishealth.co.uk\/fr\/wp-json\/wp\/v2\/pages\/18826"}],"collection":[{"href":"https:\/\/regenesishealth.co.uk\/fr\/wp-json\/wp\/v2\/pages"}],"about":[{"href":"https:\/\/regenesishealth.co.uk\/fr\/wp-json\/wp\/v2\/types\/page"}],"author":[{"embeddable":true,"href":"https:\/\/regenesishealth.co.uk\/fr\/wp-json\/wp\/v2\/users\/1"}],"replies":[{"embeddable":true,"href":"https:\/\/regenesishealth.co.uk\/fr\/wp-json\/wp\/v2\/comments?post=18826"}],"version-history":[{"count":0,"href":"https:\/\/regenesishealth.co.uk\/fr\/wp-json\/wp\/v2\/pages\/18826\/revisions"}],"wp:featuredmedia":[{"embeddable":true,"href":"https:\/\/regenesishealth.co.uk\/fr\/wp-json\/wp\/v2\/media\/17048"}],"wp:attachment":[{"href":"https:\/\/regenesishealth.co.uk\/fr\/wp-json\/wp\/v2\/media?parent=18826"}],"curies":[{"name":"wp","href":"https:\/\/api.w.org\/{rel}","templated":true}]}}