{"id":18824,"date":"2020-10-15T16:54:04","date_gmt":"2020-10-15T15:54:04","guid":{"rendered":"https:\/\/regenesishealth.co.uk\/politique-de-confidentialite\/"},"modified":"2020-10-15T16:54:04","modified_gmt":"2020-10-15T15:54:04","slug":"politique-de-confidentialite","status":"publish","type":"page","link":"https:\/\/regenesishealth.co.uk\/fr\/politique-de-confidentialite\/","title":{"rendered":"Politique de confidentialit\u00e9"},"content":{"rendered":"<p>[vc_row][vc_column][vc_column_text]<\/p>\n<h3 style=\"text-align: center;\"><b>POLITIQUE DE CONFIDENTIALIT\u00c9 ET POLITIQUE EN MATI\u00c8RE DE COOKIES<\/b><\/h3>\n<p><b>DERNI\u00c8RE MISE \u00c0 JOUR : 24 JUILLET 2023<\/b><\/p>\n<p>Nous vous demandons de lire attentivement la pr\u00e9sente politique de confidentialit\u00e9 et de cookies (la<b>&#8220;politique<\/b>&#8220;), car elle contient des informations essentielles sur la mani\u00e8re dont nous utiliserons vos donn\u00e9es personnelles.<\/p>\n<p>Aux fins du r\u00e8glement g\u00e9n\u00e9ral sur la protection des donn\u00e9es 2016\/679 et de la loi sur la protection des donn\u00e9es 2018, telle que modifi\u00e9e, 8 Bridge Street, Old Red Lion Court, Stratford-Upon-Avon, Angleterre, CV37 6AB (<b>&#8221; nous<\/b>&#8221; ou<b>&#8221; notre &#8220;<\/b>) est le <b>contr\u00f4leur des donn\u00e9es<\/b> (c&#8217;est-\u00e0-dire la soci\u00e9t\u00e9 qui est responsable du traitement de vos donn\u00e9es \u00e0 caract\u00e8re personnel et qui le contr\u00f4le).<\/p>\n<p><b>Donn\u00e9es personnelles que nous pouvons collecter \u00e0 votre sujet<\/b><\/p>\n<p>Nous obtiendrons des donn\u00e9es personnelles vous concernant (telles que votre nom, votre adresse \u00e9lectronique, votre adresse postale et votre num\u00e9ro de t\u00e9l\u00e9phone) chaque fois que vous remplirez un formulaire en ligne.<\/p>\n<p>Par exemple, nous obtiendrons vos donn\u00e9es personnelles lorsque vous vous inscrirez pour utiliser ce site web, lorsque vous nous enverrez des commentaires, lorsque vous publierez des documents, lorsque vous nous contacterez pour quelque raison que ce soit, lorsque vous vous inscrirez \u00e0 un service et lorsque vous ach\u00e8terez nos services. Nous ne vous demanderons pas de fournir des donn\u00e9es personnelles sensibles. Il s&#8217;agit de votre origine raciale ou ethnique, de vos opinions politiques, de vos croyances religieuses ou d&#8217;autres croyances de nature similaire, de votre appartenance \u00e0 un syndicat, de votre \u00e9tat de sant\u00e9 physique ou mental, de votre vie sexuelle, de la commission ou de la commission pr\u00e9sum\u00e9e par vous d&#8217;une infraction et de toute proc\u00e9dure relative \u00e0 une infraction commise ou pr\u00e9sum\u00e9e avoir \u00e9t\u00e9 commise par vous, de l&#8217;issue d&#8217;une telle proc\u00e9dure ou de la sentence prononc\u00e9e par un tribunal dans le cadre d&#8217;une telle proc\u00e9dure.  <\/p>\n<p>Nous pouvons contr\u00f4ler l&#8217;utilisation que vous faites de ce site web en utilisant des cookies et des dispositifs de suivi similaires. Par exemple, nous pouvons contr\u00f4ler le nombre de fois que vous visitez le site web, les pages que vous consultez, les donn\u00e9es relatives au trafic, les donn\u00e9es de localisation et le nom de domaine d&#8217;origine du fournisseur d&#8217;acc\u00e8s \u00e0 internet d&#8217;un utilisateur. Ces informations nous aident \u00e0 \u00e9tablir un profil de nos utilisateurs. Certaines de ces donn\u00e9es seront agr\u00e9g\u00e9es ou statistiques, ce qui signifie que nous ne pourrons pas vous identifier individuellement. Veuillez consulter la section sur l&#8217;<b>utilisation des cookies<\/b> ci-dessous.    <\/p>\n<p>Occasionnellement, nous pouvons recevoir des informations vous concernant de la part d&#8217;autres sources (telles que nos repr\u00e9sentants mondiaux), que nous ajouterons aux informations que nous d\u00e9tenons d\u00e9j\u00e0 \u00e0 votre sujet pour nous aider \u00e0 am\u00e9liorer et \u00e0 personnaliser le service que nous vous offrons.<\/p>\n<p><b>Comment nous utilisons vos donn\u00e9es personnelles<\/b><\/p>\n<p>Nous utiliserons vos donn\u00e9es personnelles aux fins d\u00e9crites dans l&#8217;avis de protection des donn\u00e9es qui vous a \u00e9t\u00e9 remis lors de la collecte de vos donn\u00e9es. Ces finalit\u00e9s sont les suivantes : <\/p>\n<ul>\n<li>pour nous aider \u00e0 vous identifier et \u00e0 identifier les comptes que vous d\u00e9tenez chez nous ;<\/li>\n<li>l&#8217;administration ;<\/li>\n<li>la recherche, l&#8217;analyse statistique et l&#8217;analyse comportementale ;<\/li>\n<li>le profilage des clients et l&#8217;analyse de vos pr\u00e9f\u00e9rences d&#8217;achat ;<\/li>\n<li>marketing &#8211; voir <b>Marketing et refus de participer<\/b> ci-dessous ;<\/li>\n<li>la pr\u00e9vention et la d\u00e9tection de la fraude ;<\/li>\n<li>la facturation et l&#8217;ex\u00e9cution des commandes ;<\/li>\n<li>adapter ce site web et son contenu \u00e0 vos pr\u00e9f\u00e9rences particuli\u00e8res ;<\/li>\n<li>pour vous informer de toute modification de ce site web ou de nos services susceptible de vous concerner ;<\/li>\n<li>le contr\u00f4le de s\u00e9curit\u00e9 ; et<\/li>\n<li>am\u00e9liorer nos services.<\/li>\n<\/ul>\n<p>Nos employ\u00e9s, repr\u00e9sentants mondiaux, agents et partenaires commerciaux auront acc\u00e8s \u00e0 vos donn\u00e9es personnelles. Nous sommes en mesure de vous fournir les coordonn\u00e9es de nos repr\u00e9sentants mondiaux, agents et partenaires commerciaux sur demande \u00e9crite. Vous trouverez nos coordonn\u00e9es \u00e0 la fin de ce document.  <\/p>\n<p><b>Marketing et opt-out<\/b><\/p>\n<p>Nous pouvons partager vos donn\u00e9es personnelles avec des organisations qui sont nos partenaires commerciaux, et eux ou nous pouvons vous contacter (sauf si vous leur avez demand\u00e9 ou nous avons demand\u00e9 de ne pas le faire) par courrier, t\u00e9l\u00e9phone et courriel au sujet de nos services, promotions et offres sp\u00e9ciales qui peuvent vous int\u00e9resser. Si vous pr\u00e9f\u00e9rez ne plus recevoir de communications de marketing direct de la part de nos partenaires commerciaux ou de nous-m\u00eames, vous pouvez vous d\u00e9sinscrire \u00e0 tout moment. Voir la rubrique <b>Vos droits<\/b> ci-dessous.  <\/p>\n<p><b>Divulgation de vos donn\u00e9es personnelles<\/b><\/p>\n<p>Nous pouvons divulguer vos donn\u00e9es personnelles \u00e0 :<\/p>\n<ul>\n<li>d&#8217;autres entreprises de notre groupe ;<\/li>\n<li>nos agents et prestataires de services (par exemple, les repr\u00e9sentants mondiaux, les fournisseurs de services d&#8217;h\u00e9bergement ou de maintenance) ;<\/li>\n<li>les organismes charg\u00e9s de l&#8217;application de la loi dans le cadre de toute enqu\u00eate visant \u00e0 pr\u00e9venir les activit\u00e9s ill\u00e9gales ; et<\/li>\n<li>nos partenaires commerciaux, conform\u00e9ment \u00e0 la section &#8221; <b>Marketing et retrait&#8221;<\/b> ci-dessus<\/li>\n<\/ul>\n<p><b>Pr\u00e9server la s\u00e9curit\u00e9 de vos donn\u00e9es<\/b><\/p>\n<p>Nous utiliserons des mesures techniques et organisationnelles pour prot\u00e9ger vos donn\u00e9es \u00e0 caract\u00e8re personnel ; par exemple, nous stockons vos donn\u00e9es \u00e0 caract\u00e8re personnel sur des serveurs s\u00e9curis\u00e9s.<\/p>\n<p>Bien que nous fassions tous les efforts raisonnables pour prot\u00e9ger vos donn\u00e9es personnelles, vous reconnaissez que l&#8217;utilisation de l&#8217;internet n&#8217;est pas enti\u00e8rement s\u00fbre. C&#8217;est pourquoi nous ne pouvons pas garantir la s\u00e9curit\u00e9 ou l&#8217;int\u00e9grit\u00e9 des donn\u00e9es \u00e0 caract\u00e8re personnel qui sont transf\u00e9r\u00e9es de vous ou vers vous via l&#8217;internet. <\/p>\n<p><b>Contr\u00f4le<\/b><\/p>\n<p>Nous pouvons contr\u00f4ler et enregistrer les communications avec vous (telles que les conversations t\u00e9l\u00e9phoniques et les courriels) \u00e0 des fins d&#8217;assurance qualit\u00e9, de formation, de pr\u00e9vention de la fraude et de conformit\u00e9.<\/p>\n<p><b>Informations sur d&#8217;autres personnes<\/b><\/p>\n<p>Si vous nous communiquez des informations au nom de quelqu&#8217;un d&#8217;autre, vous confirmez que cette personne vous a d\u00e9sign\u00e9 pour agir en son nom et qu&#8217;elle a accept\u00e9 que vous le fassiez :<\/p>\n<ul>\n<li>de consentir en son nom au traitement de ses donn\u00e9es \u00e0 caract\u00e8re personnel ;<\/li>\n<li>recevoir en son nom tout avis relatif \u00e0 la protection des donn\u00e9es ;<\/li>\n<li>donner son consentement au transfert de ses donn\u00e9es personnelles \u00e0 l&#8217;\u00e9tranger ; et<\/li>\n<li>donner son consentement au traitement de ses donn\u00e9es personnelles sensibles.<\/li>\n<\/ul>\n<p><b>Utilisation de cookies<\/b><\/p>\n<p>Un cookie est un petit fichier texte plac\u00e9 sur votre ordinateur (ou d&#8217;autres appareils \u00e9lectroniques) lorsque vous acc\u00e9dez \u00e0 notre site web. Nous utilisons des cookies sur ce site web pour : <\/p>\n<ul>\n<li>vous reconna\u00eetre \u00e0 chaque fois que vous visitez ce site web (ce qui acc\u00e9l\u00e8re votre acc\u00e8s au site) ;<\/li>\n<li>obtenir des informations sur vos pr\u00e9f\u00e9rences, vos d\u00e9placements en ligne et votre utilisation de l&#8217;internet ;<\/li>\n<li>effectuer des recherches et des analyses statistiques afin d&#8217;am\u00e9liorer notre contenu et nos services et de nous aider \u00e0 mieux comprendre les besoins et les int\u00e9r\u00eats de nos clients ; et<\/li>\n<li>cibler plus efficacement nos campagnes de marketing et de publicit\u00e9 et celles de nos partenaires en fournissant des publicit\u00e9s bas\u00e9es sur les centres d&#8217;int\u00e9r\u00eat qui sont personnalis\u00e9es en fonction de vos centres d&#8217;int\u00e9r\u00eat ; et<\/li>\n<li>rendre votre exp\u00e9rience en ligne plus efficace et plus agr\u00e9able.<\/li>\n<\/ul>\n<p>Les informations que nous obtenons gr\u00e2ce \u00e0 l&#8217;utilisation de cookies ne contiennent g\u00e9n\u00e9ralement pas vos donn\u00e9es personnelles, bien que nous puissions obtenir des informations sur votre ordinateur ou d&#8217;autres appareils \u00e9lectroniques, telles que votre adresse IP, votre navigateur et\/ou d&#8217;autres informations de connexion \u00e0 l&#8217;internet. En g\u00e9n\u00e9ral, ces informations ne vous identifient pas personnellement. Dans certaines circonstances, nous pouvons collecter des informations personnelles vous concernant, mais uniquement lorsque vous les fournissez volontairement (par exemple en remplissant un formulaire en ligne) ou lorsque vous nous achetez des services<b>.<\/b>  <\/p>\n<p>Dans la plupart des cas, nous aurons besoin de votre consentement pour utiliser des cookies sur ce site web. L&#8217;exception est lorsque le cookie est essentiel pour que nous puissions vous fournir un service que vous avez demand\u00e9. <\/p>\n<p><b>Consentement (notification sur la page d&#8217;accueil)<\/b><\/p>\n<p>Sur notre page d&#8217;accueil, un avis d\u00e9crit la mani\u00e8re dont nous utilisons les cookies et fournit un lien vers notre politique de confidentialit\u00e9 et notre politique en mati\u00e8re de cookies. Si vous utilisez ce site web apr\u00e8s que cette notification vous a \u00e9t\u00e9 affich\u00e9e, nous supposerons que vous consentez \u00e0 ce que nous utilisions des cookies aux fins d\u00e9crites dans cette politique de confidentialit\u00e9 et cette politique en mati\u00e8re de cookies. <\/p>\n<p><b>Cookies de tiers<\/b><\/p>\n<p>Nous travaillons avec des fournisseurs tiers qui peuvent \u00e9galement placer des cookies sur notre site web, par exemple Facebook, Twitter, Instagram, YouTube et Adobe Flashplayer, que nous utilisons pour afficher du contenu vid\u00e9o. Ces fournisseurs tiers sont responsables des cookies qu&#8217;ils installent sur notre site. Si vous souhaitez obtenir de plus amples informations, veuillez consulter le site web du tiers concern\u00e9.  <\/p>\n<p><b>Comment d\u00e9sactiver les cookies<\/b><\/p>\n<p>Si vous ne souhaitez pas accepter les cookies, vous pouvez modifier les param\u00e8tres de votre navigateur de mani\u00e8re \u00e0 ce que les cookies ne soient pas accept\u00e9s. Dans ce cas, sachez que vous risquez de perdre certaines fonctionnalit\u00e9s de ce site web. Pour de plus amples informations sur les cookies et la mani\u00e8re de les d\u00e9sactiver, veuillez consulter www.aboutcookies.org ou www.allaboutcookies.org.  <\/p>\n<p><b>Transferts de donn\u00e9es \u00e0 caract\u00e8re personnel hors de l&#8217;EEE<\/b><\/p>\n<p>Lorsque vous vous inscrivez \u00e0 notre lettre d&#8217;information, que vous devenez membre de ce site web, que vous soumettez un formulaire ou que vous partagez vos donn\u00e9es personnelles lorsque vous \u00eates en contact avec nous, vous acceptez que nous transf\u00e9rions vos donn\u00e9es personnelles vers des pays situ\u00e9s en dehors de l&#8217;Espace \u00e9conomique europ\u00e9en. Soyez assur\u00e9 que nous veillerons toujours \u00e0 ce que tout transfert fasse l&#8217;objet de mesures de s\u00e9curit\u00e9 appropri\u00e9es pour prot\u00e9ger vos donn\u00e9es personnelles. <\/p>\n<p><b>Vos droits<\/b><\/p>\n<p>Vous avez le droit, moyennant le paiement d&#8217;une somme modique (actuellement 10 \u00a3), de demander l&#8217;acc\u00e8s aux donn\u00e9es personnelles que nous pouvons traiter \u00e0 votre sujet. Si vous souhaitez exercer ce droit, vous devez : <\/p>\n<ul>\n<li>formuler votre demande par \u00e9crit ;<\/li>\n<li>inclure une preuve de votre identit\u00e9 et de votre adresse (par exemple, une copie de votre permis de conduire ou de votre passeport, ainsi qu&#8217;une facture r\u00e9cente d&#8217;un service public ou d&#8217;une carte de cr\u00e9dit) ;<\/li>\n<li>Virer le montant de 10 \u00a3 sur notre compte bancaire que nous vous communiquerons par \u00e9crit ; et<\/li>\n<li>pr\u00e9cisez les donn\u00e9es personnelles auxquelles vous souhaitez acc\u00e9der, y compris les num\u00e9ros de compte ou de r\u00e9f\u00e9rence, le cas \u00e9ch\u00e9ant.<\/li>\n<\/ul>\n<p>Vous avez le droit de nous demander de corriger gratuitement toute inexactitude dans vos donn\u00e9es. Si vous souhaitez exercer ce droit, vous devez : <\/p>\n<ul>\n<li>formuler votre demande par \u00e9crit ;<\/li>\n<li>nous fournir suffisamment d&#8217;informations pour vous identifier (par exemple, votre num\u00e9ro de compte, votre nom d&#8217;utilisateur, vos donn\u00e9es d&#8217;enregistrement) ; et<\/li>\n<li>pr\u00e9cisez les informations incorrectes et ce par quoi elles doivent \u00eatre remplac\u00e9es.<\/li>\n<\/ul>\n<p>Vous avez \u00e9galement le droit de nous demander de cesser de traiter vos donn\u00e9es \u00e0 caract\u00e8re personnel \u00e0 des fins de marketing direct. Si vous souhaitez exercer ce droit, vous devez : <\/p>\n<ul>\n<li>formuler votre demande par \u00e9crit (un courriel envoy\u00e9 \u00e0 <a href=\"mailto:info@regenesishealth.co.uk\">info@regenesishealth.co.uk<\/a> avec un en-t\u00eate indiquant &#8220;Se d\u00e9sinscrire&#8221; est acceptable) ;<\/li>\n<li>nous fournir suffisamment d&#8217;informations pour vous identifier (par exemple, votre num\u00e9ro de compte, votre nom d&#8217;utilisateur, vos donn\u00e9es d&#8217;enregistrement) ; et<\/li>\n<li>si votre objection ne porte pas sur le marketing direct en g\u00e9n\u00e9ral, mais sur le marketing direct par un canal particulier (par exemple, le courrier \u00e9lectronique ou le t\u00e9l\u00e9phone), veuillez pr\u00e9ciser le canal auquel vous vous opposez.<\/li>\n<\/ul>\n<p>Vous avez le droit de nous demander de supprimer d\u00e9finitivement vos donn\u00e9es personnelles. Si vous souhaitez exercer ce droit, vous devez : <\/p>\n<ul>\n<li>faites votre demande par \u00e9crit (un courriel envoy\u00e9 \u00e0 <a href=\"mailto:info@vialight.co.uk\">info@regenesishealth.co.uk<\/a> avec un en-t\u00eate indiquant &#8220;Supprimer mes donn\u00e9es personnelles&#8221; est acceptable).<\/li>\n<\/ul>\n<p><b>Nos coordonn\u00e9es<\/b><\/p>\n<p>Vos commentaires et vos questions sont les bienvenus. Si vous souhaitez nous contacter, n&#8217;h\u00e9sitez pas \u00e0 le faire ; <\/p>\n<p>envoyez un courriel \u00e0 <a href=\"mailto:info@vialight.co.uk\">info@regenesishealth.co.uk<\/a> ou<span class=\"Apple-converted-space\"> <\/span><\/p>\n<p>Vous pouvez nous \u00e9crire \u00e0 l&#8217;adresse suivante : 8 Bridge Street, Old Red Lion Court, Stratford-Upon-Avon, Angleterre, CV37 6AB<span class=\"Apple-converted-space\">  <\/span>ou<span class=\"Apple-converted-space\"> <\/span><\/p>\n<p>appelez-nous au +44 1789296561.<\/p>\n<p>Nous pouvons modifier cette politique de temps \u00e0 autre. Nous vous conseillons de consulter cette politique de temps en temps pour vous assurer que vous \u00eates au courant de la version la plus r\u00e9cente qui s&#8217;appliquera chaque fois que vous acc\u00e9derez \u00e0 ce site web. <\/p>\n<p>[\/vc_column_text][vc_empty_space height=&#8221;64px&#8221;][\/vc_column][\/vc_row]<\/p>","protected":false},"excerpt":{"rendered":"<p>[vc_row][vc_column][vc_column_text] POLITIQUE DE CONFIDENTIALIT\u00c9 ET POLITIQUE EN MATI\u00c8RE DE COOKIES DERNI\u00c8RE MISE \u00c0 JOUR : 24 JUILLET 2023 Nous vous demandons de lire attentivement la pr\u00e9sente politique de confidentialit\u00e9 et de cookies (la&#8220;politique&#8220;), car elle contient des informations essentielles sur [&hellip;]<\/p>\n","protected":false},"author":1,"featured_media":0,"parent":0,"menu_order":0,"comment_status":"closed","ping_status":"open","template":"","meta":{"footnotes":""},"class_list":["post-18824","page","type-page","status-publish","hentry"],"_links":{"self":[{"href":"https:\/\/regenesishealth.co.uk\/fr\/wp-json\/wp\/v2\/pages\/18824"}],"collection":[{"href":"https:\/\/regenesishealth.co.uk\/fr\/wp-json\/wp\/v2\/pages"}],"about":[{"href":"https:\/\/regenesishealth.co.uk\/fr\/wp-json\/wp\/v2\/types\/page"}],"author":[{"embeddable":true,"href":"https:\/\/regenesishealth.co.uk\/fr\/wp-json\/wp\/v2\/users\/1"}],"replies":[{"embeddable":true,"href":"https:\/\/regenesishealth.co.uk\/fr\/wp-json\/wp\/v2\/comments?post=18824"}],"version-history":[{"count":0,"href":"https:\/\/regenesishealth.co.uk\/fr\/wp-json\/wp\/v2\/pages\/18824\/revisions"}],"wp:attachment":[{"href":"https:\/\/regenesishealth.co.uk\/fr\/wp-json\/wp\/v2\/media?parent=18824"}],"curies":[{"name":"wp","href":"https:\/\/api.w.org\/{rel}","templated":true}]}}