{"id":14820,"date":"2022-06-05T12:37:29","date_gmt":"2022-06-05T11:37:29","guid":{"rendered":"https:\/\/regenesishealth.co.uk\/finance\/"},"modified":"2025-03-18T18:13:35","modified_gmt":"2025-03-18T18:13:35","slug":"finance","status":"publish","type":"page","link":"https:\/\/regenesishealth.co.uk\/fr\/finance\/","title":{"rendered":"Finance"},"content":{"rendered":"<p>[vc_row content_placement=&#8221;top&#8221; row_content_width=&#8221;grid&#8221; content_text_aligment=&#8221;center&#8221;][vc_column][vc_single_image image=&#8221;11675&#8243; img_size=&#8221;full&#8221; alignment=&#8221;center&#8221;][vc_empty_space height=&#8221;66px&#8221;][vc_column_text]<\/p>\n<h1 style=\"text-align: center;\">Options de financement disponibles!<\/h1>\n<p>[\/vc_column_text][vc_empty_space height=&#8221;32&#8243;][vc_column_text]Regenesis Health Travel propose des plans de paiement abordables vous permettant de r\u00e9partir le co\u00fbt de votre traitement. Cela signifie que vous pouvez payer le traitement que vous souhaitez sur une p\u00e9riode de temps qui vous convient. Cela semble int\u00e9ressant, n&#8217;est-ce pas? Cliquez pour plus d&#8217;informations.   [\/vc_column_text][vc_empty_space height=&#8221;66px&#8221;]<a itemprop=\"url\" href=\"https:\/\/financemybeauty.com\/regenesis\/\" target=\"_blank\" class=\"mkdf-btn mkdf-btn-medium mkdf-btn-solid mkdf-btn-solid-dark\" rel=\"noopener\">\n    <span class=\"mkdf-btn-text\">Inspire moi<\/span>\n    <span class=\"mkdf-btn-icon-holder\">\n        <span class=\"mkdf-btn-icon-normal\" ><\/span>\n        <span class=\"mkdf-btn-icon-flip\" ><\/span>\n    <\/span>\n<\/a>[vc_empty_space height=&#8221;99px&#8221;][\/vc_column][\/vc_row]<\/p>\n","protected":false},"excerpt":{"rendered":"<p>[vc_row content_placement=&#8221;top&#8221; row_content_width=&#8221;grid&#8221; content_text_aligment=&#8221;center&#8221;][vc_column][vc_single_image image=&#8221;11675&#8243; img_size=&#8221;full&#8221; alignment=&#8221;center&#8221;][vc_empty_space height=&#8221;66px&#8221;][vc_column_text] Options de financement disponibles! [\/vc_column_text][vc_empty_space height=&#8221;32&#8243;][vc_column_text]Regenesis Health Travel propose des plans de paiement abordables vous permettant de r\u00e9partir le co\u00fbt de votre traitement. Cela signifie que vous pouvez payer le traitement que [&hellip;]<\/p>\n","protected":false},"author":1,"featured_media":0,"parent":0,"menu_order":0,"comment_status":"closed","ping_status":"closed","template":"","meta":{"footnotes":""},"class_list":["post-14820","page","type-page","status-publish","hentry"],"_links":{"self":[{"href":"https:\/\/regenesishealth.co.uk\/fr\/wp-json\/wp\/v2\/pages\/14820"}],"collection":[{"href":"https:\/\/regenesishealth.co.uk\/fr\/wp-json\/wp\/v2\/pages"}],"about":[{"href":"https:\/\/regenesishealth.co.uk\/fr\/wp-json\/wp\/v2\/types\/page"}],"author":[{"embeddable":true,"href":"https:\/\/regenesishealth.co.uk\/fr\/wp-json\/wp\/v2\/users\/1"}],"replies":[{"embeddable":true,"href":"https:\/\/regenesishealth.co.uk\/fr\/wp-json\/wp\/v2\/comments?post=14820"}],"version-history":[{"count":2,"href":"https:\/\/regenesishealth.co.uk\/fr\/wp-json\/wp\/v2\/pages\/14820\/revisions"}],"predecessor-version":[{"id":18806,"href":"https:\/\/regenesishealth.co.uk\/fr\/wp-json\/wp\/v2\/pages\/14820\/revisions\/18806"}],"wp:attachment":[{"href":"https:\/\/regenesishealth.co.uk\/fr\/wp-json\/wp\/v2\/media?parent=14820"}],"curies":[{"name":"wp","href":"https:\/\/api.w.org\/{rel}","templated":true}]}}