{"id":14807,"date":"2020-10-27T10:29:06","date_gmt":"2020-10-27T10:29:06","guid":{"rendered":"https:\/\/regenesishealth.co.uk\/greffe-de-cheveux\/"},"modified":"2025-09-11T19:33:41","modified_gmt":"2025-09-11T18:33:41","slug":"greffe-de-cheveux","status":"publish","type":"page","link":"https:\/\/regenesishealth.co.uk\/fr\/greffe-de-cheveux\/","title":{"rendered":"Greffe de Cheveux"},"content":{"rendered":"<p>[vc_row full_width=&#8221;stretch_row_content_no_spaces&#8221; content_placement=&#8221;top&#8221; content_text_aligment=&#8221;center&#8221;][vc_column][vc_single_image image=&#8221;15403&#8243; img_size=&#8221;Full&#8221; alignment=&#8221;center&#8221; css_animation=&#8221;none&#8221;][\/vc_column][\/vc_row][vc_row css=&#8221;.vc_custom_1705527212946{margin-top: 66px !important;}&#8221;][vc_column][vc_column_text]<\/p>\n<h1 style=\"text-align: center;\">Greffe de Cheveux<\/h1>\n<h2 style=\"text-align: center;\">Obtenez un aspect naturel gr\u00e2ce \u00e0 nos techniques modernes de greffe de cheveux<\/h2>\n<p>[\/vc_column_text][vc_empty_space][vc_column_text]La perte de cheveux est un probl\u00e8me important qui commence \u00e0 un \u00e2ge pr\u00e9coce aujourd&#8217;hui. Le probl\u00e8me de la chute des cheveux, que l&#8217;on observe g\u00e9n\u00e9ralement chez les hommes \u00e0 partir de l&#8217;\u00e2ge de vingt ans, peut \u00e9galement \u00eatre observ\u00e9 chez les femmes dans certains cas. La perte de cheveux, qui commence par un amincissement des cheveux et une r\u00e9gression de la ligne frontale, peut \u00eatre due \u00e0 des causes g\u00e9n\u00e9tiques chez les hommes et \u00e0 des causes hormonales, ainsi qu&#8217;\u00e0 certaines maladies chez les femmes. Les personnes qui se plaignent d&#8217;une chute de cheveux doivent d&#8217;abord passer un examen de sant\u00e9 afin de d\u00e9terminer s&#8217;il existe des probl\u00e8mes de sant\u00e9 \u00e0 l&#8217;origine de la chute de cheveux. Si des probl\u00e8mes de sant\u00e9 susceptibles d&#8217;entra\u00eener une perte de cheveux, tels que des carences en vitamines et min\u00e9raux et des probl\u00e8mes hormonaux, sont d\u00e9tect\u00e9s, un traitement doit d&#8217;abord \u00eatre appliqu\u00e9, puis une greffe de cheveux peut \u00eatre effectu\u00e9e si n\u00e9cessaire. Une greffe de cheveux peut \u00eatre effectu\u00e9e si la chute se poursuit apr\u00e8s l&#8217;application des traitements n\u00e9cessaires ou s&#8217;il existe des ouvertures dans les cheveux qui ne peuvent pas \u00eatre am\u00e9lior\u00e9es. Pour en savoir plus sur la greffe de cheveux, consultez le site <a href=\"https:\/\/en.wikipedia.org\/wiki\/Hair_transplantation\" target=\"_blank\" rel=\"noopener\">https:\/\/en.wikipedia.org\/wiki\/Hair_transplantation<\/a>.     <\/p>\n<p>De plus, si vous vous interrogez sur la chirurgie plastique et en savoir plus, vous pouvez lire ; <a href=\"https:\/\/regenesishealth.co.uk\/plastic-surgery\/\" target=\"_blank\" rel=\"noopener\">https:\/\/regenesishealth.co.uk\/plastic-surgery\/<\/a><\/p>\n<p>Aujourd&#8217;hui, la transplantation de cheveux au-del\u00e0 de 22 ans est consid\u00e9r\u00e9e comme appropri\u00e9e si le besoin s&#8217;en fait sentir. C&#8217;est pourquoi la greffe de cheveux peut \u00eatre r\u00e9alis\u00e9e facilement pour toutes les personnes \u00e2g\u00e9es de plus de 22 ans qui ont des probl\u00e8mes de perte de cheveux. Vous pouvez nous demander tout ce que vous voulez savoir sur la greffe de cheveux \u00e0 l&#8217;adresse <a href=\"https:\/\/regenesishealth.co.uk\/contact-us\/\" target=\"_blank\" rel=\"noopener\">https:\/\/regenesishealth.co.uk\/contact-us\/<\/a>.  [\/vc_column_text][vc_empty_space height=&#8221;33&#8243;][\/vc_column][\/vc_row][vc_row][vc_column][vc_separator border_width=&#8221;2&#8243;][\/vc_column][\/vc_row][vc_row content_placement=&#8221;middle&#8221; css=&#8221;.vc_custom_1705511476978{margin-top: 33px !important;}&#8221;][vc_column width=&#8221;1\/2&#8243;][vc_column_text]<\/p>\n<h2 style=\"font-weight: 400;\">Analyse des cheveux<\/h2>\n<p style=\"font-weight: 400;\">Nos experts travailleront avec vous pour diagnostiquer la cause de votre perte de cheveux. Vous pouvez nous faire confiance pour trouver les meilleures solutions \u00e0 la perte de cheveux afin de vous aider \u00e0 retrouver une chevelure abondante ! Cette analyse simple permet de mesurer la gravit\u00e9 de la perte de cheveux. Lors d&#8217;un test de traction, un expert saisit de petites sections de cheveux, environ 40 m\u00e8ches, \u00e0 diff\u00e9rents endroits du cuir chevelu et les tire doucement. Si six m\u00e8ches ou plus tombent, vous souffrez d&#8217;une perte de cheveux active.    <\/p>\n<p>[\/vc_column_text][vc_empty_space height=&#8221;16px&#8221;][\/vc_column][vc_column width=&#8221;1\/2&#8243;][vc_single_image image=&#8221;15303&#8243; img_size=&#8221;&#8221; alignment=&#8221;center&#8221; css_animation=&#8221;fadeInRight&#8221;][\/vc_column][\/vc_row][vc_row][vc_column][vc_separator css=&#8221;.vc_custom_1665060669567{padding-top: 16px !important;padding-bottom: 16px !important;}&#8221;][\/vc_column][\/vc_row][vc_row content_placement=&#8221;middle&#8221; content_text_aligment=&#8221;left&#8221; css=&#8221;.vc_custom_1705528213555{margin-top: 33px !important;}&#8221;][vc_column width=&#8221;1\/2&#8243;][vc_single_image image=&#8221;15310&#8243; img_size=&#8221;&#8221; alignment=&#8221;center&#8221; css_animation=&#8221;fadeInLeft&#8221;][vc_empty_space height=&#8221;16px&#8221;][\/vc_column][vc_column width=&#8221;1\/2&#8243;][vc_column_text]<\/p>\n<p style=\"font-weight: 400;\"><strong>GREFFE DE CHEVEUX SAPHIR FUE<\/strong><\/p>\n<p style=\"font-weight: 400;\">Cette technique est une proc\u00e9dure qui peut \u00eatre r\u00e9alis\u00e9e en une seule s\u00e9ance et qui permet d&#8217;obtenir des r\u00e9sultats permanents. Le fait que la m\u00e9thode permette une plantation plus fr\u00e9quente permet d&#8217;obtenir d&#8217;excellents r\u00e9sultats dans des zones \u00e9troites. <\/p>\n<p>[\/vc_column_text][\/vc_column][\/vc_row][vc_row][vc_column][vc_separator css=&#8221;.vc_custom_1665060687833{padding-top: 16px !important;padding-bottom: 16px !important;}&#8221;][\/vc_column][\/vc_row][vc_row content_placement=&#8221;middle&#8221; css=&#8221;.vc_custom_1705511486595{margin-top: 33px !important;}&#8221;][vc_column width=&#8221;1\/2&#8243;][vc_column_text]<\/p>\n<p style=\"font-weight: 400;\"><strong>GREFFE DE CHEVEUX DHI<\/strong><\/p>\n<p style=\"font-weight: 400;\">La technique DHI appliqu\u00e9e avec le stylo implanteur est une application de transplantation capillaire directe. Bien qu&#8217;elle soit essentiellement bas\u00e9e sur la technique FUE, la transplantation capillaire DHI est partiellement consid\u00e9r\u00e9e comme une nouvelle technique de transplantation capillaire. La plus grande diff\u00e9rence avec la FUE est que dans la transplantation capillaire DHI, il n&#8217;est pas n\u00e9cessaire d&#8217;ouvrir le canal avant de transplanter les follicules pileux.  <\/p>\n<p>[\/vc_column_text][vc_empty_space height=&#8221;16px&#8221;][\/vc_column][vc_column width=&#8221;1\/2&#8243;][vc_single_image image=&#8221;15317&#8243; img_size=&#8221;&#8221; alignment=&#8221;center&#8221; css_animation=&#8221;fadeInRight&#8221;][\/vc_column][\/vc_row][vc_row][vc_column][vc_separator css=&#8221;.vc_custom_1665060694583{padding-top: 16px !important;padding-bottom: 16px !important;}&#8221;][\/vc_column][\/vc_row][vc_row content_placement=&#8221;middle&#8221; css=&#8221;.vc_custom_1705528262437{margin-top: 33px !important;}&#8221;][vc_column width=&#8221;1\/2&#8243;][vc_single_image image=&#8221;15323&#8243; img_size=&#8221;&#8221; alignment=&#8221;center&#8221; css_animation=&#8221;fadeInLeft&#8221;][vc_empty_space height=&#8221;16px&#8221;][\/vc_column][vc_column width=&#8221;1\/2&#8243;][vc_column_text]<\/p>\n<p style=\"font-weight: 400;\"><strong>GREFFE DE CHEVEUX DE BARBE<\/strong><\/p>\n<p style=\"font-weight: 400;\">Avec des ann\u00e9es de r\u00e9sultats prouv\u00e9s, les greffes de barbe sont le moyen le plus efficace de cr\u00e9er une nouvelle pousse de poils sur le visage. Elles utilisent vos propres cheveux pour cr\u00e9er des r\u00e9sultats r\u00e9alistes. En outre, l&#8217;op\u00e9ration et le processus de gu\u00e9rison sont relativement rapides et pratiquement indolores.  <\/p>\n<p>[\/vc_column_text][\/vc_column][\/vc_row][vc_row][vc_column][vc_separator css=&#8221;.vc_custom_1665060700932{padding-top: 16px !important;padding-bottom: 16px !important;}&#8221;][\/vc_column][\/vc_row][vc_row content_placement=&#8221;middle&#8221; css=&#8221;.vc_custom_1705528268836{margin-top: 33px !important;}&#8221;][vc_column width=&#8221;1\/2&#8243;][vc_column_text]<\/p>\n<p style=\"font-weight: 400;\"><strong>TRAITEMENT PRP<\/strong><\/p>\n<p style=\"font-weight: 400;\">Les plaquettes sont un composant du sang, au m\u00eame titre que les globules rouges et les globules blancs. Lorsqu&#8217;une personne subit une coupure ou une blessure, les plaquettes font partie des &#8220;premiers intervenants&#8221; de l&#8217;organisme qui interviennent pour arr\u00eater l&#8217;h\u00e9morragie et favoriser la cicatrisation. Pour produire du PRP, un professionnel de la sant\u00e9 pr\u00e9l\u00e8ve un \u00e9chantillon de sang et le place dans une machine appel\u00e9e centrifugeuse. Cette machine tourne \u00e0 une vitesse rapide, ce qui permet de s\u00e9parer les composants du sang. Le professionnel m\u00e9dical extrait ensuite les plaquettes pour les injecter. Les m\u00e9decins utilisent g\u00e9n\u00e9ralement ce traitement lorsque les cheveux r\u00e9sultent d&#8217;une alop\u00e9cie, une affection courante qui entra\u00eene le r\u00e9tr\u00e9cissement des follicules pileux. Bien que la PRP soit une approche relativement nouvelle, certaines preuves scientifiques sugg\u00e8rent qu&#8217;elle peut favoriser la croissance des cheveux.      <\/p>\n<p>[\/vc_column_text][vc_empty_space height=&#8221;16px&#8221;][\/vc_column][vc_column width=&#8221;1\/2&#8243;][vc_single_image image=&#8221;15329&#8243; img_size=&#8221;&#8221; alignment=&#8221;center&#8221; css_animation=&#8221;fadeInRight&#8221;][\/vc_column][\/vc_row][vc_row][vc_column][vc_separator css=&#8221;.vc_custom_1665060700932{padding-top: 16px !important;padding-bottom: 16px !important;}&#8221;][\/vc_column][\/vc_row][vc_row content_placement=&#8221;middle&#8221; css=&#8221;.vc_custom_1705528274082{margin-top: 33px !important;}&#8221;][vc_column width=&#8221;1\/2&#8243;][vc_single_image image=&#8221;15334&#8243; img_size=&#8221;&#8221; alignment=&#8221;center&#8221; css_animation=&#8221;fadeInLeft&#8221;][vc_empty_space height=&#8221;16px&#8221;][\/vc_column][vc_column width=&#8221;1\/2&#8243;][vc_column_text]<\/p>\n<p style=\"font-weight: 400;\"><strong>M\u00c9SOTH\u00c9RAPIE CAPILLAIRE<\/strong><\/p>\n<p style=\"font-weight: 400;\">La m\u00e9soth\u00e9rapie capillaire est une m\u00e9thode de traitement qui consiste \u00e0 injecter dans le cuir chevelu les vitamines, les min\u00e9raux et les m\u00e9langes d&#8217;acides amin\u00e9s n\u00e9cessaires aux cheveux. Cette m\u00e9thode permet aux composants qui nourrissent les follicules pileux de se fixer dans les cheveux. Cette m\u00e9thode permet de traiter la chute des cheveux en \u00e9paississant les cheveux clairsem\u00e9s, en stoppant la chute et en rendant les cheveux plus forts et plus brillants.  <\/p>\n<p>[\/vc_column_text][\/vc_column][\/vc_row][vc_row][vc_column][vc_separator css=&#8221;.vc_custom_1665060700932{padding-top: 16px !important;padding-bottom: 16px !important;}&#8221;][\/vc_column][\/vc_row][vc_row content_placement=&#8221;middle&#8221; css=&#8221;.vc_custom_1705528278952{margin-top: 33px !important;}&#8221;][vc_column width=&#8221;1\/2&#8243;][vc_column_text]<\/p>\n<p style=\"font-weight: 400;\"><strong>SIMULATION DE CHEVEUX<\/strong><\/p>\n<p style=\"font-weight: 400;\">La simulation capillaire est une technique appliqu\u00e9e \u00e0 la peau de la t\u00eate lorsqu&#8217;elle est jug\u00e9e n\u00e9cessaire dans les cas de perte partielle de cheveux. Elle est appliqu\u00e9e pour donner une apparence esth\u00e9tique \u00e0 la perte r\u00e9gionale de cheveux qui se produit en raison de maladies de la peau comme l&#8217;alop\u00e9cie, d&#8217;accidents et de blessures traumatiques ou de facteurs g\u00e9n\u00e9tiques. C&#8217;est \u00e9galement la technique la plus id\u00e9ale pour combler les espaces vides sur la peau de la t\u00eate apr\u00e8s une greffe de cheveux.  <\/p>\n<p>[\/vc_column_text][vc_empty_space height=&#8221;16px&#8221;][\/vc_column][vc_column width=&#8221;1\/2&#8243;][vc_single_image image=&#8221;15340&#8243; img_size=&#8221;&#8221; alignment=&#8221;center&#8221; css_animation=&#8221;fadeInRight&#8221;][\/vc_column][\/vc_row][vc_row][vc_column][vc_separator border_width=&#8221;2&#8243;][\/vc_column][\/vc_row][vc_row][vc_column][vc_empty_space height=&#8221;60px&#8221;][\/vc_column][\/vc_row][vc_row content_placement=&#8221;middle&#8221; css_animation=&#8221;bounceIn&#8221; content_text_aligment=&#8221;center&#8221; css=&#8221;.vc_custom_1705529174717{margin-bottom: 66px !important;}&#8221;][vc_column width=&#8221;1\/4&#8243;][\/vc_column][vc_column width=&#8221;1\/2&#8243;][vc_column_text]<\/p>\n<h4 style=\"text-align: center;\">Contactez-nous d\u00e8s maintenant et obtenez des informations sur nos pratiques de traitement les plus r\u00e9centes en fonction de vos besoins.<\/h4>\n<p>[\/vc_column_text][vc_empty_space]<a itemprop=\"url\" href=\"https:\/\/regenesishealth.co.uk\/contact-us\/\" target=\"_self\" class=\"mkdf-btn mkdf-btn-medium mkdf-btn-solid mkdf-btn-solid-dark\">\n    <span class=\"mkdf-btn-text\">Contactez-nous<\/span>\n    <span class=\"mkdf-btn-icon-holder\">\n        <span class=\"mkdf-btn-icon-normal\" ><\/span>\n        <span class=\"mkdf-btn-icon-flip\" ><\/span>\n    <\/span>\n<\/a>[\/vc_column][vc_column width=&#8221;1\/4&#8243;][\/vc_column][\/vc_row]<\/p>\n","protected":false},"excerpt":{"rendered":"<p>[vc_row full_width=&#8221;stretch_row_content_no_spaces&#8221; content_placement=&#8221;top&#8221; content_text_aligment=&#8221;center&#8221;][vc_column][vc_single_image image=&#8221;15403&#8243; img_size=&#8221;Full&#8221; alignment=&#8221;center&#8221; css_animation=&#8221;none&#8221;][\/vc_column][\/vc_row][vc_row css=&#8221;.vc_custom_1705527212946{margin-top: 66px !important;}&#8221;][vc_column][vc_column_text] Greffe de Cheveux Obtenez un aspect naturel gr\u00e2ce \u00e0 nos techniques modernes de greffe de cheveux [\/vc_column_text][vc_empty_space][vc_column_text]La perte de cheveux est un probl\u00e8me important qui commence \u00e0 un \u00e2ge [&hellip;]<\/p>\n","protected":false},"author":1,"featured_media":0,"parent":0,"menu_order":0,"comment_status":"closed","ping_status":"closed","template":"","meta":{"footnotes":""},"class_list":["post-14807","page","type-page","status-publish","hentry"],"_links":{"self":[{"href":"https:\/\/regenesishealth.co.uk\/fr\/wp-json\/wp\/v2\/pages\/14807"}],"collection":[{"href":"https:\/\/regenesishealth.co.uk\/fr\/wp-json\/wp\/v2\/pages"}],"about":[{"href":"https:\/\/regenesishealth.co.uk\/fr\/wp-json\/wp\/v2\/types\/page"}],"author":[{"embeddable":true,"href":"https:\/\/regenesishealth.co.uk\/fr\/wp-json\/wp\/v2\/users\/1"}],"replies":[{"embeddable":true,"href":"https:\/\/regenesishealth.co.uk\/fr\/wp-json\/wp\/v2\/comments?post=14807"}],"version-history":[{"count":2,"href":"https:\/\/regenesishealth.co.uk\/fr\/wp-json\/wp\/v2\/pages\/14807\/revisions"}],"predecessor-version":[{"id":18798,"href":"https:\/\/regenesishealth.co.uk\/fr\/wp-json\/wp\/v2\/pages\/14807\/revisions\/18798"}],"wp:attachment":[{"href":"https:\/\/regenesishealth.co.uk\/fr\/wp-json\/wp\/v2\/media?parent=14807"}],"curies":[{"name":"wp","href":"https:\/\/api.w.org\/{rel}","templated":true}]}}