{"id":14801,"date":"2020-10-27T10:12:28","date_gmt":"2020-10-27T10:12:28","guid":{"rendered":"https:\/\/regenesishealth.co.uk\/chirurgie-plastique\/"},"modified":"2025-03-18T17:29:36","modified_gmt":"2025-03-18T17:29:36","slug":"chirurgie-plastique","status":"publish","type":"page","link":"https:\/\/regenesishealth.co.uk\/fr\/chirurgie-plastique\/","title":{"rendered":"Chirurgie Plastique"},"content":{"rendered":"<p>[vc_row full_width=&#8221;stretch_row_content_no_spaces&#8221; content_placement=&#8221;top&#8221; content_text_aligment=&#8221;center&#8221;][vc_column][vc_single_image image=&#8221;15412&#8243; img_size=&#8221;Full&#8221; alignment=&#8221;center&#8221;][\/vc_column][\/vc_row][vc_row css=&#8221;.vc_custom_1656337554913{padding-top: 93px !important;padding-bottom: 33px !important;}&#8221;][vc_column][vc_column_text]<\/p>\n<h1 style=\"text-align: center;\">Chirurgie esth\u00e9tique<\/h1>\n<h2 style=\"text-align: center;\">Une mani\u00e8re efficace d&#8217;am\u00e9liorer votre confiance en soi, la sant\u00e9 du corps et de l&#8217;esprit<\/h2>\n<p>[\/vc_column_text][vc_empty_space][vc_column_text]La chirurgie plastique fait r\u00e9f\u00e9rence aux proc\u00e9dures qui am\u00e9liorent l&#8217;apparence du visage et du corps. Elles incluent des proc\u00e9dures telles qu&#8217;une plastie abdominale (abdominoplastie), augmentation mammaire, r\u00e9duction mammaire, chirurgie des paupi\u00e8res, remodelage du nez (rhinoplastie), lifting du visage, et l&#8217;\u00e9limination de la graisse (liposuccion). Notre approche de la chirurgie plastique est unique! Nous croyons sinc\u00e8rement qu&#8217;il s&#8217;agit de la fa\u00e7on dont vous vous sentez, et pas seulement de votre apparence ! Les patients qui souhaitent b\u00e9n\u00e9ficier d&#8217;une chirurgie esth\u00e9tique m\u00e9ritent d&#8217;\u00eatre trait\u00e9s au bon endroit et par le bon chirurgien.  Nos chirurgiens proposent une gamme de traitements plastiques, reconstructifs et esth\u00e9tiques adapt\u00e9s aussi bien aux hommes qu&#8217;aux femmes, r\u00e9alis\u00e9s par notre \u00e9quipe experte de chirurgiens sp\u00e9cialis\u00e9s. Vous pouvez nous contacter via <a href=\"https:\/\/regenesishealth.co.uk\/fr\/contactez-nous\/\" target=\"_blank\" rel=\"noopener\">https:\/\/regenesishealth.co.uk\/contact-us\/<\/a> pour toutes vos questions.[\/vc_column_text][\/vc_column][\/vc_row][vc_row][vc_column][vc_separator border_width=&#8221;3&#8243; css=&#8221;.vc_custom_1656337637411{padding-top: 25px !important;padding-bottom: 25px !important;}&#8221;][\/vc_column][\/vc_row][vc_row][vc_column][vc_video link=&#8221;https:\/\/youtu.be\/LElyWgs3FMM&#8221; align=&#8221;center&#8221; css_animation=&#8221;fadeInUp&#8221;][\/vc_column][\/vc_row][vc_row][vc_column][vc_separator border_width=&#8221;3&#8243; css=&#8221;.vc_custom_1656337637411{padding-top: 25px !important;padding-bottom: 25px !important;}&#8221;][\/vc_column][\/vc_row][vc_row][vc_column][vc_column_text]<\/p>\n<h2 style=\"text-align: center;\">Nos services dans le d\u00e9partement de chirurgie plastique<\/h2>\n<p>[\/vc_column_text][\/vc_column][\/vc_row][vc_row content_placement=&#8221;middle&#8221; css=&#8221;.vc_custom_1656340450390{padding-top: 33px !important;}&#8221;][vc_column width=&#8221;1\/2&#8243;][vc_column_text]<\/p>\n<h3><strong>Rhinoplastie<\/strong><\/h3>\n<p>La rhinoplastie, parfois appel\u00e9e &#8220;op\u00e9ration du nez&#8221; par les patients, am\u00e9liore l&#8217;harmonie du visage et les proportions de votre nez. Bien que les techniques chirurgicales soient avanc\u00e9es, il existe des limites \u00e0 la modification du nez. Les cons\u00e9quences d&#8217;une chirurgie plastique du nez d\u00e9pendent de la taille du nez, de l&#8217;\u00e9tat de la peau et de l&#8217;\u00e2ge du patient. Le plus important est qu&#8217;il y ait une communication claire entre le patient et le chirurgien sur ce qui est souhait\u00e9 et ce qui est r\u00e9alisable par la chirurgie plastique.   [\/vc_column_text][\/vc_column][vc_column width=&#8221;1\/2&#8243;][vc_single_image image=&#8221;10165&#8243; img_size=&#8221;&#8221; alignment=&#8221;center&#8221; css_animation=&#8221;fadeInRight&#8221;][\/vc_column][\/vc_row][vc_row][vc_column][vc_separator css=&#8221;.vc_custom_1656337847227{padding-top: 25px !important;padding-bottom: 25px !important;}&#8221;][\/vc_column][\/vc_row][vc_row content_placement=&#8221;middle&#8221;][vc_column width=&#8221;1\/2&#8243;][vc_single_image image=&#8221;10167&#8243; img_size=&#8221;&#8221; alignment=&#8221;center&#8221; css_animation=&#8221;fadeInLeft&#8221;][\/vc_column][vc_column width=&#8221;1\/2&#8243;][vc_column_text]<\/p>\n<h3><strong>Lifting <\/strong><\/h3>\n<p>Un lifting ou une rhytidectomie est une proc\u00e9dure cosm\u00e9tique qui r\u00e9duit l&#8217;apparence des rides et de la peau vieillissante et affaiss\u00e9e du visage. Pour en savoir plus, n&#8217;oubliez pas de consulter le site <a href=\"https:\/\/en.wikipedia.org\/wiki\/Rhytidectomy\" target=\"_blank\" rel=\"noopener\">https:\/\/en.wikipedia.org\/wiki\/Rhytidectomy<\/a>. [\/vc_column_text][\/vc_column][\/vc_row][vc_row][vc_column][vc_separator css=&#8221;.vc_custom_1656337847227{padding-top: 25px !important;padding-bottom: 25px !important;}&#8221;][\/vc_column][\/vc_row][vc_row content_placement=&#8221;middle&#8221;][vc_column width=&#8221;1\/2&#8243;][vc_column_text]<\/p>\n<h3><strong>Chirurgie Mammaire<\/strong><\/h3>\n<p>La chirurgie mammaire est une intervention qui modifie les seins d&#8217;une femme ou d&#8217;un homme. Ces interventions sont pratiqu\u00e9es pour diverses raisons. Nous pratiquons l&#8217;hypertrophie mammaire, la r\u00e9duction mammaire, l&#8217;\u00e9l\u00e9vation mammaire, la r\u00e9agencement mammaire, le retrait d&#8217;implants et les interventions sur les seins tubulaires.  [\/vc_column_text][\/vc_column][vc_column width=&#8221;1\/2&#8243;][vc_single_image image=&#8221;10168&#8243; img_size=&#8221;&#8221; alignment=&#8221;center&#8221; css_animation=&#8221;fadeInRight&#8221;][\/vc_column][\/vc_row][vc_row][vc_column][vc_separator css=&#8221;.vc_custom_1656337847227{padding-top: 25px !important;padding-bottom: 25px !important;}&#8221;][\/vc_column][\/vc_row][vc_row content_placement=&#8221;middle&#8221;][vc_column width=&#8221;1\/2&#8243;][vc_single_image image=&#8221;10169&#8243; img_size=&#8221;&#8221; alignment=&#8221;center&#8221; css_animation=&#8221;fadeInLeft&#8221;][\/vc_column][vc_column width=&#8221;1\/2&#8243;][vc_column_text]<\/p>\n<h3><strong>Chirurgie Corporelle<\/strong><\/h3>\n<p>La chirurgie plastique et esth\u00e9tique peut \u00eatre pratiqu\u00e9e sur toutes les parties du corps, y compris la t\u00eate et le cou. Le patient choisit volontairement de recourir \u00e0 la chirurgie esth\u00e9tique. La chirurgie plastique et esth\u00e9tique comprend des proc\u00e9dures chirurgicales et non chirurgicales qui am\u00e9liorent et remod\u00e8lent la structure du corps afin d&#8217;am\u00e9liorer l&#8217;apparence et la confiance en soi. Les op\u00e9rations de remodelage du corps permettent d&#8217;\u00e9liminer la graisse ou l&#8217;exc\u00e8s de peau, de resserrer la peau et de redessiner les contours du corps. Si vous souhaitez remodeler votre ventre ou votre taille (abdominoplastie, transformation de la silhouette), vos fesses (lifting br\u00e9silien des fesses), vos hanches, vos cuisses, vos bras ou l&#8217;ensemble de votre corps (liposuccion 360, paupi\u00e8res sup\u00e9rieures, paupi\u00e8res inf\u00e9rieures, sourcils), un chirurgien esth\u00e9tique de notre \u00e9quipe d&#8217;experts peut vous aider \u00e0 comprendre ce qu&#8217;il faut faire pour y parvenir. Vous pouvez \u00e9galement consulter notre article sur la chirurgie de l&#8217;ob\u00e9sit\u00e9 via <a href=\"https:\/\/regenesishealth.co.uk\/fr\/chirurgie-de-lobesite\/\" target=\"_blank\" rel=\"noopener\">https:\/\/regenesishealth.co.uk\/obesity-surgery\/<\/a>.     [\/vc_column_text][\/vc_column][\/vc_row][vc_row][vc_column][vc_separator css=&#8221;.vc_custom_1656337847227{padding-top: 25px !important;padding-bottom: 25px !important;}&#8221;][\/vc_column][\/vc_row][vc_row content_placement=&#8221;middle&#8221;][vc_column width=&#8221;1\/2&#8243;][vc_column_text]<\/p>\n<h3><strong>Chirurgie Plastique Pour les Hommes<\/strong><\/h3>\n<p>Ces derni\u00e8res ann\u00e9es, les interventions de chirurgie esth\u00e9tique pour hommes ont augment\u00e9 car les hommes sont de plus en plus confiants quant \u00e0 l&#8217;am\u00e9lioration de leur apparence. Chez Regenesis, nous sommes heureux d&#8217;aider nos patients masculins \u00e0 \u00e9valuer leurs options en mati\u00e8re de chirurgie plastique, telles que la r\u00e9duction mammaire masculine, la plastie abdominale masculine, la bl\u00e9pharoplastie masculine, le lifting, le lifting des sourcils masculins ou la rhinoplastie. [\/vc_column_text][\/vc_column][vc_column width=&#8221;1\/2&#8243;][vc_single_image image=&#8221;10166&#8243; img_size=&#8221;&#8221; alignment=&#8221;center&#8221; css_animation=&#8221;fadeInRight&#8221;][\/vc_column][\/vc_row][vc_row][vc_column][vc_separator border_width=&#8221;3&#8243; css=&#8221;.vc_custom_1656337637411{padding-top: 25px !important;padding-bottom: 25px !important;}&#8221;][\/vc_column][\/vc_row][vc_row][vc_column][vc_column_text]<\/p>\n<h2 style=\"text-align: center;\">Notre \u00c9quipe<\/h2>\n<p>[\/vc_column_text][\/vc_column][\/vc_row][vc_row css=&#8221;.vc_custom_1656338660405{padding-top: 66px !important;padding-bottom: 66px !important;}&#8221;][vc_column width=&#8221;1\/4&#8243;][\/vc_column][vc_column width=&#8221;1\/4&#8243;]<div class=\"mkdf-team info-bellow\">\n\t<div class=\"mkdf-team-inner\">\n\t\t\t\t\t<div class=\"mkdf-team-image\">\n                <a itemprop=\"url\" href=\"https:\/\/regenesishealth.co.uk\/team-member\/dr-mert-meral\/\">\n                    <img loading=\"lazy\" decoding=\"async\" width=\"1400\" height=\"1400\" src=\"https:\/\/regenesishealth.co.uk\/wp-content\/uploads\/2024\/06\/Mert-Meral.png\" class=\"attachment-full size-full wp-post-image\" alt=\"\" srcset=\"https:\/\/regenesishealth.co.uk\/wp-content\/uploads\/2024\/06\/Mert-Meral.png 1400w, https:\/\/regenesishealth.co.uk\/wp-content\/uploads\/2024\/06\/Mert-Meral-300x300.png 300w, https:\/\/regenesishealth.co.uk\/wp-content\/uploads\/2024\/06\/Mert-Meral-100x100.png 100w, https:\/\/regenesishealth.co.uk\/wp-content\/uploads\/2024\/06\/Mert-Meral-600x600.png 600w, https:\/\/regenesishealth.co.uk\/wp-content\/uploads\/2024\/06\/Mert-Meral-1024x1024.png 1024w, https:\/\/regenesishealth.co.uk\/wp-content\/uploads\/2024\/06\/Mert-Meral-150x150.png 150w, https:\/\/regenesishealth.co.uk\/wp-content\/uploads\/2024\/06\/Mert-Meral-768x768.png 768w, https:\/\/regenesishealth.co.uk\/wp-content\/uploads\/2024\/06\/Mert-Meral-550x550.png 550w, https:\/\/regenesishealth.co.uk\/wp-content\/uploads\/2024\/06\/Mert-Meral-1100x1100.png 1100w\" sizes=\"(max-width: 1400px) 100vw, 1400px\" title=\"\">\t\t\t\t\t<div class=\"mkdf-circle-animate\"><\/div>\n\t\t\t\t\t<div class=\"mkdf-circle-icon\">\n\t\t\t\t\t\t<img decoding=\"async\" src=\"https:\/\/regenesishealth.co.uk\/wp-content\/uploads\/2017\/04\/icons_Artboard-2-copy-2.png\" class=\"icon\" alt=\"Doctor Icon\" title=\"\">\n\t\t\t\t\t<\/div>\n\t\t\t\t\t<div class=\"mkdf-circle-icon-hidden\">\n\t\t\t\t\t\t<img decoding=\"async\" src=\"https:\/\/regenesishealth.co.uk\/wp-content\/uploads\/2017\/04\/icons_Artboard-2-copy-2.png\" class=\"icon\" alt=\"Doctor Icon\" title=\"\">\n\t\t\t\t\t<\/div>\n\t\t\t\t<\/a>\n\t\t\t<\/div>\n\t\t\t\t<div class=\"mkdf-team-info\">\n            <div class=\"mkdf-team-title-holder\">\n                <h5 itemprop=\"name\" class=\"mkdf-team-name entry-title\">\n                    <a itemprop=\"url\" href=\"https:\/\/regenesishealth.co.uk\/team-member\/dr-mert-meral\/\">Dr. Mert Meral<\/a>\n                <\/h5>\n\n                                    <h6 class=\"mkdf-team-position\">Plastic Surgeon<\/h6>\n                            <\/div>\n\t\t\t\t\t\t<div class=\"mkdf-team-social-holder-between\">\n\t\t\t\t<div class=\"mkdf-team-social\">\n\t\t\t\t\t<div class=\"mkdf-team-social-inner\">\n\t\t\t\t\t\t<div class=\"mkdf-team-social-wrapp\">\n\t\t\t\t\t\t\t\t\t\t\t\t\t<\/div>\n\t\t\t\t\t<\/div>\n\t\t\t\t<\/div>\n\t\t\t<\/div>\n\t\t<\/div>\n\t<\/div>\n<\/div>[\/vc_column][vc_column width=&#8221;1\/4&#8243;]<div class=\"mkdf-team info-bellow\">\n\t<div class=\"mkdf-team-inner\">\n\t\t\t\t<div class=\"mkdf-team-info\">\n            <div class=\"mkdf-team-title-holder\">\n                <h5 itemprop=\"name\" class=\"mkdf-team-name entry-title\">\n                    <a itemprop=\"url\" href=\"\"><\/a>\n                <\/h5>\n\n                            <\/div>\n\t\t\t\t\t\t<div class=\"mkdf-team-social-holder-between\">\n\t\t\t\t<div class=\"mkdf-team-social\">\n\t\t\t\t\t<div class=\"mkdf-team-social-inner\">\n\t\t\t\t\t\t<div class=\"mkdf-team-social-wrapp\">\n\t\t\t\t\t\t\t\t\t\t\t\t\t<\/div>\n\t\t\t\t\t<\/div>\n\t\t\t\t<\/div>\n\t\t\t<\/div>\n\t\t<\/div>\n\t<\/div>\n<\/div>[\/vc_column][vc_column width=&#8221;1\/4&#8243;][\/vc_column][\/vc_row][vc_row][vc_column][vc_separator border_width=&#8221;3&#8243; css=&#8221;.vc_custom_1656337637411{padding-top: 25px !important;padding-bottom: 25px !important;}&#8221;][\/vc_column][\/vc_row][vc_row content_placement=&#8221;middle&#8221; row_content_width=&#8221;grid&#8221; content_text_aligment=&#8221;center&#8221; css=&#8221;.vc_custom_1656423295595{padding-bottom: 66px !important;}&#8221;][vc_column width=&#8221;1\/4&#8243;][\/vc_column][vc_column css_animation=&#8221;bounceIn&#8221; width=&#8221;1\/2&#8243;][vc_column_text]<\/p>\n<h4 style=\"text-align: center;\">Contactez-nous d\u00e8s maintenant et obtenez des informations sur nos pratiques de traitement les plus r\u00e9centes en fonction de vos besoins.<\/h4>\n<p>[\/vc_column_text][vc_empty_space]<a itemprop=\"url\" href=\"https:\/\/regenesishealth.co.uk\/contact-us\/\" target=\"_self\" class=\"mkdf-btn mkdf-btn-medium mkdf-btn-solid mkdf-btn-solid-dark\">\n    <span class=\"mkdf-btn-text\">Contactez-nous<\/span>\n    <span class=\"mkdf-btn-icon-holder\">\n        <span class=\"mkdf-btn-icon-normal\" ><\/span>\n        <span class=\"mkdf-btn-icon-flip\" ><\/span>\n    <\/span>\n<\/a>[\/vc_column][vc_column width=&#8221;1\/4&#8243;][\/vc_column][\/vc_row]<\/p>\n","protected":false},"excerpt":{"rendered":"<p>[vc_row full_width=&#8221;stretch_row_content_no_spaces&#8221; content_placement=&#8221;top&#8221; content_text_aligment=&#8221;center&#8221;][vc_column][vc_single_image image=&#8221;15412&#8243; img_size=&#8221;Full&#8221; alignment=&#8221;center&#8221;][\/vc_column][\/vc_row][vc_row css=&#8221;.vc_custom_1656337554913{padding-top: 93px !important;padding-bottom: 33px !important;}&#8221;][vc_column][vc_column_text] Chirurgie esth\u00e9tique Une mani\u00e8re efficace d&#8217;am\u00e9liorer votre confiance en soi, la sant\u00e9 du corps et de l&#8217;esprit [\/vc_column_text][vc_empty_space][vc_column_text]La chirurgie plastique fait r\u00e9f\u00e9rence aux proc\u00e9dures qui am\u00e9liorent l&#8217;apparence du [&hellip;]<\/p>\n","protected":false},"author":1,"featured_media":14219,"parent":0,"menu_order":0,"comment_status":"closed","ping_status":"closed","template":"","meta":{"footnotes":""},"class_list":["post-14801","page","type-page","status-publish","has-post-thumbnail","hentry"],"_links":{"self":[{"href":"https:\/\/regenesishealth.co.uk\/fr\/wp-json\/wp\/v2\/pages\/14801"}],"collection":[{"href":"https:\/\/regenesishealth.co.uk\/fr\/wp-json\/wp\/v2\/pages"}],"about":[{"href":"https:\/\/regenesishealth.co.uk\/fr\/wp-json\/wp\/v2\/types\/page"}],"author":[{"embeddable":true,"href":"https:\/\/regenesishealth.co.uk\/fr\/wp-json\/wp\/v2\/users\/1"}],"replies":[{"embeddable":true,"href":"https:\/\/regenesishealth.co.uk\/fr\/wp-json\/wp\/v2\/comments?post=14801"}],"version-history":[{"count":2,"href":"https:\/\/regenesishealth.co.uk\/fr\/wp-json\/wp\/v2\/pages\/14801\/revisions"}],"predecessor-version":[{"id":18766,"href":"https:\/\/regenesishealth.co.uk\/fr\/wp-json\/wp\/v2\/pages\/14801\/revisions\/18766"}],"wp:featuredmedia":[{"embeddable":true,"href":"https:\/\/regenesishealth.co.uk\/fr\/wp-json\/wp\/v2\/media\/14219"}],"wp:attachment":[{"href":"https:\/\/regenesishealth.co.uk\/fr\/wp-json\/wp\/v2\/media?parent=14801"}],"curies":[{"name":"wp","href":"https:\/\/api.w.org\/{rel}","templated":true}]}}