{"id":14799,"date":"2020-10-27T09:56:27","date_gmt":"2020-10-27T09:56:27","guid":{"rendered":"https:\/\/regenesishealth.co.uk\/chirurgie-gynecologique\/"},"modified":"2025-09-11T19:30:43","modified_gmt":"2025-09-11T18:30:43","slug":"chirurgie-gynecologique","status":"publish","type":"page","link":"https:\/\/regenesishealth.co.uk\/fr\/chirurgie-gynecologique\/","title":{"rendered":"Chirurgie Gyn\u00e9cologique"},"content":{"rendered":"<p>[vc_row full_width=&#8221;stretch_row_content_no_spaces&#8221; content_placement=&#8221;top&#8221; content_text_aligment=&#8221;center&#8221;][vc_column][vc_single_image image=&#8221;15434&#8243; img_size=&#8221;full&#8221; alignment=&#8221;center&#8221;][\/vc_column][\/vc_row][vc_row css=&#8221;.vc_custom_1656503235579{padding-top: 93px !important;padding-bottom: 33px !important;}&#8221;][vc_column][vc_column_text]<\/p>\n<h1 style=\"text-align: center;\">Chirurgie Gyn\u00e9cologique<\/h1>\n<h2 style=\"text-align: center;\">Le corps f\u00e9minin a sa propre histoire de vie et a besoin de soins tout au long de ce voyage.<\/h2>\n<p>[\/vc_column_text][vc_empty_space][vc_column_text]La chirurgie gyn\u00e9cologique comprend toute intervention chirurgicale portant sur la structure de la r\u00e9gion pelvienne de la femme : l&#8217;ut\u00e9rus, les ovaires, le col de l&#8217;ut\u00e9rus, les trompes de Fallope, le vagin et la vulve. Il existe de nombreuses raisons pour lesquelles une femme peut avoir besoin de subir une chirurgie gyn\u00e9cologique. Le traitement d&#8217;une affection telle que l&#8217;endom\u00e9triose, les fibromes (tumeurs b\u00e9nignes), les kystes ovariens, le cancer, les douleurs pelviennes chroniques, les maladies inflammatoires pelviennes, le prolapsus ut\u00e9rin ou les saignements anormaux sont autant de raisons qui peuvent justifier une intervention chirurgicale gyn\u00e9cologique. Le gyn\u00e9cologue joue de multiples r\u00f4les dans la vie d&#8217;une femme : m\u00e9decin, tuteur et meilleur conseiller. C&#8217;est pourquoi une visite chez le gyn\u00e9cologue ne doit jamais \u00eatre n\u00e9glig\u00e9e si vous voulez pr\u00e9server votre sant\u00e9 et votre bien-\u00eatre g\u00e9n\u00e9ral. Vous devriez rencontrer les meilleurs gyn\u00e9cologues de notre \u00e9quipe d&#8217;experts et vous pouvez nous demander tout ce que vous voulez savoir sur la chirurgie et les traitements gyn\u00e9cologiques \u00e0 l&#8217;adresse <a href=\"https:\/\/regenesishealth.co.uk\/contact-us\/\" target=\"_blank\" rel=\"noopener\">https:\/\/regenesishealth.co.uk\/contact-us\/<\/a>.     [\/vc_column_text][\/vc_column][\/vc_row][vc_row css=&#8221;.vc_custom_1656506967763{padding-top: 25px !important;padding-bottom: 25px !important;}&#8221;][vc_column][vc_separator border_width=&#8221;3&#8243; css=&#8221;.vc_custom_1656504089491{padding-top: 25px !important;padding-bottom: 25px !important;}&#8221;][\/vc_column][\/vc_row][vc_row][vc_column][vc_column_text]<\/p>\n<h2 style=\"text-align: center;\">Nos prestations en service de chirurgie gyn\u00e9cologique<\/h2>\n<p>[\/vc_column_text][\/vc_column][\/vc_row][vc_row content_placement=&#8221;middle&#8221; css=&#8221;.vc_custom_1656506735531{padding-top: 33px !important;}&#8221;][vc_column width=&#8221;1\/2&#8243;][vc_column_text]<\/p>\n<h3><strong>Chirurgie Gyn\u00e9cologique<\/strong><\/h3>\n<p>La gyn\u00e9cologie consiste \u00e0 diagnostiquer et \u00e0 traiter les troubles de l&#8217;appareil g\u00e9nital f\u00e9minin et de l&#8217;appareil reproducteur. Nos gyn\u00e9cologues exp\u00e9riment\u00e9s et tr\u00e8s r\u00e9put\u00e9s offrent \u00e0 toutes les patientes des soins pratiques et empreints de compassion. Ils utilisent, dans la mesure du possible, des techniques peu invasives et disposent d&#8217;excellents moyens de diagnostic.  [\/vc_column_text][\/vc_column][vc_column width=&#8221;1\/2&#8243;][vc_single_image image=&#8221;10279&#8243; img_size=&#8221;&#8221; alignment=&#8221;center&#8221; css_animation=&#8221;fadeInRight&#8221;][\/vc_column][\/vc_row][vc_row css=&#8221;.vc_custom_1656506955715{padding-top: 25px !important;padding-bottom: 25px !important;}&#8221;][vc_column][vc_separator css=&#8221;.vc_custom_1656503573907{padding-top: 25px !important;padding-bottom: 25px !important;}&#8221;][\/vc_column][\/vc_row][vc_row][vc_column width=&#8221;1\/2&#8243;][vc_single_image image=&#8221;10282&#8243; img_size=&#8221;&#8221; alignment=&#8221;center&#8221; css_animation=&#8221;fadeInLeft&#8221;][\/vc_column][vc_column width=&#8221;1\/2&#8243;][vc_column_text]<\/p>\n<h3><strong>Technologie de Reproduction Artificielle (TRA)<\/strong><\/h3>\n<p>La technologie de reproduction artificielle ou les techniques de reproduction assist\u00e9e (TRA) sont l&#8217;une des m\u00e9thodes de chirurgie gyn\u00e9cologique qui se r\u00e9f\u00e8rent aux traitements et proc\u00e9dures de fertilit\u00e9 qui peuvent aider \u00e0 r\u00e9soudre les difficult\u00e9s ou l&#8217;incapacit\u00e9 \u00e0 concevoir des enfants. Les techniques de procr\u00e9ation assist\u00e9e comprennent des traitements de fertilit\u00e9 qui concernent \u00e0 la fois les ovules et les spermatozo\u00efdes. Ces traitements complexes consistent \u00e0 influencer les gam\u00e8tes, c&#8217;est-\u00e0-dire les ovules et les spermatozo\u00efdes, afin d&#8217;augmenter les chances de f\u00e9condation. Le traitement antir\u00e9troviral est g\u00e9n\u00e9ralement une option pour les personnes pour lesquelles les autres traitements contre l&#8217;infertilit\u00e9 ne fonctionnent pas ou pour celles qui ont d\u00e9j\u00e0 essay\u00e9 un traitement mais ne sont pas tomb\u00e9es enceintes. Les personnes qui envisagent de recourir \u00e0 la procr\u00e9ation assist\u00e9e discutent souvent des options avec un professionnel de la sant\u00e9 et peuvent avoir besoin d&#8217;une consultation avec un sp\u00e9cialiste de la fertilit\u00e9. La f\u00e9condation in vitro (FIV) est le type de traitement antir\u00e9troviral le plus courant et le plus efficace. La complication la plus fr\u00e9quente de la procr\u00e9ation assist\u00e9e est la grossesse multiple. Elle peut \u00eatre \u00e9vit\u00e9e ou minimis\u00e9e en limitant le nombre d&#8217;embryons introduits dans le corps de la m\u00e8re       [\/vc_column_text][\/vc_column][\/vc_row][vc_row css=&#8221;.vc_custom_1656506983333{padding-top: 25px !important;padding-bottom: 25px !important;}&#8221;][vc_column][vc_separator css=&#8221;.vc_custom_1656503582941{padding-top: 25px !important;padding-bottom: 25px !important;}&#8221;][\/vc_column][\/vc_row][vc_row][vc_column width=&#8221;1\/2&#8243;][vc_column_text]<\/p>\n<h3><strong>Chirurgie Laparoscopique<\/strong><\/h3>\n<p>Une laparoscopie gyn\u00e9cologique est une proc\u00e9dure qui consiste \u00e0 regarder \u00e0 l&#8217;int\u00e9rieur de l&#8217;abdomen d&#8217;une femme pour examiner l&#8217;ut\u00e9rus, les trompes de Fallope et les ovaires. La laparoscopie gyn\u00e9cologique peut \u00eatre utilis\u00e9e pour diagnostiquer une maladie et\/ou la traiter. Un m\u00e9decin sp\u00e9cialiste appel\u00e9 gyn\u00e9cologue peut pr\u00e9lever un petit \u00e9chantillon de tissu (biopsie) au cours de la laparoscopie. Une biopsie peut \u00e9galement aider \u00e0 diagnostiquer l&#8217;endom\u00e9triose. Vous pouvez \u00e9galement subir une laparoscopie gyn\u00e9cologique pour d\u00e9couvrir la cause d&#8217;une douleur persistante au niveau du ventre. Si vous essayez d&#8217;avoir un enfant mais que vous rencontrez des difficult\u00e9s, la laparoscopie peut \u00eatre utilis\u00e9e pour en rechercher les causes. Pour en savoir plus sur la laparoscopie, vous pouvez consulter le <a href=\"https:\/\/en.wikipedia.org\/wiki\/Laparoscopy\" target=\"_blank\" rel=\"noopener\">site https:\/\/en.wikipedia.org\/wiki\/Laparoscopy<\/a>.      [\/vc_column_text][\/vc_column][vc_column width=&#8221;1\/2&#8243;][vc_single_image image=&#8221;10280&#8243; img_size=&#8221;&#8221; alignment=&#8221;center&#8221; css_animation=&#8221;fadeInRight&#8221;][\/vc_column][\/vc_row][vc_row css=&#8221;.vc_custom_1656506990458{padding-top: 25px !important;padding-bottom: 25px !important;}&#8221;][vc_column][vc_separator css=&#8221;.vc_custom_1656503590980{padding-top: 25px !important;padding-bottom: 25px !important;}&#8221;][\/vc_column][\/vc_row][vc_row][vc_column width=&#8221;1\/2&#8243;][vc_single_image image=&#8221;10281&#8243; img_size=&#8221;&#8221; alignment=&#8221;center&#8221; css_animation=&#8221;fadeInLeft&#8221;][\/vc_column][vc_column width=&#8221;1\/2&#8243;][vc_column_text]<\/p>\n<h3><strong>Op\u00e9rations d&#8217;Esth\u00e9tique G\u00e9nitale (Labioplastie, Sistorectosel)<\/strong><\/h3>\n<p>La chirurgie esth\u00e9tique g\u00e9nitale semble \u00eatre devenue un sujet \u00e0 la mode de nos jours, tout comme les chirurgies plastiques dont vous pouvez en savoir plus dans notre article ; <a href=\"https:\/\/regenesishealth.co.uk\/plastic-surgery\/\">https:\/\/regenesishealth.co.uk\/plastic-surgery\/<\/a> La chirurgie esth\u00e9tique des organes g\u00e9nitaux f\u00e9minins comprend plusieurs interventions chirurgicales destin\u00e9es \u00e0 am\u00e9liorer leur apparence. Les interventions les plus demand\u00e9es sont la r\u00e9duction labiale (labiaplastie) et le resserrement vaginal (vaginoplastie). La labiaplastie, \u00e9galement appel\u00e9e rajeunissement vaginal, est une intervention de chirurgie plastique qui consiste \u00e0 modifier les petites l\u00e8vres (l\u00e8vres internes) et\/ou les grandes l\u00e8vres (l\u00e8vres externes). D&#8217;autre part, la vaginoplastie est une proc\u00e9dure visant \u00e0 construire ou \u00e0 r\u00e9parer un vagin. Elle permet de traiter divers probl\u00e8mes m\u00e9dicaux, notamment les l\u00e9sions vaginales dues \u00e0 l&#8217;accouchement et les complications li\u00e9es aux maladies du plancher pelvien. N&#8217;h\u00e9sitez pas \u00e0 consulter notre \u00e9quipe d&#8217;experts pour toute question concernant les op\u00e9rations d&#8217;esth\u00e9tique g\u00e9nitale.     [\/vc_column_text][\/vc_column][\/vc_row][vc_row css=&#8221;.vc_custom_1656506998497{padding-top: 25px !important;padding-bottom: 25px !important;}&#8221;][vc_column][vc_separator border_width=&#8221;3&#8243; css=&#8221;.vc_custom_1656504089491{padding-top: 25px !important;padding-bottom: 25px !important;}&#8221;][\/vc_column][\/vc_row][vc_row][vc_column][vc_column_text]<\/p>\n<h2 style=\"text-align: center;\">Notre \u00c9quipe<\/h2>\n<p>[\/vc_column_text][\/vc_column][\/vc_row][vc_row css=&#8221;.vc_custom_1656507063515{padding-top: 33px !important;}&#8221;][vc_column width=&#8221;1\/5&#8243;][\/vc_column][vc_column width=&#8221;1\/5&#8243;][\/vc_column][vc_column width=&#8221;1\/5&#8243;]<div class=\"mkdf-team info-bellow\">\n\t<div class=\"mkdf-team-inner\">\n\t\t\t\t\t<div class=\"mkdf-team-image\">\n                <a itemprop=\"url\" href=\"https:\/\/regenesishealth.co.uk\/team-member\/kerim-emrah-yavuz\/\">\n                    <img loading=\"lazy\" decoding=\"async\" width=\"1400\" height=\"1400\" src=\"https:\/\/regenesishealth.co.uk\/wp-content\/uploads\/2020\/10\/Artboard-2.png\" class=\"attachment-full size-full wp-post-image\" alt=\"\" srcset=\"https:\/\/regenesishealth.co.uk\/wp-content\/uploads\/2020\/10\/Artboard-2.png 1400w, https:\/\/regenesishealth.co.uk\/wp-content\/uploads\/2020\/10\/Artboard-2-300x300.png 300w, https:\/\/regenesishealth.co.uk\/wp-content\/uploads\/2020\/10\/Artboard-2-100x100.png 100w, https:\/\/regenesishealth.co.uk\/wp-content\/uploads\/2020\/10\/Artboard-2-600x600.png 600w, https:\/\/regenesishealth.co.uk\/wp-content\/uploads\/2020\/10\/Artboard-2-1024x1024.png 1024w, https:\/\/regenesishealth.co.uk\/wp-content\/uploads\/2020\/10\/Artboard-2-150x150.png 150w, https:\/\/regenesishealth.co.uk\/wp-content\/uploads\/2020\/10\/Artboard-2-768x768.png 768w, https:\/\/regenesishealth.co.uk\/wp-content\/uploads\/2020\/10\/Artboard-2-550x550.png 550w, https:\/\/regenesishealth.co.uk\/wp-content\/uploads\/2020\/10\/Artboard-2-1100x1100.png 1100w\" sizes=\"(max-width: 1400px) 100vw, 1400px\" title=\"\">\t\t\t\t\t<div class=\"mkdf-circle-animate\"><\/div>\n\t\t\t\t\t<div class=\"mkdf-circle-icon\">\n\t\t\t\t\t\t<img decoding=\"async\" src=\"https:\/\/regenesishealth.co.uk\/wp-content\/uploads\/2017\/04\/icons_Artboard-2-copy-4.png\" class=\"icon\" alt=\"Doctor Icon\" title=\"\">\n\t\t\t\t\t<\/div>\n\t\t\t\t\t<div class=\"mkdf-circle-icon-hidden\">\n\t\t\t\t\t\t<img decoding=\"async\" src=\"https:\/\/regenesishealth.co.uk\/wp-content\/uploads\/2017\/04\/icons_Artboard-2-copy-4.png\" class=\"icon\" alt=\"Doctor Icon\" title=\"\">\n\t\t\t\t\t<\/div>\n\t\t\t\t<\/a>\n\t\t\t<\/div>\n\t\t\t\t<div class=\"mkdf-team-info\">\n            <div class=\"mkdf-team-title-holder\">\n                <h5 itemprop=\"name\" class=\"mkdf-team-name entry-title\">\n                    <a itemprop=\"url\" href=\"https:\/\/regenesishealth.co.uk\/team-member\/kerim-emrah-yavuz\/\">Dr. Kerim Emrah Yavuz<\/a>\n                <\/h5>\n\n                                    <h6 class=\"mkdf-team-position\">Gynaecology and Obstetrics<\/h6>\n                            <\/div>\n\t\t\t\t\t\t<div class=\"mkdf-team-social-holder-between\">\n\t\t\t\t<div class=\"mkdf-team-social\">\n\t\t\t\t\t<div class=\"mkdf-team-social-inner\">\n\t\t\t\t\t\t<div class=\"mkdf-team-social-wrapp\">\n\t\t\t\t\t\t\t\t\t\t\t\t\t<\/div>\n\t\t\t\t\t<\/div>\n\t\t\t\t<\/div>\n\t\t\t<\/div>\n\t\t<\/div>\n\t<\/div>\n<\/div>[\/vc_column][vc_column width=&#8221;1\/5&#8243;][\/vc_column][vc_column width=&#8221;1\/5&#8243;][\/vc_column][\/vc_row][vc_row css=&#8221;.vc_custom_1656507005834{padding-top: 25px !important;padding-bottom: 25px !important;}&#8221;][vc_column][vc_separator border_width=&#8221;3&#8243; css=&#8221;.vc_custom_1656504089491{padding-top: 25px !important;padding-bottom: 25px !important;}&#8221;][\/vc_column][\/vc_row][vc_row content_placement=&#8221;middle&#8221; css_animation=&#8221;bounceIn&#8221; row_content_width=&#8221;grid&#8221; content_text_aligment=&#8221;center&#8221;][vc_column width=&#8221;1\/4&#8243;][\/vc_column][vc_column width=&#8221;1\/2&#8243;][vc_column_text]<\/p>\n<h4 style=\"text-align: center;\">Contactez-nous d\u00e8s maintenant et obtenez des informations sur nos pratiques de traitement les plus r\u00e9centes en fonction de vos besoins.<\/h4>\n<p>[\/vc_column_text][vc_empty_space]<a itemprop=\"url\" href=\"https:\/\/regenesishealth.co.uk\/contact-us\/\" target=\"_self\" class=\"mkdf-btn mkdf-btn-medium mkdf-btn-solid mkdf-btn-solid-dark\">\n    <span class=\"mkdf-btn-text\">Contactez-nous<\/span>\n    <span class=\"mkdf-btn-icon-holder\">\n        <span class=\"mkdf-btn-icon-normal\" ><\/span>\n        <span class=\"mkdf-btn-icon-flip\" ><\/span>\n    <\/span>\n<\/a>[vc_empty_space][\/vc_column][vc_column width=&#8221;1\/4&#8243;][\/vc_column][\/vc_row]<\/p>\n","protected":false},"excerpt":{"rendered":"<p>[vc_row full_width=&#8221;stretch_row_content_no_spaces&#8221; content_placement=&#8221;top&#8221; content_text_aligment=&#8221;center&#8221;][vc_column][vc_single_image image=&#8221;15434&#8243; img_size=&#8221;full&#8221; alignment=&#8221;center&#8221;][\/vc_column][\/vc_row][vc_row css=&#8221;.vc_custom_1656503235579{padding-top: 93px !important;padding-bottom: 33px !important;}&#8221;][vc_column][vc_column_text] Chirurgie Gyn\u00e9cologique Le corps f\u00e9minin a sa propre histoire de vie et a besoin de soins tout au long de ce voyage. [\/vc_column_text][vc_empty_space][vc_column_text]La chirurgie gyn\u00e9cologique comprend toute intervention [&hellip;]<\/p>\n","protected":false},"author":1,"featured_media":14342,"parent":0,"menu_order":0,"comment_status":"closed","ping_status":"closed","template":"","meta":{"footnotes":""},"class_list":["post-14799","page","type-page","status-publish","has-post-thumbnail","hentry"],"_links":{"self":[{"href":"https:\/\/regenesishealth.co.uk\/fr\/wp-json\/wp\/v2\/pages\/14799"}],"collection":[{"href":"https:\/\/regenesishealth.co.uk\/fr\/wp-json\/wp\/v2\/pages"}],"about":[{"href":"https:\/\/regenesishealth.co.uk\/fr\/wp-json\/wp\/v2\/types\/page"}],"author":[{"embeddable":true,"href":"https:\/\/regenesishealth.co.uk\/fr\/wp-json\/wp\/v2\/users\/1"}],"replies":[{"embeddable":true,"href":"https:\/\/regenesishealth.co.uk\/fr\/wp-json\/wp\/v2\/comments?post=14799"}],"version-history":[{"count":2,"href":"https:\/\/regenesishealth.co.uk\/fr\/wp-json\/wp\/v2\/pages\/14799\/revisions"}],"predecessor-version":[{"id":18802,"href":"https:\/\/regenesishealth.co.uk\/fr\/wp-json\/wp\/v2\/pages\/14799\/revisions\/18802"}],"wp:featuredmedia":[{"embeddable":true,"href":"https:\/\/regenesishealth.co.uk\/fr\/wp-json\/wp\/v2\/media\/14342"}],"wp:attachment":[{"href":"https:\/\/regenesishealth.co.uk\/fr\/wp-json\/wp\/v2\/media?parent=14799"}],"curies":[{"name":"wp","href":"https:\/\/api.w.org\/{rel}","templated":true}]}}