{"id":18827,"date":"2024-07-04T14:07:01","date_gmt":"2024-07-04T13:07:01","guid":{"rendered":"https:\/\/regenesishealth.co.uk\/rehabilitation-asthetik\/"},"modified":"2024-07-04T14:07:01","modified_gmt":"2024-07-04T13:07:01","slug":"rehabilitation-asthetik","status":"publish","type":"page","link":"https:\/\/regenesishealth.co.uk\/de\/rehabilitation-asthetik\/","title":{"rendered":"Rehabilitation &amp; \u00c4sthetik"},"content":{"rendered":"<p>[vc_row full_width=&#8221;stretch_row_content_no_spaces&#8221; content_placement=&#8221;top&#8221; content_text_aligment=&#8221;center&#8221;][vc_column][vc_single_image image=&#8221;17047&#8243; img_size=&#8221;Full&#8221; alignment=&#8221;center&#8221;][\/vc_column][\/vc_row][vc_row css=&#8221;.vc_custom_1656337554913{padding-top: 93px !important;padding-bottom: 33px !important;}&#8221;][vc_column][vc_column_text]<\/p>\n<h1 style=\"text-align: center;\">Rehabilitation &amp; \u00c4sthetische Behandlungen<\/h1>\n<h2 style=\"text-align: center;\">Eine breite Palette von Dienstleistungen in den Bereichen Physiotherapie, medizinische \u00c4sthetik und regenerative Behandlungen.<\/h2>\n<p>[\/vc_column_text][vc_empty_space][vc_column_text]Regenesis Health Travel hat es sich zum Ziel gesetzt, die Gesundheit und Lebensqualit\u00e4t unserer Patienten zu verbessern, indem wir ein breites Spektrum an Dienstleistungen in den Bereichen Physiotherapie, medizinische \u00c4sthetik und regenerative Behandlungen anbieten. Unser Expertenteam erstellt pers\u00f6nliche Behandlungspl\u00e4ne f\u00fcr die individuellen Bed\u00fcrfnisse jedes einzelnen Patienten und bietet mit Hilfe der neuesten Technologien eine Behandlung von h\u00f6chster Qualit\u00e4t. [\/vc_column_text][\/vc_column][\/vc_row][vc_row][vc_column][vc_separator border_width=&#8221;3&#8243; css=&#8221;.vc_custom_1656337637411{padding-top: 25px !important;padding-bottom: 25px !important;}&#8221;][\/vc_column][\/vc_row][vc_row][vc_column][vc_column_text]<\/p>\n<h2 style=\"text-align: center;\">Unsere Dienstleistungen im Bereich Rehabilitation und \u00e4sthetische Behandlungen<\/h2>\n<p>[\/vc_column_text][\/vc_column][\/vc_row][vc_row content_placement=&#8221;middle&#8221; css=&#8221;.vc_custom_1656340450390{padding-top: 33px !important;}&#8221;][vc_column width=&#8221;1\/2&#8243;][vc_column_text]<\/p>\n<div><b>Physikalische Therapie und Rehabilitation<\/b><\/div>\n<p style=\"font-weight: 400;\">Unsere Abteilung f\u00fcr Physiotherapie und Rehabilitation bietet ein breites Spektrum an Behandlungsm\u00f6glichkeiten, um Ihre Mobilit\u00e4t zu verbessern, Ihre Schmerzen zu lindern und Ihre Lebensqualit\u00e4t zu steigern.<\/p>\n<ul style=\"font-weight: 400;\">\n<li><strong>Schmerzbehandlung<\/strong>: Wir bieten wirksame L\u00f6sungen f\u00fcr chronische Schmerzen, einschlie\u00dflich Hernien im unteren R\u00fccken- und Nackenbereich und Osteoarthritis.<\/li>\n<li><strong>Orthop\u00e4dische Rehabilitation<\/strong>: Wir helfen bei der Genesung von Meniskusrissen, B\u00e4nderverletzungen, Schulterrissen und Tennisellenbogen.<\/li>\n<li><strong>Sportverletzungen<\/strong>: Unser Expertenteam unterst\u00fctzt Sie bei der Genesung nach Sportverletzungen.<\/li>\n<li><strong>Rheumatische Erkrankungen<\/strong>: Wir bieten Unterst\u00fctzung bei der Behandlung von rheumatischen Erkrankungen wie rheumatoider Arthritis und Morbus Bechterew.<\/li>\n<li><strong>Osteoarthritis<\/strong>: Wir bieten Behandlungen an, um Schmerzen zu lindern und die Mobilit\u00e4t von Arthrosepatienten zu verbessern.<\/li>\n<li><strong>Neurologische Rehabilitation<\/strong>: Wir bieten spezielle Unterst\u00fctzung bei der Rehabilitation von neurologischen Erkrankungen wie Schlaganfall, MS und Parkinson.<\/li>\n<li><strong>Skoliose<\/strong>: Wir bieten spezielle Behandlungsprogramme zur Korrektur der Wirbels\u00e4ulenverkr\u00fcmmung bei Skoliosepatienten an.<\/li>\n<\/ul>\n<p>[\/vc_column_text][\/vc_column][vc_column width=&#8221;1\/2&#8243;][vc_single_image image=&#8221;17054&#8243; img_size=&#8221;&#8221; alignment=&#8221;center&#8221; css_animation=&#8221;fadeInRight&#8221;][\/vc_column][\/vc_row][vc_row][vc_column][vc_separator css=&#8221;.vc_custom_1656337847227{padding-top: 25px !important;padding-bottom: 25px !important;}&#8221;][\/vc_column][\/vc_row][vc_row content_placement=&#8221;middle&#8221;][vc_column width=&#8221;1\/2&#8243;][vc_single_image image=&#8221;17060&#8243; img_size=&#8221;&#8221; alignment=&#8221;center&#8221; css_animation=&#8221;fadeInLeft&#8221;][\/vc_column][vc_column width=&#8221;1\/2&#8243;][vc_column_text]<\/p>\n<div><b>Medizinische \u00c4sthetik<\/b><\/div>\n<p style=\"font-weight: 400;\">Unsere Abteilung f\u00fcr medizinische \u00c4sthetik bietet verschiedene nicht-chirurgische \u00e4sthetische Behandlungen an, um Ihr Aussehen zu verj\u00fcngen und aufzufrischen.<\/p>\n<ul style=\"font-weight: 400;\">\n<li><strong>Botox<\/strong>: Reduziert Falten und verleiht Ihrer Haut ein jugendlicheres Aussehen.<\/li>\n<li><strong>Auff\u00fcller<\/strong>: Verbessert die Gesichtskonturen und stellt verlorenes Volumen in der Haut wieder her.<\/li>\n<li><strong>Mesotherapie<\/strong>: Verj\u00fcngt die Haut mit Vitamin- und Mineralstoffinjektionen.<\/li>\n<li><strong>Jugend-Impfstoffe<\/strong>: Erh\u00f6ht die Elastizit\u00e4t der Haut f\u00fcr ein jugendliches Aussehen.<\/li>\n<li><strong>Plexr Plasma<\/strong>: Nicht-chirurgische Behandlung zur Beseitigung von Hauterschlaffung und Falten.<\/li>\n<li><strong>Hautverj\u00fcngung<\/strong>: Gleicht den Hautton aus, reduziert Hautunreinheiten und Narben und verj\u00fcngt die Haut.<\/li>\n<li><strong>Entfernung von Muttermalen<\/strong>: Nicht-chirurgische Entfernung von Muttermalen auf der Haut.<\/li>\n<\/ul>\n<p>[\/vc_column_text][\/vc_column][\/vc_row][vc_row][vc_column][vc_separator css=&#8221;.vc_custom_1656337847227{padding-top: 25px !important;padding-bottom: 25px !important;}&#8221;][\/vc_column][\/vc_row][vc_row content_placement=&#8221;middle&#8221;][vc_column width=&#8221;1\/2&#8243;][vc_column_text]<\/p>\n<div><b>Regenerative und erg\u00e4nzende Behandlungen<\/b><\/div>\n<p style=\"font-weight: 400;\">Unsere Abteilung f\u00fcr regenerative und erg\u00e4nzende Behandlungen bietet Therapien zur Entgiftung und Zellerneuerung, zur Schmerzlinderung und zum Anti-Aging an.<\/p>\n<ul style=\"font-weight: 400;\">\n<li><strong>Stammzellen-Exosomen<\/strong>: F\u00f6rdert die Zellregeneration, was zu einer j\u00fcnger aussehenden Haut f\u00fchrt.<\/li>\n<li><strong>Behandlungen f\u00fcr Gesicht und Haare<\/strong>: Verbessert und verj\u00fcngt die Gesundheit von Haut und Haar.<\/li>\n<li><strong>Stammzellen aus Bauchfett<\/strong>: Verwendet aus K\u00f6rperfett gewonnene Stammzellen f\u00fcr regenerative Behandlungen.<\/li>\n<li><strong>Stammzellen aus der Haut hinter dem Ohr<\/strong>: F\u00fchrt Behandlungen zur Hautregeneration mit Stammzellen durch.<\/li>\n<li><strong>Akupunktur<\/strong>: Gleicht die K\u00f6rperenergie aus und lindert Schmerzen durch Techniken der traditionellen chinesischen Medizin.<\/li>\n<li><strong>Ozon-Therapie<\/strong>: Unterst\u00fctzt die Zellregeneration und Entgiftung durch Ozongas.<\/li>\n<li><strong>Prolotherapie<\/strong>: Beschleunigt die Heilung von schwachem und besch\u00e4digtem Gewebe durch Injektionstherapie.<\/li>\n<li><strong>Schr\u00f6pftherapie<\/strong>: Sorgt f\u00fcr Gesundheit und Entspannung, indem sie mit traditionellen Methoden Giftstoffe aus dem K\u00f6rper ausleitet.<\/li>\n<li><strong>Intraven\u00f6se Vitamin- und Unterst\u00fctzungstherapien<\/strong>: Verbessert die allgemeine Gesundheit durch die direkte Verabreichung von Vitaminen und Mineralien in den Blutkreislauf.<\/li>\n<li><strong>NAD, Myers&#8217; Cocktail, Glutathion, IV Vitamin C<\/strong>: Bietet intraven\u00f6se Behandlungen zur F\u00f6rderung der Zellgesundheit und des Energieniveaus.<\/li>\n<\/ul>\n<p>[\/vc_column_text][\/vc_column][vc_column width=&#8221;1\/2&#8243;][vc_single_image image=&#8221;17066&#8243; img_size=&#8221;&#8221; alignment=&#8221;center&#8221; css_animation=&#8221;fadeInRight&#8221;][\/vc_column][\/vc_row][vc_row][vc_column][vc_separator border_width=&#8221;3&#8243; css=&#8221;.vc_custom_1656337637411{padding-top: 25px !important;padding-bottom: 25px !important;}&#8221;][\/vc_column][\/vc_row][vc_row][vc_column][vc_column_text]<\/p>\n<h2 style=\"text-align: center;\">Unser team<\/h2>\n<p>[\/vc_column_text][\/vc_column][\/vc_row][vc_row css=&#8221;.vc_custom_1656338660405{padding-top: 66px !important;padding-bottom: 66px !important;}&#8221;][vc_column width=&#8221;1\/3&#8243;][\/vc_column][vc_column width=&#8221;1\/3&#8243;]<div class=\"mkdf-team info-bellow\">\n\t<div class=\"mkdf-team-inner\">\n\t\t\t\t\t<div class=\"mkdf-team-image\">\n                <a itemprop=\"url\" href=\"https:\/\/regenesishealth.co.uk\/team-member\/elif-eren\/\">\n                    <img loading=\"lazy\" decoding=\"async\" width=\"1400\" height=\"1400\" src=\"https:\/\/regenesishealth.co.uk\/wp-content\/uploads\/2024\/01\/Elif-Eren.png\" class=\"attachment-full size-full wp-post-image\" alt=\"\" srcset=\"https:\/\/regenesishealth.co.uk\/wp-content\/uploads\/2024\/01\/Elif-Eren.png 1400w, https:\/\/regenesishealth.co.uk\/wp-content\/uploads\/2024\/01\/Elif-Eren-300x300.png 300w, https:\/\/regenesishealth.co.uk\/wp-content\/uploads\/2024\/01\/Elif-Eren-100x100.png 100w, https:\/\/regenesishealth.co.uk\/wp-content\/uploads\/2024\/01\/Elif-Eren-600x600.png 600w, https:\/\/regenesishealth.co.uk\/wp-content\/uploads\/2024\/01\/Elif-Eren-1024x1024.png 1024w, https:\/\/regenesishealth.co.uk\/wp-content\/uploads\/2024\/01\/Elif-Eren-150x150.png 150w, https:\/\/regenesishealth.co.uk\/wp-content\/uploads\/2024\/01\/Elif-Eren-768x768.png 768w, https:\/\/regenesishealth.co.uk\/wp-content\/uploads\/2024\/01\/Elif-Eren-550x550.png 550w, https:\/\/regenesishealth.co.uk\/wp-content\/uploads\/2024\/01\/Elif-Eren-1100x1100.png 1100w\" sizes=\"(max-width: 1400px) 100vw, 1400px\" title=\"\">\t\t\t\t\t<div class=\"mkdf-circle-animate\"><\/div>\n\t\t\t\t\t<div class=\"mkdf-circle-icon\">\n\t\t\t\t\t\t<img decoding=\"async\" src=\"https:\/\/regenesishealth.co.uk\/wp-content\/uploads\/2022\/08\/clinic-assistant-icon.png\" class=\"icon\" alt=\"Doctor Icon\" title=\"\">\n\t\t\t\t\t<\/div>\n\t\t\t\t\t<div class=\"mkdf-circle-icon-hidden\">\n\t\t\t\t\t\t<img decoding=\"async\" src=\"https:\/\/regenesishealth.co.uk\/wp-content\/uploads\/2022\/08\/clinic-assistant-icon.png\" class=\"icon\" alt=\"Doctor Icon\" title=\"\">\n\t\t\t\t\t<\/div>\n\t\t\t\t<\/a>\n\t\t\t<\/div>\n\t\t\t\t<div class=\"mkdf-team-info\">\n            <div class=\"mkdf-team-title-holder\">\n                <h5 itemprop=\"name\" class=\"mkdf-team-name entry-title\">\n                    <a itemprop=\"url\" href=\"https:\/\/regenesishealth.co.uk\/team-member\/elif-eren\/\">Dr. Elif Eren<\/a>\n                <\/h5>\n\n                                    <h6 class=\"mkdf-team-position\">Physiatrics and Rehabilitation, Medical Aesthetics, and Regenerative Medicine Specialist<\/h6>\n                            <\/div>\n\t\t\t\t\t\t<div class=\"mkdf-team-social-holder-between\">\n\t\t\t\t<div class=\"mkdf-team-social\">\n\t\t\t\t\t<div class=\"mkdf-team-social-inner\">\n\t\t\t\t\t\t<div class=\"mkdf-team-social-wrapp\">\n\t\t\t\t\t\t\t\t\t\t\t\t\t<\/div>\n\t\t\t\t\t<\/div>\n\t\t\t\t<\/div>\n\t\t\t<\/div>\n\t\t<\/div>\n\t<\/div>\n<\/div>[\/vc_column][vc_column width=&#8221;1\/3&#8243;][\/vc_column][\/vc_row][vc_row][vc_column][vc_separator border_width=&#8221;3&#8243; css=&#8221;.vc_custom_1656337637411{padding-top: 25px !important;padding-bottom: 25px !important;}&#8221;][\/vc_column][\/vc_row][vc_row content_placement=&#8221;middle&#8221; row_content_width=&#8221;grid&#8221; content_text_aligment=&#8221;center&#8221; css=&#8221;.vc_custom_1656423295595{padding-bottom: 66px !important;}&#8221;][vc_column width=&#8221;1\/4&#8243;][\/vc_column][vc_column css_animation=&#8221;bounceIn&#8221; width=&#8221;1\/2&#8243;][vc_column_text]<\/p>\n<h4 style=\"text-align: center;\">Kontaktieren Sie uns jetzt und informieren Sie sich \u00fcber unsere modernsten Behandlungsmethoden, die Ihren Bed\u00fcrfnissen entsprechen.<\/h4>\n<p>[\/vc_column_text][vc_empty_space]<a itemprop=\"url\" href=\"https:\/\/regenesishealth.co.uk\/contact-us\/\" target=\"_self\"  class=\"mkdf-btn mkdf-btn-medium mkdf-btn-solid mkdf-btn-solid-dark\"  >\n    <span class=\"mkdf-btn-text\">Kontaktiere uns<\/span>\n    <span class=\"mkdf-btn-icon-holder\">\n        <span class=\"mkdf-btn-icon-normal\" ><\/span>\n        <span class=\"mkdf-btn-icon-flip\" ><\/span>\n    <\/span>\n<\/a>[\/vc_column][vc_column width=&#8221;1\/4&#8243;][\/vc_column][\/vc_row]<\/p>\n","protected":false},"excerpt":{"rendered":"<p>[vc_row full_width=&#8221;stretch_row_content_no_spaces&#8221; content_placement=&#8221;top&#8221; content_text_aligment=&#8221;center&#8221;][vc_column][vc_single_image image=&#8221;17047&#8243; img_size=&#8221;Full&#8221; alignment=&#8221;center&#8221;][\/vc_column][\/vc_row][vc_row css=&#8221;.vc_custom_1656337554913{padding-top: 93px !important;padding-bottom: 33px !important;}&#8221;][vc_column][vc_column_text] Rehabilitation &amp; \u00c4sthetische Behandlungen Eine breite Palette von Dienstleistungen in den Bereichen Physiotherapie, medizinische \u00c4sthetik und regenerative Behandlungen. [\/vc_column_text][vc_empty_space][vc_column_text]Regenesis Health Travel hat es sich zum Ziel gesetzt, die [&hellip;]<\/p>\n","protected":false},"author":1,"featured_media":17049,"parent":0,"menu_order":0,"comment_status":"closed","ping_status":"closed","template":"","meta":{"footnotes":""},"class_list":["post-18827","page","type-page","status-publish","has-post-thumbnail","hentry"],"_links":{"self":[{"href":"https:\/\/regenesishealth.co.uk\/de\/wp-json\/wp\/v2\/pages\/18827"}],"collection":[{"href":"https:\/\/regenesishealth.co.uk\/de\/wp-json\/wp\/v2\/pages"}],"about":[{"href":"https:\/\/regenesishealth.co.uk\/de\/wp-json\/wp\/v2\/types\/page"}],"author":[{"embeddable":true,"href":"https:\/\/regenesishealth.co.uk\/de\/wp-json\/wp\/v2\/users\/1"}],"replies":[{"embeddable":true,"href":"https:\/\/regenesishealth.co.uk\/de\/wp-json\/wp\/v2\/comments?post=18827"}],"version-history":[{"count":0,"href":"https:\/\/regenesishealth.co.uk\/de\/wp-json\/wp\/v2\/pages\/18827\/revisions"}],"wp:featuredmedia":[{"embeddable":true,"href":"https:\/\/regenesishealth.co.uk\/de\/wp-json\/wp\/v2\/media\/17049"}],"wp:attachment":[{"href":"https:\/\/regenesishealth.co.uk\/de\/wp-json\/wp\/v2\/media?parent=18827"}],"curies":[{"name":"wp","href":"https:\/\/api.w.org\/{rel}","templated":true}]}}