{"id":18751,"date":"2020-10-15T16:54:04","date_gmt":"2020-10-15T15:54:04","guid":{"rendered":"https:\/\/regenesishealth.co.uk\/datenschutzbestimmungen\/"},"modified":"2020-10-15T16:54:04","modified_gmt":"2020-10-15T15:54:04","slug":"datenschutzbestimmungen","status":"publish","type":"page","link":"https:\/\/regenesishealth.co.uk\/de\/datenschutzbestimmungen\/","title":{"rendered":"Datenschutzbestimmungen"},"content":{"rendered":"<p>[vc_row][vc_column][vc_column_text]<\/p>\n<h3 style=\"text-align: center;\"><b>DATENSCHUTZERKL\u00c4RUNG &amp; COOKIE-RICHTLINIE<\/b><\/h3>\n<p><b>LETZTES UPDATE: 24 JULI 2023<\/b><\/p>\n<p>Wir bitten Sie, diese Datenschutz- und Cookie-Richtlinie (die<b>&#8220;Richtlinie<\/b>&#8220;) sorgf\u00e4ltig zu lesen, da sie wesentliche Informationen dar\u00fcber enth\u00e4lt, wie wir Ihre pers\u00f6nlichen Daten verwenden.<\/p>\n<p>F\u00fcr die Zwecke der Allgemeinen Datenschutzverordnung 2016\/679 und des Datenschutzgesetzes 2018 in der jeweils g\u00fcltigen Fassung ist 8 Bridge Street, Old Red Lion Court, Stratford-Upon-Avon, England, CV37 6AB (<b>&#8220;wir<\/b>&#8221; oder<b>&#8220;uns&#8221;<\/b>) der <b>f\u00fcr die Datenverarbeitung Verantwortliche<\/b> (d.h. das Unternehmen, das f\u00fcr die Verarbeitung Ihrer personenbezogenen Daten verantwortlich ist und diese kontrolliert).<\/p>\n<p><b>Pers\u00f6nliche Daten, die wir \u00fcber Sie sammeln k\u00f6nnen<\/b><\/p>\n<p>Wir erhalten personenbezogene Daten \u00fcber Sie (wie Ihren Namen, Ihre E-Mail-Adresse, Ihre Postanschrift und Ihre Telefonnummer), wenn Sie ein Online-Formular ausf\u00fcllen.<\/p>\n<p>So erhalten wir beispielsweise Ihre pers\u00f6nlichen Daten, wenn Sie sich f\u00fcr die Nutzung dieser Website registrieren, uns Feedback senden, Material posten, uns aus irgendeinem Grund kontaktieren, sich f\u00fcr einen Service anmelden und unsere Dienstleistungen erwerben. Wir werden Sie nicht nach Ihren sensiblen pers\u00f6nlichen Daten fragen. Dabei handelt es sich um Ihre rassische oder ethnische Herkunft, Ihre politischen Meinungen, Ihre religi\u00f6sen oder \u00e4hnlichen \u00dcberzeugungen, Ihre Mitgliedschaft in einer Gewerkschaft, Ihren k\u00f6rperlichen oder geistigen Gesundheitszustand, Ihr Sexualleben, die Begehung oder angebliche Begehung einer Straftat durch Sie und jedes Verfahren wegen einer von Ihnen begangenen oder angeblich begangenen Straftat, den Ausgang eines solchen Verfahrens oder das Urteil eines Gerichts in einem solchen Verfahren.  <\/p>\n<p>Wir k\u00f6nnen Ihre Nutzung dieser Website durch die Verwendung von Cookies und \u00e4hnlichen Tracking-Ger\u00e4ten \u00fcberwachen. So k\u00f6nnen wir z.B. \u00fcberwachen, wie oft Sie die Website besuchen, welche Seiten Sie aufrufen, Verkehrsdaten, Standortdaten und den Ursprungsdomainnamen des Internetdienstanbieters eines Nutzers. Diese Informationen helfen uns dabei, ein Profil unserer Nutzer zu erstellen. Einige dieser Daten werden aggregiert oder statistisch erfasst, was bedeutet, dass wir nicht in der Lage sind, Sie individuell zu identifizieren. Bitte lesen Sie weiter unten den Abschnitt \u00fcber die <b>Verwendung von Cookies<\/b>.    <\/p>\n<p>Gelegentlich erhalten wir Informationen \u00fcber Sie aus anderen Quellen (z.B. von unseren weltweiten Vertretern), die wir den Informationen hinzuf\u00fcgen, die wir bereits \u00fcber Sie besitzen, um unseren Service f\u00fcr Sie zu verbessern und zu personalisieren.<\/p>\n<p><b>Wie wir Ihre pers\u00f6nlichen Daten verwenden<\/b><\/p>\n<p>Wir werden Ihre pers\u00f6nlichen Daten f\u00fcr die Zwecke verwenden, die in der Datenschutzerkl\u00e4rung beschrieben sind, die Ihnen bei der Erhebung Ihrer Daten mitgeteilt wurde. Diese Zwecke umfassen: <\/p>\n<ul>\n<li>um uns zu helfen, Sie und Ihre Konten bei uns zu identifizieren;<\/li>\n<li>Verwaltung;<\/li>\n<li>Forschung, statistische Analyse und Verhaltensanalyse;<\/li>\n<li>die Erstellung von Kundenprofilen und die Analyse Ihrer Kaufpr\u00e4ferenzen;<\/li>\n<li>Marketing &#8211; siehe <b>Marketing und Opt-out<\/b> unten;<\/li>\n<li>Betrugspr\u00e4vention und -aufdeckung;<\/li>\n<li>Rechnungsstellung und Auftragsabwicklung;<\/li>\n<li>die Anpassung dieser Website und ihres Inhalts an Ihre besonderen Vorlieben;<\/li>\n<li>um Sie \u00fcber \u00c4nderungen an dieser Website oder an unseren Dienstleistungen zu informieren, die Sie betreffen k\u00f6nnten;<\/li>\n<li>Sicherheits\u00fcberpr\u00fcfung; und<\/li>\n<li>die Verbesserung unserer Dienstleistungen.<\/li>\n<\/ul>\n<p>Unsere Mitarbeiter, weltweiten Vertreter, Agenten und Gesch\u00e4ftspartner haben Zugang zu Ihren pers\u00f6nlichen Daten. Auf Ihre schriftliche Anfrage hin k\u00f6nnen wir Ihnen die Daten unserer weltweiten Vertreter, Agenten und Gesch\u00e4ftspartner mitteilen. Sie finden unsere Kontaktinformationen am Ende dieses Dokuments.  <\/p>\n<p><b>Marketing und Opt-out<\/b><\/p>\n<p>Wir k\u00f6nnen Ihre pers\u00f6nlichen Daten an Organisationen weitergeben, die unsere Gesch\u00e4ftspartner sind, und diese oder wir k\u00f6nnen Sie per Post, Telefon und E-Mail \u00fcber unsere Dienstleistungen, Werbeaktionen und Sonderangebote, die f\u00fcr Sie von Interesse sein k\u00f6nnten, informieren (es sei denn, Sie haben sie oder uns gebeten, dies nicht zu tun). Wenn Sie es vorziehen, keine weiteren Direktmarketing-Nachrichten von unseren Gesch\u00e4ftspartnern oder uns zu erhalten, k\u00f6nnen Sie sich jederzeit abmelden. Siehe weiter unten <b>Ihre Rechte<\/b>.  <\/p>\n<p><b>Offenlegung Ihrer pers\u00f6nlichen Daten<\/b><\/p>\n<p>Wir k\u00f6nnen Ihre pers\u00f6nlichen Daten weitergeben an:<\/p>\n<ul>\n<li>andere Unternehmen innerhalb unserer Gruppe;<\/li>\n<li>unsere Vertreter und Dienstleister (z.B. globale Vertreter, Anbieter von Webhosting- oder Wartungsdiensten);<\/li>\n<li>Strafverfolgungsbeh\u00f6rden in Verbindung mit Ermittlungen zur Verhinderung rechtswidriger Handlungen; und<\/li>\n<li>unsere Gesch\u00e4ftspartner gem\u00e4\u00df dem Abschnitt <b>Marketing und Opt-out<\/b> oben<\/li>\n<\/ul>\n<p><b>Sicherheit f\u00fcr Ihre Daten<\/b><\/p>\n<p>Wir setzen technische und organisatorische Ma\u00dfnahmen ein, um Ihre personenbezogenen Daten zu sch\u00fctzen; so speichern wir Ihre personenbezogenen Daten beispielsweise auf sicheren Servern.<\/p>\n<p>Auch wenn wir alle angemessenen Anstrengungen unternehmen, um Ihre pers\u00f6nlichen Daten zu sch\u00fctzen, erkennen Sie an, dass die Nutzung des Internets nicht v\u00f6llig sicher ist. Aus diesem Grund k\u00f6nnen wir die Sicherheit oder Integrit\u00e4t von pers\u00f6nlichen Daten, die von Ihnen oder an Sie \u00fcber das Internet \u00fcbertragen werden, nicht garantieren. <\/p>\n<p><b>\u00dcberwachung<\/b><\/p>\n<p>Wir k\u00f6nnen die Kommunikation mit Ihnen (z. B. Telefongespr\u00e4che und E-Mails) zum Zwecke der Qualit\u00e4tssicherung, Schulung, Betrugsbek\u00e4mpfung und Einhaltung von Vorschriften \u00fcberwachen und aufzeichnen.<\/p>\n<p><b>Informationen \u00fcber andere Personen<\/b><\/p>\n<p>Wenn Sie uns Informationen im Namen einer anderen Person geben, best\u00e4tigen Sie, dass die andere Person Sie beauftragt hat, in ihrem Namen zu handeln, und dass Sie damit einverstanden sind:<\/p>\n<ul>\n<li>in seinem\/ihrem Namen die Zustimmung zur Verarbeitung seiner\/ihrer pers\u00f6nlichen Daten geben;<\/li>\n<li>in seinem Namen Datenschutzhinweise zu erhalten;<\/li>\n<li>der \u00dcbermittlung seiner pers\u00f6nlichen Daten ins Ausland zustimmen; und<\/li>\n<li>die Zustimmung zur Verarbeitung seiner oder ihrer sensiblen pers\u00f6nlichen Daten geben.<\/li>\n<\/ul>\n<p><b>Verwendung von Cookies<\/b><\/p>\n<p>Ein Cookie ist eine kleine Textdatei, die auf Ihrem Computer (oder anderen elektronischen Ger\u00e4ten) abgelegt wird, wenn Sie unsere Website besuchen. Wir verwenden Cookies auf dieser Website, um: <\/p>\n<ul>\n<li>Sie zu erkennen, wenn Sie diese Website besuchen (dies beschleunigt Ihren Zugriff auf die Website);<\/li>\n<li>Informationen \u00fcber Ihre Vorlieben, Online-Bewegungen und die Nutzung des Internets zu erhalten;<\/li>\n<li>Forschung und statistische Analysen durchzuf\u00fchren, um unsere Inhalte und Dienstleistungen zu verbessern und die Anforderungen und Interessen unserer Kunden besser zu verstehen; und<\/li>\n<li>unsere Marketing- und Werbekampagnen und die unserer Partner effektiver zu gestalten, indem wir Ihnen interessenbezogene Werbung anbieten, die auf Ihre Interessen zugeschnitten ist; und<\/li>\n<li>Ihr Online-Erlebnis effizienter und angenehmer zu gestalten.<\/li>\n<\/ul>\n<p>Die Informationen, die wir durch die Verwendung von Cookies erhalten, enthalten in der Regel keine pers\u00f6nlichen Daten, obwohl wir Informationen \u00fcber Ihren Computer oder andere elektronische Ger\u00e4te wie Ihre IP-Adresse, Ihren Browser und\/oder andere Internetprotokolldaten erhalten k\u00f6nnen. Dadurch werden Sie in der Regel nicht pers\u00f6nlich identifiziert. Unter bestimmten Umst\u00e4nden k\u00f6nnen wir personenbezogene Daten \u00fcber Sie sammeln &#8211; aber nur, wenn Sie diese freiwillig zur Verf\u00fcgung stellen (z.B. durch Ausf\u00fcllen eines Online-Formulars) oder wenn Sie Dienstleistungen von uns erwerben<b>.<\/b>  <\/p>\n<p>In den meisten F\u00e4llen ben\u00f6tigen wir Ihre Zustimmung, um Cookies auf dieser Website verwenden zu k\u00f6nnen. Die Ausnahme ist, wenn das Cookie unerl\u00e4sslich ist, damit wir Ihnen einen von Ihnen angeforderten Service bieten k\u00f6nnen. <\/p>\n<p><b>Zustimmung (Benachrichtigung auf der Startseite)<\/b><\/p>\n<p>Auf unserer Startseite befindet sich ein Hinweis, der beschreibt, wie wir Cookies verwenden, und der einen Link zu unserer Datenschutzrichtlinie &amp; Cookie-Richtlinie enth\u00e4lt. Wenn Sie diese Website nutzen, nachdem Ihnen dieser Hinweis angezeigt wurde, gehen wir davon aus, dass Sie damit einverstanden sind, dass wir Cookies f\u00fcr die in dieser Datenschutzrichtlinie &amp; Cookies-Richtlinie beschriebenen Zwecke verwenden. <\/p>\n<p><b>Cookies von Dritten<\/b><\/p>\n<p>Wir arbeiten mit Drittanbietern zusammen, die ebenfalls Cookies auf unserer Website setzen k\u00f6nnen, z. B. Facebook, Twitter, Instagram, YouTube und Adobe Flashplayer, die wir zur Anzeige von Videoinhalten verwenden. Diese Drittanbieter sind f\u00fcr die Cookies verantwortlich, die sie auf unserer Website setzen. Wenn Sie weitere Informationen w\u00fcnschen, gehen Sie bitte auf die Website des jeweiligen Drittanbieters.  <\/p>\n<p><b>Wie Sie Cookies deaktivieren k\u00f6nnen<\/b><\/p>\n<p>Wenn Sie keine Cookies akzeptieren m\u00f6chten, k\u00f6nnen Sie die Einstellungen Ihres Browsers so \u00e4ndern, dass Cookies nicht akzeptiert werden. Bitte beachten Sie, dass Sie in diesem Fall m\u00f6glicherweise einige Funktionen dieser Website nicht nutzen k\u00f6nnen. Weitere Informationen \u00fcber Cookies und wie Sie sie deaktivieren k\u00f6nnen, finden Sie unter www.aboutcookies.org oder www.allaboutcookies.org  <\/p>\n<p><b>\u00dcbertragungen von personenbezogenen Daten aus dem EWR<\/b><\/p>\n<p>Wenn Sie sich f\u00fcr unseren Newsletter oder eine Mitgliedschaft auf dieser Website anmelden, ein Formular abschicken oder Ihre pers\u00f6nlichen Daten weitergeben, w\u00e4hrend Sie mit uns in Kontakt stehen, erkl\u00e4ren Sie sich damit einverstanden, dass wir Ihre pers\u00f6nlichen Daten in L\u00e4nder au\u00dferhalb des Europ\u00e4ischen Wirtschaftsraums \u00fcbermitteln k\u00f6nnen. Seien Sie versichert, dass wir stets sicherstellen werden, dass jede \u00dcbermittlung angemessenen Sicherheitsma\u00dfnahmen unterliegt, um Ihre pers\u00f6nlichen Daten zu sch\u00fctzen. <\/p>\n<p><b>Ihre Rechte<\/b><\/p>\n<p>Sie haben das Recht, gegen Zahlung einer geringen Geb\u00fchr (derzeit \u00a310) Zugang zu den personenbezogenen Daten zu verlangen, die wir \u00fcber Sie verarbeiten k\u00f6nnen. Wenn Sie von diesem Recht Gebrauch machen m\u00f6chten, sollten Sie: <\/p>\n<ul>\n<li>stellen Sie Ihre Anfrage schriftlich;<\/li>\n<li>f\u00fcgen Sie einen Nachweis Ihrer Identit\u00e4t und Adresse bei (z. B. eine Kopie Ihres F\u00fchrerscheins oder Reisepasses sowie eine aktuelle Rechnung eines Versorgungsunternehmens oder einer Kreditkarte);<\/li>\n<li>\u00dcberweisen Sie den Betrag von \u00a310 auf unser Bankkonto, das wir Ihnen schriftlich mitteilen werden; und<\/li>\n<li>geben Sie die pers\u00f6nlichen Daten an, auf die Sie zugreifen m\u00f6chten, einschlie\u00dflich etwaiger Konto- oder Referenznummern.<\/li>\n<\/ul>\n<p>Sie haben das Recht, von uns zu verlangen, dass wir etwaige Ungenauigkeiten in Ihren Daten kostenlos korrigieren. Wenn Sie von diesem Recht Gebrauch machen m\u00f6chten, sollten Sie: <\/p>\n<ul>\n<li>stellen Sie Ihre Anfrage schriftlich;<\/li>\n<li>uns gen\u00fcgend Informationen zur Verf\u00fcgung stellen, um Sie zu identifizieren (z.B. Kontonummer, Benutzername, Registrierungsdaten); und<\/li>\n<li>geben Sie an, welche Informationen falsch sind und wie sie ersetzt werden sollen.<\/li>\n<\/ul>\n<p>Sie haben auch das Recht, uns aufzufordern, die Verarbeitung Ihrer personenbezogenen Daten f\u00fcr Direktmarketingzwecke einzustellen. Wenn Sie von diesem Recht Gebrauch machen m\u00f6chten, sollten Sie: <\/p>\n<ul>\n<li>formulieren Sie Ihren Wunsch schriftlich (eine E-Mail an <a href=\"mailto:info@regenesishealth.co.uk\">info@regenesishealth.co.uk<\/a> mit der Kopfzeile &#8216;Unsubscribe&#8217; ist akzeptabel);<\/li>\n<li>uns gen\u00fcgend Informationen zur Verf\u00fcgung stellen, um Sie zu identifizieren (z.B. Kontonummer, Benutzername, Registrierungsdaten); und<\/li>\n<li>wenn sich Ihr Widerspruch nicht gegen Direktmarketing im Allgemeinen, sondern gegen Direktmarketing \u00fcber einen bestimmten Kanal (z.B. E-Mail oder Telefon) richtet, geben Sie bitte den Kanal an, gegen den Sie Widerspruch erheben.<\/li>\n<\/ul>\n<p>Sie haben das Recht, uns zu bitten, Ihre pers\u00f6nlichen Daten dauerhaft zu l\u00f6schen. Wenn Sie von diesem Recht Gebrauch machen m\u00f6chten, sollten Sie: <\/p>\n<ul>\n<li>stellen Sie Ihren Antrag schriftlich (eine E-Mail an <a href=\"mailto:info@vialight.co.uk\">info@regenesishealth.co.uk<\/a> mit der \u00dcberschrift &#8220;Meine pers\u00f6nlichen Daten l\u00f6schen&#8221; ist ausreichend).<\/li>\n<\/ul>\n<p><b>Unsere Kontaktinformationen<\/b><\/p>\n<p>Wir freuen uns \u00fcber Ihr Feedback und Ihre Fragen. Wenn Sie mit uns Kontakt aufnehmen m\u00f6chten, wenden Sie sich bitte an uns; <\/p>\n<p>senden Sie eine E-Mail an <a href=\"mailto:info@vialight.co.uk\">info@regenesishealth.co.uk<\/a> oder<span class=\"Apple-converted-space\"> <\/span><\/p>\n<p>k\u00f6nnen Sie uns schreiben: 8 Bridge Street, Old Red Lion Court, Stratford-Upon-Avon, England, CV37 6AB<span class=\"Apple-converted-space\">  <\/span>oder<span class=\"Apple-converted-space\"> <\/span><\/p>\n<p>Rufen Sie uns an unter +44 1789296561.<\/p>\n<p>Wir k\u00f6nnen diese Richtlinie von Zeit zu Zeit \u00e4ndern. Sie sollten diese Richtlinie gelegentlich \u00fcberpr\u00fcfen, um sicherzustellen, dass Sie die neueste Version kennen, die jedes Mal gilt, wenn Sie diese Website aufrufen. <\/p>\n<p>[\/vc_column_text][vc_empty_space height=&#8221;64px&#8221;][\/vc_column][\/vc_row]<\/p>","protected":false},"excerpt":{"rendered":"<p>[vc_row][vc_column][vc_column_text] DATENSCHUTZERKL\u00c4RUNG &amp; COOKIE-RICHTLINIE LETZTES UPDATE: 24 JULI 2023 Wir bitten Sie, diese Datenschutz- und Cookie-Richtlinie (die&#8220;Richtlinie&#8220;) sorgf\u00e4ltig zu lesen, da sie wesentliche Informationen dar\u00fcber enth\u00e4lt, wie wir Ihre pers\u00f6nlichen Daten verwenden. F\u00fcr die Zwecke der Allgemeinen Datenschutzverordnung 2016\/679 und [&hellip;]<\/p>\n","protected":false},"author":1,"featured_media":0,"parent":0,"menu_order":0,"comment_status":"closed","ping_status":"open","template":"","meta":{"footnotes":""},"class_list":["post-18751","page","type-page","status-publish","hentry"],"_links":{"self":[{"href":"https:\/\/regenesishealth.co.uk\/de\/wp-json\/wp\/v2\/pages\/18751"}],"collection":[{"href":"https:\/\/regenesishealth.co.uk\/de\/wp-json\/wp\/v2\/pages"}],"about":[{"href":"https:\/\/regenesishealth.co.uk\/de\/wp-json\/wp\/v2\/types\/page"}],"author":[{"embeddable":true,"href":"https:\/\/regenesishealth.co.uk\/de\/wp-json\/wp\/v2\/users\/1"}],"replies":[{"embeddable":true,"href":"https:\/\/regenesishealth.co.uk\/de\/wp-json\/wp\/v2\/comments?post=18751"}],"version-history":[{"count":0,"href":"https:\/\/regenesishealth.co.uk\/de\/wp-json\/wp\/v2\/pages\/18751\/revisions"}],"wp:attachment":[{"href":"https:\/\/regenesishealth.co.uk\/de\/wp-json\/wp\/v2\/media?parent=18751"}],"curies":[{"name":"wp","href":"https:\/\/api.w.org\/{rel}","templated":true}]}}