{"id":11619,"date":"2022-06-05T12:37:29","date_gmt":"2022-06-05T11:37:29","guid":{"rendered":"https:\/\/regenesishealth.co.uk\/finanzen\/"},"modified":"2025-03-18T18:12:36","modified_gmt":"2025-03-18T18:12:36","slug":"finanzen","status":"publish","type":"page","link":"https:\/\/regenesishealth.co.uk\/de\/finanzen\/","title":{"rendered":"Finanzen"},"content":{"rendered":"<p>[vc_row content_placement=&#8221;top&#8221; row_content_width=&#8221;grid&#8221; content_text_aligment=&#8221;center&#8221;][vc_column][vc_single_image image=&#8221;11675&#8243; img_size=&#8221;full&#8221; alignment=&#8221;center&#8221;][vc_empty_space height=&#8221;66px&#8221;][vc_column_text]<\/p>\n<h1 style=\"text-align: center;\">Finanzierungsm\u00f6glichkeiten verf\u00fcgbar!<\/h1>\n<p>[\/vc_column_text][vc_empty_space height=&#8221;32&#8243;][vc_column_text]Regenesis Health Travel bietet erschwingliche Zahlungspl\u00e4ne, mit denen Sie die Kosten Ihrer Behandlung verteilen k\u00f6nnen. Das bedeutet, dass Sie die gew\u00fcnschte Behandlung \u00fcber einen f\u00fcr Sie passenden Zeitraum bezahlen k\u00f6nnen. Klingt interessant, oder? Klicken Sie f\u00fcr weitere Informationen.   [\/vc_column_text][vc_empty_space height=&#8221;66px&#8221;]<a itemprop=\"url\" href=\"https:\/\/financemybeauty.com\/regenesis\/\" target=\"_blank\" class=\"mkdf-btn mkdf-btn-medium mkdf-btn-solid mkdf-btn-solid-dark\" rel=\"noopener\">\n    <span class=\"mkdf-btn-text\">Inspiriere mich<\/span>\n    <span class=\"mkdf-btn-icon-holder\">\n        <span class=\"mkdf-btn-icon-normal\" ><\/span>\n        <span class=\"mkdf-btn-icon-flip\" ><\/span>\n    <\/span>\n<\/a>[vc_empty_space height=&#8221;99px&#8221;][\/vc_column][\/vc_row]<\/p>\n","protected":false},"excerpt":{"rendered":"<p>[vc_row content_placement=&#8221;top&#8221; row_content_width=&#8221;grid&#8221; content_text_aligment=&#8221;center&#8221;][vc_column][vc_single_image image=&#8221;11675&#8243; img_size=&#8221;full&#8221; alignment=&#8221;center&#8221;][vc_empty_space height=&#8221;66px&#8221;][vc_column_text] Finanzierungsm\u00f6glichkeiten verf\u00fcgbar! [\/vc_column_text][vc_empty_space height=&#8221;32&#8243;][vc_column_text]Regenesis Health Travel bietet erschwingliche Zahlungspl\u00e4ne, mit denen Sie die Kosten Ihrer Behandlung verteilen k\u00f6nnen. Das bedeutet, dass Sie die gew\u00fcnschte Behandlung \u00fcber einen f\u00fcr Sie passenden Zeitraum bezahlen [&hellip;]<\/p>\n","protected":false},"author":1,"featured_media":0,"parent":0,"menu_order":0,"comment_status":"closed","ping_status":"closed","template":"","meta":{"footnotes":""},"class_list":["post-11619","page","type-page","status-publish","hentry"],"_links":{"self":[{"href":"https:\/\/regenesishealth.co.uk\/de\/wp-json\/wp\/v2\/pages\/11619"}],"collection":[{"href":"https:\/\/regenesishealth.co.uk\/de\/wp-json\/wp\/v2\/pages"}],"about":[{"href":"https:\/\/regenesishealth.co.uk\/de\/wp-json\/wp\/v2\/types\/page"}],"author":[{"embeddable":true,"href":"https:\/\/regenesishealth.co.uk\/de\/wp-json\/wp\/v2\/users\/1"}],"replies":[{"embeddable":true,"href":"https:\/\/regenesishealth.co.uk\/de\/wp-json\/wp\/v2\/comments?post=11619"}],"version-history":[{"count":5,"href":"https:\/\/regenesishealth.co.uk\/de\/wp-json\/wp\/v2\/pages\/11619\/revisions"}],"predecessor-version":[{"id":18805,"href":"https:\/\/regenesishealth.co.uk\/de\/wp-json\/wp\/v2\/pages\/11619\/revisions\/18805"}],"wp:attachment":[{"href":"https:\/\/regenesishealth.co.uk\/de\/wp-json\/wp\/v2\/media?parent=11619"}],"curies":[{"name":"wp","href":"https:\/\/api.w.org\/{rel}","templated":true}]}}