{"id":11560,"date":"2020-10-27T10:29:06","date_gmt":"2020-10-27T10:29:06","guid":{"rendered":"https:\/\/regenesishealth.co.uk\/haartransplantation\/"},"modified":"2025-09-11T19:33:57","modified_gmt":"2025-09-11T18:33:57","slug":"haartransplantation","status":"publish","type":"page","link":"https:\/\/regenesishealth.co.uk\/de\/haartransplantation\/","title":{"rendered":"Haartransplantation"},"content":{"rendered":"<p>[vc_row full_width=&#8221;stretch_row_content_no_spaces&#8221; content_placement=&#8221;top&#8221; content_text_aligment=&#8221;center&#8221;][vc_column][vc_single_image image=&#8221;15403&#8243; img_size=&#8221;Full&#8221; alignment=&#8221;center&#8221; css_animation=&#8221;none&#8221;][\/vc_column][\/vc_row][vc_row css=&#8221;.vc_custom_1705527212946{margin-top: 66px !important;}&#8221;][vc_column][vc_column_text]<\/p>\n<h1 style=\"text-align: center;\">Haartransplantation<\/h1>\n<h2 style=\"text-align: center;\">Erreichen Sie mit unseren modernen Haartransplantationstechniken ein nat\u00fcrliches Aussehen<\/h2>\n<p>[\/vc_column_text][vc_empty_space][vc_column_text]Haarausfall ist ein wichtiges Problem, das heute schon in jungen Jahren beginnt. Haarausfall Problem, das h\u00e4ufig bei M\u00e4nnern ab dem Alter von zwanzig Jahren gesehen wird, kann auch bei Frauen in einigen F\u00e4llen gesehen werden. Der Haarausfall, der als Ausd\u00fcnnung der Haare und R\u00fcckbildung des vorderen Haaransatzes beginnt, kann bei M\u00e4nnern genetisch bedingt sein und bei Frauen hormonelle Ursachen und bestimmte Krankheiten haben. Menschen, die \u00fcber Haarausfall beschweren, sollten sich zun\u00e4chst einem Gesundheitsscreening unterziehen, um herauszufinden, ob es gesundheitliche Probleme gibt, die Haarausfall verursachen. Bei gesundheitlichen Problemen, die zu Haarausfall f\u00fchren k\u00f6nnen, wie zum Beispiel Vitamin- und Mineralstoffmangel und hormonelle Probleme, sollte zun\u00e4chst eine Behandlung erfolgen, bevor bei Bedarf eine Haartransplantation durchgef\u00fchrt werden kann. Die Haartransplantation kann durchgef\u00fchrt werden, wenn der Haarausfall auch nach den erforderlichen Behandlungen anh\u00e4lt oder wenn es L\u00fccken im Haar gibt, die nicht verbessert werden k\u00f6nnen. Weitere Informationen zur Haartransplantation finden Sie auch unter <a href=\"https:\/\/en.wikipedia.org\/wiki\/Hair_transplantation\" target=\"_blank\" rel=\"noopener\">https:\/\/en.wikipedia.org\/wiki\/Hair_transplantation<\/a>      <\/p>\n<p>Au\u00dferdem finden Sie hier weitere Informationen \u00fcber plastische Chirurgie; <a href=\"https:\/\/regenesishealth.co.uk\/de\/plastische-chirurgie\/\" target=\"_blank\" rel=\"noopener\">https:\/\/regenesishealth.co.uk\/plastic-surgery\/<\/a><\/p>\n<p>Heute gilt eine Haartransplantation ab 22 Jahren als sinnvoll, wenn ein Bedarf besteht. Aus diesem Grund kann eine Haartransplantation problemlos bei allen Personen durchgef\u00fchrt werden, die \u00fcber 22 Jahre alt sind und Probleme mit Haarausfall haben. Fragen zur Haartransplantation k\u00f6nnen Sie uns \u00fcber <a href=\"https:\/\/regenesishealth.co.uk\/de\/kontakt\/\" target=\"_blank\" rel=\"noopener\">https:\/\/regenesishealth.co.uk\/contact-us\/<\/a>  [\/vc_column_text][vc_empty_space height=&#8221;33&#8243;][\/vc_column][\/vc_row][vc_row][vc_column][vc_separator border_width=&#8221;2&#8243;][\/vc_column][\/vc_row][vc_row content_placement=&#8221;middle&#8221; css=&#8221;.vc_custom_1705511476978{margin-top: 33px !important;}&#8221;][vc_column width=&#8221;1\/2&#8243;][vc_column_text]<\/p>\n<h2 style=\"font-weight: 400;\">HAARANALYSE<\/h2>\n<p style=\"font-weight: 400;\">Unsere Experten werden gemeinsam mit Ihnen die Ursache f\u00fcr Ihren Haarausfall herausfinden. Wir finden f\u00fcr Sie die besten L\u00f6sungen gegen Haarausfall, so dass Sie wieder ein volles Haar haben! Diese einfache Analyse misst den Schweregrad des Haarausfalls. Beim Zugtest ergreift ein Experte kleine Teile des Haares, etwa 40 Str\u00e4hnen, an verschiedenen Stellen der Kopfhaut und zieht sanft daran. Wenn sechs oder mehr Str\u00e4hnen ausfallen, sprechen wir von aktivem Haarausfall.    <\/p>\n<p>[\/vc_column_text][vc_empty_space height=&#8221;16px&#8221;][\/vc_column][vc_column width=&#8221;1\/2&#8243;][vc_single_image image=&#8221;15303&#8243; img_size=&#8221;&#8221; alignment=&#8221;center&#8221; css_animation=&#8221;fadeInRight&#8221;][\/vc_column][\/vc_row][vc_row][vc_column][vc_separator css=&#8221;.vc_custom_1665060669567{padding-top: 16px !important;padding-bottom: 16px !important;}&#8221;][\/vc_column][\/vc_row][vc_row content_placement=&#8221;middle&#8221; content_text_aligment=&#8221;left&#8221; css=&#8221;.vc_custom_1705528213555{margin-top: 33px !important;}&#8221;][vc_column width=&#8221;1\/2&#8243;][vc_single_image image=&#8221;15310&#8243; img_size=&#8221;&#8221; alignment=&#8221;center&#8221; css_animation=&#8221;fadeInLeft&#8221;][vc_empty_space height=&#8221;16px&#8221;][\/vc_column][vc_column width=&#8221;1\/2&#8243;][vc_column_text]<\/p>\n<p style=\"font-weight: 400;\"><strong>SAPPHIRE FUE HAARTRANSPLANTATION<\/strong><\/p>\n<p style=\"font-weight: 400;\">Diese Technik ist ein Eingriff, der in einer einzigen Sitzung durchgef\u00fchrt werden kann und dauerhafte Ergebnisse liefert. Da die Methode eine h\u00e4ufigere Bepflanzung zul\u00e4sst, k\u00f6nnen auch auf engen Fl\u00e4chen sehr gute Ergebnisse erzielt werden. <\/p>\n<p>[\/vc_column_text][\/vc_column][\/vc_row][vc_row][vc_column][vc_separator css=&#8221;.vc_custom_1665060687833{padding-top: 16px !important;padding-bottom: 16px !important;}&#8221;][\/vc_column][\/vc_row][vc_row content_placement=&#8221;middle&#8221; css=&#8221;.vc_custom_1705511486595{margin-top: 33px !important;}&#8221;][vc_column width=&#8221;1\/2&#8243;][vc_column_text]<\/p>\n<p style=\"font-weight: 400;\"><strong>DHI HAARTRANSPLANTATION<\/strong><\/p>\n<p style=\"font-weight: 400;\">Die DHI-Technik, die mit dem Implanter-Stift angewendet wird, ist eine direkte Haartransplantation. Obwohl sie im Wesentlichen auf der FUE-Technik basiert, wird die DHI-Haartransplantation teilweise als eine neue Haartransplantationstechnik angesehen. Der gr\u00f6\u00dfte Unterschied zur FUE ist, dass bei der DHI-Haartransplantation der Kanal vor der Transplantation der Haarfollikel nicht ge\u00f6ffnet werden muss.  <\/p>\n<p>[\/vc_column_text][vc_empty_space height=&#8221;16px&#8221;][\/vc_column][vc_column width=&#8221;1\/2&#8243;][vc_single_image image=&#8221;15317&#8243; img_size=&#8221;&#8221; alignment=&#8221;center&#8221; css_animation=&#8221;fadeInRight&#8221;][\/vc_column][\/vc_row][vc_row][vc_column][vc_separator css=&#8221;.vc_custom_1665060694583{padding-top: 16px !important;padding-bottom: 16px !important;}&#8221;][\/vc_column][\/vc_row][vc_row content_placement=&#8221;middle&#8221; css=&#8221;.vc_custom_1705528262437{margin-top: 33px !important;}&#8221;][vc_column width=&#8221;1\/2&#8243;][vc_single_image image=&#8221;15323&#8243; img_size=&#8221;&#8221; alignment=&#8221;center&#8221; css_animation=&#8221;fadeInLeft&#8221;][vc_empty_space height=&#8221;16px&#8221;][\/vc_column][vc_column width=&#8221;1\/2&#8243;][vc_column_text]<\/p>\n<p style=\"font-weight: 400;\"><strong>BART-HAARTRANSPLANTATION<\/strong><\/p>\n<p style=\"font-weight: 400;\">Barttransplantationen haben sich seit Jahren bew\u00e4hrt und sind die effektivste Methode, um neuen Haarwuchs im Gesicht zu schaffen. F\u00fcr realistische Ergebnisse verwenden sie Ihr eigenes Haar. Au\u00dferdem sind sowohl die Operation als auch der Heilungsprozess relativ schnell und weitgehend schmerzfrei.  <\/p>\n<p>[\/vc_column_text][\/vc_column][\/vc_row][vc_row][vc_column][vc_separator css=&#8221;.vc_custom_1665060700932{padding-top: 16px !important;padding-bottom: 16px !important;}&#8221;][\/vc_column][\/vc_row][vc_row content_placement=&#8221;middle&#8221; css=&#8221;.vc_custom_1705528268836{margin-top: 33px !important;}&#8221;][vc_column width=&#8221;1\/2&#8243;][vc_column_text]<\/p>\n<p style=\"font-weight: 400;\"><strong>PRP-BEHANDLUNG<\/strong><\/p>\n<p style=\"font-weight: 400;\">Blutpl\u00e4ttchen sind neben den roten und wei\u00dfen Blutzellen ein Bestandteil des Blutes. Wenn eine Person einen Schnitt oder eine Wunde hat, geh\u00f6ren die Blutpl\u00e4ttchen zu den &#8220;Ersthelfern&#8221; des K\u00f6rpers, die die Blutung stoppen und die Heilung f\u00f6rdern. Zur Herstellung von PRP entnimmt ein Arzt eine Blutprobe und gibt sie in eine Maschine, die sogenannte Zentrifuge. Diese Maschine dreht sich mit hoher Geschwindigkeit und trennt die Bestandteile des Blutes. Anschlie\u00dfend entnimmt der Arzt die Blutpl\u00e4ttchen f\u00fcr die Injektion. Die \u00c4rzte wenden diese Behandlung in der Regel an, wenn die Haare durch Alopezie, also eine h\u00e4ufige Erkrankung, bei der die Haarfollikel schrumpfen, ausfallen. Obwohl es sich bei PRP um einen relativ neuen Behandlungsansatz handelt, gibt es einige wissenschaftliche Beweise daf\u00fcr, dass es das Haarwachstum f\u00f6rdern kann.      <\/p>\n<p>[\/vc_column_text][vc_empty_space height=&#8221;16px&#8221;][\/vc_column][vc_column width=&#8221;1\/2&#8243;][vc_single_image image=&#8221;15329&#8243; img_size=&#8221;&#8221; alignment=&#8221;center&#8221; css_animation=&#8221;fadeInRight&#8221;][\/vc_column][\/vc_row][vc_row][vc_column][vc_separator css=&#8221;.vc_custom_1665060700932{padding-top: 16px !important;padding-bottom: 16px !important;}&#8221;][\/vc_column][\/vc_row][vc_row content_placement=&#8221;middle&#8221; css=&#8221;.vc_custom_1705528274082{margin-top: 33px !important;}&#8221;][vc_column width=&#8221;1\/2&#8243;][vc_single_image image=&#8221;15334&#8243; img_size=&#8221;&#8221; alignment=&#8221;center&#8221; css_animation=&#8221;fadeInLeft&#8221;][vc_empty_space height=&#8221;16px&#8221;][\/vc_column][vc_column width=&#8221;1\/2&#8243;][vc_column_text]<\/p>\n<p style=\"font-weight: 400;\"><strong>HAAR-MEZOTHERAPIE<\/strong><\/p>\n<p style=\"font-weight: 400;\">Die Haar-Mesotherapie ist eine Behandlungsmethode, die durch die Injektion von f\u00fcr das Haar notwendigen Vitaminen, Mineralien und Aminos\u00e4uremischungen in die Kopfhaut angewendet wird. Dadurch k\u00f6nnen sich die Bestandteile, die die Haarfollikel n\u00e4hren, im Haar festsetzen. Haarausfall kann mit dieser Methode behandelt werden, weil sie d\u00fcnnes Haar verdichtet, Haarausfall stoppt und das Haar kr\u00e4ftiger und gl\u00e4nzender macht.  <\/p>\n<p>[\/vc_column_text][\/vc_column][\/vc_row][vc_row][vc_column][vc_separator css=&#8221;.vc_custom_1665060700932{padding-top: 16px !important;padding-bottom: 16px !important;}&#8221;][\/vc_column][\/vc_row][vc_row content_placement=&#8221;middle&#8221; css=&#8221;.vc_custom_1705528278952{margin-top: 33px !important;}&#8221;][vc_column width=&#8221;1\/2&#8243;][vc_column_text]<\/p>\n<p style=\"font-weight: 400;\"><strong>HAAR-SIMULATION<\/strong><\/p>\n<p style=\"font-weight: 400;\">Die Haarsimulation ist eine Technik, die bei partiellem Haarausfall auf der Kopfhaut angewandt wird, wenn dies als notwendig angesehen wird. Es dient dazu, dem regionalen Haarausfall, der aufgrund von Hautkrankheiten wie Alopezie, traumatischen Unf\u00e4llen und Verletzungen oder genetischen Faktoren auftritt, ein \u00e4sthetisches Aussehen zu verleihen. Es ist auch die ideale Technik, um die nach der Haartransplantation entstandenen Leerstellen auf der Kopfhaut zu f\u00fcllen.  <\/p>\n<p>[\/vc_column_text][vc_empty_space height=&#8221;16px&#8221;][\/vc_column][vc_column width=&#8221;1\/2&#8243;][vc_single_image image=&#8221;15340&#8243; img_size=&#8221;&#8221; alignment=&#8221;center&#8221; css_animation=&#8221;fadeInRight&#8221;][\/vc_column][\/vc_row][vc_row][vc_column][vc_separator border_width=&#8221;2&#8243;][\/vc_column][\/vc_row][vc_row][vc_column][vc_empty_space height=&#8221;60px&#8221;][\/vc_column][\/vc_row][vc_row content_placement=&#8221;middle&#8221; css_animation=&#8221;bounceIn&#8221; content_text_aligment=&#8221;center&#8221; css=&#8221;.vc_custom_1705529174717{margin-bottom: 66px !important;}&#8221;][vc_column width=&#8221;1\/4&#8243;][\/vc_column][vc_column width=&#8221;1\/2&#8243;][vc_column_text]<\/p>\n<h4 style=\"text-align: center;\">Kontaktieren Sie uns jetzt und informieren Sie sich \u00fcber unsere modernsten Behandlungsmethoden, die Ihren Bed\u00fcrfnissen entsprechen.<\/h4>\n<p>[\/vc_column_text][vc_empty_space]<a itemprop=\"url\" href=\"https:\/\/regenesishealth.co.uk\/contact-us\/\" target=\"_self\" class=\"mkdf-btn mkdf-btn-medium mkdf-btn-solid mkdf-btn-solid-dark\">\n    <span class=\"mkdf-btn-text\">Kontaktiere uns<\/span>\n    <span class=\"mkdf-btn-icon-holder\">\n        <span class=\"mkdf-btn-icon-normal\" ><\/span>\n        <span class=\"mkdf-btn-icon-flip\" ><\/span>\n    <\/span>\n<\/a>[\/vc_column][vc_column width=&#8221;1\/4&#8243;][\/vc_column][\/vc_row]<\/p>\n","protected":false},"excerpt":{"rendered":"<p>[vc_row full_width=&#8221;stretch_row_content_no_spaces&#8221; content_placement=&#8221;top&#8221; content_text_aligment=&#8221;center&#8221;][vc_column][vc_single_image image=&#8221;15403&#8243; img_size=&#8221;Full&#8221; alignment=&#8221;center&#8221; css_animation=&#8221;none&#8221;][\/vc_column][\/vc_row][vc_row css=&#8221;.vc_custom_1705527212946{margin-top: 66px !important;}&#8221;][vc_column][vc_column_text] Haartransplantation Erreichen Sie mit unseren modernen Haartransplantationstechniken ein nat\u00fcrliches Aussehen [\/vc_column_text][vc_empty_space][vc_column_text]Haarausfall ist ein wichtiges Problem, das heute schon in jungen Jahren beginnt. Haarausfall Problem, das h\u00e4ufig bei M\u00e4nnern ab [&hellip;]<\/p>\n","protected":false},"author":1,"featured_media":0,"parent":0,"menu_order":0,"comment_status":"closed","ping_status":"closed","template":"","meta":{"footnotes":""},"class_list":["post-11560","page","type-page","status-publish","hentry"],"_links":{"self":[{"href":"https:\/\/regenesishealth.co.uk\/de\/wp-json\/wp\/v2\/pages\/11560"}],"collection":[{"href":"https:\/\/regenesishealth.co.uk\/de\/wp-json\/wp\/v2\/pages"}],"about":[{"href":"https:\/\/regenesishealth.co.uk\/de\/wp-json\/wp\/v2\/types\/page"}],"author":[{"embeddable":true,"href":"https:\/\/regenesishealth.co.uk\/de\/wp-json\/wp\/v2\/users\/1"}],"replies":[{"embeddable":true,"href":"https:\/\/regenesishealth.co.uk\/de\/wp-json\/wp\/v2\/comments?post=11560"}],"version-history":[{"count":4,"href":"https:\/\/regenesishealth.co.uk\/de\/wp-json\/wp\/v2\/pages\/11560\/revisions"}],"predecessor-version":[{"id":18797,"href":"https:\/\/regenesishealth.co.uk\/de\/wp-json\/wp\/v2\/pages\/11560\/revisions\/18797"}],"wp:attachment":[{"href":"https:\/\/regenesishealth.co.uk\/de\/wp-json\/wp\/v2\/media?parent=11560"}],"curies":[{"name":"wp","href":"https:\/\/api.w.org\/{rel}","templated":true}]}}