{"id":11558,"date":"2020-10-27T10:12:28","date_gmt":"2020-10-27T10:12:28","guid":{"rendered":"https:\/\/regenesishealth.co.uk\/plastische-chirurgie\/"},"modified":"2025-03-18T17:29:02","modified_gmt":"2025-03-18T17:29:02","slug":"plastische-chirurgie","status":"publish","type":"page","link":"https:\/\/regenesishealth.co.uk\/de\/plastische-chirurgie\/","title":{"rendered":"Plastische Chirurgie"},"content":{"rendered":"<p>[vc_row full_width=&#8221;stretch_row_content_no_spaces&#8221; content_placement=&#8221;top&#8221; content_text_aligment=&#8221;center&#8221;][vc_column][vc_single_image image=&#8221;15412&#8243; img_size=&#8221;Full&#8221; alignment=&#8221;center&#8221;][\/vc_column][\/vc_row][vc_row css=&#8221;.vc_custom_1656337554913{padding-top: 93px !important;padding-bottom: 33px !important;}&#8221;][vc_column][vc_column_text]<\/p>\n<h1 style=\"text-align: center;\">Kosmetische Chirurgie<\/h1>\n<h2 style=\"text-align: center;\">Eine wirksame Methode zur Verbesserung des Selbstbewusstseins, der k\u00f6rperlichen und geistigen Gesundheit<\/h2>\n<p>[\/vc_column_text][vc_empty_space][vc_column_text]Plastische Chirurgie bezieht sich auf Verfahren, die das Aussehen von Gesicht und K\u00f6rper verbessern. Sie beinhalten Eingriffe wie Bauchstraffung (Abdominoplastik), Brustvergr\u00f6\u00dferung, Brustverkleinerung, Augenlidoperation, Nasenkorrektur (Rhinoplastik), Gesichtsstraffung und Fettabsaugung (Liposuktion). Wir haben einen einzigartigen Ansatz f\u00fcr die plastische Chirurgie! Wir glauben wirklich, dass es um Ihr Gef\u00fchl geht, nicht nur um Ihr Aussehen! Patienten, die sich einer \u00e4sthetisch attraktiven, kosmetischen Chirurgie unterziehen m\u00f6chten, sollten sich am richtigen Ort und von dem richtigen Chirurgen behandeln lassen. Unsere Chirurgen bieten eine Reihe von plastischen, rekonstruktiven und \u00e4sthetischen Behandlungen an, die sowohl f\u00fcr M\u00e4nner als auch f\u00fcr Frauen geeignet sind und von unserem Expertenteam von Fach\u00e4rzten durchgef\u00fchrt werden. Bei Fragen k\u00f6nnen Sie uns kontaktieren \u00fcber <a href=\"https:\/\/regenesishealth.co.uk\/de\/kontakt\/\" target=\"_blank\" rel=\"noopener\">https:\/\/regenesishealth.co.uk\/contact-us\/<\/a>      [\/vc_column_text][\/vc_column][\/vc_row][vc_row][vc_column][vc_separator border_width=&#8221;3&#8243; css=&#8221;.vc_custom_1656337637411{padding-top: 25px !important;padding-bottom: 25px !important;}&#8221;][\/vc_column][\/vc_row][vc_row][vc_column][vc_video link=&#8221;https:\/\/youtu.be\/LElyWgs3FMM&#8221; align=&#8221;center&#8221; css_animation=&#8221;fadeInUp&#8221;][\/vc_column][\/vc_row][vc_row][vc_column][vc_separator border_width=&#8221;3&#8243; css=&#8221;.vc_custom_1656337637411{padding-top: 25px !important;padding-bottom: 25px !important;}&#8221;][\/vc_column][\/vc_row][vc_row][vc_column][vc_column_text]<\/p>\n<h2 style=\"text-align: center;\">Unsere Dienstleistungen in der Abteilung f\u00fcr plastische Chirurgie<\/h2>\n<p>[\/vc_column_text][\/vc_column][\/vc_row][vc_row content_placement=&#8221;middle&#8221; css=&#8221;.vc_custom_1656340450390{padding-top: 33px !important;}&#8221;][vc_column width=&#8221;1\/2&#8243;][vc_column_text]<\/p>\n<h3><strong>Rhinoplastik<\/strong><\/h3>\n<p>Die Rhinoplastik, die von den Patienten manchmal auch als &#8216;Nasenkorrektur&#8217; bezeichnet wird, verbessert die Gesichtsharmonie und die Proportionen Ihrer Nase. Obwohl die chirurgischen Techniken fortgeschritten sind, gibt es Grenzen f\u00fcr die Ver\u00e4nderung der Nase. Die Konsequenzen einer plastisch-chirurgischen Nasenkorrektur h\u00e4ngen von der Gr\u00f6\u00dfe der Nase, dem Zustand der Haut und dem Alter des Patienten ab. Das Wichtigste ist, dass zwischen dem Patienten und dem Chirurgen eine klare Kommunikation dar\u00fcber stattfindet, was gew\u00fcnscht wird und was durch die plastische Operation erreicht werden kann.   [\/vc_column_text][\/vc_column][vc_column width=&#8221;1\/2&#8243;][vc_single_image image=&#8221;10165&#8243; img_size=&#8221;&#8221; alignment=&#8221;center&#8221; css_animation=&#8221;fadeInRight&#8221;][\/vc_column][\/vc_row][vc_row][vc_column][vc_separator css=&#8221;.vc_custom_1656337847227{padding-top: 25px !important;padding-bottom: 25px !important;}&#8221;][\/vc_column][\/vc_row][vc_row content_placement=&#8221;middle&#8221;][vc_column width=&#8221;1\/2&#8243;][vc_single_image image=&#8221;10167&#8243; img_size=&#8221;&#8221; alignment=&#8221;center&#8221; css_animation=&#8221;fadeInLeft&#8221;][\/vc_column][vc_column width=&#8221;1\/2&#8243;][vc_column_text]<\/p>\n<h3><strong>Facelift <\/strong><\/h3>\n<p>Eine Gesichtsstraffung oder eine Rhytidektomie ist ein kosmetischer Eingriff, der das Erscheinungsbild von Falten und alternder, erschlaffter Gesichtshaut reduziert. Weitere Informationen finden Sie unter <a href=\"https:\/\/en.wikipedia.org\/wiki\/Rhytidectomy\" target=\"_blank\" rel=\"noopener\">https:\/\/en.wikipedia.org\/wiki\/Rhytidectomy<\/a> [\/vc_column_text][\/vc_column][\/vc_row][vc_row][vc_column][vc_separator css=&#8221;.vc_custom_1656337847227{padding-top: 25px !important;padding-bottom: 25px !important;}&#8221;][\/vc_column][\/vc_row][vc_row content_placement=&#8221;middle&#8221;][vc_column width=&#8221;1\/2&#8243;][vc_column_text]<\/p>\n<h3><strong>Brustchirurgie<\/strong><\/h3>\n<p>Die Brustchirurgie ist ein Eingriff, der die Br\u00fcste einer Frau oder eines Mannes ver\u00e4ndert. Derartige chirurgische Eingriffe werden aus einer Vielzahl von Gr\u00fcnden vorgenommen. Manche Eingriffe erfolgen aus kosmetischen Gr\u00fcnden, zum Beispiel um die Brust zu rekonstruieren, um sie jugendlicher aussehen zu lassen, oder um sie zu vergr\u00f6\u00dfern. Wir f\u00fchren Brustvergr\u00f6\u00dferungen, Brustverkleinerungen, Bruststraffungen, Brustrekonstruktionen, Implantatentfernungen und R\u00f6hrenbr\u00fcste durch.  [\/vc_column_text][\/vc_column][vc_column width=&#8221;1\/2&#8243;][vc_single_image image=&#8221;10168&#8243; img_size=&#8221;&#8221; alignment=&#8221;center&#8221; css_animation=&#8221;fadeInRight&#8221;][\/vc_column][\/vc_row][vc_row][vc_column][vc_separator css=&#8221;.vc_custom_1656337847227{padding-top: 25px !important;padding-bottom: 25px !important;}&#8221;][\/vc_column][\/vc_row][vc_row content_placement=&#8221;middle&#8221;][vc_column width=&#8221;1\/2&#8243;][vc_single_image image=&#8221;10169&#8243; img_size=&#8221;&#8221; alignment=&#8221;center&#8221; css_animation=&#8221;fadeInLeft&#8221;][\/vc_column][vc_column width=&#8221;1\/2&#8243;][vc_column_text]<\/p>\n<h3><strong>K\u00f6rperchirurgie<\/strong><\/h3>\n<p>Die plastische und kosmetische Chirurgie kann an allen K\u00f6rperregionen einschlie\u00dflich Kopf und Hals durchgef\u00fchrt werden. Die Entscheidung f\u00fcr eine kosmetische Chirurgie ist eine freiwillige Entscheidung des Patienten. Die plastische und kosmetische Chirurgie umfasst chirurgische und nicht-chirurgische Verfahren, die die K\u00f6rperstruktur verbessern und umformen, sodass Aussehen und Selbstvertrauen verbessert werden. K\u00f6rperformende Chirurgie kann Fett oder \u00fcbersch\u00fcssige Haut entfernen, die Haut straffen und den K\u00f6rper neu konturieren. Falls Sie Ihren Bauch oder Ihre Taille (Bauchstraffung, Mommy Makeover), Ihr Ges\u00e4\u00df (brasilianische Ges\u00e4\u00dfstraffung-BBL), Ihre H\u00fcften, Ihre Oberschenkel, Ihre Arme oder Ihren gesamten K\u00f6rper, 360 Fettabsaugung, obere Augenlider, untere Tr\u00e4nens\u00e4cke, Augenbrauen umformen m\u00f6chten, kann Ihnen ein kosmetischer Chirurg aus unserem Expertenteam helfen, zu verstehen, was n\u00f6tig ist, um Ihr Ziel zu erreichen. Sehen Sie sich auch unseren Artikel \u00fcber Adipositaschirurgie an unter <a href=\"https:\/\/regenesishealth.co.uk\/de\/bariatrische-chirurgie\/\" target=\"_blank\" rel=\"noopener\">https:\/\/regenesishealth.co.uk\/obesity-surgery\/<\/a>     [\/vc_column_text][\/vc_column][\/vc_row][vc_row][vc_column][vc_separator css=&#8221;.vc_custom_1656337847227{padding-top: 25px !important;padding-bottom: 25px !important;}&#8221;][\/vc_column][\/vc_row][vc_row content_placement=&#8221;middle&#8221;][vc_column width=&#8221;1\/2&#8243;][vc_column_text]<\/p>\n<h3><strong>Plastische Chirurgie f\u00fcr M\u00e4nner<\/strong><\/h3>\n<p>In den letzten Jahren haben die kosmetisch-chirurgischen Eingriffe bei M\u00e4nnern zugenommen, da sie selbstbewusster geworden sind in Bezug auf die Verbesserung ihres Aussehens. In der Regenesis helfen wir unseren m\u00e4nnlichen Patienten gerne dabei, ihre M\u00f6glichkeiten der plastischen Chirurgie zu bewerten, wie zum Beispiel: Brustverkleinerung bei M\u00e4nnern, Bauchstraffung bei M\u00e4nnern, Blepharoplastik bei M\u00e4nnern, Gesichtsstraffung, Brauenlifting bei M\u00e4nnern oder Nasenkorrekturen. [\/vc_column_text][\/vc_column][vc_column width=&#8221;1\/2&#8243;][vc_single_image image=&#8221;10166&#8243; img_size=&#8221;&#8221; alignment=&#8221;center&#8221; css_animation=&#8221;fadeInRight&#8221;][\/vc_column][\/vc_row][vc_row][vc_column][vc_separator border_width=&#8221;3&#8243; css=&#8221;.vc_custom_1656337637411{padding-top: 25px !important;padding-bottom: 25px !important;}&#8221;][\/vc_column][\/vc_row][vc_row][vc_column][vc_column_text]<\/p>\n<h2 style=\"text-align: center;\">Unser team<\/h2>\n<p>[\/vc_column_text][\/vc_column][\/vc_row][vc_row css=&#8221;.vc_custom_1656338660405{padding-top: 66px !important;padding-bottom: 66px !important;}&#8221;][vc_column width=&#8221;1\/4&#8243;][\/vc_column][vc_column width=&#8221;1\/4&#8243;]<div class=\"mkdf-team info-bellow\">\n\t<div class=\"mkdf-team-inner\">\n\t\t\t\t\t<div class=\"mkdf-team-image\">\n                <a itemprop=\"url\" href=\"https:\/\/regenesishealth.co.uk\/team-member\/dr-mert-meral\/\">\n                    <img loading=\"lazy\" decoding=\"async\" width=\"1400\" height=\"1400\" src=\"https:\/\/regenesishealth.co.uk\/wp-content\/uploads\/2024\/06\/Mert-Meral.png\" class=\"attachment-full size-full wp-post-image\" alt=\"\" srcset=\"https:\/\/regenesishealth.co.uk\/wp-content\/uploads\/2024\/06\/Mert-Meral.png 1400w, https:\/\/regenesishealth.co.uk\/wp-content\/uploads\/2024\/06\/Mert-Meral-300x300.png 300w, https:\/\/regenesishealth.co.uk\/wp-content\/uploads\/2024\/06\/Mert-Meral-100x100.png 100w, https:\/\/regenesishealth.co.uk\/wp-content\/uploads\/2024\/06\/Mert-Meral-600x600.png 600w, https:\/\/regenesishealth.co.uk\/wp-content\/uploads\/2024\/06\/Mert-Meral-1024x1024.png 1024w, https:\/\/regenesishealth.co.uk\/wp-content\/uploads\/2024\/06\/Mert-Meral-150x150.png 150w, https:\/\/regenesishealth.co.uk\/wp-content\/uploads\/2024\/06\/Mert-Meral-768x768.png 768w, https:\/\/regenesishealth.co.uk\/wp-content\/uploads\/2024\/06\/Mert-Meral-550x550.png 550w, https:\/\/regenesishealth.co.uk\/wp-content\/uploads\/2024\/06\/Mert-Meral-1100x1100.png 1100w\" sizes=\"(max-width: 1400px) 100vw, 1400px\" title=\"\">\t\t\t\t\t<div class=\"mkdf-circle-animate\"><\/div>\n\t\t\t\t\t<div class=\"mkdf-circle-icon\">\n\t\t\t\t\t\t<img decoding=\"async\" src=\"https:\/\/regenesishealth.co.uk\/wp-content\/uploads\/2017\/04\/icons_Artboard-2-copy-2.png\" class=\"icon\" alt=\"Doctor Icon\" title=\"\">\n\t\t\t\t\t<\/div>\n\t\t\t\t\t<div class=\"mkdf-circle-icon-hidden\">\n\t\t\t\t\t\t<img decoding=\"async\" src=\"https:\/\/regenesishealth.co.uk\/wp-content\/uploads\/2017\/04\/icons_Artboard-2-copy-2.png\" class=\"icon\" alt=\"Doctor Icon\" title=\"\">\n\t\t\t\t\t<\/div>\n\t\t\t\t<\/a>\n\t\t\t<\/div>\n\t\t\t\t<div class=\"mkdf-team-info\">\n            <div class=\"mkdf-team-title-holder\">\n                <h5 itemprop=\"name\" class=\"mkdf-team-name entry-title\">\n                    <a itemprop=\"url\" href=\"https:\/\/regenesishealth.co.uk\/team-member\/dr-mert-meral\/\">Dr. Mert Meral<\/a>\n                <\/h5>\n\n                                    <h6 class=\"mkdf-team-position\">Plastic Surgeon<\/h6>\n                            <\/div>\n\t\t\t\t\t\t<div class=\"mkdf-team-social-holder-between\">\n\t\t\t\t<div class=\"mkdf-team-social\">\n\t\t\t\t\t<div class=\"mkdf-team-social-inner\">\n\t\t\t\t\t\t<div class=\"mkdf-team-social-wrapp\">\n\t\t\t\t\t\t\t\t\t\t\t\t\t<\/div>\n\t\t\t\t\t<\/div>\n\t\t\t\t<\/div>\n\t\t\t<\/div>\n\t\t<\/div>\n\t<\/div>\n<\/div>[\/vc_column][vc_column width=&#8221;1\/4&#8243;]<div class=\"mkdf-team info-bellow\">\n\t<div class=\"mkdf-team-inner\">\n\t\t\t\t<div class=\"mkdf-team-info\">\n            <div class=\"mkdf-team-title-holder\">\n                <h5 itemprop=\"name\" class=\"mkdf-team-name entry-title\">\n                    <a itemprop=\"url\" href=\"\"><\/a>\n                <\/h5>\n\n                            <\/div>\n\t\t\t\t\t\t<div class=\"mkdf-team-social-holder-between\">\n\t\t\t\t<div class=\"mkdf-team-social\">\n\t\t\t\t\t<div class=\"mkdf-team-social-inner\">\n\t\t\t\t\t\t<div class=\"mkdf-team-social-wrapp\">\n\t\t\t\t\t\t\t\t\t\t\t\t\t<\/div>\n\t\t\t\t\t<\/div>\n\t\t\t\t<\/div>\n\t\t\t<\/div>\n\t\t<\/div>\n\t<\/div>\n<\/div>[\/vc_column][vc_column width=&#8221;1\/4&#8243;][\/vc_column][\/vc_row][vc_row][vc_column][vc_separator border_width=&#8221;3&#8243; css=&#8221;.vc_custom_1656337637411{padding-top: 25px !important;padding-bottom: 25px !important;}&#8221;][\/vc_column][\/vc_row][vc_row content_placement=&#8221;middle&#8221; row_content_width=&#8221;grid&#8221; content_text_aligment=&#8221;center&#8221; css=&#8221;.vc_custom_1656423295595{padding-bottom: 66px !important;}&#8221;][vc_column width=&#8221;1\/4&#8243;][\/vc_column][vc_column css_animation=&#8221;bounceIn&#8221; width=&#8221;1\/2&#8243;][vc_column_text]<\/p>\n<h4 style=\"text-align: center;\">Kontaktieren Sie uns jetzt und informieren Sie sich \u00fcber unsere modernsten Behandlungsmethoden, die Ihren Bed\u00fcrfnissen entsprechen.<\/h4>\n<p>[\/vc_column_text][vc_empty_space]<a itemprop=\"url\" href=\"https:\/\/regenesishealth.co.uk\/contact-us\/\" target=\"_self\" class=\"mkdf-btn mkdf-btn-medium mkdf-btn-solid mkdf-btn-solid-dark\">\n    <span class=\"mkdf-btn-text\">Kontaktiere uns<\/span>\n    <span class=\"mkdf-btn-icon-holder\">\n        <span class=\"mkdf-btn-icon-normal\" ><\/span>\n        <span class=\"mkdf-btn-icon-flip\" ><\/span>\n    <\/span>\n<\/a>[\/vc_column][vc_column width=&#8221;1\/4&#8243;][\/vc_column][\/vc_row]<\/p>\n","protected":false},"excerpt":{"rendered":"<p>[vc_row full_width=&#8221;stretch_row_content_no_spaces&#8221; content_placement=&#8221;top&#8221; content_text_aligment=&#8221;center&#8221;][vc_column][vc_single_image image=&#8221;15412&#8243; img_size=&#8221;Full&#8221; alignment=&#8221;center&#8221;][\/vc_column][\/vc_row][vc_row css=&#8221;.vc_custom_1656337554913{padding-top: 93px !important;padding-bottom: 33px !important;}&#8221;][vc_column][vc_column_text] Kosmetische Chirurgie Eine wirksame Methode zur Verbesserung des Selbstbewusstseins, der k\u00f6rperlichen und geistigen Gesundheit [\/vc_column_text][vc_empty_space][vc_column_text]Plastische Chirurgie bezieht sich auf Verfahren, die das Aussehen von Gesicht und K\u00f6rper verbessern. [&hellip;]<\/p>\n","protected":false},"author":1,"featured_media":11038,"parent":0,"menu_order":0,"comment_status":"closed","ping_status":"closed","template":"","meta":{"footnotes":""},"class_list":["post-11558","page","type-page","status-publish","has-post-thumbnail","hentry"],"_links":{"self":[{"href":"https:\/\/regenesishealth.co.uk\/de\/wp-json\/wp\/v2\/pages\/11558"}],"collection":[{"href":"https:\/\/regenesishealth.co.uk\/de\/wp-json\/wp\/v2\/pages"}],"about":[{"href":"https:\/\/regenesishealth.co.uk\/de\/wp-json\/wp\/v2\/types\/page"}],"author":[{"embeddable":true,"href":"https:\/\/regenesishealth.co.uk\/de\/wp-json\/wp\/v2\/users\/1"}],"replies":[{"embeddable":true,"href":"https:\/\/regenesishealth.co.uk\/de\/wp-json\/wp\/v2\/comments?post=11558"}],"version-history":[{"count":4,"href":"https:\/\/regenesishealth.co.uk\/de\/wp-json\/wp\/v2\/pages\/11558\/revisions"}],"predecessor-version":[{"id":18765,"href":"https:\/\/regenesishealth.co.uk\/de\/wp-json\/wp\/v2\/pages\/11558\/revisions\/18765"}],"wp:featuredmedia":[{"embeddable":true,"href":"https:\/\/regenesishealth.co.uk\/de\/wp-json\/wp\/v2\/media\/11038"}],"wp:attachment":[{"href":"https:\/\/regenesishealth.co.uk\/de\/wp-json\/wp\/v2\/media?parent=11558"}],"curies":[{"name":"wp","href":"https:\/\/api.w.org\/{rel}","templated":true}]}}