{"id":11555,"date":"2020-10-27T09:56:27","date_gmt":"2020-10-27T09:56:27","guid":{"rendered":"https:\/\/regenesishealth.co.uk\/gynakologische-chirurgie\/"},"modified":"2025-09-11T19:30:58","modified_gmt":"2025-09-11T18:30:58","slug":"gynakologische-chirurgie","status":"publish","type":"page","link":"https:\/\/regenesishealth.co.uk\/de\/gynakologische-chirurgie\/","title":{"rendered":"Gyn\u00e4kologische Chirurgie"},"content":{"rendered":"<p>[vc_row full_width=&#8221;stretch_row_content_no_spaces&#8221; content_placement=&#8221;top&#8221; content_text_aligment=&#8221;center&#8221;][vc_column][vc_single_image image=&#8221;15434&#8243; img_size=&#8221;full&#8221; alignment=&#8221;center&#8221;][\/vc_column][\/vc_row][vc_row css=&#8221;.vc_custom_1656503235579{padding-top: 93px !important;padding-bottom: 33px !important;}&#8221;][vc_column][vc_column_text]<\/p>\n<h1 style=\"text-align: center;\">Gyn\u00e4kologische Chirurgie<\/h1>\n<h2 style=\"text-align: center;\">Der weibliche K\u00f6rper hat seine eigene Lebensgeschichte und braucht auf diesem Weg Pflege<\/h2>\n<p>[\/vc_column_text][vc_empty_space][vc_column_text]Zur gyn\u00e4kologischen Chirurgie geh\u00f6ren alle chirurgischen Eingriffe, die die Struktur der weiblichen Geb\u00e4rmutter, der Eierst\u00f6cke, des Geb\u00e4rmutterhalses, der Eileiter, der Vagina und der Vulva betreffen. Es gibt viele Gr\u00fcnde, warum sich eine Frau einer gyn\u00e4kologischen Operation unterziehen muss. Die Behandlung einer Erkrankung wie Endometriose, Myome (gutartige Tumore), Eierstockzysten, Krebs, chronische Beckenschmerzen, Beckenentz\u00fcndungen, Geb\u00e4rmuttervorfall oder abnorme Blutungen k\u00f6nnen einige der Gr\u00fcnde f\u00fcr einen gyn\u00e4kologischen chirurgischen Eingriff sein. Der Gyn\u00e4kologe spielt im Leben einer Frau mehrere Rollen &#8211; vom Arzt \u00fcber den Besch\u00fctzer bis hin zum besten Berater. Aus diesem Grund sollte ein Besuch bei einem Gyn\u00e4kologen niemals ignoriert werden, wenn Sie Ihre Gesundheit und Ihr allgemeines Wohlbefinden erhalten wollen. Sie sollten die besten Gyn\u00e4kologen in unserem Expertenteam treffen und k\u00f6nnen uns alles fragen, was Sie \u00fcber gyn\u00e4kologische Operationen und Behandlungen wissen m\u00f6chten, \u00fcber <a href=\"https:\/\/regenesishealth.co.uk\/de\/kontakt\/\" target=\"_blank\" rel=\"noopener\">https:\/\/regenesishealth.co.uk\/contact-us\/<\/a>     [\/vc_column_text][\/vc_column][\/vc_row][vc_row css=&#8221;.vc_custom_1656506967763{padding-top: 25px !important;padding-bottom: 25px !important;}&#8221;][vc_column][vc_separator border_width=&#8221;3&#8243; css=&#8221;.vc_custom_1656504089491{padding-top: 25px !important;padding-bottom: 25px !important;}&#8221;][\/vc_column][\/vc_row][vc_row][vc_column][vc_column_text]<\/p>\n<h2 style=\"text-align: center;\">Unsere Dienstleistungen in der Abteilung f\u00fcr Gyn\u00e4kologische Chirurgie<\/h2>\n<p>[\/vc_column_text][\/vc_column][\/vc_row][vc_row content_placement=&#8221;middle&#8221; css=&#8221;.vc_custom_1656506735531{padding-top: 33px !important;}&#8221;][vc_column width=&#8221;1\/2&#8243;][vc_column_text]<\/p>\n<h3><strong>Gyn\u00e4kologische Chirurgie<\/strong><\/h3>\n<p>Die Gyn\u00e4kologie betrifft die Diagnose und Behandlung von Erkrankungen des weiblichen Genitaltrakts und des Fortpflanzungssystems. Unsere erfahrenen und hoch angesehenen Gyn\u00e4kologen bieten eine einf\u00fchlsame und bequeme Betreuung f\u00fcr alle Patientinnen. Sie setzen, wenn m\u00f6glich, minimalinvasive Techniken ein und werden durch hervorragende diagnostische M\u00f6glichkeiten unterst\u00fctzt.  [\/vc_column_text][\/vc_column][vc_column width=&#8221;1\/2&#8243;][vc_single_image image=&#8221;10279&#8243; img_size=&#8221;&#8221; alignment=&#8221;center&#8221; css_animation=&#8221;fadeInRight&#8221;][\/vc_column][\/vc_row][vc_row css=&#8221;.vc_custom_1656506955715{padding-top: 25px !important;padding-bottom: 25px !important;}&#8221;][vc_column][vc_separator css=&#8221;.vc_custom_1656503573907{padding-top: 25px !important;padding-bottom: 25px !important;}&#8221;][\/vc_column][\/vc_row][vc_row][vc_column width=&#8221;1\/2&#8243;][vc_single_image image=&#8221;10282&#8243; img_size=&#8221;&#8221; alignment=&#8221;center&#8221; css_animation=&#8221;fadeInLeft&#8221;][\/vc_column][vc_column width=&#8221;1\/2&#8243;][vc_column_text]<\/p>\n<h3><strong>K\u00fcnstliche Fortpflanzungstechnologie (ART)<\/strong><\/h3>\n<p>K\u00fcnstliche Reproduktionstechnologie oder Assistierte Fortpflanzungstechniken (ART) ist eine der Methoden der gyn\u00e4kologischen Chirurgie, die sich auf Fruchtbarkeitsbehandlungen beziehen, welche bei Schwierigkeiten oder einer Unf\u00e4higkeit, ein Kind zu bekommen, helfen k\u00f6nnen. ART umfasst Fruchtbarkeitsbehandlungen, die sowohl Eizellen als auch Spermien behandeln. Diese komplexen Behandlungen beinhalten die Beeinflussung von Keimzellen, also Eizellen und Spermien, um die Chancen auf eine Befruchtung zu erh\u00f6hen. ART ist in der Regel eine Option f\u00fcr Menschen, f\u00fcr die andere Unfruchtbarkeitsbehandlungen nicht funktionieren, oder f\u00fcr diejenigen, die bereits eine Behandlung versucht haben, aber nicht erfolgreich schwanger geworden sind. Wer ART in Betracht zieht, bespricht die Optionen h\u00e4ufig mit einem Arzt und ben\u00f6tigt m\u00f6glicherweise eine Beratung durch einen Fruchtbarkeitsspezialisten. Die In-vitro-Fertilisation (IVF) ist die h\u00e4ufigste und wirksamste Form der ART. Die h\u00e4ufigste Komplikation der ART ist eine Mehrlingsschwangerschaft. Sie kann verhindert oder minimiert werden, indem die Anzahl der Embryonen, die in den K\u00f6rper der Eltern eingesetzt werden, begrenzt wird.       [\/vc_column_text][\/vc_column][\/vc_row][vc_row css=&#8221;.vc_custom_1656506983333{padding-top: 25px !important;padding-bottom: 25px !important;}&#8221;][vc_column][vc_separator css=&#8221;.vc_custom_1656503582941{padding-top: 25px !important;padding-bottom: 25px !important;}&#8221;][\/vc_column][\/vc_row][vc_row][vc_column width=&#8221;1\/2&#8243;][vc_column_text]<\/p>\n<h3><strong>Laparoskopische Chirurgie<\/strong><\/h3>\n<p>Eine gyn\u00e4kologische Laparoskopie ist ein Eingriff in den Unterleib einer Frau, bei dem die Geb\u00e4rmutter (Uterus), die Eileiter und die Eierst\u00f6cke untersucht werden. Die gyn\u00e4kologische Laparoskopie kann zur Diagnose und\/oder zur Therapie einer Erkrankung eingesetzt werden. Ein Facharzt, ein sogenannter Gyn\u00e4kologe, kann w\u00e4hrend der Laparoskopie eine kleine Gewebeprobe (Biopsie) entnehmen. Eine Biopsie kann ebenfalls zur Diagnose der Endometriose beitragen. Sie k\u00f6nnen sich auch einer gyn\u00e4kologischen Laparoskopie unterziehen, um die Ursache f\u00fcr anhaltende Bauchschmerzen herauszufinden. Wenn der Kinderwunsch besteht, aber Schwierigkeiten auftreten, kann eine Laparoskopie die Gr\u00fcnde daf\u00fcr aufdecken. Weitere Informationen zur Laparoskopie finden Sie unte <a href=\"https:\/\/en.wikipedia.org\/wiki\/Laparoscopy\" target=\"_blank\" rel=\"noopener\">https:\/\/en.wikipedia.org\/wiki\/Laparoscopy<\/a>      [\/vc_column_text][\/vc_column][vc_column width=&#8221;1\/2&#8243;][vc_single_image image=&#8221;10280&#8243; img_size=&#8221;&#8221; alignment=&#8221;center&#8221; css_animation=&#8221;fadeInRight&#8221;][\/vc_column][\/vc_row][vc_row css=&#8221;.vc_custom_1656506990458{padding-top: 25px !important;padding-bottom: 25px !important;}&#8221;][vc_column][vc_separator css=&#8221;.vc_custom_1656503590980{padding-top: 25px !important;padding-bottom: 25px !important;}&#8221;][\/vc_column][\/vc_row][vc_row][vc_column width=&#8221;1\/2&#8243;][vc_single_image image=&#8221;10281&#8243; img_size=&#8221;&#8221; alignment=&#8221;center&#8221; css_animation=&#8221;fadeInLeft&#8221;][\/vc_column][vc_column width=&#8221;1\/2&#8243;][vc_column_text]<\/p>\n<h3><strong>\u00c4sthetische Operationen im Genitalbereich (Labioplastik, Sistorektosel)<\/strong><\/h3>\n<p>\u00c4sthetische Genitalchirurgie ist heutzutage ein Thema wie plastische Operationen, die Sie in unserem Artikel n\u00e4her kennen lernen k\u00f6nnen; <a href=\"https:\/\/regenesishealth.co.uk\/de\/plastische-chirurgie\/\">https:\/\/regenesishealth.co.uk\/plastic-surgery\/<\/a> . Die \u00c4sthetische Chirurgie der weiblichen Genitalien umfasst mehrere chirurgische Eingriffe zur Verbesserung ihres Aussehens. Die am h\u00e4ufigsten nachgefragten Eingriffe sind die Schamlippenverkleinerung (Labiaplastik) und die Vaginalstraffung (Vaginoplastik). Eine Schamlippenplastik, auch bekannt als Vaginalverj\u00fcngung, ist ein plastisch-chirurgischer Eingriff, bei dem die inneren Schamlippen (labia minora) und\/oder die \u00e4u\u00dferen Schamlippen (labia majora) ver\u00e4ndert werden. Andererseits ist die Vaginoplastik ein Verfahren zum Aufbau oder zur Reparatur einer Vagina. Behandelt werden verschiedene medizinische Probleme, einschlie\u00dflich vaginaler Verletzungen aufgrund von Geburten und Komplikationen bei Beckenbodenerkrankungen. Bei Fragen zu den genital\u00e4sthetischen Operationen konsultieren Sie bitte unser Expertenteam.     [\/vc_column_text][\/vc_column][\/vc_row][vc_row css=&#8221;.vc_custom_1656506998497{padding-top: 25px !important;padding-bottom: 25px !important;}&#8221;][vc_column][vc_separator border_width=&#8221;3&#8243; css=&#8221;.vc_custom_1656504089491{padding-top: 25px !important;padding-bottom: 25px !important;}&#8221;][\/vc_column][\/vc_row][vc_row][vc_column][vc_column_text]<\/p>\n<h2 style=\"text-align: center;\">Unser team<\/h2>\n<p>[\/vc_column_text][\/vc_column][\/vc_row][vc_row css=&#8221;.vc_custom_1656507063515{padding-top: 33px !important;}&#8221;][vc_column width=&#8221;1\/5&#8243;][\/vc_column][vc_column width=&#8221;1\/5&#8243;][\/vc_column][vc_column width=&#8221;1\/5&#8243;]<div class=\"mkdf-team info-bellow\">\n\t<div class=\"mkdf-team-inner\">\n\t\t\t\t\t<div class=\"mkdf-team-image\">\n                <a itemprop=\"url\" href=\"https:\/\/regenesishealth.co.uk\/team-member\/kerim-emrah-yavuz\/\">\n                    <img loading=\"lazy\" decoding=\"async\" width=\"1400\" height=\"1400\" src=\"https:\/\/regenesishealth.co.uk\/wp-content\/uploads\/2020\/10\/Artboard-2.png\" class=\"attachment-full size-full wp-post-image\" alt=\"\" srcset=\"https:\/\/regenesishealth.co.uk\/wp-content\/uploads\/2020\/10\/Artboard-2.png 1400w, https:\/\/regenesishealth.co.uk\/wp-content\/uploads\/2020\/10\/Artboard-2-300x300.png 300w, https:\/\/regenesishealth.co.uk\/wp-content\/uploads\/2020\/10\/Artboard-2-100x100.png 100w, https:\/\/regenesishealth.co.uk\/wp-content\/uploads\/2020\/10\/Artboard-2-600x600.png 600w, https:\/\/regenesishealth.co.uk\/wp-content\/uploads\/2020\/10\/Artboard-2-1024x1024.png 1024w, https:\/\/regenesishealth.co.uk\/wp-content\/uploads\/2020\/10\/Artboard-2-150x150.png 150w, https:\/\/regenesishealth.co.uk\/wp-content\/uploads\/2020\/10\/Artboard-2-768x768.png 768w, https:\/\/regenesishealth.co.uk\/wp-content\/uploads\/2020\/10\/Artboard-2-550x550.png 550w, https:\/\/regenesishealth.co.uk\/wp-content\/uploads\/2020\/10\/Artboard-2-1100x1100.png 1100w\" sizes=\"(max-width: 1400px) 100vw, 1400px\" title=\"\">\t\t\t\t\t<div class=\"mkdf-circle-animate\"><\/div>\n\t\t\t\t\t<div class=\"mkdf-circle-icon\">\n\t\t\t\t\t\t<img decoding=\"async\" src=\"https:\/\/regenesishealth.co.uk\/wp-content\/uploads\/2017\/04\/icons_Artboard-2-copy-4.png\" class=\"icon\" alt=\"Doctor Icon\" title=\"\">\n\t\t\t\t\t<\/div>\n\t\t\t\t\t<div class=\"mkdf-circle-icon-hidden\">\n\t\t\t\t\t\t<img decoding=\"async\" src=\"https:\/\/regenesishealth.co.uk\/wp-content\/uploads\/2017\/04\/icons_Artboard-2-copy-4.png\" class=\"icon\" alt=\"Doctor Icon\" title=\"\">\n\t\t\t\t\t<\/div>\n\t\t\t\t<\/a>\n\t\t\t<\/div>\n\t\t\t\t<div class=\"mkdf-team-info\">\n            <div class=\"mkdf-team-title-holder\">\n                <h5 itemprop=\"name\" class=\"mkdf-team-name entry-title\">\n                    <a itemprop=\"url\" href=\"https:\/\/regenesishealth.co.uk\/team-member\/kerim-emrah-yavuz\/\">Dr. Kerim Emrah Yavuz<\/a>\n                <\/h5>\n\n                                    <h6 class=\"mkdf-team-position\">Gynaecology and Obstetrics<\/h6>\n                            <\/div>\n\t\t\t\t\t\t<div class=\"mkdf-team-social-holder-between\">\n\t\t\t\t<div class=\"mkdf-team-social\">\n\t\t\t\t\t<div class=\"mkdf-team-social-inner\">\n\t\t\t\t\t\t<div class=\"mkdf-team-social-wrapp\">\n\t\t\t\t\t\t\t\t\t\t\t\t\t<\/div>\n\t\t\t\t\t<\/div>\n\t\t\t\t<\/div>\n\t\t\t<\/div>\n\t\t<\/div>\n\t<\/div>\n<\/div>[\/vc_column][vc_column width=&#8221;1\/5&#8243;][\/vc_column][vc_column width=&#8221;1\/5&#8243;][\/vc_column][\/vc_row][vc_row css=&#8221;.vc_custom_1656507005834{padding-top: 25px !important;padding-bottom: 25px !important;}&#8221;][vc_column][vc_separator border_width=&#8221;3&#8243; css=&#8221;.vc_custom_1656504089491{padding-top: 25px !important;padding-bottom: 25px !important;}&#8221;][\/vc_column][\/vc_row][vc_row content_placement=&#8221;middle&#8221; css_animation=&#8221;bounceIn&#8221; row_content_width=&#8221;grid&#8221; content_text_aligment=&#8221;center&#8221;][vc_column width=&#8221;1\/4&#8243;][\/vc_column][vc_column width=&#8221;1\/2&#8243;][vc_column_text]<\/p>\n<h4 style=\"text-align: center;\">Kontaktieren Sie uns jetzt und informieren Sie sich \u00fcber unsere modernsten Behandlungsmethoden, die Ihren Bed\u00fcrfnissen entsprechen.<\/h4>\n<p>[\/vc_column_text][vc_empty_space]<a itemprop=\"url\" href=\"https:\/\/regenesishealth.co.uk\/contact-us\/\" target=\"_self\" class=\"mkdf-btn mkdf-btn-medium mkdf-btn-solid mkdf-btn-solid-dark\">\n    <span class=\"mkdf-btn-text\">Kontaktiere uns<\/span>\n    <span class=\"mkdf-btn-icon-holder\">\n        <span class=\"mkdf-btn-icon-normal\" ><\/span>\n        <span class=\"mkdf-btn-icon-flip\" ><\/span>\n    <\/span>\n<\/a>[vc_empty_space][\/vc_column][vc_column width=&#8221;1\/4&#8243;][\/vc_column][\/vc_row]<\/p>\n","protected":false},"excerpt":{"rendered":"<p>[vc_row full_width=&#8221;stretch_row_content_no_spaces&#8221; content_placement=&#8221;top&#8221; content_text_aligment=&#8221;center&#8221;][vc_column][vc_single_image image=&#8221;15434&#8243; img_size=&#8221;full&#8221; alignment=&#8221;center&#8221;][\/vc_column][\/vc_row][vc_row css=&#8221;.vc_custom_1656503235579{padding-top: 93px !important;padding-bottom: 33px !important;}&#8221;][vc_column][vc_column_text] Gyn\u00e4kologische Chirurgie Der weibliche K\u00f6rper hat seine eigene Lebensgeschichte und braucht auf diesem Weg Pflege [\/vc_column_text][vc_empty_space][vc_column_text]Zur gyn\u00e4kologischen Chirurgie geh\u00f6ren alle chirurgischen Eingriffe, die die Struktur der weiblichen Geb\u00e4rmutter, [&hellip;]<\/p>\n","protected":false},"author":1,"featured_media":11161,"parent":0,"menu_order":0,"comment_status":"closed","ping_status":"closed","template":"","meta":{"footnotes":""},"class_list":["post-11555","page","type-page","status-publish","has-post-thumbnail","hentry"],"_links":{"self":[{"href":"https:\/\/regenesishealth.co.uk\/de\/wp-json\/wp\/v2\/pages\/11555"}],"collection":[{"href":"https:\/\/regenesishealth.co.uk\/de\/wp-json\/wp\/v2\/pages"}],"about":[{"href":"https:\/\/regenesishealth.co.uk\/de\/wp-json\/wp\/v2\/types\/page"}],"author":[{"embeddable":true,"href":"https:\/\/regenesishealth.co.uk\/de\/wp-json\/wp\/v2\/users\/1"}],"replies":[{"embeddable":true,"href":"https:\/\/regenesishealth.co.uk\/de\/wp-json\/wp\/v2\/comments?post=11555"}],"version-history":[{"count":4,"href":"https:\/\/regenesishealth.co.uk\/de\/wp-json\/wp\/v2\/pages\/11555\/revisions"}],"predecessor-version":[{"id":18801,"href":"https:\/\/regenesishealth.co.uk\/de\/wp-json\/wp\/v2\/pages\/11555\/revisions\/18801"}],"wp:featuredmedia":[{"embeddable":true,"href":"https:\/\/regenesishealth.co.uk\/de\/wp-json\/wp\/v2\/media\/11161"}],"wp:attachment":[{"href":"https:\/\/regenesishealth.co.uk\/de\/wp-json\/wp\/v2\/media?parent=11555"}],"curies":[{"name":"wp","href":"https:\/\/api.w.org\/{rel}","templated":true}]}}