{"id":11527,"date":"2017-04-20T14:56:27","date_gmt":"2017-04-20T13:56:27","guid":{"rendered":"https:\/\/regenesishealth.co.uk\/kontakt\/"},"modified":"2025-09-11T19:21:33","modified_gmt":"2025-09-11T18:21:33","slug":"kontakt","status":"publish","type":"page","link":"https:\/\/regenesishealth.co.uk\/de\/kontakt\/","title":{"rendered":"Kontaktiere uns"},"content":{"rendered":"<p>[vc_row row_content_width=&#8221;grid&#8221; css=&#8221;.vc_custom_1705592248290{margin-top: 66px !important;}&#8221;][vc_column][vc_column_text]<\/p>\n<h1 style=\"text-align: center;\"><strong>Kontaktiere uns<\/strong><\/h1>\n<p>[\/vc_column_text][\/vc_column][\/vc_row][vc_row row_content_width=&#8221;grid&#8221; css=&#8221;.vc_custom_1657835647004{padding-top: 66px !important;}&#8221;][vc_column width=&#8221;1\/4&#8243;][vc_column_text]<\/p>\n<h4>HAUPTSITZ<\/h4>\n<p>[\/vc_column_text][vc_column_text]8 Old Red Lion Court,<br \/>\nStratford Upon Avon,<br \/>\nWarwickshire &#8211; CV37 6AB<\/p>\n<p><strong>E-Mail: <\/strong> info@regenesishealth.co.uk<br \/>\n<strong>Telefon:<\/strong> +44 1789 870372[\/vc_column_text][vc_empty_space][\/vc_column][vc_column width=&#8221;1\/4&#8243;][vc_column_text]<\/p>\n<h4>LONDON-B\u00dcRO<\/h4>\n<p>[\/vc_column_text][vc_column_text]29 Hampton Road,<br \/>\nTwickenham<br \/>\nTW2 5QE<\/p>\n<p><strong>E-Mail: <\/strong> info@regenesishealth.co.uk<br \/>\n<strong>Telefon:<\/strong> +44 02081430138[\/vc_column_text][vc_empty_space][\/vc_column][vc_column width=&#8221;1\/4&#8243;][vc_column_text]<\/p>\n<h4>DEUTSCHLAND B\u00dcRO<\/h4>\n<p>[\/vc_column_text][vc_column_text]<b>Eda Sahin<br \/>\n<\/b>GERMAN &#8211; TURKISH<br \/>\n<strong>T:<\/strong> +49 1525 7254881<br \/>\n<strong>T: <\/strong>+90 534 8923498<br \/>\n<strong>E:<\/strong> eda@regenesishealth.de<\/p>\n<p><b>Umran Aktas<br \/>\n<\/b>GERMAN &#8211; ENGLISH &#8211; TURKISH<br \/>\n<strong>T:<\/strong> +49 163 8919503<br \/>\n<strong>E:<\/strong> umran@regenesishealth.co.uk[\/vc_column_text][vc_empty_space][\/vc_column][vc_column width=&#8221;1\/4&#8243;][vc_column_text]<\/p>\n<h4>B\u00dcRO LITAUEN<\/h4>\n<p>[\/vc_column_text][vc_column_text]Ramun\u0117s sod\u0173 3oji g. 18<br \/>\n\u0160iauliai &#8211; 79220 &#8211; Litauen <\/p>\n<p><strong>Email: <\/strong> <a href=\"mailto:info@regenesishealth.co.uk\">info@regenesishealth.co.uk<\/a><br \/>\n<strong>Telefon: <\/strong>+44 7448 338165[\/vc_column_text][vc_empty_space][\/vc_column][\/vc_row][vc_row row_content_width=&#8221;grid&#8221; css=&#8221;.vc_custom_1657835647004{padding-top: 66px !important;}&#8221;][vc_column width=&#8221;1\/4&#8243;][vc_column_text]<\/p>\n<h4>ZAHNMEDIZINISCHES ZENTRUM ISTANBUL<\/h4>\n<p>[\/vc_column_text][vc_column_text]Beyaz Karanfil Sk. Nr:2<br \/>\nBesiktas, Levent &#8211; T\u00fcrkiye <\/p>\n<p><strong>Email: <\/strong> <a href=\"mailto:info@regenesishealth.co.uk\">info@regenesishealth.co.uk<\/a><br \/>\n<strong>Telefon: <\/strong>+90 212 741 07 34<strong><br \/>\n<\/strong>  +44 7881 148193[\/vc_column_text][vc_empty_space][\/vc_column][vc_column width=&#8221;1\/4&#8243;][vc_column_text]<\/p>\n<h4>ANTALYA ZAHNARZTZENTRUM<\/h4>\n<p>[\/vc_column_text][vc_column_text]Kemera\u011fz\u0131 Mah. Ya\u015far Sobutay Blv.<br \/>\nNr: 3A Aksu\/Antalya, T\u00fcrkiye <\/p>\n<p><strong>Email: <\/strong> <a href=\"mailto:info@regenesishealth.co.uk\">info@regenesishealth.co.uk<\/a><br \/>\n<strong>Telefon: <\/strong>+90 507 344 6367[\/vc_column_text][vc_empty_space][\/vc_column][vc_column width=&#8221;1\/4&#8243;][vc_column_text]<\/p>\n<h4>CALLCENTER-B\u00dcRO<\/h4>\n<p>[\/vc_column_text][vc_column_text]Kemera\u011fz\u0131 Mah. Ya\u015far Sobutay Blv.<br \/>\nNr: 3A Aksu\/Antalya, T\u00fcrkiye <\/p>\n<p><strong>Email: <\/strong> <a href=\"mailto:info@regenesishealth.co.uk\">info@regenesishealth.co.uk<\/a><br \/>\n<strong>Telefon: <\/strong>+44 7516 591305[\/vc_column_text][vc_empty_space][\/vc_column][vc_column width=&#8221;1\/4&#8243;][vc_column_text]<\/p>\n<h4>REGENESIS HOTEL<\/h4>\n<p>[\/vc_column_text][vc_column_text]Kemera\u011fz\u0131 Mah. Ya\u015far Sobutay Blv.<br \/>\nNr: 3A Aksu\/Antalya, T\u00fcrkiye <\/p>\n<p><strong>E-Mail: <\/strong> <a href=\"mailto:info@regenesishotel.com\">info@regenesishotel.com<\/a><br \/>\n<strong>Telefon:<\/strong> 0242 505 8070[\/vc_column_text][vc_empty_space][\/vc_column][\/vc_row][vc_row row_content_width=&#8221;grid&#8221; css=&#8221;.vc_custom_1657834872305{padding-top: 26px !important;padding-bottom: 26px !important;}&#8221;][vc_column][vc_separator border_width=&#8221;3&#8243;][\/vc_column][\/vc_row][vc_row row_content_width=&#8221;grid&#8221;][vc_column][vc_column_text]<\/p>\n<h2>Unsere Berater<\/h2>\n<p>[\/vc_column_text][\/vc_column][\/vc_row][vc_row row_content_width=&#8221;grid&#8221; css=&#8221;.vc_custom_1707679410897{margin-top: 66px !important;}&#8221;][vc_column width=&#8221;1\/4&#8243;][vc_single_image image=&#8221;13563&#8243; alignment=&#8221;center&#8221; style=&#8221;vc_box_circle_2&#8243;][vc_column_text]<\/p>\n<p style=\"text-align: center;\"><strong>Alison Ergun<\/strong><br \/>\nENGLISCH<br \/>\n T<strong>:<\/strong> +44 7542 419295<br \/>\n E<strong>:<\/strong> alison@regenesishealth.co.uk<\/p>\n<p>[\/vc_column_text][vc_empty_space][\/vc_column][vc_column width=&#8221;1\/4&#8243;][vc_single_image image=&#8221;13757&#8243; alignment=&#8221;center&#8221; style=&#8221;vc_box_circle_2&#8243;][vc_column_text]<\/p>\n<p style=\"text-align: center;\"><strong>Alper Ergun<\/strong><br \/>\nT\u00dcRKISCH &#8211; ENGLISCH<br \/>\n T<strong>:<\/strong> +44 7516 591 305<br \/>\n E<strong>: <\/strong>alper@regenesishealth.co.uk<\/p>\n<p>[\/vc_column_text][vc_empty_space][\/vc_column][vc_column width=&#8221;1\/4&#8243;][vc_single_image image=&#8221;16636&#8243; alignment=&#8221;center&#8221; style=&#8221;vc_box_circle_2&#8243;][vc_column_text]<\/p>\n<p style=\"text-align: center;\"><strong>Deniz Ozcan<br \/>\n<\/strong>ENGLISH &#8211; TURKISH<strong><br \/>\nT:<\/strong>+44 7767 663648<strong><br \/>\nE:<\/strong>deniz@regenesishealth.co.uk<\/p>\n<p>[\/vc_column_text][vc_empty_space][\/vc_column][vc_column width=&#8221;1\/4&#8243;][vc_single_image image=&#8221;10549&#8243; alignment=&#8221;center&#8221; style=&#8221;vc_box_circle_2&#8243;][vc_column_text]<\/p>\n<p style=\"text-align: center;\"><strong>Eda Sahin<\/strong><br \/>\nDEUTSCH &#8211; ENGLISCH &#8211; T\u00dcRKISCH<br \/>\n T<strong>:<\/strong> +49 1525 7254881<br \/>\n T<strong>: <\/strong>+90 534 8923498<br \/>\n E<strong>:<\/strong> eda@regenesishealth.de<\/p>\n<p>[\/vc_column_text][vc_empty_space][\/vc_column][\/vc_row][vc_row row_content_width=&#8221;grid&#8221; css=&#8221;.vc_custom_1707678764306{margin-top: 33px !important;}&#8221;][vc_column width=&#8221;1\/4&#8243;][vc_single_image image=&#8221;19307&#8243; alignment=&#8221;center&#8221; style=&#8221;vc_box_circle_2&#8243;][vc_column_text]<\/p>\n<p style=\"text-align: center;\"><strong>Esra Ars<\/strong><br \/>\nRUSSISCH &#8211; ENGLISCH &#8211; T\u00dcRKISCH<br \/>\n T<strong>:<\/strong>+44 7352 571135<br \/>\n E<strong>:<\/strong> esra@regenesishealth.co.uk<\/p>\n<p>[\/vc_column_text][vc_empty_space][\/vc_column][vc_column width=&#8221;1\/4&#8243;][vc_single_image image=&#8221;15210&#8243; alignment=&#8221;center&#8221; style=&#8221;vc_box_circle_2&#8243;][vc_column_text]<\/p>\n<p style=\"text-align: center;\"><strong>Iga Struszynska<br \/>\n<\/strong>POLNISCH &#8211; ENGLISCH<strong><br \/>\nT<\/strong><strong>:<\/strong> +44 7516 591305<br \/>\n E<strong>: <\/strong>iga@regenesishealth.co.u<\/p>\n<p>[\/vc_column_text][vc_empty_space][\/vc_column][vc_column width=&#8221;1\/4&#8243;][vc_single_image image=&#8221;10558&#8243; alignment=&#8221;center&#8221; style=&#8221;vc_box_circle_2&#8243;][vc_column_text]<\/p>\n<p style=\"text-align: center;\"><strong>Patrycja Miraszewska<\/strong><br \/>\nPOLNISCH &#8211; ENGLISCH<br \/>\n T<strong>:<\/strong> +44 7767 706368<br \/>\n E<strong>:<\/strong> patrycja@regenesishealth.co.uk[\/vc_column_text][vc_empty_space][\/vc_column][vc_column width=&#8221;1\/4&#8243;][vc_single_image image=&#8221;10569&#8243; alignment=&#8221;center&#8221; style=&#8221;vc_box_circle_2&#8243;][vc_column_text]<\/p>\n<p style=\"text-align: center;\"><strong>Umran Aktas<\/strong><br \/>\nDEUTSCH &#8211; ENGLISCH &#8211; T\u00dcRKISCH<br \/>\n T<strong>:<\/strong> +44 7770 547318<br \/>\n E<strong>:<\/strong> umran@regenesishealth.co.uk[\/vc_column_text][vc_empty_space][\/vc_column][\/vc_row][vc_row row_content_width=&#8221;grid&#8221; css=&#8221;.vc_custom_1707678764306{margin-top: 33px !important;}&#8221;][vc_column width=&#8221;1\/3&#8243;][\/vc_column][vc_column width=&#8221;1\/3&#8243;][vc_empty_space][vc_single_image image=&#8221;18061&#8243; alignment=&#8221;center&#8221; style=&#8221;vc_box_circle_2&#8243;][vc_column_text]<\/p>\n<p style=\"text-align: center;\"><strong>Ya\u015far Alt\u0131ner<\/strong><br \/>\nT\u00dcRKISCH &#8211; ENGLISCH<br \/>\n T<strong>:<\/strong> 44 7881 148193<br \/>\n E<strong>:<\/strong> yasar@regenesishealth.co.uk<\/p>\n<p>[\/vc_column_text][vc_empty_space][\/vc_column][vc_column width=&#8221;1\/3&#8243;][\/vc_column][\/vc_row][vc_row row_content_width=&#8221;grid&#8221; css=&#8221;.vc_custom_1657834872305{padding-top: 26px !important;padding-bottom: 26px !important;}&#8221;][vc_column][vc_separator border_width=&#8221;3&#8243;][\/vc_column][\/vc_row][vc_row row_content_width=&#8221;grid&#8221;][vc_column][vc_column_text]<\/p>\n<h2>In Kontakt kommen<\/h2>\n<p>[\/vc_column_text][\/vc_column][\/vc_row][vc_row row_content_width=&#8221;grid&#8221; css=&#8221;.vc_custom_1657836096043{padding-bottom: 33px !important;}&#8221;][vc_column][vc_column_text]Sie k\u00f6nnen unsere Abteilungen kontaktieren und mit unseren Patientenkoordinatoren sofort mit der Planung Ihrer Behandlung beginnen.[\/vc_column_text][\/vc_column][\/vc_row][vc_row row_content_width=&#8221;grid&#8221;][vc_column]<div role=\"form\" class=\"wpcf7\" id=\"wpcf7-f11634-o1\" lang=\"de-DE\" dir=\"ltr\">\n<div class=\"screen-reader-response\"><p role=\"status\" aria-live=\"polite\" aria-atomic=\"true\"><\/p> <ul><\/ul><\/div>\n<form action=\"\/de\/wp-json\/wp\/v2\/pages\/11527#wpcf7-f11634-o1\" method=\"post\" class=\"wpcf7-form init\" novalidate=\"novalidate\" data-status=\"init\">\n<div style=\"display: none;\">\n<input type=\"hidden\" name=\"_wpcf7\" value=\"11634\" \/>\n<input type=\"hidden\" name=\"_wpcf7_version\" value=\"5.6\" \/>\n<input type=\"hidden\" name=\"_wpcf7_locale\" value=\"de_DE\" \/>\n<input type=\"hidden\" name=\"_wpcf7_unit_tag\" value=\"wpcf7-f11634-o1\" \/>\n<input type=\"hidden\" name=\"_wpcf7_container_post\" value=\"0\" \/>\n<input type=\"hidden\" name=\"_wpcf7_posted_data_hash\" value=\"\" \/>\n<input type=\"hidden\" name=\"_wpcf7_recaptcha_response\" value=\"\" \/>\n<\/div>\n<p><span class=\"wpcf7-form-control-wrap\" data-name=\"your-name\"><input type=\"text\" name=\"your-name\" value=\"\" size=\"40\" class=\"wpcf7-form-control wpcf7-text wpcf7-validates-as-required\" aria-required=\"true\" aria-invalid=\"false\" placeholder=\"Name*\" \/><\/span><br \/>\n<span class=\"wpcf7-form-control-wrap\" data-name=\"your-email\"><input type=\"email\" name=\"your-email\" value=\"\" size=\"40\" class=\"wpcf7-form-control wpcf7-text wpcf7-email wpcf7-validates-as-required wpcf7-validates-as-email\" aria-required=\"true\" aria-invalid=\"false\" placeholder=\"E-mail*\" \/><\/span><br \/>\n<span class=\"wpcf7-form-control-wrap\" data-name=\"your-message\"><textarea name=\"your-message\" cols=\"40\" rows=\"10\" class=\"wpcf7-form-control wpcf7-textarea\" aria-invalid=\"false\" placeholder=\"Message\"><\/textarea><\/span><\/p>\n<div class=\"mkdf-cf7-btn\">\n<div class=\"mkdf-cf7-text\"><input type=\"submit\" value=\"Contact Us\" class=\"wpcf7-form-control has-spinner wpcf7-submit\" \/><\/div>\n<\/div>\n<p style=\"display: none !important;\"><label>&#916;<textarea name=\"_wpcf7_ak_hp_textarea\" cols=\"45\" rows=\"8\" maxlength=\"100\"><\/textarea><\/label><input type=\"hidden\" id=\"ak_js_1\" name=\"_wpcf7_ak_js\" value=\"236\"\/><script>document.getElementById( \"ak_js_1\" ).setAttribute( \"value\", ( new Date() ).getTime() );<\/script><\/p><div class=\"wpcf7-response-output\" aria-hidden=\"true\"><\/div><\/form><\/div>[vc_empty_space][\/vc_column][\/vc_row]<\/p>\n","protected":false},"excerpt":{"rendered":"<p>[vc_row row_content_width=&#8221;grid&#8221; css=&#8221;.vc_custom_1705592248290{margin-top: 66px !important;}&#8221;][vc_column][vc_column_text] Kontaktiere uns [\/vc_column_text][\/vc_column][\/vc_row][vc_row row_content_width=&#8221;grid&#8221; css=&#8221;.vc_custom_1657835647004{padding-top: 66px !important;}&#8221;][vc_column width=&#8221;1\/4&#8243;][vc_column_text] HAUPTSITZ [\/vc_column_text][vc_column_text]8 Old Red Lion Court, Stratford Upon Avon, Warwickshire &#8211; CV37 6AB E-Mail: info@regenesishealth.co.uk Telefon: +44 1789 870372[\/vc_column_text][vc_empty_space][\/vc_column][vc_column width=&#8221;1\/4&#8243;][vc_column_text] LONDON-B\u00dcRO [\/vc_column_text][vc_column_text]29 Hampton Road, Twickenham TW2 5QE [&hellip;]<\/p>\n","protected":false},"author":1,"featured_media":0,"parent":0,"menu_order":0,"comment_status":"closed","ping_status":"closed","template":"full-width.php","meta":{"footnotes":""},"class_list":["post-11527","page","type-page","status-publish","hentry"],"_links":{"self":[{"href":"https:\/\/regenesishealth.co.uk\/de\/wp-json\/wp\/v2\/pages\/11527"}],"collection":[{"href":"https:\/\/regenesishealth.co.uk\/de\/wp-json\/wp\/v2\/pages"}],"about":[{"href":"https:\/\/regenesishealth.co.uk\/de\/wp-json\/wp\/v2\/types\/page"}],"author":[{"embeddable":true,"href":"https:\/\/regenesishealth.co.uk\/de\/wp-json\/wp\/v2\/users\/1"}],"replies":[{"embeddable":true,"href":"https:\/\/regenesishealth.co.uk\/de\/wp-json\/wp\/v2\/comments?post=11527"}],"version-history":[{"count":18,"href":"https:\/\/regenesishealth.co.uk\/de\/wp-json\/wp\/v2\/pages\/11527\/revisions"}],"predecessor-version":[{"id":21748,"href":"https:\/\/regenesishealth.co.uk\/de\/wp-json\/wp\/v2\/pages\/11527\/revisions\/21748"}],"wp:attachment":[{"href":"https:\/\/regenesishealth.co.uk\/de\/wp-json\/wp\/v2\/media?parent=11527"}],"curies":[{"name":"wp","href":"https:\/\/api.w.org\/{rel}","templated":true}]}}